{"id":14504,"date":"2022-08-12T17:03:46","date_gmt":"2022-08-12T22:03:46","guid":{"rendered":"https:\/\/cavadeoro.mx\/?page_id=14504"},"modified":"2024-03-25T21:36:37","modified_gmt":"2024-03-26T03:36:37","slug":"condiciones-de-envio","status":"publish","type":"page","link":"https:\/\/cavadeoro.mx\/?page_id=14504","title":{"rendered":"CONDICIONES DE ENV\u00cdO"},"content":{"rendered":"\t\t<div data-elementor-type=\"wp-page\" data-elementor-id=\"14504\" class=\"elementor elementor-14504\">\n\t\t\t\t\t\t<section class=\"elementor-section elementor-top-section elementor-element elementor-element-8dfe9c2 elementor-section-boxed elementor-section-height-default elementor-section-height-default qodef-elementor-content-no\" data-id=\"8dfe9c2\" data-element_type=\"section\" data-e-type=\"section\" data-settings=\"{&quot;background_background&quot;:&quot;classic&quot;}\">\n\t\t\t\t\t\t<div class=\"elementor-container elementor-column-gap-default\">\n\t\t\t\t\t<div class=\"elementor-column elementor-col-100 elementor-top-column elementor-element elementor-element-1771910b\" data-id=\"1771910b\" data-element_type=\"column\" data-e-type=\"column\">\n\t\t\t<div class=\"elementor-widget-wrap elementor-element-populated\">\n\t\t\t\t\t\t<div class=\"elementor-element elementor-element-02f8b06 elementor-widget elementor-widget-text-editor\" data-id=\"02f8b06\" data-element_type=\"widget\" data-e-type=\"widget\" data-widget_type=\"text-editor.default\">\n\t\t\t\t<div class=\"elementor-widget-container\">\n\t\t\t\t\t\t\t\t\t<h1 style=\"text-align: center;\"><strong style=\"text-align: center; font-size: 18px; letter-spacing: 0.13em;\">&#8211; Proceso de compra &#8211;\u00a0<\/strong><strong>\u00a0<\/strong><\/h1><div>\u00a0<\/div><ul><li>Env\u00edo a todo M\u00e9xico Gratis en la compra m\u00ednima de $2,000 mxn, o con costo de env\u00edo en $300 en compras menores a este monto m\u00ednimo.<\/li><\/ul><ul><li>El env\u00edo se procesa al d\u00eda h\u00e1bil siguiente de tu compra una vez aprobado y verificado el pago, y puede demorar entre 3 y 6 d\u00edas h\u00e1biles en llegar a tu domicilio.<\/li><\/ul><ul><li>Solo vendemos y enviamos en la Rep\u00fablica Mexicana. No hacemos env\u00edos al exterior.<\/li><\/ul><ul><li><img decoding=\"async\" class=\"emoji\" role=\"img\" draggable=\"false\" src=\"https:\/\/s.w.org\/images\/core\/emoji\/14.0.0\/svg\/1f69a.svg\" alt=\"\ud83d\ude9a\" \/> Debido a las condiciones de tr\u00e1fico y distancia, no es posible establecer una fecha de entrega concreta, esto depende de la compa\u00f1\u00eda de entregas PAQUETEXPRESS y es totalmente variable.<\/li><\/ul><ul><li>En caso de desear env\u00edo con tiempos prioritarios, contactar v\u00eda Whatsapp y pagar la diferencia para que llegue el paquete en menos tiempo.\u00a0<\/li><\/ul><ul><li>Para reclamar su Garant\u00eda debe compartir inmediatamente de recibir su pedido fotograf\u00edas de evidencia y explicar la situaci\u00f3n al WhatsApp de atenci\u00f3n al cliente para revisar el caso y ofrecer una soluci\u00f3n.<\/li><\/ul><p><strong>&#8211; No se procesar\u00e1n garant\u00edas pasados 7 d\u00edas de recibir su pedido.<\/strong><\/p><p><strong>\u00a0<\/strong><\/p>\t\t\t\t\t\t\t\t<\/div>\n\t\t\t\t<\/div>\n\t\t\t\t\t<\/div>\n\t\t<\/div>\n\t\t\t\t\t<\/div>\n\t\t<\/section>\n\t\t<div class=\"elementor-element elementor-element-6c5e6d7 e-flex e-con-boxed e-con e-parent\" data-id=\"6c5e6d7\" data-element_type=\"container\" data-e-type=\"container\">\n\t\t\t\t\t<div class=\"e-con-inner\">\n\t\t\t\t<div class=\"elementor-element elementor-element-fac0919 elementor-widget elementor-widget-spacer\" data-id=\"fac0919\" data-element_type=\"widget\" data-e-type=\"widget\" data-widget_type=\"spacer.default\">\n\t\t\t\t<div class=\"elementor-widget-container\">\n\t\t\t\t\t\t\t<div class=\"elementor-spacer\">\n\t\t\t<div class=\"elementor-spacer-inner\"><\/div>\n\t\t<\/div>\n\t\t\t\t\t\t<\/div>\n\t\t\t\t<\/div>\n\t\t\t\t\t<\/div>\n\t\t\t\t<\/div>\n\t\t\t\t<\/div>\n\t\t","protected":false},"excerpt":{"rendered":"<p>&#8211; Proceso de compra &#8211;\u00a0\u00a0 \u00a0 Env\u00edo a todo M\u00e9xico Gratis en la compra m\u00ednima de $2,000 mxn, o con costo de env\u00edo en $300 en compras menores a este monto m\u00ednimo. El env\u00edo se procesa al d\u00eda h\u00e1bil siguiente de tu compra una vez aprobado y verificado el pago, y puede demorar entre 3 [&hellip;]<\/p>\n","protected":false},"author":1,"featured_media":0,"parent":0,"menu_order":0,"comment_status":"closed","ping_status":"closed","template":"page-full-width.php","meta":{"footnotes":""},"class_list":["post-14504","page","type-page","status-publish","hentry"],"yoast_head":"<!-- This site is optimized with the Yoast SEO Premium plugin v22.8 (Yoast SEO v27.4) - https:\/\/yoast.com\/product\/yoast-seo-premium-wordpress\/ -->\n<title>CONDICIONES DE ENV\u00cdO - Tequila Cava de Oro<\/title>\n<meta name=\"robots\" content=\"index, follow, max-snippet:-1, max-image-preview:large, max-video-preview:-1\" \/>\n<link rel=\"canonical\" href=\"https:\/\/cavadeoro.mx\/?page_id=14504\" \/>\n<meta property=\"og:locale\" content=\"es_MX\" \/>\n<meta property=\"og:type\" content=\"article\" \/>\n<meta property=\"og:title\" content=\"CONDICIONES DE ENV\u00cdO\" \/>\n<meta property=\"og:description\" content=\"&#8211; Proceso de compra &#8211;\u00a0\u00a0 \u00a0 Env\u00edo a todo M\u00e9xico Gratis en la compra m\u00ednima de $2,000 mxn, o con costo de env\u00edo en $300 en compras menores a este monto m\u00ednimo. El env\u00edo se procesa al d\u00eda h\u00e1bil siguiente de tu compra una vez aprobado y verificado el pago, y puede demorar entre 3 [&hellip;]\" \/>\n<meta property=\"og:url\" content=\"https:\/\/cavadeoro.mx\/?page_id=14504\" \/>\n<meta property=\"og:site_name\" content=\"Tequila Cava de Oro\" \/>\n<meta property=\"article:publisher\" content=\"https:\/\/facebook.com\/cavadeoro\" \/>\n<meta property=\"article:modified_time\" content=\"2024-03-26T03:36:37+00:00\" \/>\n<meta property=\"og:image\" content=\"https:\/\/s.w.org\/images\/core\/emoji\/14.0.0\/svg\/1f69a.svg\" \/>\n<meta name=\"twitter:card\" content=\"summary_large_image\" \/>\n<meta name=\"twitter:label1\" content=\"Tiempo de lectura\" \/>\n\t<meta name=\"twitter:data1\" content=\"1 minuto\" \/>\n<script type=\"application\/ld+json\" class=\"yoast-schema-graph\">{\"@context\":\"https:\\\/\\\/schema.org\",\"@graph\":[{\"@type\":\"WebPage\",\"@id\":\"https:\\\/\\\/cavadeoro.mx\\\/?page_id=14504\",\"url\":\"https:\\\/\\\/cavadeoro.mx\\\/?page_id=14504\",\"name\":\"CONDICIONES DE ENV\u00cdO - Tequila Cava de Oro\",\"isPartOf\":{\"@id\":\"https:\\\/\\\/cavadeoro.mx\\\/#website\"},\"primaryImageOfPage\":{\"@id\":\"https:\\\/\\\/cavadeoro.mx\\\/?page_id=14504#primaryimage\"},\"image\":{\"@id\":\"https:\\\/\\\/cavadeoro.mx\\\/?page_id=14504#primaryimage\"},\"thumbnailUrl\":\"https:\\\/\\\/s.w.org\\\/images\\\/core\\\/emoji\\\/14.0.0\\\/svg\\\/1f69a.svg\",\"datePublished\":\"2022-08-12T22:03:46+00:00\",\"dateModified\":\"2024-03-26T03:36:37+00:00\",\"breadcrumb\":{\"@id\":\"https:\\\/\\\/cavadeoro.mx\\\/?page_id=14504#breadcrumb\"},\"inLanguage\":\"es\",\"potentialAction\":[{\"@type\":\"ReadAction\",\"target\":[\"https:\\\/\\\/cavadeoro.mx\\\/?page_id=14504\"]}]},{\"@type\":\"ImageObject\",\"inLanguage\":\"es\",\"@id\":\"https:\\\/\\\/cavadeoro.mx\\\/?page_id=14504#primaryimage\",\"url\":\"https:\\\/\\\/s.w.org\\\/images\\\/core\\\/emoji\\\/14.0.0\\\/svg\\\/1f69a.svg\",\"contentUrl\":\"https:\\\/\\\/s.w.org\\\/images\\\/core\\\/emoji\\\/14.0.0\\\/svg\\\/1f69a.svg\"},{\"@type\":\"BreadcrumbList\",\"@id\":\"https:\\\/\\\/cavadeoro.mx\\\/?page_id=14504#breadcrumb\",\"itemListElement\":[{\"@type\":\"ListItem\",\"position\":1,\"name\":\"Portada\",\"item\":\"https:\\\/\\\/cavadeoro.mx\\\/?page_id=14294&lang=en\"},{\"@type\":\"ListItem\",\"position\":2,\"name\":\"CONDICIONES DE ENV\u00cdO\"}]},{\"@type\":\"WebSite\",\"@id\":\"https:\\\/\\\/cavadeoro.mx\\\/#website\",\"url\":\"https:\\\/\\\/cavadeoro.mx\\\/\",\"name\":\"Tequila Cava de Oro\",\"description\":\"100% Agave Azul\",\"publisher\":{\"@id\":\"https:\\\/\\\/cavadeoro.mx\\\/#organization\"},\"potentialAction\":[{\"@type\":\"SearchAction\",\"target\":{\"@type\":\"EntryPoint\",\"urlTemplate\":\"https:\\\/\\\/cavadeoro.mx\\\/?s={search_term_string}\"},\"query-input\":{\"@type\":\"PropertyValueSpecification\",\"valueRequired\":true,\"valueName\":\"search_term_string\"}}],\"inLanguage\":\"es\"},{\"@type\":\"Organization\",\"@id\":\"https:\\\/\\\/cavadeoro.mx\\\/#organization\",\"name\":\"Tequila Cava de Oro\",\"url\":\"https:\\\/\\\/cavadeoro.mx\\\/\",\"logo\":{\"@type\":\"ImageObject\",\"inLanguage\":\"es\",\"@id\":\"https:\\\/\\\/cavadeoro.mx\\\/#\\\/schema\\\/logo\\\/image\\\/\",\"url\":\"https:\\\/\\\/cavadeoro.mx\\\/wp-content\\\/uploads\\\/2022\\\/04\\\/cropped-Logo-menu.png\",\"contentUrl\":\"https:\\\/\\\/cavadeoro.mx\\\/wp-content\\\/uploads\\\/2022\\\/04\\\/cropped-Logo-menu.png\",\"width\":92,\"height\":66,\"caption\":\"Tequila Cava de Oro\"},\"image\":{\"@id\":\"https:\\\/\\\/cavadeoro.mx\\\/#\\\/schema\\\/logo\\\/image\\\/\"},\"sameAs\":[\"https:\\\/\\\/facebook.com\\\/cavadeoro\",\"https:\\\/\\\/instagram.com\\\/cavadeoro\"]}]}<\/script>\n<!-- \/ Yoast SEO Premium plugin. -->","yoast_head_json":{"title":"CONDICIONES DE ENV\u00cdO - Tequila Cava de Oro","robots":{"index":"index","follow":"follow","max-snippet":"max-snippet:-1","max-image-preview":"max-image-preview:large","max-video-preview":"max-video-preview:-1"},"canonical":"https:\/\/cavadeoro.mx\/?page_id=14504","og_locale":"es_MX","og_type":"article","og_title":"CONDICIONES DE ENV\u00cdO","og_description":"&#8211; Proceso de compra &#8211;\u00a0\u00a0 \u00a0 Env\u00edo a todo M\u00e9xico Gratis en la compra m\u00ednima de $2,000 mxn, o con costo de env\u00edo en $300 en compras menores a este monto m\u00ednimo. El env\u00edo se procesa al d\u00eda h\u00e1bil siguiente de tu compra una vez aprobado y verificado el pago, y puede demorar entre 3 [&hellip;]","og_url":"https:\/\/cavadeoro.mx\/?page_id=14504","og_site_name":"Tequila Cava de Oro","article_publisher":"https:\/\/facebook.com\/cavadeoro","article_modified_time":"2024-03-26T03:36:37+00:00","og_image":[{"url":"https:\/\/s.w.org\/images\/core\/emoji\/14.0.0\/svg\/1f69a.svg","type":"","width":"","height":""}],"twitter_card":"summary_large_image","twitter_misc":{"Tiempo de lectura":"1 minuto"},"schema":{"@context":"https:\/\/schema.org","@graph":[{"@type":"WebPage","@id":"https:\/\/cavadeoro.mx\/?page_id=14504","url":"https:\/\/cavadeoro.mx\/?page_id=14504","name":"CONDICIONES DE ENV\u00cdO - Tequila Cava de Oro","isPartOf":{"@id":"https:\/\/cavadeoro.mx\/#website"},"primaryImageOfPage":{"@id":"https:\/\/cavadeoro.mx\/?page_id=14504#primaryimage"},"image":{"@id":"https:\/\/cavadeoro.mx\/?page_id=14504#primaryimage"},"thumbnailUrl":"https:\/\/s.w.org\/images\/core\/emoji\/14.0.0\/svg\/1f69a.svg","datePublished":"2022-08-12T22:03:46+00:00","dateModified":"2024-03-26T03:36:37+00:00","breadcrumb":{"@id":"https:\/\/cavadeoro.mx\/?page_id=14504#breadcrumb"},"inLanguage":"es","potentialAction":[{"@type":"ReadAction","target":["https:\/\/cavadeoro.mx\/?page_id=14504"]}]},{"@type":"ImageObject","inLanguage":"es","@id":"https:\/\/cavadeoro.mx\/?page_id=14504#primaryimage","url":"https:\/\/s.w.org\/images\/core\/emoji\/14.0.0\/svg\/1f69a.svg","contentUrl":"https:\/\/s.w.org\/images\/core\/emoji\/14.0.0\/svg\/1f69a.svg"},{"@type":"BreadcrumbList","@id":"https:\/\/cavadeoro.mx\/?page_id=14504#breadcrumb","itemListElement":[{"@type":"ListItem","position":1,"name":"Portada","item":"https:\/\/cavadeoro.mx\/?page_id=14294&lang=en"},{"@type":"ListItem","position":2,"name":"CONDICIONES DE ENV\u00cdO"}]},{"@type":"WebSite","@id":"https:\/\/cavadeoro.mx\/#website","url":"https:\/\/cavadeoro.mx\/","name":"Tequila Cava de Oro","description":"100% Agave Azul","publisher":{"@id":"https:\/\/cavadeoro.mx\/#organization"},"potentialAction":[{"@type":"SearchAction","target":{"@type":"EntryPoint","urlTemplate":"https:\/\/cavadeoro.mx\/?s={search_term_string}"},"query-input":{"@type":"PropertyValueSpecification","valueRequired":true,"valueName":"search_term_string"}}],"inLanguage":"es"},{"@type":"Organization","@id":"https:\/\/cavadeoro.mx\/#organization","name":"Tequila Cava de Oro","url":"https:\/\/cavadeoro.mx\/","logo":{"@type":"ImageObject","inLanguage":"es","@id":"https:\/\/cavadeoro.mx\/#\/schema\/logo\/image\/","url":"https:\/\/cavadeoro.mx\/wp-content\/uploads\/2022\/04\/cropped-Logo-menu.png","contentUrl":"https:\/\/cavadeoro.mx\/wp-content\/uploads\/2022\/04\/cropped-Logo-menu.png","width":92,"height":66,"caption":"Tequila Cava de Oro"},"image":{"@id":"https:\/\/cavadeoro.mx\/#\/schema\/logo\/image\/"},"sameAs":["https:\/\/facebook.com\/cavadeoro","https:\/\/instagram.com\/cavadeoro"]}]}},"lang":"es","translations":{"es":14504,"en":14511},"pll_sync_post":[],"_links":{"self":[{"href":"https:\/\/cavadeoro.mx\/index.php?rest_route=\/wp\/v2\/pages\/14504","targetHints":{"allow":["GET"]}}],"collection":[{"href":"https:\/\/cavadeoro.mx\/index.php?rest_route=\/wp\/v2\/pages"}],"about":[{"href":"https:\/\/cavadeoro.mx\/index.php?rest_route=\/wp\/v2\/types\/page"}],"author":[{"embeddable":true,"href":"https:\/\/cavadeoro.mx\/index.php?rest_route=\/wp\/v2\/users\/1"}],"replies":[{"embeddable":true,"href":"https:\/\/cavadeoro.mx\/index.php?rest_route=%2Fwp%2Fv2%2Fcomments&post=14504"}],"version-history":[{"count":12,"href":"https:\/\/cavadeoro.mx\/index.php?rest_route=\/wp\/v2\/pages\/14504\/revisions"}],"predecessor-version":[{"id":17490,"href":"https:\/\/cavadeoro.mx\/index.php?rest_route=\/wp\/v2\/pages\/14504\/revisions\/17490"}],"wp:attachment":[{"href":"https:\/\/cavadeoro.mx\/index.php?rest_route=%2Fwp%2Fv2%2Fmedia&parent=14504"}],"curies":[{"name":"wp","href":"https:\/\/api.w.org\/{rel}","templated":true}]}}