{"id":15,"date":"2020-02-05T08:27:25","date_gmt":"2020-02-05T08:27:25","guid":{"rendered":"https:\/\/cavanew.cavadeoro.mx\/carrito\/"},"modified":"2026-03-27T21:13:41","modified_gmt":"2026-03-28T03:13:41","slug":"page_id15","status":"publish","type":"page","link":"https:\/\/cavadeoro.mx\/?page_id=15","title":{"rendered":"CARRITO"},"content":{"rendered":"\t\t<div data-elementor-type=\"wp-page\" data-elementor-id=\"15\" class=\"elementor elementor-15\">\n\t\t\t\t\t\t<section class=\"elementor-section elementor-top-section elementor-element elementor-element-6e29d2b0 elementor-section-boxed elementor-section-height-default elementor-section-height-default qodef-elementor-content-no\" data-id=\"6e29d2b0\" data-element_type=\"section\" data-e-type=\"section\">\n\t\t\t\t\t\t<div class=\"elementor-container elementor-column-gap-default\">\n\t\t\t\t\t<div class=\"elementor-column elementor-col-100 elementor-top-column elementor-element elementor-element-535addc7\" data-id=\"535addc7\" data-element_type=\"column\" data-e-type=\"column\">\n\t\t\t<div class=\"elementor-widget-wrap elementor-element-populated\">\n\t\t\t\t<div class=\"elementor-element elementor-element-88ed4b9 e-flex e-con-boxed e-con e-parent\" data-id=\"88ed4b9\" data-element_type=\"container\" data-e-type=\"container\">\n\t\t\t\t\t<div class=\"e-con-inner\">\n\t\t\t\t<div class=\"elementor-element elementor-element-2dde6f5 elementor-widget elementor-widget-image\" data-id=\"2dde6f5\" data-element_type=\"widget\" data-e-type=\"widget\" data-widget_type=\"image.default\">\n\t\t\t\t<div class=\"elementor-widget-container\">\n\t\t\t\t\t\t\t\t\t\t\t\t\t\t\t<img fetchpriority=\"high\" decoding=\"async\" width=\"1024\" height=\"379\" src=\"https:\/\/cavadeoro.mx\/wp-content\/uploads\/2026\/03\/Portada-Cava-de-Oro--1024x379.avif\" class=\"attachment-large size-large wp-image-20498\" alt=\"\" srcset=\"https:\/\/cavadeoro.mx\/wp-content\/uploads\/2026\/03\/Portada-Cava-de-Oro--1024x379.avif 1024w, https:\/\/cavadeoro.mx\/wp-content\/uploads\/2026\/03\/Portada-Cava-de-Oro--300x111.avif 300w, https:\/\/cavadeoro.mx\/wp-content\/uploads\/2026\/03\/Portada-Cava-de-Oro--768x284.avif 768w, https:\/\/cavadeoro.mx\/wp-content\/uploads\/2026\/03\/Portada-Cava-de-Oro--1536x568.avif 1536w, https:\/\/cavadeoro.mx\/wp-content\/uploads\/2026\/03\/Portada-Cava-de-Oro--500x185.avif 500w, https:\/\/cavadeoro.mx\/wp-content\/uploads\/2026\/03\/Portada-Cava-de-Oro--700x259.avif 700w, https:\/\/cavadeoro.mx\/wp-content\/uploads\/2026\/03\/Portada-Cava-de-Oro-.avif 1773w\" sizes=\"(max-width: 1024px) 100vw, 1024px\" \/>\t\t\t\t\t\t\t\t\t\t\t\t\t\t\t<\/div>\n\t\t\t\t<\/div>\n\t\t\t\t\t<\/div>\n\t\t\t\t<\/div>\n\t\t\t\t<div class=\"elementor-element elementor-element-6d7a2d6 elementor-widget elementor-widget-spacer\" data-id=\"6d7a2d6\" data-element_type=\"widget\" data-e-type=\"widget\" data-widget_type=\"spacer.default\">\n\t\t\t\t<div class=\"elementor-widget-container\">\n\t\t\t\t\t\t\t<div class=\"elementor-spacer\">\n\t\t\t<div class=\"elementor-spacer-inner\"><\/div>\n\t\t<\/div>\n\t\t\t\t\t\t<\/div>\n\t\t\t\t<\/div>\n\t\t\t\t<div class=\"elementor-element elementor-element-7ee15167 elementor-widget elementor-widget-text-editor\" data-id=\"7ee15167\" data-element_type=\"widget\" data-e-type=\"widget\" data-widget_type=\"text-editor.default\">\n\t\t\t\t<div class=\"elementor-widget-container\">\n\t\t\t\t\t\t\t\t\t<div class=\"woocommerce\">\n<div class=\"woocommerce-notices-wrapper\"><\/div>\n<div class=\"wc-empty-cart-message\">\n<div class=\"cart-empty woocommerce-info\" role=\"status\">\n\t\tTu carrito est\u00e1 vac\u00edo.\t<\/div>\n<\/div>\n<p class=\"return-to-shop\">\n\t\t<a class=\"button wc-backward\" href=\"https:\/\/cavadeoro.mx\/?page_id=401\"><br \/>\n\t\t\tVolver a la tienda\t\t<\/a>\n\t<\/p>\n<\/div>\n\t\t\t\t\t\t\t\t<\/div>\n\t\t\t\t<\/div>\n\t\t\t\t<div class=\"elementor-element elementor-element-14f43e7 elementor-widget elementor-widget-spacer\" data-id=\"14f43e7\" data-element_type=\"widget\" data-e-type=\"widget\" data-widget_type=\"spacer.default\">\n\t\t\t\t<div class=\"elementor-widget-container\">\n\t\t\t\t\t\t\t<div class=\"elementor-spacer\">\n\t\t\t<div class=\"elementor-spacer-inner\"><\/div>\n\t\t<\/div>\n\t\t\t\t\t\t<\/div>\n\t\t\t\t<\/div>\n\t\t\t\t\t<\/div>\n\t\t<\/div>\n\t\t\t\t\t<\/div>\n\t\t<\/section>\n\t\t<div class=\"elementor-element elementor-element-6010138 e-flex e-con-boxed e-con e-parent\" data-id=\"6010138\" data-element_type=\"container\" data-e-type=\"container\">\n\t\t\t\t\t<div class=\"e-con-inner\">\n\t\t\t\t<div class=\"elementor-element elementor-element-0f6c3b3 elementor-widget elementor-widget-image\" data-id=\"0f6c3b3\" data-element_type=\"widget\" data-e-type=\"widget\" data-widget_type=\"image.default\">\n\t\t\t\t<div class=\"elementor-widget-container\">\n\t\t\t\t\t\t\t\t\t\t\t\t\t\t\t<img decoding=\"async\" width=\"1024\" height=\"147\" src=\"https:\/\/cavadeoro.mx\/wp-content\/uploads\/2025\/01\/Envios-Cava-1-1024x147.avif\" class=\"attachment-large size-large wp-image-18588\" alt=\"\" srcset=\"https:\/\/cavadeoro.mx\/wp-content\/uploads\/2025\/01\/Envios-Cava-1-1024x147.avif 1024w, https:\/\/cavadeoro.mx\/wp-content\/uploads\/2025\/01\/Envios-Cava-1-300x43.avif 300w, https:\/\/cavadeoro.mx\/wp-content\/uploads\/2025\/01\/Envios-Cava-1-768x111.avif 768w, https:\/\/cavadeoro.mx\/wp-content\/uploads\/2025\/01\/Envios-Cava-1-500x72.avif 500w, https:\/\/cavadeoro.mx\/wp-content\/uploads\/2025\/01\/Envios-Cava-1-700x101.avif 700w, https:\/\/cavadeoro.mx\/wp-content\/uploads\/2025\/01\/Envios-Cava-1-png.avif 1125w\" sizes=\"(max-width: 1024px) 100vw, 1024px\" \/>\t\t\t\t\t\t\t\t\t\t\t\t\t\t\t<\/div>\n\t\t\t\t<\/div>\n\t\t\t\t\t<\/div>\n\t\t\t\t<\/div>\n\t\t<div class=\"elementor-element elementor-element-712c411 e-flex e-con-boxed e-con e-parent\" data-id=\"712c411\" data-element_type=\"container\" data-e-type=\"container\">\n\t\t\t\t\t<div class=\"e-con-inner\">\n\t\t\t\t<div class=\"elementor-element elementor-element-d263e5f elementor-widget elementor-widget-text-editor\" data-id=\"d263e5f\" data-element_type=\"widget\" data-e-type=\"widget\" data-widget_type=\"text-editor.default\">\n\t\t\t\t<div class=\"elementor-widget-container\">\n\t\t\t\t\t\t\t\t\t<p style=\"text-align: center;\">Aceptamos pagos con Paypal, Tarjetas de D\u00e9bito y Cr\u00e9dito Visa y MasterCard mexicanas.<strong> No aceptamos American Express.<\/strong><br \/>*Los Cupones No aplican en productos con descuentos o ediciones especiales.<br \/>Si desea reservar Tour desde otro pa\u00eds, en la direcci\u00f3n colocar &#8220;M\u00e9xico&#8221;<br \/><span style=\"color: #000080;\"><em>If you want to book a Tour from another country, at the address place &#8220;Mexico&#8221;<\/em><\/span><\/p>\n<p style=\"text-align: center;\">Los env\u00edos se realizan al d\u00eda h\u00e1bil siguiente de su pedido, de Lunes a Viernes.<\/p>\t\t\t\t\t\t\t\t<\/div>\n\t\t\t\t<\/div>\n\t\t\t\t\t<\/div>\n\t\t\t\t<\/div>\n\t\t\t\t<\/div>\n\t\t","protected":false},"excerpt":{"rendered":"<p>Aceptamos pagos con Paypal, Tarjetas de D\u00e9bito y Cr\u00e9dito Visa y MasterCard mexicanas. No aceptamos American Express.*Los Cupones No aplican en productos con descuentos o ediciones especiales.Si desea reservar Tour desde otro pa\u00eds, en la direcci\u00f3n colocar &#8220;M\u00e9xico&#8221;If you want to book a Tour from another country, at the address place &#8220;Mexico&#8221; Los env\u00edos se [&hellip;]<\/p>\n","protected":false},"author":1,"featured_media":0,"parent":0,"menu_order":0,"comment_status":"closed","ping_status":"closed","template":"","meta":{"footnotes":""},"class_list":["post-15","page","type-page","status-publish","hentry"],"yoast_head":"<!-- This site is optimized with the Yoast SEO Premium plugin v22.8 (Yoast SEO v27.4) - https:\/\/yoast.com\/product\/yoast-seo-premium-wordpress\/ -->\n<title>CARRITO - Tequila Cava de Oro<\/title>\n<meta name=\"robots\" content=\"index, follow, max-snippet:-1, max-image-preview:large, max-video-preview:-1\" \/>\n<link rel=\"canonical\" href=\"https:\/\/cavadeoro.mx\/?page_id=15\" \/>\n<meta property=\"og:locale\" content=\"es_MX\" \/>\n<meta property=\"og:type\" content=\"article\" \/>\n<meta property=\"og:title\" content=\"CARRITO\" \/>\n<meta property=\"og:description\" content=\"Aceptamos pagos con Paypal, Tarjetas de D\u00e9bito y Cr\u00e9dito Visa y MasterCard mexicanas. No aceptamos American Express.*Los Cupones No aplican en productos con descuentos o ediciones especiales.Si desea reservar Tour desde otro pa\u00eds, en la direcci\u00f3n colocar &#8220;M\u00e9xico&#8221;If you want to book a Tour from another country, at the address place &#8220;Mexico&#8221; Los env\u00edos se [&hellip;]\" \/>\n<meta property=\"og:url\" content=\"https:\/\/cavadeoro.mx\/?page_id=15\" \/>\n<meta property=\"og:site_name\" content=\"Tequila Cava de Oro\" \/>\n<meta property=\"article:publisher\" content=\"https:\/\/facebook.com\/cavadeoro\" \/>\n<meta property=\"article:modified_time\" content=\"2026-03-28T03:13:41+00:00\" \/>\n<meta property=\"og:image\" content=\"https:\/\/cavadeoro.mx\/wp-content\/uploads\/2026\/03\/Portada-Cava-de-Oro-.avif\" \/>\n\t<meta property=\"og:image:width\" content=\"1773\" \/>\n\t<meta property=\"og:image:height\" content=\"656\" \/>\n\t<meta property=\"og:image:type\" content=\"image\/png\" \/>\n<meta name=\"twitter:card\" content=\"summary_large_image\" \/>\n<meta name=\"twitter:label1\" content=\"Tiempo de lectura\" \/>\n\t<meta name=\"twitter:data1\" content=\"2 minutos\" \/>\n<script type=\"application\/ld+json\" class=\"yoast-schema-graph\">{\"@context\":\"https:\\\/\\\/schema.org\",\"@graph\":[{\"@type\":\"WebPage\",\"@id\":\"https:\\\/\\\/cavadeoro.mx\\\/?page_id=15\",\"url\":\"https:\\\/\\\/cavadeoro.mx\\\/?page_id=15\",\"name\":\"CARRITO - Tequila Cava de Oro\",\"isPartOf\":{\"@id\":\"https:\\\/\\\/cavadeoro.mx\\\/#website\"},\"primaryImageOfPage\":{\"@id\":\"https:\\\/\\\/cavadeoro.mx\\\/?page_id=15#primaryimage\"},\"image\":{\"@id\":\"https:\\\/\\\/cavadeoro.mx\\\/?page_id=15#primaryimage\"},\"thumbnailUrl\":\"https:\\\/\\\/cavadeoro.mx\\\/wp-content\\\/uploads\\\/2026\\\/03\\\/Portada-Cava-de-Oro--1024x379.avif\",\"datePublished\":\"2020-02-05T08:27:25+00:00\",\"dateModified\":\"2026-03-28T03:13:41+00:00\",\"breadcrumb\":{\"@id\":\"https:\\\/\\\/cavadeoro.mx\\\/?page_id=15#breadcrumb\"},\"inLanguage\":\"es\",\"potentialAction\":[{\"@type\":\"ReadAction\",\"target\":[\"https:\\\/\\\/cavadeoro.mx\\\/?page_id=15\"]}]},{\"@type\":\"ImageObject\",\"inLanguage\":\"es\",\"@id\":\"https:\\\/\\\/cavadeoro.mx\\\/?page_id=15#primaryimage\",\"url\":\"https:\\\/\\\/cavadeoro.mx\\\/wp-content\\\/uploads\\\/2026\\\/03\\\/Portada-Cava-de-Oro-.avif\",\"contentUrl\":\"https:\\\/\\\/cavadeoro.mx\\\/wp-content\\\/uploads\\\/2026\\\/03\\\/Portada-Cava-de-Oro-.avif\",\"width\":1773,\"height\":656},{\"@type\":\"BreadcrumbList\",\"@id\":\"https:\\\/\\\/cavadeoro.mx\\\/?page_id=15#breadcrumb\",\"itemListElement\":[{\"@type\":\"ListItem\",\"position\":1,\"name\":\"Portada\",\"item\":\"https:\\\/\\\/cavadeoro.mx\\\/?page_id=14294&lang=en\"},{\"@type\":\"ListItem\",\"position\":2,\"name\":\"CARRITO\"}]},{\"@type\":\"WebSite\",\"@id\":\"https:\\\/\\\/cavadeoro.mx\\\/#website\",\"url\":\"https:\\\/\\\/cavadeoro.mx\\\/\",\"name\":\"Tequila Cava de Oro\",\"description\":\"100% Agave Azul\",\"publisher\":{\"@id\":\"https:\\\/\\\/cavadeoro.mx\\\/#organization\"},\"potentialAction\":[{\"@type\":\"SearchAction\",\"target\":{\"@type\":\"EntryPoint\",\"urlTemplate\":\"https:\\\/\\\/cavadeoro.mx\\\/?s={search_term_string}\"},\"query-input\":{\"@type\":\"PropertyValueSpecification\",\"valueRequired\":true,\"valueName\":\"search_term_string\"}}],\"inLanguage\":\"es\"},{\"@type\":\"Organization\",\"@id\":\"https:\\\/\\\/cavadeoro.mx\\\/#organization\",\"name\":\"Tequila Cava de Oro\",\"url\":\"https:\\\/\\\/cavadeoro.mx\\\/\",\"logo\":{\"@type\":\"ImageObject\",\"inLanguage\":\"es\",\"@id\":\"https:\\\/\\\/cavadeoro.mx\\\/#\\\/schema\\\/logo\\\/image\\\/\",\"url\":\"https:\\\/\\\/cavadeoro.mx\\\/wp-content\\\/uploads\\\/2022\\\/04\\\/cropped-Logo-menu.png\",\"contentUrl\":\"https:\\\/\\\/cavadeoro.mx\\\/wp-content\\\/uploads\\\/2022\\\/04\\\/cropped-Logo-menu.png\",\"width\":92,\"height\":66,\"caption\":\"Tequila Cava de Oro\"},\"image\":{\"@id\":\"https:\\\/\\\/cavadeoro.mx\\\/#\\\/schema\\\/logo\\\/image\\\/\"},\"sameAs\":[\"https:\\\/\\\/facebook.com\\\/cavadeoro\",\"https:\\\/\\\/instagram.com\\\/cavadeoro\"]}]}<\/script>\n<!-- \/ Yoast SEO Premium plugin. -->","yoast_head_json":{"title":"CARRITO - Tequila Cava de Oro","robots":{"index":"index","follow":"follow","max-snippet":"max-snippet:-1","max-image-preview":"max-image-preview:large","max-video-preview":"max-video-preview:-1"},"canonical":"https:\/\/cavadeoro.mx\/?page_id=15","og_locale":"es_MX","og_type":"article","og_title":"CARRITO","og_description":"Aceptamos pagos con Paypal, Tarjetas de D\u00e9bito y Cr\u00e9dito Visa y MasterCard mexicanas. No aceptamos American Express.*Los Cupones No aplican en productos con descuentos o ediciones especiales.Si desea reservar Tour desde otro pa\u00eds, en la direcci\u00f3n colocar &#8220;M\u00e9xico&#8221;If you want to book a Tour from another country, at the address place &#8220;Mexico&#8221; Los env\u00edos se [&hellip;]","og_url":"https:\/\/cavadeoro.mx\/?page_id=15","og_site_name":"Tequila Cava de Oro","article_publisher":"https:\/\/facebook.com\/cavadeoro","article_modified_time":"2026-03-28T03:13:41+00:00","og_image":[{"width":1773,"height":656,"url":"https:\/\/cavadeoro.mx\/wp-content\/uploads\/2026\/03\/Portada-Cava-de-Oro-.avif","type":"image\/png"}],"twitter_card":"summary_large_image","twitter_misc":{"Tiempo de lectura":"2 minutos"},"schema":{"@context":"https:\/\/schema.org","@graph":[{"@type":"WebPage","@id":"https:\/\/cavadeoro.mx\/?page_id=15","url":"https:\/\/cavadeoro.mx\/?page_id=15","name":"CARRITO - Tequila Cava de Oro","isPartOf":{"@id":"https:\/\/cavadeoro.mx\/#website"},"primaryImageOfPage":{"@id":"https:\/\/cavadeoro.mx\/?page_id=15#primaryimage"},"image":{"@id":"https:\/\/cavadeoro.mx\/?page_id=15#primaryimage"},"thumbnailUrl":"https:\/\/cavadeoro.mx\/wp-content\/uploads\/2026\/03\/Portada-Cava-de-Oro--1024x379.avif","datePublished":"2020-02-05T08:27:25+00:00","dateModified":"2026-03-28T03:13:41+00:00","breadcrumb":{"@id":"https:\/\/cavadeoro.mx\/?page_id=15#breadcrumb"},"inLanguage":"es","potentialAction":[{"@type":"ReadAction","target":["https:\/\/cavadeoro.mx\/?page_id=15"]}]},{"@type":"ImageObject","inLanguage":"es","@id":"https:\/\/cavadeoro.mx\/?page_id=15#primaryimage","url":"https:\/\/cavadeoro.mx\/wp-content\/uploads\/2026\/03\/Portada-Cava-de-Oro-.avif","contentUrl":"https:\/\/cavadeoro.mx\/wp-content\/uploads\/2026\/03\/Portada-Cava-de-Oro-.avif","width":1773,"height":656},{"@type":"BreadcrumbList","@id":"https:\/\/cavadeoro.mx\/?page_id=15#breadcrumb","itemListElement":[{"@type":"ListItem","position":1,"name":"Portada","item":"https:\/\/cavadeoro.mx\/?page_id=14294&lang=en"},{"@type":"ListItem","position":2,"name":"CARRITO"}]},{"@type":"WebSite","@id":"https:\/\/cavadeoro.mx\/#website","url":"https:\/\/cavadeoro.mx\/","name":"Tequila Cava de Oro","description":"100% Agave Azul","publisher":{"@id":"https:\/\/cavadeoro.mx\/#organization"},"potentialAction":[{"@type":"SearchAction","target":{"@type":"EntryPoint","urlTemplate":"https:\/\/cavadeoro.mx\/?s={search_term_string}"},"query-input":{"@type":"PropertyValueSpecification","valueRequired":true,"valueName":"search_term_string"}}],"inLanguage":"es"},{"@type":"Organization","@id":"https:\/\/cavadeoro.mx\/#organization","name":"Tequila Cava de Oro","url":"https:\/\/cavadeoro.mx\/","logo":{"@type":"ImageObject","inLanguage":"es","@id":"https:\/\/cavadeoro.mx\/#\/schema\/logo\/image\/","url":"https:\/\/cavadeoro.mx\/wp-content\/uploads\/2022\/04\/cropped-Logo-menu.png","contentUrl":"https:\/\/cavadeoro.mx\/wp-content\/uploads\/2022\/04\/cropped-Logo-menu.png","width":92,"height":66,"caption":"Tequila Cava de Oro"},"image":{"@id":"https:\/\/cavadeoro.mx\/#\/schema\/logo\/image\/"},"sameAs":["https:\/\/facebook.com\/cavadeoro","https:\/\/instagram.com\/cavadeoro"]}]}},"lang":"es","translations":{"es":15,"en":17170},"pll_sync_post":[],"_links":{"self":[{"href":"https:\/\/cavadeoro.mx\/index.php?rest_route=\/wp\/v2\/pages\/15","targetHints":{"allow":["GET"]}}],"collection":[{"href":"https:\/\/cavadeoro.mx\/index.php?rest_route=\/wp\/v2\/pages"}],"about":[{"href":"https:\/\/cavadeoro.mx\/index.php?rest_route=\/wp\/v2\/types\/page"}],"author":[{"embeddable":true,"href":"https:\/\/cavadeoro.mx\/index.php?rest_route=\/wp\/v2\/users\/1"}],"replies":[{"embeddable":true,"href":"https:\/\/cavadeoro.mx\/index.php?rest_route=%2Fwp%2Fv2%2Fcomments&post=15"}],"version-history":[{"count":318,"href":"https:\/\/cavadeoro.mx\/index.php?rest_route=\/wp\/v2\/pages\/15\/revisions"}],"predecessor-version":[{"id":20502,"href":"https:\/\/cavadeoro.mx\/index.php?rest_route=\/wp\/v2\/pages\/15\/revisions\/20502"}],"wp:attachment":[{"href":"https:\/\/cavadeoro.mx\/index.php?rest_route=%2Fwp%2Fv2%2Fmedia&parent=15"}],"curies":[{"name":"wp","href":"https:\/\/api.w.org\/{rel}","templated":true}]}}