{"id":14184,"date":"2023-05-18T11:18:03","date_gmt":"2023-05-18T17:18:03","guid":{"rendered":"https:\/\/cavadeoro.mx\/?post_type=product&#038;p=14184"},"modified":"2025-12-27T07:52:18","modified_gmt":"2025-12-27T13:52:18","slug":"plata-2021","status":"publish","type":"product","link":"https:\/\/cavadeoro.mx\/?product=plata-2021","title":{"rendered":"TEQUILA PLATA TAHONA 2021"},"content":{"rendered":"<h3 style=\"text-align: center;\"><span style=\"font-weight: 400;\"><strong>Tequila Tahona Plata \u00b7 <\/strong><\/span><span style=\"font-weight: 400;\"><strong>Cosecha 2021 \u00b7<\/strong><\/span><\/h3>\n<h3 style=\"text-align: center;\">Proceso Tradicional 100% Artesanal<\/h3>\n<p style=\"text-align: center;\"><em>Exquisita bebida de <strong>extraordinario sabor y aromas ahumados por su cocci\u00f3n en hornos de piedra volc\u00e1nica con le\u00f1a a fuego directo. <\/strong>De color brillante, rico en sabor y textura.<\/em><\/p>\n<p>&nbsp;<\/p>\n<p><img fetchpriority=\"high\" decoding=\"async\" class=\"aligncenter wp-image-13429 \" src=\"https:\/\/cavadeoro.mx\/wp-content\/uploads\/2022\/07\/Perfil-del-tequila_Mesa-de-trabajo-1-1024x322.png\" alt=\"\" width=\"461\" height=\"145\" srcset=\"https:\/\/cavadeoro.mx\/wp-content\/uploads\/2022\/07\/Perfil-del-tequila_Mesa-de-trabajo-1-1024x322.png 1024w, https:\/\/cavadeoro.mx\/wp-content\/uploads\/2022\/07\/Perfil-del-tequila_Mesa-de-trabajo-1-700x220.png 700w, https:\/\/cavadeoro.mx\/wp-content\/uploads\/2022\/07\/Perfil-del-tequila_Mesa-de-trabajo-1-300x94.png 300w, https:\/\/cavadeoro.mx\/wp-content\/uploads\/2022\/07\/Perfil-del-tequila_Mesa-de-trabajo-1-768x241.png 768w, https:\/\/cavadeoro.mx\/wp-content\/uploads\/2022\/07\/Perfil-del-tequila_Mesa-de-trabajo-1-500x157.png 500w, https:\/\/cavadeoro.mx\/wp-content\/uploads\/2022\/07\/Perfil-del-tequila_Mesa-de-trabajo-1-600x189.png 600w, https:\/\/cavadeoro.mx\/wp-content\/uploads\/2022\/07\/Perfil-del-tequila_Mesa-de-trabajo-1.png 1123w\" sizes=\"(max-width: 461px) 100vw, 461px\" \/><\/p>\n<p>&nbsp;<\/p>\n<h3 style=\"text-align: center;\"><strong>Color: <\/strong><span style=\"font-weight: 400;\">Tonos cristalinos luminosos, ligeramente pajizos.<\/span><\/h3>\n<h3 style=\"text-align: center;\"><strong>Aroma: <\/strong><span style=\"font-weight: 400;\">Suaves notas ahumada con aroma c\u00edtrico<\/span>.<\/h3>\n<h3 style=\"text-align: center;\"><strong>Sabor: <\/strong><span style=\"font-weight: 400;\">Caracter\u00edstico por su m\u00e1xima expresi\u00f3n de agave cocido que nos conducen a su origen. Y una suavidad indescriptible con un final largo.<\/span><\/h3>\n<p>&nbsp;<\/p>\n<p>&nbsp;<\/p>\n<p>&nbsp;<\/p>\n<h4><img decoding=\"async\" class=\"aligncenter wp-image-13458 size-full\" src=\"https:\/\/cavadeoro.mx\/wp-content\/uploads\/2022\/05\/storie.png\" alt=\"\" width=\"5370\" height=\"1220\" srcset=\"https:\/\/cavadeoro.mx\/wp-content\/uploads\/2022\/05\/storie.png 5370w, https:\/\/cavadeoro.mx\/wp-content\/uploads\/2022\/05\/storie-700x159.png 700w, https:\/\/cavadeoro.mx\/wp-content\/uploads\/2022\/05\/storie-300x68.png 300w, https:\/\/cavadeoro.mx\/wp-content\/uploads\/2022\/05\/storie-1024x233.png 1024w, https:\/\/cavadeoro.mx\/wp-content\/uploads\/2022\/05\/storie-768x174.png 768w, https:\/\/cavadeoro.mx\/wp-content\/uploads\/2022\/05\/storie-1536x349.png 1536w, https:\/\/cavadeoro.mx\/wp-content\/uploads\/2022\/05\/storie-2048x465.png 2048w, https:\/\/cavadeoro.mx\/wp-content\/uploads\/2022\/05\/storie-500x114.png 500w, https:\/\/cavadeoro.mx\/wp-content\/uploads\/2022\/05\/storie-600x136.png 600w\" sizes=\"(max-width: 5370px) 100vw, 5370px\" \/><\/h4>\n<h5 style=\"text-align: center;\"><\/h5>\n<h3 style=\"text-align: center;\"><img decoding=\"async\" class=\"wp-image-11871 alignnone aligncenter\" src=\"https:\/\/cavadeoro.mx\/wp-content\/uploads\/2021\/06\/CAVA-DE-ORO-100-negro-300x107.png\" alt=\"\" width=\"185\" height=\"66\" srcset=\"https:\/\/cavadeoro.mx\/wp-content\/uploads\/2021\/06\/CAVA-DE-ORO-100-negro-300x107.png 300w, https:\/\/cavadeoro.mx\/wp-content\/uploads\/2021\/06\/CAVA-DE-ORO-100-negro-500x178.png 500w, https:\/\/cavadeoro.mx\/wp-content\/uploads\/2021\/06\/CAVA-DE-ORO-100-negro-600x213.png 600w, https:\/\/cavadeoro.mx\/wp-content\/uploads\/2021\/06\/CAVA-DE-ORO-100-negro.png 650w\" sizes=\"(max-width: 185px) 100vw, 185px\" \/><br \/>\n<strong>42% Alc. Vol. |<\/strong><b>\u00a0<\/b><b>750 ml<\/b><\/h3>\n<p>&nbsp;<\/p>\n<p>Mediante nuestro <strong>m\u00e9todo tradicional<\/strong>, la molienda se realiza en <strong>Tahona<\/strong> con un gran linaje de agaves supremos, y una<strong> fermentaci\u00f3n salvaj<\/strong>e en tinas de madera durante 120 horas aumentando la complejidad y longitud en boca. Finalizando con una <strong>destilaci\u00f3n pura en alambiques de cobre<\/strong>, que se distingue por su calidad y nobleza.<\/p>\n<p>&nbsp;<\/p>\n<hr \/>\n<blockquote>\n<p style=\"text-align: center;\"><em>Obt\u00e9n y colecciona un Tequila Galardonado con la <strong>Medalla Doble Oro<\/strong> como uno de los mejores tequilas del mundo en el <\/em><\/p>\n<h3 style=\"text-align: center;\"><em><strong>Concurso Mundial de Bebidas Espirituosas San Francisco 2022<\/strong><\/em><\/h3>\n<\/blockquote>\n<p>&nbsp;<\/p>\n<p style=\"text-align: center;\">Producci\u00f3n limitada de 13,800 botellas de 750ml.<br \/>\nAgave del: llano de las rosas<br \/>\nLote: L A0060122<br \/>\nCosecha 2021<\/p>\n<p>&nbsp;<\/p>\n<h4><img loading=\"lazy\" decoding=\"async\" class=\" wp-image-12542 aligncenter\" src=\"https:\/\/cavadeoro.mx\/wp-content\/uploads\/2020\/02\/CAVA-DE-ORO-NOM-Negro-300x68.png\" alt=\"\" width=\"150\" height=\"34\" srcset=\"https:\/\/cavadeoro.mx\/wp-content\/uploads\/2020\/02\/CAVA-DE-ORO-NOM-Negro-300x68.png 300w, https:\/\/cavadeoro.mx\/wp-content\/uploads\/2020\/02\/CAVA-DE-ORO-NOM-Negro-700x158.png 700w, https:\/\/cavadeoro.mx\/wp-content\/uploads\/2020\/02\/CAVA-DE-ORO-NOM-Negro-768x174.png 768w, https:\/\/cavadeoro.mx\/wp-content\/uploads\/2020\/02\/CAVA-DE-ORO-NOM-Negro-500x113.png 500w, https:\/\/cavadeoro.mx\/wp-content\/uploads\/2020\/02\/CAVA-DE-ORO-NOM-Negro-600x136.png 600w, https:\/\/cavadeoro.mx\/wp-content\/uploads\/2020\/02\/CAVA-DE-ORO-NOM-Negro.png 773w\" sizes=\"(max-width: 150px) 100vw, 150px\" \/><\/h4>\n","protected":false},"excerpt":{"rendered":"<p><span style=\"font-weight: 400;\">Proceso Tradicional Hecho en Tahona, Cosecha 2021.<br \/>\nEnv\u00edo a todo M\u00e9xico.<\/span><\/p>\n<h3><strong>42% Alc. Vol. |<\/strong><b>\u00a0<\/b><b>750 ml<\/b><\/h3>\n<p><img loading=\"lazy\" decoding=\"async\" class=\"wp-image-8931 alignleft\" src=\"https:\/\/cavadeoro.mx\/wp-content\/uploads\/2021\/07\/CAVA-DE-ORO-100-cafe-300x107.png\" alt=\"\" width=\"177\" height=\"63\" srcset=\"https:\/\/cavadeoro.mx\/wp-content\/uploads\/2021\/07\/CAVA-DE-ORO-100-cafe-300x107.png 300w, https:\/\/cavadeoro.mx\/wp-content\/uploads\/2021\/07\/CAVA-DE-ORO-100-cafe-600x213.png 600w, https:\/\/cavadeoro.mx\/wp-content\/uploads\/2021\/07\/CAVA-DE-ORO-100-cafe-500x178.png 500w, https:\/\/cavadeoro.mx\/wp-content\/uploads\/2021\/07\/CAVA-DE-ORO-100-cafe.png 650w\" sizes=\"(max-width: 177px) 100vw, 177px\" \/><\/p>\n<p>&nbsp;<\/p>\n<p>&nbsp;<\/p>\n<p>&nbsp;<\/p>\n<p><img loading=\"lazy\" decoding=\"async\" class=\"alignnone wp-image-8469 \" src=\"https:\/\/cavadeoro.mx\/wp-content\/uploads\/2021\/06\/Tahona_Mesa-de-trabajo-1.jpg\" alt=\"\" width=\"118\" height=\"118\" srcset=\"https:\/\/cavadeoro.mx\/wp-content\/uploads\/2021\/06\/Tahona_Mesa-de-trabajo-1.jpg 417w, https:\/\/cavadeoro.mx\/wp-content\/uploads\/2021\/06\/Tahona_Mesa-de-trabajo-1-100x100.jpg 100w, https:\/\/cavadeoro.mx\/wp-content\/uploads\/2021\/06\/Tahona_Mesa-de-trabajo-1-300x300.jpg 300w, https:\/\/cavadeoro.mx\/wp-content\/uploads\/2021\/06\/Tahona_Mesa-de-trabajo-1-150x150.jpg 150w\" sizes=\"(max-width: 118px) 100vw, 118px\" \/><img loading=\"lazy\" decoding=\"async\" class=\"alignnone wp-image-8470\" src=\"https:\/\/cavadeoro.mx\/wp-content\/uploads\/2021\/06\/Tahona-02.jpg\" alt=\"\" width=\"127\" height=\"127\" srcset=\"https:\/\/cavadeoro.mx\/wp-content\/uploads\/2021\/06\/Tahona-02.jpg 417w, https:\/\/cavadeoro.mx\/wp-content\/uploads\/2021\/06\/Tahona-02-100x100.jpg 100w, https:\/\/cavadeoro.mx\/wp-content\/uploads\/2021\/06\/Tahona-02-300x300.jpg 300w, https:\/\/cavadeoro.mx\/wp-content\/uploads\/2021\/06\/Tahona-02-150x150.jpg 150w\" sizes=\"(max-width: 127px) 100vw, 127px\" \/><img loading=\"lazy\" decoding=\"async\" class=\"alignnone wp-image-8473\" src=\"https:\/\/cavadeoro.mx\/wp-content\/uploads\/2021\/06\/Tahona-05.jpg\" alt=\"\" width=\"118\" height=\"118\" srcset=\"https:\/\/cavadeoro.mx\/wp-content\/uploads\/2021\/06\/Tahona-05.jpg 418w, https:\/\/cavadeoro.mx\/wp-content\/uploads\/2021\/06\/Tahona-05-100x100.jpg 100w, https:\/\/cavadeoro.mx\/wp-content\/uploads\/2021\/06\/Tahona-05-300x300.jpg 300w, https:\/\/cavadeoro.mx\/wp-content\/uploads\/2021\/06\/Tahona-05-150x150.jpg 150w\" sizes=\"(max-width: 118px) 100vw, 118px\" \/><\/p>\n","protected":false},"featured_media":14528,"template":"","meta":[],"product_brand":[],"product_cat":[144,134],"product_tag":[72,74,145,70],"class_list":{"0":"post-14184","1":"product","2":"type-product","3":"status-publish","4":"has-post-thumbnail","6":"product_cat-tahona","7":"product_cat-tequila-edicion-especial","8":"product_tag-cava-de-oro","9":"product_tag-plata","10":"product_tag-tahona","11":"product_tag-tequila","13":"first","14":"instock","15":"featured","16":"shipping-taxable","17":"purchasable","18":"product-type-simple"},"yoast_head":"<!-- This site is optimized with the Yoast SEO Premium plugin v22.8 (Yoast SEO v27.4) - https:\/\/yoast.com\/product\/yoast-seo-premium-wordpress\/ -->\n<title>TEQUILA PLATA TAHONA | COSECHA 2021 | Edici\u00f3n Limitada<\/title>\n<meta name=\"description\" content=\"Tequila Plata Tahona 2021, Proceso Tradicional. Galardonado con la Medalla Doble Oro como uno de los mejores tequilas del mundo.\" \/>\n<meta name=\"robots\" content=\"index, follow, max-snippet:-1, max-image-preview:large, max-video-preview:-1\" \/>\n<link rel=\"canonical\" href=\"https:\/\/cavadeoro.mx\/?product=plata-2021\" \/>\n<meta property=\"og:locale\" content=\"es_MX\" \/>\n<meta property=\"og:type\" content=\"article\" \/>\n<meta property=\"og:title\" content=\"TEQUILA PLATA TAHONA 2021\" \/>\n<meta property=\"og:description\" content=\"Tequila Plata Tahona 2021, Proceso Tradicional. Galardonado con la Medalla Doble Oro como uno de los mejores tequilas del mundo.\" \/>\n<meta property=\"og:url\" content=\"https:\/\/cavadeoro.mx\/?product=plata-2021\" \/>\n<meta property=\"og:site_name\" content=\"Tequila Cava de Oro\" \/>\n<meta property=\"article:publisher\" content=\"https:\/\/facebook.com\/cavadeoro\" \/>\n<meta property=\"article:modified_time\" content=\"2025-12-27T13:52:18+00:00\" \/>\n<meta property=\"og:image\" content=\"https:\/\/cavadeoro.mx\/wp-content\/uploads\/2022\/08\/tahona-medalla-web.png\" \/>\n\t<meta property=\"og:image:width\" content=\"600\" \/>\n\t<meta property=\"og:image:height\" content=\"750\" \/>\n\t<meta property=\"og:image:type\" content=\"image\/png\" \/>\n<meta name=\"twitter:card\" content=\"summary_large_image\" \/>\n<meta name=\"twitter:label1\" content=\"Tiempo de lectura\" \/>\n\t<meta name=\"twitter:data1\" content=\"2 minutos\" \/>\n<script type=\"application\/ld+json\" class=\"yoast-schema-graph\">{\"@context\":\"https:\\\/\\\/schema.org\",\"@graph\":[{\"@type\":\"WebPage\",\"@id\":\"https:\\\/\\\/cavadeoro.mx\\\/?product=plata-2021\",\"url\":\"https:\\\/\\\/cavadeoro.mx\\\/?product=plata-2021\",\"name\":\"TEQUILA PLATA TAHONA | COSECHA 2021 | Edici\u00f3n Limitada\",\"isPartOf\":{\"@id\":\"https:\\\/\\\/cavadeoro.mx\\\/#website\"},\"primaryImageOfPage\":{\"@id\":\"https:\\\/\\\/cavadeoro.mx\\\/?product=plata-2021#primaryimage\"},\"image\":{\"@id\":\"https:\\\/\\\/cavadeoro.mx\\\/?product=plata-2021#primaryimage\"},\"thumbnailUrl\":\"https:\\\/\\\/cavadeoro.mx\\\/wp-content\\\/uploads\\\/2022\\\/08\\\/tahona-medalla-web.png\",\"datePublished\":\"2023-05-18T17:18:03+00:00\",\"dateModified\":\"2025-12-27T13:52:18+00:00\",\"description\":\"Tequila Plata Tahona 2021, Proceso Tradicional. Galardonado con la Medalla Doble Oro como uno de los mejores tequilas del mundo.\",\"breadcrumb\":{\"@id\":\"https:\\\/\\\/cavadeoro.mx\\\/?product=plata-2021#breadcrumb\"},\"inLanguage\":\"es\",\"potentialAction\":[{\"@type\":\"ReadAction\",\"target\":[\"https:\\\/\\\/cavadeoro.mx\\\/?product=plata-2021\"]}]},{\"@type\":\"ImageObject\",\"inLanguage\":\"es\",\"@id\":\"https:\\\/\\\/cavadeoro.mx\\\/?product=plata-2021#primaryimage\",\"url\":\"https:\\\/\\\/cavadeoro.mx\\\/wp-content\\\/uploads\\\/2022\\\/08\\\/tahona-medalla-web.png\",\"contentUrl\":\"https:\\\/\\\/cavadeoro.mx\\\/wp-content\\\/uploads\\\/2022\\\/08\\\/tahona-medalla-web.png\",\"width\":600,\"height\":750},{\"@type\":\"BreadcrumbList\",\"@id\":\"https:\\\/\\\/cavadeoro.mx\\\/?product=plata-2021#breadcrumb\",\"itemListElement\":[{\"@type\":\"ListItem\",\"position\":1,\"name\":\"Portada\",\"item\":\"https:\\\/\\\/cavadeoro.mx\\\/?page_id=14294&lang=en\"},{\"@type\":\"ListItem\",\"position\":2,\"name\":\"TIENDA\",\"item\":\"https:\\\/\\\/cavadeoro.mx\\\/?page_id=401\"},{\"@type\":\"ListItem\",\"position\":3,\"name\":\"TEQUILA PLATA TAHONA 2021\"}]},{\"@type\":\"WebSite\",\"@id\":\"https:\\\/\\\/cavadeoro.mx\\\/#website\",\"url\":\"https:\\\/\\\/cavadeoro.mx\\\/\",\"name\":\"Tequila Cava de Oro\",\"description\":\"100% Agave Azul\",\"publisher\":{\"@id\":\"https:\\\/\\\/cavadeoro.mx\\\/#organization\"},\"potentialAction\":[{\"@type\":\"SearchAction\",\"target\":{\"@type\":\"EntryPoint\",\"urlTemplate\":\"https:\\\/\\\/cavadeoro.mx\\\/?s={search_term_string}\"},\"query-input\":{\"@type\":\"PropertyValueSpecification\",\"valueRequired\":true,\"valueName\":\"search_term_string\"}}],\"inLanguage\":\"es\"},{\"@type\":\"Organization\",\"@id\":\"https:\\\/\\\/cavadeoro.mx\\\/#organization\",\"name\":\"Tequila Cava de Oro\",\"url\":\"https:\\\/\\\/cavadeoro.mx\\\/\",\"logo\":{\"@type\":\"ImageObject\",\"inLanguage\":\"es\",\"@id\":\"https:\\\/\\\/cavadeoro.mx\\\/#\\\/schema\\\/logo\\\/image\\\/\",\"url\":\"https:\\\/\\\/cavadeoro.mx\\\/wp-content\\\/uploads\\\/2022\\\/04\\\/cropped-Logo-menu.png\",\"contentUrl\":\"https:\\\/\\\/cavadeoro.mx\\\/wp-content\\\/uploads\\\/2022\\\/04\\\/cropped-Logo-menu.png\",\"width\":92,\"height\":66,\"caption\":\"Tequila Cava de Oro\"},\"image\":{\"@id\":\"https:\\\/\\\/cavadeoro.mx\\\/#\\\/schema\\\/logo\\\/image\\\/\"},\"sameAs\":[\"https:\\\/\\\/facebook.com\\\/cavadeoro\",\"https:\\\/\\\/instagram.com\\\/cavadeoro\"]}]}<\/script>\n<!-- \/ Yoast SEO Premium plugin. -->","yoast_head_json":{"title":"TEQUILA PLATA TAHONA | COSECHA 2021 | Edici\u00f3n Limitada","description":"Tequila Plata Tahona 2021, Proceso Tradicional. Galardonado con la Medalla Doble Oro como uno de los mejores tequilas del mundo.","robots":{"index":"index","follow":"follow","max-snippet":"max-snippet:-1","max-image-preview":"max-image-preview:large","max-video-preview":"max-video-preview:-1"},"canonical":"https:\/\/cavadeoro.mx\/?product=plata-2021","og_locale":"es_MX","og_type":"article","og_title":"TEQUILA PLATA TAHONA 2021","og_description":"Tequila Plata Tahona 2021, Proceso Tradicional. Galardonado con la Medalla Doble Oro como uno de los mejores tequilas del mundo.","og_url":"https:\/\/cavadeoro.mx\/?product=plata-2021","og_site_name":"Tequila Cava de Oro","article_publisher":"https:\/\/facebook.com\/cavadeoro","article_modified_time":"2025-12-27T13:52:18+00:00","og_image":[{"width":600,"height":750,"url":"https:\/\/cavadeoro.mx\/wp-content\/uploads\/2022\/08\/tahona-medalla-web.png","type":"image\/png"}],"twitter_card":"summary_large_image","twitter_misc":{"Tiempo de lectura":"2 minutos"},"schema":{"@context":"https:\/\/schema.org","@graph":[{"@type":"WebPage","@id":"https:\/\/cavadeoro.mx\/?product=plata-2021","url":"https:\/\/cavadeoro.mx\/?product=plata-2021","name":"TEQUILA PLATA TAHONA | COSECHA 2021 | Edici\u00f3n Limitada","isPartOf":{"@id":"https:\/\/cavadeoro.mx\/#website"},"primaryImageOfPage":{"@id":"https:\/\/cavadeoro.mx\/?product=plata-2021#primaryimage"},"image":{"@id":"https:\/\/cavadeoro.mx\/?product=plata-2021#primaryimage"},"thumbnailUrl":"https:\/\/cavadeoro.mx\/wp-content\/uploads\/2022\/08\/tahona-medalla-web.png","datePublished":"2023-05-18T17:18:03+00:00","dateModified":"2025-12-27T13:52:18+00:00","description":"Tequila Plata Tahona 2021, Proceso Tradicional. Galardonado con la Medalla Doble Oro como uno de los mejores tequilas del mundo.","breadcrumb":{"@id":"https:\/\/cavadeoro.mx\/?product=plata-2021#breadcrumb"},"inLanguage":"es","potentialAction":[{"@type":"ReadAction","target":["https:\/\/cavadeoro.mx\/?product=plata-2021"]}]},{"@type":"ImageObject","inLanguage":"es","@id":"https:\/\/cavadeoro.mx\/?product=plata-2021#primaryimage","url":"https:\/\/cavadeoro.mx\/wp-content\/uploads\/2022\/08\/tahona-medalla-web.png","contentUrl":"https:\/\/cavadeoro.mx\/wp-content\/uploads\/2022\/08\/tahona-medalla-web.png","width":600,"height":750},{"@type":"BreadcrumbList","@id":"https:\/\/cavadeoro.mx\/?product=plata-2021#breadcrumb","itemListElement":[{"@type":"ListItem","position":1,"name":"Portada","item":"https:\/\/cavadeoro.mx\/?page_id=14294&lang=en"},{"@type":"ListItem","position":2,"name":"TIENDA","item":"https:\/\/cavadeoro.mx\/?page_id=401"},{"@type":"ListItem","position":3,"name":"TEQUILA PLATA TAHONA 2021"}]},{"@type":"WebSite","@id":"https:\/\/cavadeoro.mx\/#website","url":"https:\/\/cavadeoro.mx\/","name":"Tequila Cava de Oro","description":"100% Agave Azul","publisher":{"@id":"https:\/\/cavadeoro.mx\/#organization"},"potentialAction":[{"@type":"SearchAction","target":{"@type":"EntryPoint","urlTemplate":"https:\/\/cavadeoro.mx\/?s={search_term_string}"},"query-input":{"@type":"PropertyValueSpecification","valueRequired":true,"valueName":"search_term_string"}}],"inLanguage":"es"},{"@type":"Organization","@id":"https:\/\/cavadeoro.mx\/#organization","name":"Tequila Cava de Oro","url":"https:\/\/cavadeoro.mx\/","logo":{"@type":"ImageObject","inLanguage":"es","@id":"https:\/\/cavadeoro.mx\/#\/schema\/logo\/image\/","url":"https:\/\/cavadeoro.mx\/wp-content\/uploads\/2022\/04\/cropped-Logo-menu.png","contentUrl":"https:\/\/cavadeoro.mx\/wp-content\/uploads\/2022\/04\/cropped-Logo-menu.png","width":92,"height":66,"caption":"Tequila Cava de Oro"},"image":{"@id":"https:\/\/cavadeoro.mx\/#\/schema\/logo\/image\/"},"sameAs":["https:\/\/facebook.com\/cavadeoro","https:\/\/instagram.com\/cavadeoro"]}]}},"lang":"es","translations":{"es":14184},"pll_sync_post":[],"_links":{"self":[{"href":"https:\/\/cavadeoro.mx\/index.php?rest_route=\/wp\/v2\/product\/14184","targetHints":{"allow":["GET"]}}],"collection":[{"href":"https:\/\/cavadeoro.mx\/index.php?rest_route=\/wp\/v2\/product"}],"about":[{"href":"https:\/\/cavadeoro.mx\/index.php?rest_route=\/wp\/v2\/types\/product"}],"version-history":[{"count":6,"href":"https:\/\/cavadeoro.mx\/index.php?rest_route=\/wp\/v2\/product\/14184\/revisions"}],"predecessor-version":[{"id":20257,"href":"https:\/\/cavadeoro.mx\/index.php?rest_route=\/wp\/v2\/product\/14184\/revisions\/20257"}],"wp:featuredmedia":[{"embeddable":true,"href":"https:\/\/cavadeoro.mx\/index.php?rest_route=\/wp\/v2\/media\/14528"}],"wp:attachment":[{"href":"https:\/\/cavadeoro.mx\/index.php?rest_route=%2Fwp%2Fv2%2Fmedia&parent=14184"}],"wp:term":[{"taxonomy":"product_brand","embeddable":true,"href":"https:\/\/cavadeoro.mx\/index.php?rest_route=%2Fwp%2Fv2%2Fproduct_brand&post=14184"},{"taxonomy":"product_cat","embeddable":true,"href":"https:\/\/cavadeoro.mx\/index.php?rest_route=%2Fwp%2Fv2%2Fproduct_cat&post=14184"},{"taxonomy":"product_tag","embeddable":true,"href":"https:\/\/cavadeoro.mx\/index.php?rest_route=%2Fwp%2Fv2%2Fproduct_tag&post=14184"}],"curies":[{"name":"wp","href":"https:\/\/api.w.org\/{rel}","templated":true}]}}