{"id":14743,"date":"2025-11-20T08:01:05","date_gmt":"2025-11-20T14:01:05","guid":{"rendered":"https:\/\/cavadeoro.mx\/?post_type=product&#038;p=14743"},"modified":"2026-01-06T21:52:07","modified_gmt":"2026-01-07T03:52:07","slug":"promocion-tequila-extra-aged-anejo-black","status":"publish","type":"product","link":"https:\/\/cavadeoro.mx\/?product=promocion-tequila-extra-aged-anejo-black","title":{"rendered":"Promoci\u00f3n Tequila Extra Aged A\u00f1ejo Black"},"content":{"rendered":"<h3 style=\"text-align: center;\">Promoci\u00f3n <strong>Tequila Extra Aged A\u00f1ejo Black<\/strong> Cava de Oro<\/h3>\n<h4 style=\"text-align: center;\"><strong><em>Al adquirir 6 Botellas de Tequila Extra Aged A\u00f1ejo Black Cava de Oro de 750 ml recibe 15% de Descuento en tu compra.<\/em><\/strong><\/h4>\n<p>&nbsp;<\/p>\n<p>Nuestro\u00a0<strong>Tequila Extra Aged A\u00f1ejo Black Cava de Oro, <\/strong>un Tequila a\u00f1orado en todo el mundo, que una vez que pruebas, no querr\u00e1s cambiarlo por nada. Un Tequila Premium y sutilmente dulce ideal para degustar derecho o en las rocas.<\/p>\n<p>&nbsp;<\/p>\n<p><img fetchpriority=\"high\" decoding=\"async\" class=\"aligncenter wp-image-13429 \" src=\"https:\/\/cavadeoro.mx\/wp-content\/uploads\/2022\/07\/Perfil-del-tequila_Mesa-de-trabajo-1-1024x322.png\" sizes=\"(max-width: 602px) 100vw, 602px\" srcset=\"https:\/\/cavadeoro.mx\/wp-content\/uploads\/2022\/07\/Perfil-del-tequila_Mesa-de-trabajo-1-1024x322.png 1024w, https:\/\/cavadeoro.mx\/wp-content\/uploads\/2022\/07\/Perfil-del-tequila_Mesa-de-trabajo-1-300x94.png 300w, https:\/\/cavadeoro.mx\/wp-content\/uploads\/2022\/07\/Perfil-del-tequila_Mesa-de-trabajo-1-768x241.png 768w, https:\/\/cavadeoro.mx\/wp-content\/uploads\/2022\/07\/Perfil-del-tequila_Mesa-de-trabajo-1-500x157.png 500w, https:\/\/cavadeoro.mx\/wp-content\/uploads\/2022\/07\/Perfil-del-tequila_Mesa-de-trabajo-1-600x189.png 600w, https:\/\/cavadeoro.mx\/wp-content\/uploads\/2022\/07\/Perfil-del-tequila_Mesa-de-trabajo-1.png 1123w\" alt=\"\" width=\"602\" height=\"189\" \/><\/p>\n<p>&nbsp;<\/p>\n<h4 style=\"text-align: center;\"><strong>COLOR:\u00a0<\/strong>MATICES ROJIZO BRILLANTE Y \u00c1MBAR OSCURO.<\/h4>\n<h4 style=\"text-align: center;\"><strong>AROMA:\u00a0<\/strong>MULTITUD DE AROMAS FRUTALES Y ROBLE TOSTADO.<\/h4>\n<h4 style=\"text-align: center;\"><strong>SABOR:\u00a0<\/strong>SU EXQUISITA DULZURA CONVIERTE UN AMPULOSO Y LARGO FINAL<\/h4>\n<p>&nbsp;<\/p>\n<p>&nbsp;<\/p>\n<p>&nbsp;<\/p>\n<h4><img decoding=\"async\" class=\" wp-image-12542 aligncenter\" src=\"https:\/\/cavadeoro.mx\/wp-content\/uploads\/2020\/02\/CAVA-DE-ORO-NOM-Negro-300x68.png\" sizes=\"(max-width: 181px) 100vw, 181px\" srcset=\"https:\/\/cavadeoro.mx\/wp-content\/uploads\/2020\/02\/CAVA-DE-ORO-NOM-Negro-300x68.png 300w, https:\/\/cavadeoro.mx\/wp-content\/uploads\/2020\/02\/CAVA-DE-ORO-NOM-Negro-768x174.png 768w, https:\/\/cavadeoro.mx\/wp-content\/uploads\/2020\/02\/CAVA-DE-ORO-NOM-Negro-500x113.png 500w, https:\/\/cavadeoro.mx\/wp-content\/uploads\/2020\/02\/CAVA-DE-ORO-NOM-Negro-600x136.png 600w, https:\/\/cavadeoro.mx\/wp-content\/uploads\/2020\/02\/CAVA-DE-ORO-NOM-Negro.png 773w\" alt=\"\" width=\"181\" height=\"41\" \/><\/h4>\n","protected":false},"excerpt":{"rendered":"<p><span style=\"font-weight: 400;\"><strong>6 Botellas de Tequila Extra Aged A\u00f1ejo Black de 24 meses de maduraci\u00f3n<\/strong> en barricas de roble blanco franc\u00e9s, con 3 meses de a\u00f1ejamiento adicional en una nueva barrica, le dan a nuestro Extra Aged el toque perfecto entre su textura sedosa y el final largo y ligeramente dulce.<\/span><\/p>\n<p><img decoding=\"async\" class=\"wp-image-11871 alignnone\" src=\"https:\/\/cavadeoro.mx\/wp-content\/uploads\/2021\/06\/CAVA-DE-ORO-100-negro-300x107.png\" alt=\"\" width=\"185\" height=\"66\" srcset=\"https:\/\/cavadeoro.mx\/wp-content\/uploads\/2021\/06\/CAVA-DE-ORO-100-negro-300x107.png 300w, https:\/\/cavadeoro.mx\/wp-content\/uploads\/2021\/06\/CAVA-DE-ORO-100-negro-500x178.png 500w, https:\/\/cavadeoro.mx\/wp-content\/uploads\/2021\/06\/CAVA-DE-ORO-100-negro-600x213.png 600w, https:\/\/cavadeoro.mx\/wp-content\/uploads\/2021\/06\/CAVA-DE-ORO-100-negro.png 650w\" sizes=\"(max-width: 185px) 100vw, 185px\" \/><\/p>\n<h3><strong>38% Alc. Vol. |<\/strong><b>\u00a0<\/b><b>750 ml<\/b><\/h3>\n<p>Env\u00edo a todo M\u00e9xico.<\/p>\n","protected":false},"featured_media":18346,"template":"","meta":[],"product_brand":[],"product_cat":[398],"product_tag":[77,119,72,392,70],"class_list":{"0":"post-14743","1":"product","2":"type-product","3":"status-publish","4":"has-post-thumbnail","6":"product_cat-promocion","7":"product_tag-anejo","8":"product_tag-black","9":"product_tag-cava-de-oro","10":"product_tag-promocion","11":"product_tag-tequila","13":"first","14":"instock","15":"sale","16":"featured","17":"shipping-taxable","18":"purchasable","19":"product-type-simple"},"yoast_head":"<!-- This site is optimized with the Yoast SEO Premium plugin v22.8 (Yoast SEO v27.4) - https:\/\/yoast.com\/product\/yoast-seo-premium-wordpress\/ -->\n<title>Promoci\u00f3n Tequila Extra Aged A\u00f1ejo Black - 15% de Descuento<\/title>\n<meta name=\"description\" content=\"Promoci\u00f3n Tequila Extra Aged A\u00f1ejo Black. Compra 6 Tequila Extra Aged A\u00f1ejo Black Cava de Oro al 15% de Descuento, con env\u00edo Gratis a todo M\u00e9xico.\" \/>\n<meta name=\"robots\" content=\"index, follow, max-snippet:-1, max-image-preview:large, max-video-preview:-1\" \/>\n<link rel=\"canonical\" href=\"https:\/\/cavadeoro.mx\/?product=promocion-tequila-extra-aged-anejo-black\" \/>\n<meta property=\"og:locale\" content=\"es_MX\" \/>\n<meta property=\"og:type\" content=\"article\" \/>\n<meta property=\"og:title\" content=\"Promoci\u00f3n Tequila Extra Aged A\u00f1ejo Black\" \/>\n<meta property=\"og:description\" content=\"Promoci\u00f3n Tequila Extra Aged A\u00f1ejo Black. Compra 6 Tequila Extra Aged A\u00f1ejo Black Cava de Oro al 15% de Descuento, con env\u00edo Gratis a todo M\u00e9xico.\" \/>\n<meta property=\"og:url\" content=\"https:\/\/cavadeoro.mx\/?product=promocion-tequila-extra-aged-anejo-black\" \/>\n<meta property=\"og:site_name\" content=\"Tequila Cava de Oro\" \/>\n<meta property=\"article:publisher\" content=\"https:\/\/facebook.com\/cavadeoro\" \/>\n<meta property=\"article:modified_time\" content=\"2026-01-07T03:52:07+00:00\" \/>\n<meta property=\"og:image\" content=\"https:\/\/cavadeoro.mx\/wp-content\/uploads\/2024\/10\/Promo-ExtAged-jpg.avif\" \/>\n\t<meta property=\"og:image:width\" content=\"1597\" \/>\n\t<meta property=\"og:image:height\" content=\"1980\" \/>\n\t<meta property=\"og:image:type\" content=\"image\/jpeg\" \/>\n<meta name=\"twitter:card\" content=\"summary_large_image\" \/>\n<meta name=\"twitter:label1\" content=\"Tiempo de lectura\" \/>\n\t<meta name=\"twitter:data1\" content=\"2 minutos\" \/>\n<script type=\"application\/ld+json\" class=\"yoast-schema-graph\">{\"@context\":\"https:\\\/\\\/schema.org\",\"@graph\":[{\"@type\":\"WebPage\",\"@id\":\"https:\\\/\\\/cavadeoro.mx\\\/?product=promocion-tequila-extra-aged-anejo-black\",\"url\":\"https:\\\/\\\/cavadeoro.mx\\\/?product=promocion-tequila-extra-aged-anejo-black\",\"name\":\"Promoci\u00f3n Tequila Extra Aged A\u00f1ejo Black - 15% de Descuento\",\"isPartOf\":{\"@id\":\"https:\\\/\\\/cavadeoro.mx\\\/#website\"},\"primaryImageOfPage\":{\"@id\":\"https:\\\/\\\/cavadeoro.mx\\\/?product=promocion-tequila-extra-aged-anejo-black#primaryimage\"},\"image\":{\"@id\":\"https:\\\/\\\/cavadeoro.mx\\\/?product=promocion-tequila-extra-aged-anejo-black#primaryimage\"},\"thumbnailUrl\":\"https:\\\/\\\/cavadeoro.mx\\\/wp-content\\\/uploads\\\/2024\\\/10\\\/Promo-ExtAged-jpg.avif\",\"datePublished\":\"2025-11-20T14:01:05+00:00\",\"dateModified\":\"2026-01-07T03:52:07+00:00\",\"description\":\"Promoci\u00f3n Tequila Extra Aged A\u00f1ejo Black. Compra 6 Tequila Extra Aged A\u00f1ejo Black Cava de Oro al 15% de Descuento, con env\u00edo Gratis a todo M\u00e9xico.\",\"breadcrumb\":{\"@id\":\"https:\\\/\\\/cavadeoro.mx\\\/?product=promocion-tequila-extra-aged-anejo-black#breadcrumb\"},\"inLanguage\":\"es\",\"potentialAction\":[{\"@type\":\"ReadAction\",\"target\":[\"https:\\\/\\\/cavadeoro.mx\\\/?product=promocion-tequila-extra-aged-anejo-black\"]}]},{\"@type\":\"ImageObject\",\"inLanguage\":\"es\",\"@id\":\"https:\\\/\\\/cavadeoro.mx\\\/?product=promocion-tequila-extra-aged-anejo-black#primaryimage\",\"url\":\"https:\\\/\\\/cavadeoro.mx\\\/wp-content\\\/uploads\\\/2024\\\/10\\\/Promo-ExtAged-jpg.avif\",\"contentUrl\":\"https:\\\/\\\/cavadeoro.mx\\\/wp-content\\\/uploads\\\/2024\\\/10\\\/Promo-ExtAged-jpg.avif\",\"width\":1597,\"height\":1980},{\"@type\":\"BreadcrumbList\",\"@id\":\"https:\\\/\\\/cavadeoro.mx\\\/?product=promocion-tequila-extra-aged-anejo-black#breadcrumb\",\"itemListElement\":[{\"@type\":\"ListItem\",\"position\":1,\"name\":\"Portada\",\"item\":\"https:\\\/\\\/cavadeoro.mx\\\/?page_id=14294&lang=en\"},{\"@type\":\"ListItem\",\"position\":2,\"name\":\"TIENDA\",\"item\":\"https:\\\/\\\/cavadeoro.mx\\\/?page_id=401\"},{\"@type\":\"ListItem\",\"position\":3,\"name\":\"Promoci\u00f3n Tequila Extra Aged A\u00f1ejo Black\"}]},{\"@type\":\"WebSite\",\"@id\":\"https:\\\/\\\/cavadeoro.mx\\\/#website\",\"url\":\"https:\\\/\\\/cavadeoro.mx\\\/\",\"name\":\"Tequila Cava de Oro\",\"description\":\"100% Agave Azul\",\"publisher\":{\"@id\":\"https:\\\/\\\/cavadeoro.mx\\\/#organization\"},\"potentialAction\":[{\"@type\":\"SearchAction\",\"target\":{\"@type\":\"EntryPoint\",\"urlTemplate\":\"https:\\\/\\\/cavadeoro.mx\\\/?s={search_term_string}\"},\"query-input\":{\"@type\":\"PropertyValueSpecification\",\"valueRequired\":true,\"valueName\":\"search_term_string\"}}],\"inLanguage\":\"es\"},{\"@type\":\"Organization\",\"@id\":\"https:\\\/\\\/cavadeoro.mx\\\/#organization\",\"name\":\"Tequila Cava de Oro\",\"url\":\"https:\\\/\\\/cavadeoro.mx\\\/\",\"logo\":{\"@type\":\"ImageObject\",\"inLanguage\":\"es\",\"@id\":\"https:\\\/\\\/cavadeoro.mx\\\/#\\\/schema\\\/logo\\\/image\\\/\",\"url\":\"https:\\\/\\\/cavadeoro.mx\\\/wp-content\\\/uploads\\\/2022\\\/04\\\/cropped-Logo-menu.png\",\"contentUrl\":\"https:\\\/\\\/cavadeoro.mx\\\/wp-content\\\/uploads\\\/2022\\\/04\\\/cropped-Logo-menu.png\",\"width\":92,\"height\":66,\"caption\":\"Tequila Cava de Oro\"},\"image\":{\"@id\":\"https:\\\/\\\/cavadeoro.mx\\\/#\\\/schema\\\/logo\\\/image\\\/\"},\"sameAs\":[\"https:\\\/\\\/facebook.com\\\/cavadeoro\",\"https:\\\/\\\/instagram.com\\\/cavadeoro\"]}]}<\/script>\n<!-- \/ Yoast SEO Premium plugin. -->","yoast_head_json":{"title":"Promoci\u00f3n Tequila Extra Aged A\u00f1ejo Black - 15% de Descuento","description":"Promoci\u00f3n Tequila Extra Aged A\u00f1ejo Black. Compra 6 Tequila Extra Aged A\u00f1ejo Black Cava de Oro al 15% de Descuento, con env\u00edo Gratis a todo M\u00e9xico.","robots":{"index":"index","follow":"follow","max-snippet":"max-snippet:-1","max-image-preview":"max-image-preview:large","max-video-preview":"max-video-preview:-1"},"canonical":"https:\/\/cavadeoro.mx\/?product=promocion-tequila-extra-aged-anejo-black","og_locale":"es_MX","og_type":"article","og_title":"Promoci\u00f3n Tequila Extra Aged A\u00f1ejo Black","og_description":"Promoci\u00f3n Tequila Extra Aged A\u00f1ejo Black. Compra 6 Tequila Extra Aged A\u00f1ejo Black Cava de Oro al 15% de Descuento, con env\u00edo Gratis a todo M\u00e9xico.","og_url":"https:\/\/cavadeoro.mx\/?product=promocion-tequila-extra-aged-anejo-black","og_site_name":"Tequila Cava de Oro","article_publisher":"https:\/\/facebook.com\/cavadeoro","article_modified_time":"2026-01-07T03:52:07+00:00","og_image":[{"width":1597,"height":1980,"url":"https:\/\/cavadeoro.mx\/wp-content\/uploads\/2024\/10\/Promo-ExtAged-jpg.avif","type":"image\/jpeg"}],"twitter_card":"summary_large_image","twitter_misc":{"Tiempo de lectura":"2 minutos"},"schema":{"@context":"https:\/\/schema.org","@graph":[{"@type":"WebPage","@id":"https:\/\/cavadeoro.mx\/?product=promocion-tequila-extra-aged-anejo-black","url":"https:\/\/cavadeoro.mx\/?product=promocion-tequila-extra-aged-anejo-black","name":"Promoci\u00f3n Tequila Extra Aged A\u00f1ejo Black - 15% de Descuento","isPartOf":{"@id":"https:\/\/cavadeoro.mx\/#website"},"primaryImageOfPage":{"@id":"https:\/\/cavadeoro.mx\/?product=promocion-tequila-extra-aged-anejo-black#primaryimage"},"image":{"@id":"https:\/\/cavadeoro.mx\/?product=promocion-tequila-extra-aged-anejo-black#primaryimage"},"thumbnailUrl":"https:\/\/cavadeoro.mx\/wp-content\/uploads\/2024\/10\/Promo-ExtAged-jpg.avif","datePublished":"2025-11-20T14:01:05+00:00","dateModified":"2026-01-07T03:52:07+00:00","description":"Promoci\u00f3n Tequila Extra Aged A\u00f1ejo Black. Compra 6 Tequila Extra Aged A\u00f1ejo Black Cava de Oro al 15% de Descuento, con env\u00edo Gratis a todo M\u00e9xico.","breadcrumb":{"@id":"https:\/\/cavadeoro.mx\/?product=promocion-tequila-extra-aged-anejo-black#breadcrumb"},"inLanguage":"es","potentialAction":[{"@type":"ReadAction","target":["https:\/\/cavadeoro.mx\/?product=promocion-tequila-extra-aged-anejo-black"]}]},{"@type":"ImageObject","inLanguage":"es","@id":"https:\/\/cavadeoro.mx\/?product=promocion-tequila-extra-aged-anejo-black#primaryimage","url":"https:\/\/cavadeoro.mx\/wp-content\/uploads\/2024\/10\/Promo-ExtAged-jpg.avif","contentUrl":"https:\/\/cavadeoro.mx\/wp-content\/uploads\/2024\/10\/Promo-ExtAged-jpg.avif","width":1597,"height":1980},{"@type":"BreadcrumbList","@id":"https:\/\/cavadeoro.mx\/?product=promocion-tequila-extra-aged-anejo-black#breadcrumb","itemListElement":[{"@type":"ListItem","position":1,"name":"Portada","item":"https:\/\/cavadeoro.mx\/?page_id=14294&lang=en"},{"@type":"ListItem","position":2,"name":"TIENDA","item":"https:\/\/cavadeoro.mx\/?page_id=401"},{"@type":"ListItem","position":3,"name":"Promoci\u00f3n Tequila Extra Aged A\u00f1ejo Black"}]},{"@type":"WebSite","@id":"https:\/\/cavadeoro.mx\/#website","url":"https:\/\/cavadeoro.mx\/","name":"Tequila Cava de Oro","description":"100% Agave Azul","publisher":{"@id":"https:\/\/cavadeoro.mx\/#organization"},"potentialAction":[{"@type":"SearchAction","target":{"@type":"EntryPoint","urlTemplate":"https:\/\/cavadeoro.mx\/?s={search_term_string}"},"query-input":{"@type":"PropertyValueSpecification","valueRequired":true,"valueName":"search_term_string"}}],"inLanguage":"es"},{"@type":"Organization","@id":"https:\/\/cavadeoro.mx\/#organization","name":"Tequila Cava de Oro","url":"https:\/\/cavadeoro.mx\/","logo":{"@type":"ImageObject","inLanguage":"es","@id":"https:\/\/cavadeoro.mx\/#\/schema\/logo\/image\/","url":"https:\/\/cavadeoro.mx\/wp-content\/uploads\/2022\/04\/cropped-Logo-menu.png","contentUrl":"https:\/\/cavadeoro.mx\/wp-content\/uploads\/2022\/04\/cropped-Logo-menu.png","width":92,"height":66,"caption":"Tequila Cava de Oro"},"image":{"@id":"https:\/\/cavadeoro.mx\/#\/schema\/logo\/image\/"},"sameAs":["https:\/\/facebook.com\/cavadeoro","https:\/\/instagram.com\/cavadeoro"]}]}},"lang":"es","translations":{"es":14743},"pll_sync_post":[],"_links":{"self":[{"href":"https:\/\/cavadeoro.mx\/index.php?rest_route=\/wp\/v2\/product\/14743","targetHints":{"allow":["GET"]}}],"collection":[{"href":"https:\/\/cavadeoro.mx\/index.php?rest_route=\/wp\/v2\/product"}],"about":[{"href":"https:\/\/cavadeoro.mx\/index.php?rest_route=\/wp\/v2\/types\/product"}],"version-history":[{"count":4,"href":"https:\/\/cavadeoro.mx\/index.php?rest_route=\/wp\/v2\/product\/14743\/revisions"}],"predecessor-version":[{"id":18345,"href":"https:\/\/cavadeoro.mx\/index.php?rest_route=\/wp\/v2\/product\/14743\/revisions\/18345"}],"wp:featuredmedia":[{"embeddable":true,"href":"https:\/\/cavadeoro.mx\/index.php?rest_route=\/wp\/v2\/media\/18346"}],"wp:attachment":[{"href":"https:\/\/cavadeoro.mx\/index.php?rest_route=%2Fwp%2Fv2%2Fmedia&parent=14743"}],"wp:term":[{"taxonomy":"product_brand","embeddable":true,"href":"https:\/\/cavadeoro.mx\/index.php?rest_route=%2Fwp%2Fv2%2Fproduct_brand&post=14743"},{"taxonomy":"product_cat","embeddable":true,"href":"https:\/\/cavadeoro.mx\/index.php?rest_route=%2Fwp%2Fv2%2Fproduct_cat&post=14743"},{"taxonomy":"product_tag","embeddable":true,"href":"https:\/\/cavadeoro.mx\/index.php?rest_route=%2Fwp%2Fv2%2Fproduct_tag&post=14743"}],"curies":[{"name":"wp","href":"https:\/\/api.w.org\/{rel}","templated":true}]}}