{"id":15719,"date":"2024-11-07T22:50:51","date_gmt":"2024-11-08T04:50:51","guid":{"rendered":"https:\/\/cavadeoro.mx\/?post_type=product&#038;p=15719"},"modified":"2025-10-13T14:24:23","modified_gmt":"2025-10-13T20:24:23","slug":"tequila-amatitena-reposado","status":"publish","type":"product","link":"https:\/\/cavadeoro.mx\/?product=tequila-amatitena-reposado","title":{"rendered":"Tequila Amatite\u00f1a Tahona Reposado"},"content":{"rendered":"\t\t<div data-elementor-type=\"wp-post\" data-elementor-id=\"15719\" class=\"elementor elementor-15719\">\n\t\t\t\t\t\t<section class=\"elementor-section elementor-top-section elementor-element elementor-element-143b01a2 elementor-section-boxed elementor-section-height-default elementor-section-height-default qodef-elementor-content-no\" data-id=\"143b01a2\" data-element_type=\"section\" data-e-type=\"section\">\n\t\t\t\t\t\t<div class=\"elementor-container elementor-column-gap-default\">\n\t\t\t\t\t<div class=\"elementor-column elementor-col-100 elementor-top-column elementor-element elementor-element-4c492ab\" data-id=\"4c492ab\" data-element_type=\"column\" data-e-type=\"column\">\n\t\t\t<div class=\"elementor-widget-wrap elementor-element-populated\">\n\t\t\t\t\t\t<div class=\"elementor-element elementor-element-70e93012 elementor-widget elementor-widget-text-editor\" data-id=\"70e93012\" data-element_type=\"widget\" data-e-type=\"widget\" data-widget_type=\"text-editor.default\">\n\t\t\t\t<div class=\"elementor-widget-container\">\n\t\t\t\t\t\t\t\t\t<h2 style=\"text-align: center;\"><strong>TEQUILA AMATITE\u00d1A<\/strong><\/h2><h5 style=\"text-align: center;\"><span style=\"font-weight: 400;\">Un Tequila orgulloso de su origen<\/span><\/h5><p><span style=\"font-weight: 400;\"><img fetchpriority=\"high\" decoding=\"async\" class=\"aligncenter wp-image-15725 size-large\" src=\"https:\/\/cavadeoro.mx\/wp-content\/uploads\/2023\/03\/5-Quienes-Somos-Banner-ppal-1024x586.png\" alt=\"\" width=\"1024\" height=\"586\" srcset=\"https:\/\/cavadeoro.mx\/wp-content\/uploads\/2023\/03\/5-Quienes-Somos-Banner-ppal-1024x586.png 1024w, https:\/\/cavadeoro.mx\/wp-content\/uploads\/2023\/03\/5-Quienes-Somos-Banner-ppal-700x400.png 700w, https:\/\/cavadeoro.mx\/wp-content\/uploads\/2023\/03\/5-Quienes-Somos-Banner-ppal-300x172.png 300w, https:\/\/cavadeoro.mx\/wp-content\/uploads\/2023\/03\/5-Quienes-Somos-Banner-ppal-768x439.png 768w, https:\/\/cavadeoro.mx\/wp-content\/uploads\/2023\/03\/5-Quienes-Somos-Banner-ppal-1536x879.png 1536w, https:\/\/cavadeoro.mx\/wp-content\/uploads\/2023\/03\/5-Quienes-Somos-Banner-ppal-500x286.png 500w, https:\/\/cavadeoro.mx\/wp-content\/uploads\/2023\/03\/5-Quienes-Somos-Banner-ppal-1600x914.png 1600w, https:\/\/cavadeoro.mx\/wp-content\/uploads\/2023\/03\/5-Quienes-Somos-Banner-ppal.png 2000w\" sizes=\"(max-width: 1024px) 100vw, 1024px\" \/><\/span><\/p><p>El nombre de <strong>AMATITE\u00d1A<\/strong> proviene del poblado de <strong>Amatit\u00e1n<\/strong>, Jalisco, <strong>\u201cLa cuna del Tequila\u201d<\/strong><\/p><p>\u00a0<\/p><p>Tequila blanco 100% agave, propio de casa, producido en el estado de Jalisco; cosechando hasta su madurez con el m\u00e9todo tradicional de jima, seleccionando siempre nuestra mejor cosecha.<\/p><p>\u00a0<\/p><p>Emprendemos nuestro proceso con el <strong>cocimiento a fuego lento<\/strong>, conservando as\u00ed los sabores suaves y dulces del agave para continuar con la extracci\u00f3n de jugos y mieles del agave en el proceso de <strong>molienda con tahona<\/strong>, donde suavemente extraemos el jugo sin estresar la fibra del agave.<\/p><p>\u00a0<\/p><p><strong>Fermentaci\u00f3n<\/strong> etapa natural donde <strong>levaduras salvajes<\/strong> se encargan de transformar las mieles del agave en alcohol, finalizamos con la <strong>destilaci\u00f3n en originales alambiques de cobre<\/strong> y geometr\u00eda de olla, donde a fuego destilamos lentamente nuestro tequila, logrando un destilado exquisito.<\/p><p style=\"text-align: center;\"><span style=\"font-weight: 400;\"><img decoding=\"async\" class=\"wp-image-9558 aligncenter\" src=\"https:\/\/cavadeoro.mx\/wp-content\/uploads\/2021\/09\/Captura-de-pantalla-2021-09-03-a-las-12.05.39.png\" alt=\"\" width=\"569\" height=\"329\" srcset=\"https:\/\/cavadeoro.mx\/wp-content\/uploads\/2021\/09\/Captura-de-pantalla-2021-09-03-a-las-12.05.39.png 1141w, https:\/\/cavadeoro.mx\/wp-content\/uploads\/2021\/09\/Captura-de-pantalla-2021-09-03-a-las-12.05.39-700x405.png 700w, https:\/\/cavadeoro.mx\/wp-content\/uploads\/2021\/09\/Captura-de-pantalla-2021-09-03-a-las-12.05.39-300x174.png 300w, https:\/\/cavadeoro.mx\/wp-content\/uploads\/2021\/09\/Captura-de-pantalla-2021-09-03-a-las-12.05.39-1024x592.png 1024w, https:\/\/cavadeoro.mx\/wp-content\/uploads\/2021\/09\/Captura-de-pantalla-2021-09-03-a-las-12.05.39-768x444.png 768w, https:\/\/cavadeoro.mx\/wp-content\/uploads\/2021\/09\/Captura-de-pantalla-2021-09-03-a-las-12.05.39-500x289.png 500w, https:\/\/cavadeoro.mx\/wp-content\/uploads\/2021\/09\/Captura-de-pantalla-2021-09-03-a-las-12.05.39-600x347.png 600w\" sizes=\"(max-width: 569px) 100vw, 569px\" \/><\/span><\/p><p>La producci\u00f3n se lleva a cabo en predios agaveros ubicados en la zona Valles, en los municipios de Amatit\u00e1n y Tequila, Jalisco, M\u00e9xico; El novillero, Santa Ana, Talixtaca, La tripa, La coronilla y El polvor\u00edn. Todos los predios se encuentran a una altitud media de 1,200 m s. n. m.<\/p><h4>La producci\u00f3n se lleva a cabo de cosechas de los predios agaveros ubicados en zona valle en los municipios de Amatit\u00e1n, Tequila y Arenal.<\/h4>\t\t\t\t\t\t\t\t<\/div>\n\t\t\t\t<\/div>\n\t\t\t\t\t<\/div>\n\t\t<\/div>\n\t\t\t\t\t<\/div>\n\t\t<\/section>\n\t\t\t\t<\/div>\n\t\t","protected":false},"excerpt":{"rendered":"<p><strong>42% Alc. Vol.<\/strong><\/p>\n<p><strong>REPOSADO:\u00a0<\/strong>2 meses en barrica American Oak.<\/p>\n<p><strong>COLOR:<\/strong>\u00a0Paja brillante.<\/p>\n<p><strong>AROMA:<\/strong>\u00a0Agave cocido, ligeras notas ahumadas, vainilla y pimienta.<\/p>\n<p><strong>NOTAS:<\/strong>\u00a0Agave cocido, vainilla, caramelo y tierra.<\/p>\n<p><strong>TEXTURA:<\/strong>\u00a0Cuerpo grueso, fuerte y grande debido a su alto grado alcoh\u00f3lico.<\/p>\n","protected":false},"featured_media":19974,"template":"","meta":[],"product_brand":[],"product_cat":[149,148],"product_tag":[433,71,145,70],"class_list":{"0":"post-15719","1":"product","2":"type-product","3":"status-publish","4":"has-post-thumbnail","6":"product_cat-amatitena","7":"product_cat-familia-tequila","8":"product_tag-amatitena","9":"product_tag-reposado","10":"product_tag-tahona","11":"product_tag-tequila","13":"first","14":"instock","15":"featured","16":"shipping-taxable","17":"purchasable","18":"product-type-simple"},"yoast_head":"<!-- This site is optimized with the Yoast SEO Premium plugin v22.8 (Yoast SEO v27.2) - https:\/\/yoast.com\/product\/yoast-seo-premium-wordpress\/ -->\n<title>Tequila Amatite\u00f1a Tahona Reposado | TAHONA PLATA | 100% Artesanal<\/title>\n<meta name=\"description\" content=\"Tequila Amatite\u00f1a, Proceso 100% artesanal. Tequila Reposado 100% agave azul, realizado en proceso artesanal con molienda en Tahona con 42% Alc. Vol.\" \/>\n<meta name=\"robots\" content=\"index, follow, max-snippet:-1, max-image-preview:large, max-video-preview:-1\" \/>\n<link rel=\"canonical\" href=\"https:\/\/cavadeoro.mx\/?product=tequila-amatitena-reposado\" \/>\n<meta property=\"og:locale\" content=\"es_MX\" \/>\n<meta property=\"og:type\" content=\"article\" \/>\n<meta property=\"og:title\" content=\"Tequila Amatite\u00f1a Tahona Reposado\" \/>\n<meta property=\"og:description\" content=\"Tequila Amatite\u00f1a, Proceso 100% artesanal. Tequila Reposado 100% agave azul, realizado en proceso artesanal con molienda en Tahona con 42% Alc. Vol.\" \/>\n<meta property=\"og:url\" content=\"https:\/\/cavadeoro.mx\/?product=tequila-amatitena-reposado\" \/>\n<meta property=\"og:site_name\" content=\"Tequila Cava de Oro\" \/>\n<meta property=\"article:publisher\" content=\"https:\/\/facebook.com\/cavadeoro\" \/>\n<meta property=\"article:modified_time\" content=\"2025-10-13T20:24:23+00:00\" \/>\n<meta property=\"og:image\" content=\"https:\/\/cavadeoro.mx\/wp-content\/uploads\/2024\/11\/2Reposadoweb.avif\" \/>\n\t<meta property=\"og:image:width\" content=\"980\" \/>\n\t<meta property=\"og:image:height\" content=\"1225\" \/>\n\t<meta property=\"og:image:type\" content=\"image\/png\" \/>\n<meta name=\"twitter:card\" content=\"summary_large_image\" \/>\n<meta name=\"twitter:label1\" content=\"Tiempo de lectura\" \/>\n\t<meta name=\"twitter:data1\" content=\"2 minutos\" \/>\n<script type=\"application\/ld+json\" class=\"yoast-schema-graph\">{\"@context\":\"https:\/\/schema.org\",\"@graph\":[{\"@type\":\"WebPage\",\"@id\":\"https:\/\/cavadeoro.mx\/?product=tequila-amatitena-reposado\",\"url\":\"https:\/\/cavadeoro.mx\/?product=tequila-amatitena-reposado\",\"name\":\"Tequila Amatite\u00f1a Tahona Reposado | TAHONA PLATA | 100% Artesanal\",\"isPartOf\":{\"@id\":\"https:\/\/cavadeoro.mx\/#website\"},\"primaryImageOfPage\":{\"@id\":\"https:\/\/cavadeoro.mx\/?product=tequila-amatitena-reposado#primaryimage\"},\"image\":{\"@id\":\"https:\/\/cavadeoro.mx\/?product=tequila-amatitena-reposado#primaryimage\"},\"thumbnailUrl\":\"https:\/\/cavadeoro.mx\/wp-content\/uploads\/2024\/11\/2Reposadoweb.avif\",\"datePublished\":\"2024-11-08T04:50:51+00:00\",\"dateModified\":\"2025-10-13T20:24:23+00:00\",\"description\":\"Tequila Amatite\u00f1a, Proceso 100% artesanal. Tequila Reposado 100% agave azul, realizado en proceso artesanal con molienda en Tahona con 42% Alc. Vol.\",\"breadcrumb\":{\"@id\":\"https:\/\/cavadeoro.mx\/?product=tequila-amatitena-reposado#breadcrumb\"},\"inLanguage\":\"es\",\"potentialAction\":[{\"@type\":\"ReadAction\",\"target\":[\"https:\/\/cavadeoro.mx\/?product=tequila-amatitena-reposado\"]}]},{\"@type\":\"ImageObject\",\"inLanguage\":\"es\",\"@id\":\"https:\/\/cavadeoro.mx\/?product=tequila-amatitena-reposado#primaryimage\",\"url\":\"https:\/\/cavadeoro.mx\/wp-content\/uploads\/2024\/11\/2Reposadoweb.avif\",\"contentUrl\":\"https:\/\/cavadeoro.mx\/wp-content\/uploads\/2024\/11\/2Reposadoweb.avif\",\"width\":980,\"height\":1225},{\"@type\":\"BreadcrumbList\",\"@id\":\"https:\/\/cavadeoro.mx\/?product=tequila-amatitena-reposado#breadcrumb\",\"itemListElement\":[{\"@type\":\"ListItem\",\"position\":1,\"name\":\"Portada\",\"item\":\"https:\/\/cavadeoro.mx\/?page_id=14294&lang=en\"},{\"@type\":\"ListItem\",\"position\":2,\"name\":\"TIENDA\",\"item\":\"https:\/\/cavadeoro.mx\/?page_id=401\"},{\"@type\":\"ListItem\",\"position\":3,\"name\":\"Tequila Amatite\u00f1a Tahona Reposado\"}]},{\"@type\":\"WebSite\",\"@id\":\"https:\/\/cavadeoro.mx\/#website\",\"url\":\"https:\/\/cavadeoro.mx\/\",\"name\":\"Tequila Cava de Oro\",\"description\":\"100% Agave Azul\",\"publisher\":{\"@id\":\"https:\/\/cavadeoro.mx\/#organization\"},\"potentialAction\":[{\"@type\":\"SearchAction\",\"target\":{\"@type\":\"EntryPoint\",\"urlTemplate\":\"https:\/\/cavadeoro.mx\/?s={search_term_string}\"},\"query-input\":{\"@type\":\"PropertyValueSpecification\",\"valueRequired\":true,\"valueName\":\"search_term_string\"}}],\"inLanguage\":\"es\"},{\"@type\":\"Organization\",\"@id\":\"https:\/\/cavadeoro.mx\/#organization\",\"name\":\"Tequila Cava de Oro\",\"url\":\"https:\/\/cavadeoro.mx\/\",\"logo\":{\"@type\":\"ImageObject\",\"inLanguage\":\"es\",\"@id\":\"https:\/\/cavadeoro.mx\/#\/schema\/logo\/image\/\",\"url\":\"https:\/\/cavadeoro.mx\/wp-content\/uploads\/2022\/04\/cropped-Logo-menu.png\",\"contentUrl\":\"https:\/\/cavadeoro.mx\/wp-content\/uploads\/2022\/04\/cropped-Logo-menu.png\",\"width\":92,\"height\":66,\"caption\":\"Tequila Cava de Oro\"},\"image\":{\"@id\":\"https:\/\/cavadeoro.mx\/#\/schema\/logo\/image\/\"},\"sameAs\":[\"https:\/\/facebook.com\/cavadeoro\",\"https:\/\/instagram.com\/cavadeoro\"]}]}<\/script>\n<!-- \/ Yoast SEO Premium plugin. -->","yoast_head_json":{"title":"Tequila Amatite\u00f1a Tahona Reposado | TAHONA PLATA | 100% Artesanal","description":"Tequila Amatite\u00f1a, Proceso 100% artesanal. Tequila Reposado 100% agave azul, realizado en proceso artesanal con molienda en Tahona con 42% Alc. Vol.","robots":{"index":"index","follow":"follow","max-snippet":"max-snippet:-1","max-image-preview":"max-image-preview:large","max-video-preview":"max-video-preview:-1"},"canonical":"https:\/\/cavadeoro.mx\/?product=tequila-amatitena-reposado","og_locale":"es_MX","og_type":"article","og_title":"Tequila Amatite\u00f1a Tahona Reposado","og_description":"Tequila Amatite\u00f1a, Proceso 100% artesanal. Tequila Reposado 100% agave azul, realizado en proceso artesanal con molienda en Tahona con 42% Alc. Vol.","og_url":"https:\/\/cavadeoro.mx\/?product=tequila-amatitena-reposado","og_site_name":"Tequila Cava de Oro","article_publisher":"https:\/\/facebook.com\/cavadeoro","article_modified_time":"2025-10-13T20:24:23+00:00","og_image":[{"width":980,"height":1225,"url":"https:\/\/cavadeoro.mx\/wp-content\/uploads\/2024\/11\/2Reposadoweb.avif","type":"image\/png"}],"twitter_card":"summary_large_image","twitter_misc":{"Tiempo de lectura":"2 minutos"},"schema":{"@context":"https:\/\/schema.org","@graph":[{"@type":"WebPage","@id":"https:\/\/cavadeoro.mx\/?product=tequila-amatitena-reposado","url":"https:\/\/cavadeoro.mx\/?product=tequila-amatitena-reposado","name":"Tequila Amatite\u00f1a Tahona Reposado | TAHONA PLATA | 100% Artesanal","isPartOf":{"@id":"https:\/\/cavadeoro.mx\/#website"},"primaryImageOfPage":{"@id":"https:\/\/cavadeoro.mx\/?product=tequila-amatitena-reposado#primaryimage"},"image":{"@id":"https:\/\/cavadeoro.mx\/?product=tequila-amatitena-reposado#primaryimage"},"thumbnailUrl":"https:\/\/cavadeoro.mx\/wp-content\/uploads\/2024\/11\/2Reposadoweb.avif","datePublished":"2024-11-08T04:50:51+00:00","dateModified":"2025-10-13T20:24:23+00:00","description":"Tequila Amatite\u00f1a, Proceso 100% artesanal. Tequila Reposado 100% agave azul, realizado en proceso artesanal con molienda en Tahona con 42% Alc. Vol.","breadcrumb":{"@id":"https:\/\/cavadeoro.mx\/?product=tequila-amatitena-reposado#breadcrumb"},"inLanguage":"es","potentialAction":[{"@type":"ReadAction","target":["https:\/\/cavadeoro.mx\/?product=tequila-amatitena-reposado"]}]},{"@type":"ImageObject","inLanguage":"es","@id":"https:\/\/cavadeoro.mx\/?product=tequila-amatitena-reposado#primaryimage","url":"https:\/\/cavadeoro.mx\/wp-content\/uploads\/2024\/11\/2Reposadoweb.avif","contentUrl":"https:\/\/cavadeoro.mx\/wp-content\/uploads\/2024\/11\/2Reposadoweb.avif","width":980,"height":1225},{"@type":"BreadcrumbList","@id":"https:\/\/cavadeoro.mx\/?product=tequila-amatitena-reposado#breadcrumb","itemListElement":[{"@type":"ListItem","position":1,"name":"Portada","item":"https:\/\/cavadeoro.mx\/?page_id=14294&lang=en"},{"@type":"ListItem","position":2,"name":"TIENDA","item":"https:\/\/cavadeoro.mx\/?page_id=401"},{"@type":"ListItem","position":3,"name":"Tequila Amatite\u00f1a Tahona Reposado"}]},{"@type":"WebSite","@id":"https:\/\/cavadeoro.mx\/#website","url":"https:\/\/cavadeoro.mx\/","name":"Tequila Cava de Oro","description":"100% Agave Azul","publisher":{"@id":"https:\/\/cavadeoro.mx\/#organization"},"potentialAction":[{"@type":"SearchAction","target":{"@type":"EntryPoint","urlTemplate":"https:\/\/cavadeoro.mx\/?s={search_term_string}"},"query-input":{"@type":"PropertyValueSpecification","valueRequired":true,"valueName":"search_term_string"}}],"inLanguage":"es"},{"@type":"Organization","@id":"https:\/\/cavadeoro.mx\/#organization","name":"Tequila Cava de Oro","url":"https:\/\/cavadeoro.mx\/","logo":{"@type":"ImageObject","inLanguage":"es","@id":"https:\/\/cavadeoro.mx\/#\/schema\/logo\/image\/","url":"https:\/\/cavadeoro.mx\/wp-content\/uploads\/2022\/04\/cropped-Logo-menu.png","contentUrl":"https:\/\/cavadeoro.mx\/wp-content\/uploads\/2022\/04\/cropped-Logo-menu.png","width":92,"height":66,"caption":"Tequila Cava de Oro"},"image":{"@id":"https:\/\/cavadeoro.mx\/#\/schema\/logo\/image\/"},"sameAs":["https:\/\/facebook.com\/cavadeoro","https:\/\/instagram.com\/cavadeoro"]}]}},"lang":"es","translations":{"es":15719},"pll_sync_post":[],"_links":{"self":[{"href":"https:\/\/cavadeoro.mx\/index.php?rest_route=\/wp\/v2\/product\/15719","targetHints":{"allow":["GET"]}}],"collection":[{"href":"https:\/\/cavadeoro.mx\/index.php?rest_route=\/wp\/v2\/product"}],"about":[{"href":"https:\/\/cavadeoro.mx\/index.php?rest_route=\/wp\/v2\/types\/product"}],"version-history":[{"count":5,"href":"https:\/\/cavadeoro.mx\/index.php?rest_route=\/wp\/v2\/product\/15719\/revisions"}],"predecessor-version":[{"id":17788,"href":"https:\/\/cavadeoro.mx\/index.php?rest_route=\/wp\/v2\/product\/15719\/revisions\/17788"}],"wp:featuredmedia":[{"embeddable":true,"href":"https:\/\/cavadeoro.mx\/index.php?rest_route=\/wp\/v2\/media\/19974"}],"wp:attachment":[{"href":"https:\/\/cavadeoro.mx\/index.php?rest_route=%2Fwp%2Fv2%2Fmedia&parent=15719"}],"wp:term":[{"taxonomy":"product_brand","embeddable":true,"href":"https:\/\/cavadeoro.mx\/index.php?rest_route=%2Fwp%2Fv2%2Fproduct_brand&post=15719"},{"taxonomy":"product_cat","embeddable":true,"href":"https:\/\/cavadeoro.mx\/index.php?rest_route=%2Fwp%2Fv2%2Fproduct_cat&post=15719"},{"taxonomy":"product_tag","embeddable":true,"href":"https:\/\/cavadeoro.mx\/index.php?rest_route=%2Fwp%2Fv2%2Fproduct_tag&post=15719"}],"curies":[{"name":"wp","href":"https:\/\/api.w.org\/{rel}","templated":true}]}}