{"id":15977,"date":"2022-07-24T20:02:01","date_gmt":"2022-07-25T01:02:01","guid":{"rendered":"https:\/\/cavadeoro.mx\/?post_type=product&#038;p=15977"},"modified":"2025-05-27T12:42:03","modified_gmt":"2025-05-27T18:42:03","slug":"coleccion-mini-botellas","status":"publish","type":"product","link":"https:\/\/cavadeoro.mx\/?product=coleccion-mini-botellas","title":{"rendered":"COLECCI\u00d3N MINI BOTELLAS"},"content":{"rendered":"<h3 style=\"text-align: center;\">COLECCI\u00d3N MINI BOTELLAS<\/h3>\n<h3 style=\"text-align: center;\">Familia Cava de Oro de 50 ml<\/h3>\n<h4 style=\"text-align: center;\"><strong><em>Nuestros Tequilas Plata, Reposado, A\u00f1ejo, A\u00f1ejo Cristalino y Extra A\u00f1ejo<\/em><\/strong><\/h4>\n<h4 style=\"text-align: center;\"><strong><em>de 50 ml cada una en un set de Colecci\u00f3n.<\/em><\/strong><\/h4>\n<p>&nbsp;<\/p>\n<p style=\"text-align: center;\">Nuestro\u00a0<strong>Tequila Cava de Oro, u<\/strong>n Tequila Premium que deleita el paladar que lo prueba en todas sus categor\u00edas.<\/p>\n<p>&nbsp;<\/p>\n<p><img fetchpriority=\"high\" decoding=\"async\" class=\"aligncenter wp-image-13429 \" src=\"https:\/\/cavadeoro.mx\/wp-content\/uploads\/2022\/07\/Perfil-del-tequila_Mesa-de-trabajo-1-1024x322.png\" sizes=\"(max-width: 602px) 100vw, 602px\" srcset=\"https:\/\/cavadeoro.mx\/wp-content\/uploads\/2022\/07\/Perfil-del-tequila_Mesa-de-trabajo-1-1024x322.png 1024w, https:\/\/cavadeoro.mx\/wp-content\/uploads\/2022\/07\/Perfil-del-tequila_Mesa-de-trabajo-1-300x94.png 300w, https:\/\/cavadeoro.mx\/wp-content\/uploads\/2022\/07\/Perfil-del-tequila_Mesa-de-trabajo-1-768x241.png 768w, https:\/\/cavadeoro.mx\/wp-content\/uploads\/2022\/07\/Perfil-del-tequila_Mesa-de-trabajo-1-500x157.png 500w, https:\/\/cavadeoro.mx\/wp-content\/uploads\/2022\/07\/Perfil-del-tequila_Mesa-de-trabajo-1-600x189.png 600w, https:\/\/cavadeoro.mx\/wp-content\/uploads\/2022\/07\/Perfil-del-tequila_Mesa-de-trabajo-1.png 1123w\" alt=\"\" width=\"602\" height=\"189\" \/><\/p>\n<p>&nbsp;<\/p>\n<h4 style=\"text-align: center;\"><b><a href=\"https:\/\/cavadeoro.mx\/tienda\/plata\/\">Plata<\/a>\u00a0 \u00a0 I\u00a0 \u00a0<\/b><b>\u00a0<\/b><b><a href=\"https:\/\/cavadeoro.mx\/tienda\/reposado\/\">Reposado<\/a>\u00a0 \u00a0 I\u00a0 \u00a0 \u00a0<a href=\"https:\/\/cavadeoro.mx\/tienda\/anejo\/\">A\u00f1ejo<\/a>\u00a0 \u00a0 I\u00a0 \u00a0 \u00a0<a href=\"https:\/\/cavadeoro.mx\/tienda\/anejo-cristalino\/\">A\u00f1ejo Cristalino<\/a>\u00a0 \u00a0 \u00a0I\u00a0 \u00a0 \u00a0<a href=\"https:\/\/cavadeoro.mx\/tienda\/extra-anejo\/\">Extra A\u00f1ejo<\/a><\/b><\/h4>\n<p>&nbsp;<\/p>\n<p><img decoding=\"async\" class=\"aligncenter wp-image-15975 size-full\" src=\"https:\/\/cavadeoro.mx\/wp-content\/uploads\/2023\/05\/Banner.png\" alt=\"\" width=\"1980\" height=\"1183\" srcset=\"https:\/\/cavadeoro.mx\/wp-content\/uploads\/2023\/05\/Banner.png 1980w, https:\/\/cavadeoro.mx\/wp-content\/uploads\/2023\/05\/Banner-700x418.png 700w, https:\/\/cavadeoro.mx\/wp-content\/uploads\/2023\/05\/Banner-300x179.png 300w, https:\/\/cavadeoro.mx\/wp-content\/uploads\/2023\/05\/Banner-1024x612.png 1024w, https:\/\/cavadeoro.mx\/wp-content\/uploads\/2023\/05\/Banner-768x459.png 768w, https:\/\/cavadeoro.mx\/wp-content\/uploads\/2023\/05\/Banner-1536x918.png 1536w, https:\/\/cavadeoro.mx\/wp-content\/uploads\/2023\/05\/Banner-500x299.png 500w\" sizes=\"(max-width: 1980px) 100vw, 1980px\" \/><\/p>\n<p>&nbsp;<\/p>\n<h4><img decoding=\"async\" class=\" wp-image-12542 aligncenter\" src=\"https:\/\/cavadeoro.mx\/wp-content\/uploads\/2020\/02\/CAVA-DE-ORO-NOM-Negro-300x68.png\" sizes=\"(max-width: 181px) 100vw, 181px\" srcset=\"https:\/\/cavadeoro.mx\/wp-content\/uploads\/2020\/02\/CAVA-DE-ORO-NOM-Negro-300x68.png 300w, https:\/\/cavadeoro.mx\/wp-content\/uploads\/2020\/02\/CAVA-DE-ORO-NOM-Negro-768x174.png 768w, https:\/\/cavadeoro.mx\/wp-content\/uploads\/2020\/02\/CAVA-DE-ORO-NOM-Negro-500x113.png 500w, https:\/\/cavadeoro.mx\/wp-content\/uploads\/2020\/02\/CAVA-DE-ORO-NOM-Negro-600x136.png 600w, https:\/\/cavadeoro.mx\/wp-content\/uploads\/2020\/02\/CAVA-DE-ORO-NOM-Negro.png 773w\" alt=\"\" width=\"181\" height=\"41\" \/><\/h4>\n","protected":false},"excerpt":{"rendered":"<p><span style=\"font-weight: 400;\"><strong>5 Botellas de Tequilas Cava de Oro de 50 ml:<\/strong><\/span><\/p>\n<ul>\n<li>Plata<\/li>\n<li>Reposado<\/li>\n<li>A\u00f1ejo<\/li>\n<li>A\u00f1ejo Cristalino<\/li>\n<li>Extra A\u00f1ejo<\/li>\n<\/ul>\n<p><img loading=\"lazy\" decoding=\"async\" class=\"wp-image-11871 alignnone\" src=\"https:\/\/cavadeoro.mx\/wp-content\/uploads\/2021\/06\/CAVA-DE-ORO-100-negro-300x107.png\" alt=\"\" width=\"185\" height=\"66\" srcset=\"https:\/\/cavadeoro.mx\/wp-content\/uploads\/2021\/06\/CAVA-DE-ORO-100-negro-300x107.png 300w, https:\/\/cavadeoro.mx\/wp-content\/uploads\/2021\/06\/CAVA-DE-ORO-100-negro-500x178.png 500w, https:\/\/cavadeoro.mx\/wp-content\/uploads\/2021\/06\/CAVA-DE-ORO-100-negro-600x213.png 600w, https:\/\/cavadeoro.mx\/wp-content\/uploads\/2021\/06\/CAVA-DE-ORO-100-negro.png 650w\" sizes=\"(max-width: 185px) 100vw, 185px\" \/><\/p>\n<h3><strong>38% Alc. Vol. |<\/strong><b> <\/b><b>50 ml<\/b><\/h3>\n<p>Env\u00edo a todo M\u00e9xico.<\/p>\n","protected":false},"featured_media":15982,"template":"","meta":[],"product_brand":[],"product_cat":[148],"product_tag":[72,427,459,70],"class_list":{"0":"post-15977","1":"product","2":"type-product","3":"status-publish","4":"has-post-thumbnail","6":"product_cat-familia-tequila","7":"product_tag-cava-de-oro","8":"product_tag-coleccion","9":"product_tag-familia","10":"product_tag-tequila","12":"first","13":"instock","14":"shipping-taxable","15":"purchasable","16":"product-type-simple"},"yoast_head":"<!-- This site is optimized with the Yoast SEO Premium plugin v22.8 (Yoast SEO v27.4) - https:\/\/yoast.com\/product\/yoast-seo-premium-wordpress\/ -->\n<title>COLECCI\u00d3N MINI BOTELLAS 50 ml<\/title>\n<meta name=\"description\" content=\"ColecciTn de mini botellas de tequila Cava de Oro: Plata, Reposado, A\u00f1ejo, A\u00f1ejo Cristalino y Extra A\u00f1ejo de 50 ml por tiempo limitado.\" \/>\n<meta name=\"robots\" content=\"index, follow, max-snippet:-1, max-image-preview:large, max-video-preview:-1\" \/>\n<link rel=\"canonical\" href=\"https:\/\/cavadeoro.mx\/?product=coleccion-mini-botellas\" \/>\n<meta property=\"og:locale\" content=\"es_MX\" \/>\n<meta property=\"og:type\" content=\"article\" \/>\n<meta property=\"og:title\" content=\"COLECCI\u00d3N MINI BOTELLAS\" \/>\n<meta property=\"og:description\" content=\"ColecciTn de mini botellas de tequila Cava de Oro: Plata, Reposado, A\u00f1ejo, A\u00f1ejo Cristalino y Extra A\u00f1ejo de 50 ml por tiempo limitado.\" \/>\n<meta property=\"og:url\" content=\"https:\/\/cavadeoro.mx\/?product=coleccion-mini-botellas\" \/>\n<meta property=\"og:site_name\" content=\"Tequila Cava de Oro\" \/>\n<meta property=\"article:publisher\" content=\"https:\/\/facebook.com\/cavadeoro\" \/>\n<meta property=\"article:modified_time\" content=\"2025-05-27T18:42:03+00:00\" \/>\n<meta property=\"og:image\" content=\"https:\/\/cavadeoro.mx\/wp-content\/uploads\/2023\/05\/3.jpg\" \/>\n\t<meta property=\"og:image:width\" content=\"686\" \/>\n\t<meta property=\"og:image:height\" content=\"857\" \/>\n\t<meta property=\"og:image:type\" content=\"image\/jpeg\" \/>\n<meta name=\"twitter:card\" content=\"summary_large_image\" \/>\n<meta name=\"twitter:label1\" content=\"Tiempo de lectura\" \/>\n\t<meta name=\"twitter:data1\" content=\"1 minuto\" \/>\n<script type=\"application\/ld+json\" class=\"yoast-schema-graph\">{\"@context\":\"https:\\\/\\\/schema.org\",\"@graph\":[{\"@type\":\"WebPage\",\"@id\":\"https:\\\/\\\/cavadeoro.mx\\\/?product=coleccion-mini-botellas\",\"url\":\"https:\\\/\\\/cavadeoro.mx\\\/?product=coleccion-mini-botellas\",\"name\":\"COLECCI\u00d3N MINI BOTELLAS 50 ml\",\"isPartOf\":{\"@id\":\"https:\\\/\\\/cavadeoro.mx\\\/#website\"},\"primaryImageOfPage\":{\"@id\":\"https:\\\/\\\/cavadeoro.mx\\\/?product=coleccion-mini-botellas#primaryimage\"},\"image\":{\"@id\":\"https:\\\/\\\/cavadeoro.mx\\\/?product=coleccion-mini-botellas#primaryimage\"},\"thumbnailUrl\":\"https:\\\/\\\/cavadeoro.mx\\\/wp-content\\\/uploads\\\/2023\\\/05\\\/3.jpg\",\"datePublished\":\"2022-07-25T01:02:01+00:00\",\"dateModified\":\"2025-05-27T18:42:03+00:00\",\"description\":\"ColecciTn de mini botellas de tequila Cava de Oro: Plata, Reposado, A\u00f1ejo, A\u00f1ejo Cristalino y Extra A\u00f1ejo de 50 ml por tiempo limitado.\",\"breadcrumb\":{\"@id\":\"https:\\\/\\\/cavadeoro.mx\\\/?product=coleccion-mini-botellas#breadcrumb\"},\"inLanguage\":\"es\",\"potentialAction\":[{\"@type\":\"ReadAction\",\"target\":[\"https:\\\/\\\/cavadeoro.mx\\\/?product=coleccion-mini-botellas\"]}]},{\"@type\":\"ImageObject\",\"inLanguage\":\"es\",\"@id\":\"https:\\\/\\\/cavadeoro.mx\\\/?product=coleccion-mini-botellas#primaryimage\",\"url\":\"https:\\\/\\\/cavadeoro.mx\\\/wp-content\\\/uploads\\\/2023\\\/05\\\/3.jpg\",\"contentUrl\":\"https:\\\/\\\/cavadeoro.mx\\\/wp-content\\\/uploads\\\/2023\\\/05\\\/3.jpg\",\"width\":686,\"height\":857},{\"@type\":\"BreadcrumbList\",\"@id\":\"https:\\\/\\\/cavadeoro.mx\\\/?product=coleccion-mini-botellas#breadcrumb\",\"itemListElement\":[{\"@type\":\"ListItem\",\"position\":1,\"name\":\"Portada\",\"item\":\"https:\\\/\\\/cavadeoro.mx\\\/?page_id=14294&lang=en\"},{\"@type\":\"ListItem\",\"position\":2,\"name\":\"TIENDA\",\"item\":\"https:\\\/\\\/cavadeoro.mx\\\/?page_id=401\"},{\"@type\":\"ListItem\",\"position\":3,\"name\":\"COLECCI\u00d3N MINI BOTELLAS\"}]},{\"@type\":\"WebSite\",\"@id\":\"https:\\\/\\\/cavadeoro.mx\\\/#website\",\"url\":\"https:\\\/\\\/cavadeoro.mx\\\/\",\"name\":\"Tequila Cava de Oro\",\"description\":\"100% Agave Azul\",\"publisher\":{\"@id\":\"https:\\\/\\\/cavadeoro.mx\\\/#organization\"},\"potentialAction\":[{\"@type\":\"SearchAction\",\"target\":{\"@type\":\"EntryPoint\",\"urlTemplate\":\"https:\\\/\\\/cavadeoro.mx\\\/?s={search_term_string}\"},\"query-input\":{\"@type\":\"PropertyValueSpecification\",\"valueRequired\":true,\"valueName\":\"search_term_string\"}}],\"inLanguage\":\"es\"},{\"@type\":\"Organization\",\"@id\":\"https:\\\/\\\/cavadeoro.mx\\\/#organization\",\"name\":\"Tequila Cava de Oro\",\"url\":\"https:\\\/\\\/cavadeoro.mx\\\/\",\"logo\":{\"@type\":\"ImageObject\",\"inLanguage\":\"es\",\"@id\":\"https:\\\/\\\/cavadeoro.mx\\\/#\\\/schema\\\/logo\\\/image\\\/\",\"url\":\"https:\\\/\\\/cavadeoro.mx\\\/wp-content\\\/uploads\\\/2022\\\/04\\\/cropped-Logo-menu.png\",\"contentUrl\":\"https:\\\/\\\/cavadeoro.mx\\\/wp-content\\\/uploads\\\/2022\\\/04\\\/cropped-Logo-menu.png\",\"width\":92,\"height\":66,\"caption\":\"Tequila Cava de Oro\"},\"image\":{\"@id\":\"https:\\\/\\\/cavadeoro.mx\\\/#\\\/schema\\\/logo\\\/image\\\/\"},\"sameAs\":[\"https:\\\/\\\/facebook.com\\\/cavadeoro\",\"https:\\\/\\\/instagram.com\\\/cavadeoro\"]}]}<\/script>\n<!-- \/ Yoast SEO Premium plugin. -->","yoast_head_json":{"title":"COLECCI\u00d3N MINI BOTELLAS 50 ml","description":"ColecciTn de mini botellas de tequila Cava de Oro: Plata, Reposado, A\u00f1ejo, A\u00f1ejo Cristalino y Extra A\u00f1ejo de 50 ml por tiempo limitado.","robots":{"index":"index","follow":"follow","max-snippet":"max-snippet:-1","max-image-preview":"max-image-preview:large","max-video-preview":"max-video-preview:-1"},"canonical":"https:\/\/cavadeoro.mx\/?product=coleccion-mini-botellas","og_locale":"es_MX","og_type":"article","og_title":"COLECCI\u00d3N MINI BOTELLAS","og_description":"ColecciTn de mini botellas de tequila Cava de Oro: Plata, Reposado, A\u00f1ejo, A\u00f1ejo Cristalino y Extra A\u00f1ejo de 50 ml por tiempo limitado.","og_url":"https:\/\/cavadeoro.mx\/?product=coleccion-mini-botellas","og_site_name":"Tequila Cava de Oro","article_publisher":"https:\/\/facebook.com\/cavadeoro","article_modified_time":"2025-05-27T18:42:03+00:00","og_image":[{"width":686,"height":857,"url":"https:\/\/cavadeoro.mx\/wp-content\/uploads\/2023\/05\/3.jpg","type":"image\/jpeg"}],"twitter_card":"summary_large_image","twitter_misc":{"Tiempo de lectura":"1 minuto"},"schema":{"@context":"https:\/\/schema.org","@graph":[{"@type":"WebPage","@id":"https:\/\/cavadeoro.mx\/?product=coleccion-mini-botellas","url":"https:\/\/cavadeoro.mx\/?product=coleccion-mini-botellas","name":"COLECCI\u00d3N MINI BOTELLAS 50 ml","isPartOf":{"@id":"https:\/\/cavadeoro.mx\/#website"},"primaryImageOfPage":{"@id":"https:\/\/cavadeoro.mx\/?product=coleccion-mini-botellas#primaryimage"},"image":{"@id":"https:\/\/cavadeoro.mx\/?product=coleccion-mini-botellas#primaryimage"},"thumbnailUrl":"https:\/\/cavadeoro.mx\/wp-content\/uploads\/2023\/05\/3.jpg","datePublished":"2022-07-25T01:02:01+00:00","dateModified":"2025-05-27T18:42:03+00:00","description":"ColecciTn de mini botellas de tequila Cava de Oro: Plata, Reposado, A\u00f1ejo, A\u00f1ejo Cristalino y Extra A\u00f1ejo de 50 ml por tiempo limitado.","breadcrumb":{"@id":"https:\/\/cavadeoro.mx\/?product=coleccion-mini-botellas#breadcrumb"},"inLanguage":"es","potentialAction":[{"@type":"ReadAction","target":["https:\/\/cavadeoro.mx\/?product=coleccion-mini-botellas"]}]},{"@type":"ImageObject","inLanguage":"es","@id":"https:\/\/cavadeoro.mx\/?product=coleccion-mini-botellas#primaryimage","url":"https:\/\/cavadeoro.mx\/wp-content\/uploads\/2023\/05\/3.jpg","contentUrl":"https:\/\/cavadeoro.mx\/wp-content\/uploads\/2023\/05\/3.jpg","width":686,"height":857},{"@type":"BreadcrumbList","@id":"https:\/\/cavadeoro.mx\/?product=coleccion-mini-botellas#breadcrumb","itemListElement":[{"@type":"ListItem","position":1,"name":"Portada","item":"https:\/\/cavadeoro.mx\/?page_id=14294&lang=en"},{"@type":"ListItem","position":2,"name":"TIENDA","item":"https:\/\/cavadeoro.mx\/?page_id=401"},{"@type":"ListItem","position":3,"name":"COLECCI\u00d3N MINI BOTELLAS"}]},{"@type":"WebSite","@id":"https:\/\/cavadeoro.mx\/#website","url":"https:\/\/cavadeoro.mx\/","name":"Tequila Cava de Oro","description":"100% Agave Azul","publisher":{"@id":"https:\/\/cavadeoro.mx\/#organization"},"potentialAction":[{"@type":"SearchAction","target":{"@type":"EntryPoint","urlTemplate":"https:\/\/cavadeoro.mx\/?s={search_term_string}"},"query-input":{"@type":"PropertyValueSpecification","valueRequired":true,"valueName":"search_term_string"}}],"inLanguage":"es"},{"@type":"Organization","@id":"https:\/\/cavadeoro.mx\/#organization","name":"Tequila Cava de Oro","url":"https:\/\/cavadeoro.mx\/","logo":{"@type":"ImageObject","inLanguage":"es","@id":"https:\/\/cavadeoro.mx\/#\/schema\/logo\/image\/","url":"https:\/\/cavadeoro.mx\/wp-content\/uploads\/2022\/04\/cropped-Logo-menu.png","contentUrl":"https:\/\/cavadeoro.mx\/wp-content\/uploads\/2022\/04\/cropped-Logo-menu.png","width":92,"height":66,"caption":"Tequila Cava de Oro"},"image":{"@id":"https:\/\/cavadeoro.mx\/#\/schema\/logo\/image\/"},"sameAs":["https:\/\/facebook.com\/cavadeoro","https:\/\/instagram.com\/cavadeoro"]}]}},"lang":"es","translations":{"es":15977},"pll_sync_post":[],"_links":{"self":[{"href":"https:\/\/cavadeoro.mx\/index.php?rest_route=\/wp\/v2\/product\/15977","targetHints":{"allow":["GET"]}}],"collection":[{"href":"https:\/\/cavadeoro.mx\/index.php?rest_route=\/wp\/v2\/product"}],"about":[{"href":"https:\/\/cavadeoro.mx\/index.php?rest_route=\/wp\/v2\/types\/product"}],"version-history":[{"count":3,"href":"https:\/\/cavadeoro.mx\/index.php?rest_route=\/wp\/v2\/product\/15977\/revisions"}],"predecessor-version":[{"id":15992,"href":"https:\/\/cavadeoro.mx\/index.php?rest_route=\/wp\/v2\/product\/15977\/revisions\/15992"}],"wp:featuredmedia":[{"embeddable":true,"href":"https:\/\/cavadeoro.mx\/index.php?rest_route=\/wp\/v2\/media\/15982"}],"wp:attachment":[{"href":"https:\/\/cavadeoro.mx\/index.php?rest_route=%2Fwp%2Fv2%2Fmedia&parent=15977"}],"wp:term":[{"taxonomy":"product_brand","embeddable":true,"href":"https:\/\/cavadeoro.mx\/index.php?rest_route=%2Fwp%2Fv2%2Fproduct_brand&post=15977"},{"taxonomy":"product_cat","embeddable":true,"href":"https:\/\/cavadeoro.mx\/index.php?rest_route=%2Fwp%2Fv2%2Fproduct_cat&post=15977"},{"taxonomy":"product_tag","embeddable":true,"href":"https:\/\/cavadeoro.mx\/index.php?rest_route=%2Fwp%2Fv2%2Fproduct_tag&post=15977"}],"curies":[{"name":"wp","href":"https:\/\/api.w.org\/{rel}","templated":true}]}}