{"id":16405,"date":"2024-11-13T14:25:20","date_gmt":"2024-11-13T20:25:20","guid":{"rendered":"https:\/\/cavadeoro.mx\/?post_type=product&#038;p=16405"},"modified":"2025-12-27T07:49:46","modified_gmt":"2025-12-27T13:49:46","slug":"rose-gold","status":"publish","type":"product","link":"https:\/\/cavadeoro.mx\/?product=rose-gold","title":{"rendered":"ROSE GOLD"},"content":{"rendered":"\t\t<div data-elementor-type=\"wp-post\" data-elementor-id=\"16405\" class=\"elementor elementor-16405\">\n\t\t\t\t\t\t<section class=\"elementor-section elementor-top-section elementor-element elementor-element-6ce5973b elementor-section-boxed elementor-section-height-default elementor-section-height-default qodef-elementor-content-no\" data-id=\"6ce5973b\" data-element_type=\"section\" data-e-type=\"section\" data-settings=\"{&quot;background_background&quot;:&quot;classic&quot;}\">\n\t\t\t\t\t\t<div class=\"elementor-container elementor-column-gap-default\">\n\t\t\t\t\t<div class=\"elementor-column elementor-col-100 elementor-top-column elementor-element elementor-element-60b636d1\" data-id=\"60b636d1\" data-element_type=\"column\" data-e-type=\"column\">\n\t\t\t<div class=\"elementor-widget-wrap elementor-element-populated\">\n\t\t\t\t\t\t<div class=\"elementor-element elementor-element-7102e060 elementor-widget elementor-widget-text-editor\" data-id=\"7102e060\" data-element_type=\"widget\" data-e-type=\"widget\" data-widget_type=\"text-editor.default\">\n\t\t\t\t<div class=\"elementor-widget-container\">\n\t\t\t\t\t\t\t\t\t<p><span style=\"font-weight: 400;\">\u00a0<\/span><\/p><p style=\"text-align: center;\"><span style=\"font-weight: 400;\">\u00a1Prepara tus sentidos para una experiencia \u00fanica con el nuevo <strong>Tequila Rose Gold Cava de Oro!<\/strong><\/span><\/p><p>\u00a0<\/p><h3 style=\"text-align: center;\">Tequila joven con 2 meses de reposo en Barricas de Roble Blanco Franc\u00e9s.<\/h3><p style=\"text-align: center;\"><img fetchpriority=\"high\" decoding=\"async\" class=\"aligncenter wp-image-13429 \" src=\"https:\/\/cavadeoro.mx\/wp-content\/uploads\/2022\/07\/Perfil-del-tequila_Mesa-de-trabajo-1-1024x322.png\" alt=\"\" width=\"602\" height=\"189\" srcset=\"https:\/\/cavadeoro.mx\/wp-content\/uploads\/2022\/07\/Perfil-del-tequila_Mesa-de-trabajo-1-1024x322.png 1024w, https:\/\/cavadeoro.mx\/wp-content\/uploads\/2022\/07\/Perfil-del-tequila_Mesa-de-trabajo-1-700x220.png 700w, https:\/\/cavadeoro.mx\/wp-content\/uploads\/2022\/07\/Perfil-del-tequila_Mesa-de-trabajo-1-300x94.png 300w, https:\/\/cavadeoro.mx\/wp-content\/uploads\/2022\/07\/Perfil-del-tequila_Mesa-de-trabajo-1-768x241.png 768w, https:\/\/cavadeoro.mx\/wp-content\/uploads\/2022\/07\/Perfil-del-tequila_Mesa-de-trabajo-1-500x157.png 500w, https:\/\/cavadeoro.mx\/wp-content\/uploads\/2022\/07\/Perfil-del-tequila_Mesa-de-trabajo-1-600x189.png 600w, https:\/\/cavadeoro.mx\/wp-content\/uploads\/2022\/07\/Perfil-del-tequila_Mesa-de-trabajo-1.png 1123w\" sizes=\"(max-width: 602px) 100vw, 602px\" \/><span style=\"letter-spacing: 0px;\">\u00a0<\/span><strong style=\"color: #232323; font-family: Catamaran, sans-serif; font-size: 18px; letter-spacing: 0.13em; text-align: center; text-transform: uppercase;\">Color:<\/strong><span style=\"color: #232323; font-family: Catamaran, sans-serif; font-size: 18px; font-weight: bold; letter-spacing: 0.13em; text-align: center; text-transform: uppercase;\"> Rosa P<\/span><span style=\"color: #232323; font-family: Catamaran, sans-serif; font-size: 18px; letter-spacing: 0.13em; text-align: center; text-transform: uppercase;\">ajizo luminoso.<\/span><\/p><h3 style=\"text-align: center;\"><strong>Aroma:<\/strong> <span style=\"font-weight: 400;\">Frutos rojos y floral.<\/span><\/h3><h3 style=\"text-align: center;\"><strong>Sabor:<\/strong> <span style=\"font-weight: 400;\">Agave cocido, ligera acidez y frutos secos.<\/span><\/h3><p>\u00a0<\/p><h3 style=\"text-align: center;\"><img decoding=\"async\" class=\"wp-image-11871 alignnone aligncenter\" src=\"https:\/\/cavadeoro.mx\/wp-content\/uploads\/2021\/06\/CAVA-DE-ORO-100-negro-300x107.png\" alt=\"\" width=\"185\" height=\"66\" srcset=\"https:\/\/cavadeoro.mx\/wp-content\/uploads\/2021\/06\/CAVA-DE-ORO-100-negro-300x107.png 300w, https:\/\/cavadeoro.mx\/wp-content\/uploads\/2021\/06\/CAVA-DE-ORO-100-negro-500x178.png 500w, https:\/\/cavadeoro.mx\/wp-content\/uploads\/2021\/06\/CAVA-DE-ORO-100-negro-600x213.png 600w, https:\/\/cavadeoro.mx\/wp-content\/uploads\/2021\/06\/CAVA-DE-ORO-100-negro.png 650w\" sizes=\"(max-width: 185px) 100vw, 185px\" \/><br \/><strong>40% Alc. Vol. |<\/strong><b>\u00a0<\/b><b>750 ml<\/b><\/h3><p><img decoding=\"async\" class=\"aligncenter wp-image-16531 size-large\" src=\"https:\/\/cavadeoro.mx\/wp-content\/uploads\/2023\/08\/img-web-1024x454.png\" alt=\"\" width=\"1024\" height=\"454\" srcset=\"https:\/\/cavadeoro.mx\/wp-content\/uploads\/2023\/08\/img-web-1024x454.png 1024w, https:\/\/cavadeoro.mx\/wp-content\/uploads\/2023\/08\/img-web-300x133.png 300w, https:\/\/cavadeoro.mx\/wp-content\/uploads\/2023\/08\/img-web-768x340.png 768w, https:\/\/cavadeoro.mx\/wp-content\/uploads\/2023\/08\/img-web-500x222.png 500w, https:\/\/cavadeoro.mx\/wp-content\/uploads\/2023\/08\/img-web-700x310.png 700w, https:\/\/cavadeoro.mx\/wp-content\/uploads\/2023\/08\/img-web.png 1029w\" sizes=\"(max-width: 1024px) 100vw, 1024px\" \/><\/p><h4><img loading=\"lazy\" decoding=\"async\" class=\" wp-image-12542 aligncenter\" src=\"https:\/\/cavadeoro.mx\/wp-content\/uploads\/2020\/02\/CAVA-DE-ORO-NOM-Negro-300x68.png\" alt=\"\" width=\"181\" height=\"41\" srcset=\"https:\/\/cavadeoro.mx\/wp-content\/uploads\/2020\/02\/CAVA-DE-ORO-NOM-Negro-300x68.png 300w, https:\/\/cavadeoro.mx\/wp-content\/uploads\/2020\/02\/CAVA-DE-ORO-NOM-Negro-700x158.png 700w, https:\/\/cavadeoro.mx\/wp-content\/uploads\/2020\/02\/CAVA-DE-ORO-NOM-Negro-768x174.png 768w, https:\/\/cavadeoro.mx\/wp-content\/uploads\/2020\/02\/CAVA-DE-ORO-NOM-Negro-500x113.png 500w, https:\/\/cavadeoro.mx\/wp-content\/uploads\/2020\/02\/CAVA-DE-ORO-NOM-Negro-600x136.png 600w, https:\/\/cavadeoro.mx\/wp-content\/uploads\/2020\/02\/CAVA-DE-ORO-NOM-Negro.png 773w\" sizes=\"(max-width: 181px) 100vw, 181px\" \/><\/h4>\t\t\t\t\t\t\t\t<\/div>\n\t\t\t\t<\/div>\n\t\t\t\t\t<\/div>\n\t\t<\/div>\n\t\t\t\t\t<\/div>\n\t\t<\/section>\n\t\t\t\t<\/div>\n\t\t","protected":false},"excerpt":{"rendered":"<p><span style=\"font-weight: 400;\">Un nuevo perfil joven, que destaca en su sabor sus 2<strong>\u00a0meses en barricas de roble blanco franc\u00e9s<\/strong>, con ligeras notas a agave cocido, con ligera acidez y frutos secos.<br \/>\n<\/span><img loading=\"lazy\" decoding=\"async\" class=\"wp-image-11871 alignnone\" src=\"https:\/\/cavadeoro.mx\/wp-content\/uploads\/2021\/06\/CAVA-DE-ORO-100-negro-300x107.png\" alt=\"\" width=\"185\" height=\"66\" srcset=\"https:\/\/cavadeoro.mx\/wp-content\/uploads\/2021\/06\/CAVA-DE-ORO-100-negro-300x107.png 300w, https:\/\/cavadeoro.mx\/wp-content\/uploads\/2021\/06\/CAVA-DE-ORO-100-negro-500x178.png 500w, https:\/\/cavadeoro.mx\/wp-content\/uploads\/2021\/06\/CAVA-DE-ORO-100-negro-600x213.png 600w, https:\/\/cavadeoro.mx\/wp-content\/uploads\/2021\/06\/CAVA-DE-ORO-100-negro.png 650w\" sizes=\"(max-width: 185px) 100vw, 185px\" \/><br \/>\n<strong>40% Alc. Vol. |<\/strong><b>\u00a0<\/b><b>750 ml<br \/>\n<\/b>Env\u00edo a todo M\u00e9xico.<\/p>\n","protected":false},"featured_media":16407,"template":"","meta":[],"product_brand":[],"product_cat":[24],"product_tag":[72,479,481,70,510],"class_list":{"0":"post-16405","1":"product","2":"type-product","3":"status-publish","4":"has-post-thumbnail","6":"product_cat-tequila","7":"product_tag-cava-de-oro","8":"product_tag-joven","9":"product_tag-rose-gold","10":"product_tag-tequila","11":"product_tag-tequila-rosa","13":"first","14":"instock","15":"featured","16":"shipping-taxable","17":"purchasable","18":"product-type-simple"},"yoast_head":"<!-- This site is optimized with the Yoast SEO Premium plugin v22.8 (Yoast SEO v27.4) - https:\/\/yoast.com\/product\/yoast-seo-premium-wordpress\/ -->\n<title>TEQUILA ROSE GOLD | Tequila Cava de Oro | Env\u00edo a todo M\u00e9xico<\/title>\n<meta name=\"description\" content=\"Tequila Cava de Oro Rose Gold, exquisito y luminoso, madurado por 2 meses en barricas de roble blanco franc\u00e9s. Env\u00edo a todo M\u00e9xico.\" \/>\n<meta name=\"robots\" content=\"index, follow, max-snippet:-1, max-image-preview:large, max-video-preview:-1\" \/>\n<link rel=\"canonical\" href=\"https:\/\/cavadeoro.mx\/?product=rose-gold\" \/>\n<meta property=\"og:locale\" content=\"es_MX\" \/>\n<meta property=\"og:type\" content=\"article\" \/>\n<meta property=\"og:title\" content=\"Tequila Cava de Oro Reposado, noble y generoso\" \/>\n<meta property=\"og:description\" content=\"\u00a1Ideal para compartir! Gratos momentos en donde su color pajizo brillante nos invita a seguir degustando su sabor suave, con notas a roble, agave cocido y caramelo. Al verlo, casi puedes saborear sus 6 meses en barricas de roble blanco franc\u00e9s, con sus ligeras notas a roble, a agave cocido y caramelo.\" \/>\n<meta property=\"og:url\" content=\"https:\/\/cavadeoro.mx\/?product=rose-gold\" \/>\n<meta property=\"og:site_name\" content=\"Tequila Cava de Oro\" \/>\n<meta property=\"article:publisher\" content=\"https:\/\/facebook.com\/cavadeoro\" \/>\n<meta property=\"article:modified_time\" content=\"2025-12-27T13:49:46+00:00\" \/>\n<meta property=\"og:image\" content=\"https:\/\/cavadeoro.mx\/wp-content\/uploads\/2023\/07\/Rose-Gold.png\" \/>\n\t<meta property=\"og:image:width\" content=\"1112\" \/>\n\t<meta property=\"og:image:height\" content=\"1390\" \/>\n\t<meta property=\"og:image:type\" content=\"image\/png\" \/>\n<meta name=\"twitter:card\" content=\"summary_large_image\" \/>\n<meta name=\"twitter:title\" content=\"ROSE GOLD\" \/>\n<meta name=\"twitter:label1\" content=\"Tiempo de lectura\" \/>\n\t<meta name=\"twitter:data1\" content=\"2 minutos\" \/>\n<script type=\"application\/ld+json\" class=\"yoast-schema-graph\">{\"@context\":\"https:\\\/\\\/schema.org\",\"@graph\":[{\"@type\":\"WebPage\",\"@id\":\"https:\\\/\\\/cavadeoro.mx\\\/?product=rose-gold\",\"url\":\"https:\\\/\\\/cavadeoro.mx\\\/?product=rose-gold\",\"name\":\"TEQUILA ROSE GOLD | Tequila Cava de Oro | Env\u00edo a todo M\u00e9xico\",\"isPartOf\":{\"@id\":\"https:\\\/\\\/cavadeoro.mx\\\/#website\"},\"primaryImageOfPage\":{\"@id\":\"https:\\\/\\\/cavadeoro.mx\\\/?product=rose-gold#primaryimage\"},\"image\":{\"@id\":\"https:\\\/\\\/cavadeoro.mx\\\/?product=rose-gold#primaryimage\"},\"thumbnailUrl\":\"https:\\\/\\\/cavadeoro.mx\\\/wp-content\\\/uploads\\\/2023\\\/07\\\/Rose-Gold.png\",\"datePublished\":\"2024-11-13T20:25:20+00:00\",\"dateModified\":\"2025-12-27T13:49:46+00:00\",\"description\":\"Tequila Cava de Oro Rose Gold, exquisito y luminoso, madurado por 2 meses en barricas de roble blanco franc\u00e9s. Env\u00edo a todo M\u00e9xico.\",\"breadcrumb\":{\"@id\":\"https:\\\/\\\/cavadeoro.mx\\\/?product=rose-gold#breadcrumb\"},\"inLanguage\":\"es\",\"potentialAction\":[{\"@type\":\"ReadAction\",\"target\":[\"https:\\\/\\\/cavadeoro.mx\\\/?product=rose-gold\"]}]},{\"@type\":\"ImageObject\",\"inLanguage\":\"es\",\"@id\":\"https:\\\/\\\/cavadeoro.mx\\\/?product=rose-gold#primaryimage\",\"url\":\"https:\\\/\\\/cavadeoro.mx\\\/wp-content\\\/uploads\\\/2023\\\/07\\\/Rose-Gold.png\",\"contentUrl\":\"https:\\\/\\\/cavadeoro.mx\\\/wp-content\\\/uploads\\\/2023\\\/07\\\/Rose-Gold.png\",\"width\":1112,\"height\":1390},{\"@type\":\"BreadcrumbList\",\"@id\":\"https:\\\/\\\/cavadeoro.mx\\\/?product=rose-gold#breadcrumb\",\"itemListElement\":[{\"@type\":\"ListItem\",\"position\":1,\"name\":\"Portada\",\"item\":\"https:\\\/\\\/cavadeoro.mx\\\/?page_id=14294&lang=en\"},{\"@type\":\"ListItem\",\"position\":2,\"name\":\"TIENDA\",\"item\":\"https:\\\/\\\/cavadeoro.mx\\\/?page_id=401\"},{\"@type\":\"ListItem\",\"position\":3,\"name\":\"ROSE GOLD\"}]},{\"@type\":\"WebSite\",\"@id\":\"https:\\\/\\\/cavadeoro.mx\\\/#website\",\"url\":\"https:\\\/\\\/cavadeoro.mx\\\/\",\"name\":\"Tequila Cava de Oro\",\"description\":\"100% Agave Azul\",\"publisher\":{\"@id\":\"https:\\\/\\\/cavadeoro.mx\\\/#organization\"},\"potentialAction\":[{\"@type\":\"SearchAction\",\"target\":{\"@type\":\"EntryPoint\",\"urlTemplate\":\"https:\\\/\\\/cavadeoro.mx\\\/?s={search_term_string}\"},\"query-input\":{\"@type\":\"PropertyValueSpecification\",\"valueRequired\":true,\"valueName\":\"search_term_string\"}}],\"inLanguage\":\"es\"},{\"@type\":\"Organization\",\"@id\":\"https:\\\/\\\/cavadeoro.mx\\\/#organization\",\"name\":\"Tequila Cava de Oro\",\"url\":\"https:\\\/\\\/cavadeoro.mx\\\/\",\"logo\":{\"@type\":\"ImageObject\",\"inLanguage\":\"es\",\"@id\":\"https:\\\/\\\/cavadeoro.mx\\\/#\\\/schema\\\/logo\\\/image\\\/\",\"url\":\"https:\\\/\\\/cavadeoro.mx\\\/wp-content\\\/uploads\\\/2022\\\/04\\\/cropped-Logo-menu.png\",\"contentUrl\":\"https:\\\/\\\/cavadeoro.mx\\\/wp-content\\\/uploads\\\/2022\\\/04\\\/cropped-Logo-menu.png\",\"width\":92,\"height\":66,\"caption\":\"Tequila Cava de Oro\"},\"image\":{\"@id\":\"https:\\\/\\\/cavadeoro.mx\\\/#\\\/schema\\\/logo\\\/image\\\/\"},\"sameAs\":[\"https:\\\/\\\/facebook.com\\\/cavadeoro\",\"https:\\\/\\\/instagram.com\\\/cavadeoro\"]}]}<\/script>\n<!-- \/ Yoast SEO Premium plugin. -->","yoast_head_json":{"title":"TEQUILA ROSE GOLD | Tequila Cava de Oro | Env\u00edo a todo M\u00e9xico","description":"Tequila Cava de Oro Rose Gold, exquisito y luminoso, madurado por 2 meses en barricas de roble blanco franc\u00e9s. Env\u00edo a todo M\u00e9xico.","robots":{"index":"index","follow":"follow","max-snippet":"max-snippet:-1","max-image-preview":"max-image-preview:large","max-video-preview":"max-video-preview:-1"},"canonical":"https:\/\/cavadeoro.mx\/?product=rose-gold","og_locale":"es_MX","og_type":"article","og_title":"Tequila Cava de Oro Reposado, noble y generoso","og_description":"\u00a1Ideal para compartir! Gratos momentos en donde su color pajizo brillante nos invita a seguir degustando su sabor suave, con notas a roble, agave cocido y caramelo. Al verlo, casi puedes saborear sus 6 meses en barricas de roble blanco franc\u00e9s, con sus ligeras notas a roble, a agave cocido y caramelo.","og_url":"https:\/\/cavadeoro.mx\/?product=rose-gold","og_site_name":"Tequila Cava de Oro","article_publisher":"https:\/\/facebook.com\/cavadeoro","article_modified_time":"2025-12-27T13:49:46+00:00","og_image":[{"width":1112,"height":1390,"url":"https:\/\/cavadeoro.mx\/wp-content\/uploads\/2023\/07\/Rose-Gold.png","type":"image\/png"}],"twitter_card":"summary_large_image","twitter_title":"ROSE GOLD","twitter_misc":{"Tiempo de lectura":"2 minutos"},"schema":{"@context":"https:\/\/schema.org","@graph":[{"@type":"WebPage","@id":"https:\/\/cavadeoro.mx\/?product=rose-gold","url":"https:\/\/cavadeoro.mx\/?product=rose-gold","name":"TEQUILA ROSE GOLD | Tequila Cava de Oro | Env\u00edo a todo M\u00e9xico","isPartOf":{"@id":"https:\/\/cavadeoro.mx\/#website"},"primaryImageOfPage":{"@id":"https:\/\/cavadeoro.mx\/?product=rose-gold#primaryimage"},"image":{"@id":"https:\/\/cavadeoro.mx\/?product=rose-gold#primaryimage"},"thumbnailUrl":"https:\/\/cavadeoro.mx\/wp-content\/uploads\/2023\/07\/Rose-Gold.png","datePublished":"2024-11-13T20:25:20+00:00","dateModified":"2025-12-27T13:49:46+00:00","description":"Tequila Cava de Oro Rose Gold, exquisito y luminoso, madurado por 2 meses en barricas de roble blanco franc\u00e9s. Env\u00edo a todo M\u00e9xico.","breadcrumb":{"@id":"https:\/\/cavadeoro.mx\/?product=rose-gold#breadcrumb"},"inLanguage":"es","potentialAction":[{"@type":"ReadAction","target":["https:\/\/cavadeoro.mx\/?product=rose-gold"]}]},{"@type":"ImageObject","inLanguage":"es","@id":"https:\/\/cavadeoro.mx\/?product=rose-gold#primaryimage","url":"https:\/\/cavadeoro.mx\/wp-content\/uploads\/2023\/07\/Rose-Gold.png","contentUrl":"https:\/\/cavadeoro.mx\/wp-content\/uploads\/2023\/07\/Rose-Gold.png","width":1112,"height":1390},{"@type":"BreadcrumbList","@id":"https:\/\/cavadeoro.mx\/?product=rose-gold#breadcrumb","itemListElement":[{"@type":"ListItem","position":1,"name":"Portada","item":"https:\/\/cavadeoro.mx\/?page_id=14294&lang=en"},{"@type":"ListItem","position":2,"name":"TIENDA","item":"https:\/\/cavadeoro.mx\/?page_id=401"},{"@type":"ListItem","position":3,"name":"ROSE GOLD"}]},{"@type":"WebSite","@id":"https:\/\/cavadeoro.mx\/#website","url":"https:\/\/cavadeoro.mx\/","name":"Tequila Cava de Oro","description":"100% Agave Azul","publisher":{"@id":"https:\/\/cavadeoro.mx\/#organization"},"potentialAction":[{"@type":"SearchAction","target":{"@type":"EntryPoint","urlTemplate":"https:\/\/cavadeoro.mx\/?s={search_term_string}"},"query-input":{"@type":"PropertyValueSpecification","valueRequired":true,"valueName":"search_term_string"}}],"inLanguage":"es"},{"@type":"Organization","@id":"https:\/\/cavadeoro.mx\/#organization","name":"Tequila Cava de Oro","url":"https:\/\/cavadeoro.mx\/","logo":{"@type":"ImageObject","inLanguage":"es","@id":"https:\/\/cavadeoro.mx\/#\/schema\/logo\/image\/","url":"https:\/\/cavadeoro.mx\/wp-content\/uploads\/2022\/04\/cropped-Logo-menu.png","contentUrl":"https:\/\/cavadeoro.mx\/wp-content\/uploads\/2022\/04\/cropped-Logo-menu.png","width":92,"height":66,"caption":"Tequila Cava de Oro"},"image":{"@id":"https:\/\/cavadeoro.mx\/#\/schema\/logo\/image\/"},"sameAs":["https:\/\/facebook.com\/cavadeoro","https:\/\/instagram.com\/cavadeoro"]}]}},"lang":"es","translations":{"es":16405},"pll_sync_post":[],"_links":{"self":[{"href":"https:\/\/cavadeoro.mx\/index.php?rest_route=\/wp\/v2\/product\/16405","targetHints":{"allow":["GET"]}}],"collection":[{"href":"https:\/\/cavadeoro.mx\/index.php?rest_route=\/wp\/v2\/product"}],"about":[{"href":"https:\/\/cavadeoro.mx\/index.php?rest_route=\/wp\/v2\/types\/product"}],"version-history":[{"count":13,"href":"https:\/\/cavadeoro.mx\/index.php?rest_route=\/wp\/v2\/product\/16405\/revisions"}],"predecessor-version":[{"id":20256,"href":"https:\/\/cavadeoro.mx\/index.php?rest_route=\/wp\/v2\/product\/16405\/revisions\/20256"}],"wp:featuredmedia":[{"embeddable":true,"href":"https:\/\/cavadeoro.mx\/index.php?rest_route=\/wp\/v2\/media\/16407"}],"wp:attachment":[{"href":"https:\/\/cavadeoro.mx\/index.php?rest_route=%2Fwp%2Fv2%2Fmedia&parent=16405"}],"wp:term":[{"taxonomy":"product_brand","embeddable":true,"href":"https:\/\/cavadeoro.mx\/index.php?rest_route=%2Fwp%2Fv2%2Fproduct_brand&post=16405"},{"taxonomy":"product_cat","embeddable":true,"href":"https:\/\/cavadeoro.mx\/index.php?rest_route=%2Fwp%2Fv2%2Fproduct_cat&post=16405"},{"taxonomy":"product_tag","embeddable":true,"href":"https:\/\/cavadeoro.mx\/index.php?rest_route=%2Fwp%2Fv2%2Fproduct_tag&post=16405"}],"curies":[{"name":"wp","href":"https:\/\/api.w.org\/{rel}","templated":true}]}}