{"id":16589,"date":"2026-01-19T13:08:12","date_gmt":"2026-01-19T19:08:12","guid":{"rendered":"https:\/\/cavadeoro.mx\/?post_type=product&#038;p=16589"},"modified":"2026-04-17T12:55:41","modified_gmt":"2026-04-17T18:55:41","slug":"pack-de-anejos","status":"publish","type":"product","link":"https:\/\/cavadeoro.mx\/?product=pack-de-anejos","title":{"rendered":"Pack de A\u00f1ejos"},"content":{"rendered":"<h3 style=\"text-align: center;\">PACK DE A\u00d1EJOS<\/h3>\n<h4 style=\"text-align: center;\"><strong><em>1 Botella de Tequila A\u00f1ejo + 1 de A\u00f1ejo Cristalino + 1 de Extra Aged A\u00f1ejo Black<\/em><\/strong><\/h4>\n<h4 style=\"text-align: center;\"><strong><em>Cava de Oro de 750 ml<\/em><\/strong><\/h4>\n<p>&nbsp;<\/p>\n<p style=\"text-align: center;\"><span style=\"font-weight: 400;\"><strong>1 Tequila A\u00f1ejo <\/strong>de 24 meses de maduraci\u00f3n en barricas de roble blanco franc\u00e9s, le dan a nuestro A\u00f1ejo el toque perfecto entre su textura sedosa y el final largo y ligeramente dulce.<\/span><\/p>\n<p style=\"text-align: center;\"><strong>1 Tequila A\u00f1ejo Cristalino <span style=\"font-weight: 400;\">de 24 meses de maduraci\u00f3n<\/span><\/strong> filtrado con Carb\u00f3n Activado.<\/p>\n<p style=\"text-align: center;\"><strong>1 Tequila Extra Aged A\u00f1ejo<\/strong> <span style=\"font-weight: 400;\">de 24 meses de maduraci\u00f3n, Extra A\u00f1ejado por 3 meses adicionales en una nueva barrica, perfeccionando su sabor.<\/span><\/p>\n<p>&nbsp;<\/p>\n<p><img fetchpriority=\"high\" decoding=\"async\" class=\"aligncenter wp-image-16591 size-full\" src=\"https:\/\/cavadeoro.mx\/wp-content\/uploads\/2023\/08\/Anejos-pack.jpg\" alt=\"\" width=\"1482\" height=\"741\" srcset=\"https:\/\/cavadeoro.mx\/wp-content\/uploads\/2023\/08\/Anejos-pack.jpg 1482w, https:\/\/cavadeoro.mx\/wp-content\/uploads\/2023\/08\/Anejos-pack-300x150.jpg 300w, https:\/\/cavadeoro.mx\/wp-content\/uploads\/2023\/08\/Anejos-pack-1024x512.jpg 1024w, https:\/\/cavadeoro.mx\/wp-content\/uploads\/2023\/08\/Anejos-pack-768x384.jpg 768w, https:\/\/cavadeoro.mx\/wp-content\/uploads\/2023\/08\/Anejos-pack-1300x650.jpg 1300w, https:\/\/cavadeoro.mx\/wp-content\/uploads\/2023\/08\/Anejos-pack-500x250.jpg 500w, https:\/\/cavadeoro.mx\/wp-content\/uploads\/2023\/08\/Anejos-pack-700x350.jpg 700w\" sizes=\"(max-width: 1482px) 100vw, 1482px\" \/><\/p>\n<p>&nbsp;<\/p>\n<h4><img decoding=\"async\" class=\" wp-image-12542 aligncenter\" src=\"https:\/\/cavadeoro.mx\/wp-content\/uploads\/2020\/02\/CAVA-DE-ORO-NOM-Negro-300x68.png\" sizes=\"(max-width: 181px) 100vw, 181px\" srcset=\"https:\/\/cavadeoro.mx\/wp-content\/uploads\/2020\/02\/CAVA-DE-ORO-NOM-Negro-300x68.png 300w, https:\/\/cavadeoro.mx\/wp-content\/uploads\/2020\/02\/CAVA-DE-ORO-NOM-Negro-768x174.png 768w, https:\/\/cavadeoro.mx\/wp-content\/uploads\/2020\/02\/CAVA-DE-ORO-NOM-Negro-500x113.png 500w, https:\/\/cavadeoro.mx\/wp-content\/uploads\/2020\/02\/CAVA-DE-ORO-NOM-Negro-600x136.png 600w, https:\/\/cavadeoro.mx\/wp-content\/uploads\/2020\/02\/CAVA-DE-ORO-NOM-Negro.png 773w\" alt=\"\" width=\"181\" height=\"41\" \/><\/h4>\n","protected":false},"excerpt":{"rendered":"<p>Incluye:<br \/>\n<strong>1<\/strong> <strong>A\u00f1ejo<\/strong> 38% Alc. Vol.<br \/>\n<strong>1 A\u00f1ejo Cristalino<\/strong> 36% Alc. Vol.<br \/>\n<strong>1 Extra Aged A\u00f1ejo<\/strong> black edition 38% Alc. Vol.<br \/>\n<img decoding=\"async\" class=\"wp-image-11871 alignnone\" src=\"https:\/\/cavadeoro.mx\/wp-content\/uploads\/2021\/06\/CAVA-DE-ORO-100-negro-300x107.png\" alt=\"\" width=\"185\" height=\"66\" srcset=\"https:\/\/cavadeoro.mx\/wp-content\/uploads\/2021\/06\/CAVA-DE-ORO-100-negro-300x107.png 300w, https:\/\/cavadeoro.mx\/wp-content\/uploads\/2021\/06\/CAVA-DE-ORO-100-negro-500x178.png 500w, https:\/\/cavadeoro.mx\/wp-content\/uploads\/2021\/06\/CAVA-DE-ORO-100-negro-600x213.png 600w, https:\/\/cavadeoro.mx\/wp-content\/uploads\/2021\/06\/CAVA-DE-ORO-100-negro.png 650w\" sizes=\"(max-width: 185px) 100vw, 185px\" \/><br \/>\n<b>750 ml<\/b><\/p>\n<p class=\"p1\">Este producto incluye env\u00edo Gratis a todo M\u00e9xico.<\/p>\n","protected":false},"featured_media":16593,"template":"","meta":[],"product_brand":[],"product_cat":[398],"product_tag":[77,496,72,70,494,498],"class_list":{"0":"post-16589","1":"product","2":"type-product","3":"status-publish","4":"has-post-thumbnail","6":"product_cat-promocion","7":"product_tag-anejo","8":"product_tag-anejo-cristalino","9":"product_tag-cava-de-oro","10":"product_tag-tequila","11":"product_tag-tequila-anejo","12":"product_tag-tequila-black","14":"first","15":"instock","16":"featured","17":"shipping-taxable","18":"purchasable","19":"product-type-simple"},"yoast_head":"<!-- This site is optimized with the Yoast SEO Premium plugin v22.8 (Yoast SEO v27.4) - https:\/\/yoast.com\/product\/yoast-seo-premium-wordpress\/ -->\n<title>Pack de A\u00f1ejos - 15% de Descuento<\/title>\n<meta name=\"description\" content=\"Paquete de Tequilas que incluye 1 A\u00f1ejo, 1 A\u00f1ejo Cristalino y 1 Extra Aged A\u00f1ejo black edition de 750 ml cada uno. Env\u00edo gratis a todo M\u00e9xico\" \/>\n<meta name=\"robots\" content=\"index, follow, max-snippet:-1, max-image-preview:large, max-video-preview:-1\" \/>\n<link rel=\"canonical\" href=\"https:\/\/cavadeoro.mx\/?product=pack-de-anejos\" \/>\n<meta property=\"og:locale\" content=\"es_MX\" \/>\n<meta property=\"og:type\" content=\"article\" \/>\n<meta property=\"og:title\" content=\"Pack de A\u00f1ejos\" \/>\n<meta property=\"og:description\" content=\"Paquete de Tequilas que incluye 1 A\u00f1ejo, 1 A\u00f1ejo Cristalino y 1 Extra Aged A\u00f1ejo black edition de 750 ml cada uno. Env\u00edo gratis a todo M\u00e9xico\" \/>\n<meta property=\"og:url\" content=\"https:\/\/cavadeoro.mx\/?product=pack-de-anejos\" \/>\n<meta property=\"og:site_name\" content=\"Tequila Cava de Oro\" \/>\n<meta property=\"article:publisher\" content=\"https:\/\/facebook.com\/cavadeoro\" \/>\n<meta property=\"article:modified_time\" content=\"2026-04-17T18:55:41+00:00\" \/>\n<meta property=\"og:image\" content=\"https:\/\/cavadeoro.mx\/wp-content\/uploads\/2023\/08\/PACK-DE-ANEJOS.png\" \/>\n\t<meta property=\"og:image:width\" content=\"980\" \/>\n\t<meta property=\"og:image:height\" content=\"1225\" \/>\n\t<meta property=\"og:image:type\" content=\"image\/png\" \/>\n<meta name=\"twitter:card\" content=\"summary_large_image\" \/>\n<meta name=\"twitter:label1\" content=\"Tiempo de lectura\" \/>\n\t<meta name=\"twitter:data1\" content=\"2 minutos\" \/>\n<script type=\"application\/ld+json\" class=\"yoast-schema-graph\">{\"@context\":\"https:\\\/\\\/schema.org\",\"@graph\":[{\"@type\":\"WebPage\",\"@id\":\"https:\\\/\\\/cavadeoro.mx\\\/?product=pack-de-anejos\",\"url\":\"https:\\\/\\\/cavadeoro.mx\\\/?product=pack-de-anejos\",\"name\":\"Pack de A\u00f1ejos - 15% de Descuento\",\"isPartOf\":{\"@id\":\"https:\\\/\\\/cavadeoro.mx\\\/#website\"},\"primaryImageOfPage\":{\"@id\":\"https:\\\/\\\/cavadeoro.mx\\\/?product=pack-de-anejos#primaryimage\"},\"image\":{\"@id\":\"https:\\\/\\\/cavadeoro.mx\\\/?product=pack-de-anejos#primaryimage\"},\"thumbnailUrl\":\"https:\\\/\\\/cavadeoro.mx\\\/wp-content\\\/uploads\\\/2023\\\/08\\\/PACK-DE-ANEJOS.png\",\"datePublished\":\"2026-01-19T19:08:12+00:00\",\"dateModified\":\"2026-04-17T18:55:41+00:00\",\"description\":\"Paquete de Tequilas que incluye 1 A\u00f1ejo, 1 A\u00f1ejo Cristalino y 1 Extra Aged A\u00f1ejo black edition de 750 ml cada uno. Env\u00edo gratis a todo M\u00e9xico\",\"breadcrumb\":{\"@id\":\"https:\\\/\\\/cavadeoro.mx\\\/?product=pack-de-anejos#breadcrumb\"},\"inLanguage\":\"es\",\"potentialAction\":[{\"@type\":\"ReadAction\",\"target\":[\"https:\\\/\\\/cavadeoro.mx\\\/?product=pack-de-anejos\"]}]},{\"@type\":\"ImageObject\",\"inLanguage\":\"es\",\"@id\":\"https:\\\/\\\/cavadeoro.mx\\\/?product=pack-de-anejos#primaryimage\",\"url\":\"https:\\\/\\\/cavadeoro.mx\\\/wp-content\\\/uploads\\\/2023\\\/08\\\/PACK-DE-ANEJOS.png\",\"contentUrl\":\"https:\\\/\\\/cavadeoro.mx\\\/wp-content\\\/uploads\\\/2023\\\/08\\\/PACK-DE-ANEJOS.png\",\"width\":980,\"height\":1225},{\"@type\":\"BreadcrumbList\",\"@id\":\"https:\\\/\\\/cavadeoro.mx\\\/?product=pack-de-anejos#breadcrumb\",\"itemListElement\":[{\"@type\":\"ListItem\",\"position\":1,\"name\":\"Portada\",\"item\":\"https:\\\/\\\/cavadeoro.mx\\\/?page_id=14294&lang=en\"},{\"@type\":\"ListItem\",\"position\":2,\"name\":\"TIENDA\",\"item\":\"https:\\\/\\\/cavadeoro.mx\\\/?page_id=401\"},{\"@type\":\"ListItem\",\"position\":3,\"name\":\"Pack de A\u00f1ejos\"}]},{\"@type\":\"WebSite\",\"@id\":\"https:\\\/\\\/cavadeoro.mx\\\/#website\",\"url\":\"https:\\\/\\\/cavadeoro.mx\\\/\",\"name\":\"Tequila Cava de Oro\",\"description\":\"100% Agave Azul\",\"publisher\":{\"@id\":\"https:\\\/\\\/cavadeoro.mx\\\/#organization\"},\"potentialAction\":[{\"@type\":\"SearchAction\",\"target\":{\"@type\":\"EntryPoint\",\"urlTemplate\":\"https:\\\/\\\/cavadeoro.mx\\\/?s={search_term_string}\"},\"query-input\":{\"@type\":\"PropertyValueSpecification\",\"valueRequired\":true,\"valueName\":\"search_term_string\"}}],\"inLanguage\":\"es\"},{\"@type\":\"Organization\",\"@id\":\"https:\\\/\\\/cavadeoro.mx\\\/#organization\",\"name\":\"Tequila Cava de Oro\",\"url\":\"https:\\\/\\\/cavadeoro.mx\\\/\",\"logo\":{\"@type\":\"ImageObject\",\"inLanguage\":\"es\",\"@id\":\"https:\\\/\\\/cavadeoro.mx\\\/#\\\/schema\\\/logo\\\/image\\\/\",\"url\":\"https:\\\/\\\/cavadeoro.mx\\\/wp-content\\\/uploads\\\/2022\\\/04\\\/cropped-Logo-menu.png\",\"contentUrl\":\"https:\\\/\\\/cavadeoro.mx\\\/wp-content\\\/uploads\\\/2022\\\/04\\\/cropped-Logo-menu.png\",\"width\":92,\"height\":66,\"caption\":\"Tequila Cava de Oro\"},\"image\":{\"@id\":\"https:\\\/\\\/cavadeoro.mx\\\/#\\\/schema\\\/logo\\\/image\\\/\"},\"sameAs\":[\"https:\\\/\\\/facebook.com\\\/cavadeoro\",\"https:\\\/\\\/instagram.com\\\/cavadeoro\"]}]}<\/script>\n<!-- \/ Yoast SEO Premium plugin. -->","yoast_head_json":{"title":"Pack de A\u00f1ejos - 15% de Descuento","description":"Paquete de Tequilas que incluye 1 A\u00f1ejo, 1 A\u00f1ejo Cristalino y 1 Extra Aged A\u00f1ejo black edition de 750 ml cada uno. Env\u00edo gratis a todo M\u00e9xico","robots":{"index":"index","follow":"follow","max-snippet":"max-snippet:-1","max-image-preview":"max-image-preview:large","max-video-preview":"max-video-preview:-1"},"canonical":"https:\/\/cavadeoro.mx\/?product=pack-de-anejos","og_locale":"es_MX","og_type":"article","og_title":"Pack de A\u00f1ejos","og_description":"Paquete de Tequilas que incluye 1 A\u00f1ejo, 1 A\u00f1ejo Cristalino y 1 Extra Aged A\u00f1ejo black edition de 750 ml cada uno. Env\u00edo gratis a todo M\u00e9xico","og_url":"https:\/\/cavadeoro.mx\/?product=pack-de-anejos","og_site_name":"Tequila Cava de Oro","article_publisher":"https:\/\/facebook.com\/cavadeoro","article_modified_time":"2026-04-17T18:55:41+00:00","og_image":[{"width":980,"height":1225,"url":"https:\/\/cavadeoro.mx\/wp-content\/uploads\/2023\/08\/PACK-DE-ANEJOS.png","type":"image\/png"}],"twitter_card":"summary_large_image","twitter_misc":{"Tiempo de lectura":"2 minutos"},"schema":{"@context":"https:\/\/schema.org","@graph":[{"@type":"WebPage","@id":"https:\/\/cavadeoro.mx\/?product=pack-de-anejos","url":"https:\/\/cavadeoro.mx\/?product=pack-de-anejos","name":"Pack de A\u00f1ejos - 15% de Descuento","isPartOf":{"@id":"https:\/\/cavadeoro.mx\/#website"},"primaryImageOfPage":{"@id":"https:\/\/cavadeoro.mx\/?product=pack-de-anejos#primaryimage"},"image":{"@id":"https:\/\/cavadeoro.mx\/?product=pack-de-anejos#primaryimage"},"thumbnailUrl":"https:\/\/cavadeoro.mx\/wp-content\/uploads\/2023\/08\/PACK-DE-ANEJOS.png","datePublished":"2026-01-19T19:08:12+00:00","dateModified":"2026-04-17T18:55:41+00:00","description":"Paquete de Tequilas que incluye 1 A\u00f1ejo, 1 A\u00f1ejo Cristalino y 1 Extra Aged A\u00f1ejo black edition de 750 ml cada uno. Env\u00edo gratis a todo M\u00e9xico","breadcrumb":{"@id":"https:\/\/cavadeoro.mx\/?product=pack-de-anejos#breadcrumb"},"inLanguage":"es","potentialAction":[{"@type":"ReadAction","target":["https:\/\/cavadeoro.mx\/?product=pack-de-anejos"]}]},{"@type":"ImageObject","inLanguage":"es","@id":"https:\/\/cavadeoro.mx\/?product=pack-de-anejos#primaryimage","url":"https:\/\/cavadeoro.mx\/wp-content\/uploads\/2023\/08\/PACK-DE-ANEJOS.png","contentUrl":"https:\/\/cavadeoro.mx\/wp-content\/uploads\/2023\/08\/PACK-DE-ANEJOS.png","width":980,"height":1225},{"@type":"BreadcrumbList","@id":"https:\/\/cavadeoro.mx\/?product=pack-de-anejos#breadcrumb","itemListElement":[{"@type":"ListItem","position":1,"name":"Portada","item":"https:\/\/cavadeoro.mx\/?page_id=14294&lang=en"},{"@type":"ListItem","position":2,"name":"TIENDA","item":"https:\/\/cavadeoro.mx\/?page_id=401"},{"@type":"ListItem","position":3,"name":"Pack de A\u00f1ejos"}]},{"@type":"WebSite","@id":"https:\/\/cavadeoro.mx\/#website","url":"https:\/\/cavadeoro.mx\/","name":"Tequila Cava de Oro","description":"100% Agave Azul","publisher":{"@id":"https:\/\/cavadeoro.mx\/#organization"},"potentialAction":[{"@type":"SearchAction","target":{"@type":"EntryPoint","urlTemplate":"https:\/\/cavadeoro.mx\/?s={search_term_string}"},"query-input":{"@type":"PropertyValueSpecification","valueRequired":true,"valueName":"search_term_string"}}],"inLanguage":"es"},{"@type":"Organization","@id":"https:\/\/cavadeoro.mx\/#organization","name":"Tequila Cava de Oro","url":"https:\/\/cavadeoro.mx\/","logo":{"@type":"ImageObject","inLanguage":"es","@id":"https:\/\/cavadeoro.mx\/#\/schema\/logo\/image\/","url":"https:\/\/cavadeoro.mx\/wp-content\/uploads\/2022\/04\/cropped-Logo-menu.png","contentUrl":"https:\/\/cavadeoro.mx\/wp-content\/uploads\/2022\/04\/cropped-Logo-menu.png","width":92,"height":66,"caption":"Tequila Cava de Oro"},"image":{"@id":"https:\/\/cavadeoro.mx\/#\/schema\/logo\/image\/"},"sameAs":["https:\/\/facebook.com\/cavadeoro","https:\/\/instagram.com\/cavadeoro"]}]}},"lang":"es","translations":{"es":16589},"pll_sync_post":[],"_links":{"self":[{"href":"https:\/\/cavadeoro.mx\/index.php?rest_route=\/wp\/v2\/product\/16589","targetHints":{"allow":["GET"]}}],"collection":[{"href":"https:\/\/cavadeoro.mx\/index.php?rest_route=\/wp\/v2\/product"}],"about":[{"href":"https:\/\/cavadeoro.mx\/index.php?rest_route=\/wp\/v2\/types\/product"}],"version-history":[{"count":5,"href":"https:\/\/cavadeoro.mx\/index.php?rest_route=\/wp\/v2\/product\/16589\/revisions"}],"predecessor-version":[{"id":19827,"href":"https:\/\/cavadeoro.mx\/index.php?rest_route=\/wp\/v2\/product\/16589\/revisions\/19827"}],"wp:featuredmedia":[{"embeddable":true,"href":"https:\/\/cavadeoro.mx\/index.php?rest_route=\/wp\/v2\/media\/16593"}],"wp:attachment":[{"href":"https:\/\/cavadeoro.mx\/index.php?rest_route=%2Fwp%2Fv2%2Fmedia&parent=16589"}],"wp:term":[{"taxonomy":"product_brand","embeddable":true,"href":"https:\/\/cavadeoro.mx\/index.php?rest_route=%2Fwp%2Fv2%2Fproduct_brand&post=16589"},{"taxonomy":"product_cat","embeddable":true,"href":"https:\/\/cavadeoro.mx\/index.php?rest_route=%2Fwp%2Fv2%2Fproduct_cat&post=16589"},{"taxonomy":"product_tag","embeddable":true,"href":"https:\/\/cavadeoro.mx\/index.php?rest_route=%2Fwp%2Fv2%2Fproduct_tag&post=16589"}],"curies":[{"name":"wp","href":"https:\/\/api.w.org\/{rel}","templated":true}]}}