{"id":18226,"date":"2023-12-08T12:58:41","date_gmt":"2023-12-08T18:58:41","guid":{"rendered":"https:\/\/cavadeoro.mx\/?post_type=product&#038;p=18226"},"modified":"2025-11-04T15:01:28","modified_gmt":"2025-11-04T21:01:28","slug":"edicion-dia-de-muertos-2024-x-rodo-padilla","status":"publish","type":"product","link":"https:\/\/cavadeoro.mx\/?product=edicion-dia-de-muertos-2024-x-rodo-padilla","title":{"rendered":"5ta Edici\u00f3n D\u00eda de Muertos 2024 x Rodo Padilla"},"content":{"rendered":"\t\t<div data-elementor-type=\"wp-post\" data-elementor-id=\"18226\" class=\"elementor elementor-18226\">\n\t\t\t\t<div class=\"elementor-element elementor-element-74f07cc3 e-flex e-con-boxed e-con e-parent\" data-id=\"74f07cc3\" data-element_type=\"container\" data-e-type=\"container\">\n\t\t\t\t\t<div class=\"e-con-inner\">\n\t\t\t\t<div class=\"elementor-element elementor-element-74c6c9a4 elementor-widget elementor-widget-text-editor\" data-id=\"74c6c9a4\" data-element_type=\"widget\" data-e-type=\"widget\" data-widget_type=\"text-editor.default\">\n\t\t\t\t<div class=\"elementor-widget-container\">\n\t\t\t\t\t\t\t\t\t<p style=\"text-align: center;\"><strong>Edici\u00f3n Especial de Colecci\u00f3n<\/strong><\/p><h1 style=\"text-align: center;\"><strong>D\u00eda de Muertos x Rodo Padilla<\/strong><\/h1><h3 style=\"text-align: center;\"><strong>2024<\/strong><\/h3><h4 style=\"text-align: center;\"><strong>TEQUILA EXTRA A\u00d1EJO DE 106 MESES DE MADURACI\u00d3N<\/strong><img fetchpriority=\"high\" decoding=\"async\" class=\"aligncenter wp-image-18328 size-full\" src=\"https:\/\/cavadeoro.mx\/wp-content\/uploads\/2024\/11\/foto-web-scaled.avif\" alt=\"\" width=\"2560\" height=\"1517\" srcset=\"https:\/\/cavadeoro.mx\/wp-content\/uploads\/2024\/11\/foto-web-scaled.avif 2560w, https:\/\/cavadeoro.mx\/wp-content\/uploads\/2024\/11\/foto-web-300x178.avif 300w, https:\/\/cavadeoro.mx\/wp-content\/uploads\/2024\/11\/foto-web-1024x607.avif 1024w, https:\/\/cavadeoro.mx\/wp-content\/uploads\/2024\/11\/foto-web-768x455.avif 768w, https:\/\/cavadeoro.mx\/wp-content\/uploads\/2024\/11\/foto-web-1536x910.avif 1536w, https:\/\/cavadeoro.mx\/wp-content\/uploads\/2024\/11\/foto-web-2048x1213.avif 2048w, https:\/\/cavadeoro.mx\/wp-content\/uploads\/2024\/11\/foto-web-500x296.avif 500w, https:\/\/cavadeoro.mx\/wp-content\/uploads\/2024\/11\/foto-web-700x415.avif 700w\" sizes=\"(max-width: 2560px) 100vw, 2560px\" \/><\/h4><p><strong>\u201cD\u00eda de Muertos\u201d<\/strong> 2024, una edici\u00f3n de colecci\u00f3n limitada a <strong>200 botellas elaboradas en Porcelana<\/strong>, haci\u00e9ndola m\u00e1s pura, elegante y vibrante. <strong>Nuestro logo se viste de Oro,<\/strong> como un detalle sutil que realza la exclusividad de esta edici\u00f3n.<\/p><p>\u00a0<\/p><p>La botella con base de color blanco hueso, en la que el artista se inspir\u00f3 en las tradicionales \u201c<strong>calaveritas de az\u00facar<\/strong>\u201d, acompa\u00f1ado de uno de sus famosos \u201c<strong>Gorditos<\/strong>\u201d en la representaci\u00f3n de un jimador mexicano, una guitarra y peque\u00f1as flores.<\/p><p>\u00a0<\/p><blockquote><p style=\"text-align: center;\"><em><span style=\"color: #ff6600;\"><strong>Esta edici\u00f3n simboliza la muerte de una manera dulce, pura y colorida.<\/strong><\/span><\/em><\/p><\/blockquote>\t\t\t\t\t\t\t\t<\/div>\n\t\t\t\t<\/div>\n\t\t\t\t\t<\/div>\n\t\t\t\t<\/div>\n\t\t<div class=\"elementor-element elementor-element-06b3214 e-grid e-con-boxed e-con e-parent\" data-id=\"06b3214\" data-element_type=\"container\" data-e-type=\"container\">\n\t\t\t\t\t<div class=\"e-con-inner\">\n\t\t\t\t<div class=\"elementor-element elementor-element-2470203 elementor-widget elementor-widget-text-editor\" data-id=\"2470203\" data-element_type=\"widget\" data-e-type=\"widget\" data-widget_type=\"text-editor.default\">\n\t\t\t\t<div class=\"elementor-widget-container\">\n\t\t\t\t\t\t\t\t\t<p>\u00a0<\/p><p>\u00a0<\/p><p style=\"text-align: left;\">Esta obra de arte es complementada con una exclusiva reserva de nuestro <strong>Tequila Extra A\u00f1ejo con 106 meses de a\u00f1ejamiento<\/strong> en barricas de Roble Blanco Franc\u00e9s.<\/p><p>\u00a0<\/p><p style=\"text-align: left;\"><strong>Nuestro Maestro Tequilero Alberto Partida<\/strong>, le asigna intencionalmente un mayor tiempo de a\u00f1ejamiento, que le otorga un toque fresco y la suavidad de la madera, obteniendo un color \u00e1mbar oscuro con matices rojizos brillantes, con notas amaderadas y multitud de aromas frutales y agave cocido.<\/p><p>\u00a0<\/p><p style=\"text-align: left;\">D\u00e9jate seducir con su exquisita dulzura, un sabor ampuloso y con final largo que deleitar\u00e1 tu paladar desde el primer sorbo.<\/p>\t\t\t\t\t\t\t\t<\/div>\n\t\t\t\t<\/div>\n\t\t\t\t<div class=\"elementor-element elementor-element-79c6c64 elementor-widget elementor-widget-image\" data-id=\"79c6c64\" data-element_type=\"widget\" data-e-type=\"widget\" data-widget_type=\"image.default\">\n\t\t\t\t<div class=\"elementor-widget-container\">\n\t\t\t\t\t\t\t\t\t\t\t\t\t\t\t<img decoding=\"async\" width=\"819\" height=\"1024\" src=\"https:\/\/cavadeoro.mx\/wp-content\/uploads\/2024\/10\/copa-EEDM-819x1024.avif\" class=\"attachment-large size-large wp-image-18336\" alt=\"\" srcset=\"https:\/\/cavadeoro.mx\/wp-content\/uploads\/2024\/10\/copa-EEDM-819x1024.avif 819w, https:\/\/cavadeoro.mx\/wp-content\/uploads\/2024\/10\/copa-EEDM-240x300.avif 240w, https:\/\/cavadeoro.mx\/wp-content\/uploads\/2024\/10\/copa-EEDM-768x960.avif 768w, https:\/\/cavadeoro.mx\/wp-content\/uploads\/2024\/10\/copa-EEDM-500x625.avif 500w, https:\/\/cavadeoro.mx\/wp-content\/uploads\/2024\/10\/copa-EEDM-250x313.avif 250w, https:\/\/cavadeoro.mx\/wp-content\/uploads\/2024\/10\/copa-EEDM-700x875.avif 700w, https:\/\/cavadeoro.mx\/wp-content\/uploads\/2024\/10\/copa-EEDM-jpg.avif 1132w\" sizes=\"(max-width: 819px) 100vw, 819px\" \/>\t\t\t\t\t\t\t\t\t\t\t\t\t\t\t<\/div>\n\t\t\t\t<\/div>\n\t\t\t\t\t<\/div>\n\t\t\t\t<\/div>\n\t\t<div class=\"elementor-element elementor-element-acb04ce e-flex e-con-boxed e-con e-parent\" data-id=\"acb04ce\" data-element_type=\"container\" data-e-type=\"container\">\n\t\t\t\t\t<div class=\"e-con-inner\">\n\t\t\t\t<div class=\"elementor-element elementor-element-dfda4c3 elementor-widget elementor-widget-image\" data-id=\"dfda4c3\" data-element_type=\"widget\" data-e-type=\"widget\" data-widget_type=\"image.default\">\n\t\t\t\t<div class=\"elementor-widget-container\">\n\t\t\t\t\t\t\t\t\t\t\t\t\t\t\t<img decoding=\"async\" src=\"https:\/\/cavadeoro.mx\/wp-content\/uploads\/elementor\/thumbs\/Perfil-del-tequila_Mesa-de-trabajo-1-pwwb4gw8l7nl65ikmanltvxp2u45i9ev8u8m7u9eea.png\" title=\"Perfil del tequila_Mesa de trabajo 1\" alt=\"Perfil del tequila_Mesa de trabajo 1\" loading=\"lazy\" \/>\t\t\t\t\t\t\t\t\t\t\t\t\t\t\t<\/div>\n\t\t\t\t<\/div>\n\t\t\t\t<div class=\"elementor-element elementor-element-1ed3e27 elementor-widget elementor-widget-text-editor\" data-id=\"1ed3e27\" data-element_type=\"widget\" data-e-type=\"widget\" data-widget_type=\"text-editor.default\">\n\t\t\t\t<div class=\"elementor-widget-container\">\n\t\t\t\t\t\t\t\t\t<h3 style=\"background-color: #ffffff; text-align: center;\"><span style=\"font-weight: bolder;\">Perfil del Tequila Extra A\u00f1ejo con 106 meses de A\u00f1ejamiento:<\/span><\/h3><h3 style=\"background-color: #ffffff; text-align: center;\"><span style=\"font-weight: bolder;\">Color:<\/span>\u00a0Matices rojizo brillante y \u00e1mbar oscuro.<\/h3><h3 style=\"background-color: #ffffff; text-align: center;\"><span style=\"font-weight: bolder;\">Aroma:<\/span>\u00a0Fino proceso de tostado que provee notas amaderadas con multitud de aromas frutales y agave cocido.<\/h3><h3 style=\"background-color: #ffffff; text-align: center;\"><span style=\"font-weight: bolder;\">Sabor:<\/span>\u00a0Su exquisita dulzura convierte un ampuloso y largo final.<\/h3><h3 style=\"text-align: center;\"><strong style=\"letter-spacing: 0.13em;\">40% ALC. VOL. |<\/strong><b style=\"letter-spacing: 0.13em;\">\u00a0<\/b><b style=\"letter-spacing: 0.13em;\">750 ML<\/b><\/h3>\t\t\t\t\t\t\t\t<\/div>\n\t\t\t\t<\/div>\n\t\t\t\t\t<\/div>\n\t\t\t\t<\/div>\n\t\t<div class=\"elementor-element elementor-element-9a97b06 e-flex e-con-boxed e-con e-parent\" data-id=\"9a97b06\" data-element_type=\"container\" data-e-type=\"container\">\n\t\t\t\t\t<div class=\"e-con-inner\">\n\t\t\t\t<div class=\"elementor-element elementor-element-34bb533 elementor-widget elementor-widget-text-editor\" data-id=\"34bb533\" data-element_type=\"widget\" data-e-type=\"widget\" data-widget_type=\"text-editor.default\">\n\t\t\t\t<div class=\"elementor-widget-container\">\n\t\t\t\t\t\t\t\t\t<p style=\"text-align: center;\"><em><strong>\u00a1Adquiere una de las 200 piezas disponibles, exclusiva para tu colecci\u00f3n!<\/strong><\/em><\/p><p>\u00a0<\/p><p style=\"text-align: center;\">Tequila Extra A\u00f1ejo<\/p>\t\t\t\t\t\t\t\t<\/div>\n\t\t\t\t<\/div>\n\t\t\t\t\t<\/div>\n\t\t\t\t<\/div>\n\t\t<div class=\"elementor-element elementor-element-9ea52fd e-flex e-con-boxed e-con e-parent\" data-id=\"9ea52fd\" data-element_type=\"container\" data-e-type=\"container\">\n\t\t\t\t\t<div class=\"e-con-inner\">\n\t\t\t\t<div class=\"elementor-element elementor-element-e17c513 elementor-widget elementor-widget-image\" data-id=\"e17c513\" data-element_type=\"widget\" data-e-type=\"widget\" data-widget_type=\"image.default\">\n\t\t\t\t<div class=\"elementor-widget-container\">\n\t\t\t\t\t\t\t\t\t\t\t\t\t\t\t<img decoding=\"async\" src=\"https:\/\/cavadeoro.mx\/wp-content\/uploads\/elementor\/thumbs\/NOM-16-qveybip9zlbcqhtexiu07pvz6bq5xb9adqftfsuvx2.png\" title=\"NOM-16\" alt=\"NOM-16\" loading=\"lazy\" \/>\t\t\t\t\t\t\t\t\t\t\t\t\t\t\t<\/div>\n\t\t\t\t<\/div>\n\t\t\t\t\t<\/div>\n\t\t\t\t<\/div>\n\t\t<div class=\"elementor-element elementor-element-4df6f81 e-flex e-con-boxed e-con e-parent\" data-id=\"4df6f81\" data-element_type=\"container\" data-e-type=\"container\">\n\t\t\t\t\t<div class=\"e-con-inner\">\n\t\t\t\t<div class=\"elementor-element elementor-element-74873c3 elementor-widget elementor-widget-spacer\" data-id=\"74873c3\" data-element_type=\"widget\" data-e-type=\"widget\" data-widget_type=\"spacer.default\">\n\t\t\t\t<div class=\"elementor-widget-container\">\n\t\t\t\t\t\t\t<div class=\"elementor-spacer\">\n\t\t\t<div class=\"elementor-spacer-inner\"><\/div>\n\t\t<\/div>\n\t\t\t\t\t\t<\/div>\n\t\t\t\t<\/div>\n\t\t\t\t\t<\/div>\n\t\t\t\t<\/div>\n\t\t\t\t<\/div>\n\t\t","protected":false},"excerpt":{"rendered":"<p><strong>Primera Botella de Porcelana <\/strong>inspirada en las calaveritas de az\u00facar, base de color blanco y detalles coloridos como una guitarra y un gordito jimador, con empaque artesanal y 2 copas de regalo.<\/p>\n<p><strong>Tequila Extra A\u00f1ejo con 106 meses de A\u00f1ejamiento.\u00a0<\/strong><\/p>\n<p>&nbsp;<\/p>\n<p><img decoding=\"async\" class=\"alignnone wp-image-12540\" src=\"https:\/\/cavadeoro.mx\/wp-content\/uploads\/2020\/02\/CAVA-DE-ORO-100-negro-300x107.png\" alt=\"\" width=\"194\" height=\"69\" srcset=\"https:\/\/cavadeoro.mx\/wp-content\/uploads\/2020\/02\/CAVA-DE-ORO-100-negro-300x107.png 300w, https:\/\/cavadeoro.mx\/wp-content\/uploads\/2020\/02\/CAVA-DE-ORO-100-negro-500x178.png 500w, https:\/\/cavadeoro.mx\/wp-content\/uploads\/2020\/02\/CAVA-DE-ORO-100-negro-600x213.png 600w, https:\/\/cavadeoro.mx\/wp-content\/uploads\/2020\/02\/CAVA-DE-ORO-100-negro.png 650w\" sizes=\"(max-width: 194px) 100vw, 194px\" \/><\/p>\n<h3><strong>40% ALC. VOL. |<\/strong><b>\u00a0<\/b><b>750 ML<\/b><\/h3>\n<p class=\"p1\">Este producto incluye env\u00edo Gratis a todo M\u00e9xico.<\/p>\n","protected":false},"featured_media":20079,"template":"","meta":[],"product_brand":[],"product_cat":[116,137,134],"product_tag":[72,429,492,490,425],"class_list":{"0":"post-18226","1":"product","2":"type-product","3":"status-publish","4":"has-post-thumbnail","6":"product_cat-coleccionable","7":"product_cat-dia-de-muertos","8":"product_cat-tequila-edicion-especial","9":"product_tag-cava-de-oro","10":"product_tag-dia-de-muertos","11":"product_tag-rodo-padilla","12":"product_tag-tequila-de-coleccion","13":"product_tag-tequila-premium","15":"first","16":"instock","17":"shipping-taxable","18":"purchasable","19":"product-type-simple"},"yoast_head":"<!-- This site is optimized with the Yoast SEO Premium plugin v22.8 (Yoast SEO v27.4) - https:\/\/yoast.com\/product\/yoast-seo-premium-wordpress\/ -->\n<title>5ta Edici\u00f3n D\u00eda de Muertos 2024 x Rodo Padilla - Tequila Cava de Oro<\/title>\n<meta name=\"description\" content=\"Edici\u00f3n Especial D\u00eda de Muertos Botella Intervenida en Porcelana por el artista jalisciense Rodo Padilla, con un Tequila Extra A\u00f1ejo de 106 meses.\" \/>\n<meta name=\"robots\" content=\"index, follow, max-snippet:-1, max-image-preview:large, max-video-preview:-1\" \/>\n<link rel=\"canonical\" href=\"https:\/\/cavadeoro.mx\/?product=edicion-dia-de-muertos-2024-x-rodo-padilla\" \/>\n<meta property=\"og:locale\" content=\"es_MX\" \/>\n<meta property=\"og:type\" content=\"article\" \/>\n<meta property=\"og:title\" content=\"5ta Edici\u00f3n D\u00eda de Muertos 2024 x Rodo Padilla\" \/>\n<meta property=\"og:description\" content=\"Edici\u00f3n Especial D\u00eda de Muertos Botella Intervenida en Porcelana por el artista jalisciense Rodo Padilla, con un Tequila Extra A\u00f1ejo de 106 meses.\" \/>\n<meta property=\"og:url\" content=\"https:\/\/cavadeoro.mx\/?product=edicion-dia-de-muertos-2024-x-rodo-padilla\" \/>\n<meta property=\"og:site_name\" content=\"Tequila Cava de Oro\" \/>\n<meta property=\"article:publisher\" content=\"https:\/\/facebook.com\/cavadeoro\" \/>\n<meta property=\"article:modified_time\" content=\"2025-11-04T21:01:28+00:00\" \/>\n<meta property=\"og:image\" content=\"https:\/\/cavadeoro.mx\/wp-content\/uploads\/2024\/11\/2024.avif\" \/>\n\t<meta property=\"og:image:width\" content=\"600\" \/>\n\t<meta property=\"og:image:height\" content=\"750\" \/>\n\t<meta property=\"og:image:type\" content=\"image\/png\" \/>\n<meta name=\"twitter:card\" content=\"summary_large_image\" \/>\n<meta name=\"twitter:label1\" content=\"Tiempo de lectura\" \/>\n\t<meta name=\"twitter:data1\" content=\"4 minutos\" \/>\n<script type=\"application\/ld+json\" class=\"yoast-schema-graph\">{\"@context\":\"https:\\\/\\\/schema.org\",\"@graph\":[{\"@type\":\"WebPage\",\"@id\":\"https:\\\/\\\/cavadeoro.mx\\\/?product=edicion-dia-de-muertos-2024-x-rodo-padilla\",\"url\":\"https:\\\/\\\/cavadeoro.mx\\\/?product=edicion-dia-de-muertos-2024-x-rodo-padilla\",\"name\":\"5ta Edici\u00f3n D\u00eda de Muertos 2024 x Rodo Padilla - Tequila Cava de Oro\",\"isPartOf\":{\"@id\":\"https:\\\/\\\/cavadeoro.mx\\\/#website\"},\"primaryImageOfPage\":{\"@id\":\"https:\\\/\\\/cavadeoro.mx\\\/?product=edicion-dia-de-muertos-2024-x-rodo-padilla#primaryimage\"},\"image\":{\"@id\":\"https:\\\/\\\/cavadeoro.mx\\\/?product=edicion-dia-de-muertos-2024-x-rodo-padilla#primaryimage\"},\"thumbnailUrl\":\"https:\\\/\\\/cavadeoro.mx\\\/wp-content\\\/uploads\\\/2024\\\/11\\\/2024.avif\",\"datePublished\":\"2023-12-08T18:58:41+00:00\",\"dateModified\":\"2025-11-04T21:01:28+00:00\",\"description\":\"Edici\u00f3n Especial D\u00eda de Muertos Botella Intervenida en Porcelana por el artista jalisciense Rodo Padilla, con un Tequila Extra A\u00f1ejo de 106 meses.\",\"breadcrumb\":{\"@id\":\"https:\\\/\\\/cavadeoro.mx\\\/?product=edicion-dia-de-muertos-2024-x-rodo-padilla#breadcrumb\"},\"inLanguage\":\"es\",\"potentialAction\":[{\"@type\":\"ReadAction\",\"target\":[\"https:\\\/\\\/cavadeoro.mx\\\/?product=edicion-dia-de-muertos-2024-x-rodo-padilla\"]}]},{\"@type\":\"ImageObject\",\"inLanguage\":\"es\",\"@id\":\"https:\\\/\\\/cavadeoro.mx\\\/?product=edicion-dia-de-muertos-2024-x-rodo-padilla#primaryimage\",\"url\":\"https:\\\/\\\/cavadeoro.mx\\\/wp-content\\\/uploads\\\/2024\\\/11\\\/2024.avif\",\"contentUrl\":\"https:\\\/\\\/cavadeoro.mx\\\/wp-content\\\/uploads\\\/2024\\\/11\\\/2024.avif\",\"width\":600,\"height\":750},{\"@type\":\"BreadcrumbList\",\"@id\":\"https:\\\/\\\/cavadeoro.mx\\\/?product=edicion-dia-de-muertos-2024-x-rodo-padilla#breadcrumb\",\"itemListElement\":[{\"@type\":\"ListItem\",\"position\":1,\"name\":\"Portada\",\"item\":\"https:\\\/\\\/cavadeoro.mx\\\/?page_id=14294&lang=en\"},{\"@type\":\"ListItem\",\"position\":2,\"name\":\"TIENDA\",\"item\":\"https:\\\/\\\/cavadeoro.mx\\\/?page_id=401\"},{\"@type\":\"ListItem\",\"position\":3,\"name\":\"5ta Edici\u00f3n D\u00eda de Muertos 2024 x Rodo Padilla\"}]},{\"@type\":\"WebSite\",\"@id\":\"https:\\\/\\\/cavadeoro.mx\\\/#website\",\"url\":\"https:\\\/\\\/cavadeoro.mx\\\/\",\"name\":\"Tequila Cava de Oro\",\"description\":\"100% Agave Azul\",\"publisher\":{\"@id\":\"https:\\\/\\\/cavadeoro.mx\\\/#organization\"},\"potentialAction\":[{\"@type\":\"SearchAction\",\"target\":{\"@type\":\"EntryPoint\",\"urlTemplate\":\"https:\\\/\\\/cavadeoro.mx\\\/?s={search_term_string}\"},\"query-input\":{\"@type\":\"PropertyValueSpecification\",\"valueRequired\":true,\"valueName\":\"search_term_string\"}}],\"inLanguage\":\"es\"},{\"@type\":\"Organization\",\"@id\":\"https:\\\/\\\/cavadeoro.mx\\\/#organization\",\"name\":\"Tequila Cava de Oro\",\"url\":\"https:\\\/\\\/cavadeoro.mx\\\/\",\"logo\":{\"@type\":\"ImageObject\",\"inLanguage\":\"es\",\"@id\":\"https:\\\/\\\/cavadeoro.mx\\\/#\\\/schema\\\/logo\\\/image\\\/\",\"url\":\"https:\\\/\\\/cavadeoro.mx\\\/wp-content\\\/uploads\\\/2022\\\/04\\\/cropped-Logo-menu.png\",\"contentUrl\":\"https:\\\/\\\/cavadeoro.mx\\\/wp-content\\\/uploads\\\/2022\\\/04\\\/cropped-Logo-menu.png\",\"width\":92,\"height\":66,\"caption\":\"Tequila Cava de Oro\"},\"image\":{\"@id\":\"https:\\\/\\\/cavadeoro.mx\\\/#\\\/schema\\\/logo\\\/image\\\/\"},\"sameAs\":[\"https:\\\/\\\/facebook.com\\\/cavadeoro\",\"https:\\\/\\\/instagram.com\\\/cavadeoro\"]}]}<\/script>\n<!-- \/ Yoast SEO Premium plugin. -->","yoast_head_json":{"title":"5ta Edici\u00f3n D\u00eda de Muertos 2024 x Rodo Padilla - Tequila Cava de Oro","description":"Edici\u00f3n Especial D\u00eda de Muertos Botella Intervenida en Porcelana por el artista jalisciense Rodo Padilla, con un Tequila Extra A\u00f1ejo de 106 meses.","robots":{"index":"index","follow":"follow","max-snippet":"max-snippet:-1","max-image-preview":"max-image-preview:large","max-video-preview":"max-video-preview:-1"},"canonical":"https:\/\/cavadeoro.mx\/?product=edicion-dia-de-muertos-2024-x-rodo-padilla","og_locale":"es_MX","og_type":"article","og_title":"5ta Edici\u00f3n D\u00eda de Muertos 2024 x Rodo Padilla","og_description":"Edici\u00f3n Especial D\u00eda de Muertos Botella Intervenida en Porcelana por el artista jalisciense Rodo Padilla, con un Tequila Extra A\u00f1ejo de 106 meses.","og_url":"https:\/\/cavadeoro.mx\/?product=edicion-dia-de-muertos-2024-x-rodo-padilla","og_site_name":"Tequila Cava de Oro","article_publisher":"https:\/\/facebook.com\/cavadeoro","article_modified_time":"2025-11-04T21:01:28+00:00","og_image":[{"width":600,"height":750,"url":"https:\/\/cavadeoro.mx\/wp-content\/uploads\/2024\/11\/2024.avif","type":"image\/png"}],"twitter_card":"summary_large_image","twitter_misc":{"Tiempo de lectura":"4 minutos"},"schema":{"@context":"https:\/\/schema.org","@graph":[{"@type":"WebPage","@id":"https:\/\/cavadeoro.mx\/?product=edicion-dia-de-muertos-2024-x-rodo-padilla","url":"https:\/\/cavadeoro.mx\/?product=edicion-dia-de-muertos-2024-x-rodo-padilla","name":"5ta Edici\u00f3n D\u00eda de Muertos 2024 x Rodo Padilla - Tequila Cava de Oro","isPartOf":{"@id":"https:\/\/cavadeoro.mx\/#website"},"primaryImageOfPage":{"@id":"https:\/\/cavadeoro.mx\/?product=edicion-dia-de-muertos-2024-x-rodo-padilla#primaryimage"},"image":{"@id":"https:\/\/cavadeoro.mx\/?product=edicion-dia-de-muertos-2024-x-rodo-padilla#primaryimage"},"thumbnailUrl":"https:\/\/cavadeoro.mx\/wp-content\/uploads\/2024\/11\/2024.avif","datePublished":"2023-12-08T18:58:41+00:00","dateModified":"2025-11-04T21:01:28+00:00","description":"Edici\u00f3n Especial D\u00eda de Muertos Botella Intervenida en Porcelana por el artista jalisciense Rodo Padilla, con un Tequila Extra A\u00f1ejo de 106 meses.","breadcrumb":{"@id":"https:\/\/cavadeoro.mx\/?product=edicion-dia-de-muertos-2024-x-rodo-padilla#breadcrumb"},"inLanguage":"es","potentialAction":[{"@type":"ReadAction","target":["https:\/\/cavadeoro.mx\/?product=edicion-dia-de-muertos-2024-x-rodo-padilla"]}]},{"@type":"ImageObject","inLanguage":"es","@id":"https:\/\/cavadeoro.mx\/?product=edicion-dia-de-muertos-2024-x-rodo-padilla#primaryimage","url":"https:\/\/cavadeoro.mx\/wp-content\/uploads\/2024\/11\/2024.avif","contentUrl":"https:\/\/cavadeoro.mx\/wp-content\/uploads\/2024\/11\/2024.avif","width":600,"height":750},{"@type":"BreadcrumbList","@id":"https:\/\/cavadeoro.mx\/?product=edicion-dia-de-muertos-2024-x-rodo-padilla#breadcrumb","itemListElement":[{"@type":"ListItem","position":1,"name":"Portada","item":"https:\/\/cavadeoro.mx\/?page_id=14294&lang=en"},{"@type":"ListItem","position":2,"name":"TIENDA","item":"https:\/\/cavadeoro.mx\/?page_id=401"},{"@type":"ListItem","position":3,"name":"5ta Edici\u00f3n D\u00eda de Muertos 2024 x Rodo Padilla"}]},{"@type":"WebSite","@id":"https:\/\/cavadeoro.mx\/#website","url":"https:\/\/cavadeoro.mx\/","name":"Tequila Cava de Oro","description":"100% Agave Azul","publisher":{"@id":"https:\/\/cavadeoro.mx\/#organization"},"potentialAction":[{"@type":"SearchAction","target":{"@type":"EntryPoint","urlTemplate":"https:\/\/cavadeoro.mx\/?s={search_term_string}"},"query-input":{"@type":"PropertyValueSpecification","valueRequired":true,"valueName":"search_term_string"}}],"inLanguage":"es"},{"@type":"Organization","@id":"https:\/\/cavadeoro.mx\/#organization","name":"Tequila Cava de Oro","url":"https:\/\/cavadeoro.mx\/","logo":{"@type":"ImageObject","inLanguage":"es","@id":"https:\/\/cavadeoro.mx\/#\/schema\/logo\/image\/","url":"https:\/\/cavadeoro.mx\/wp-content\/uploads\/2022\/04\/cropped-Logo-menu.png","contentUrl":"https:\/\/cavadeoro.mx\/wp-content\/uploads\/2022\/04\/cropped-Logo-menu.png","width":92,"height":66,"caption":"Tequila Cava de Oro"},"image":{"@id":"https:\/\/cavadeoro.mx\/#\/schema\/logo\/image\/"},"sameAs":["https:\/\/facebook.com\/cavadeoro","https:\/\/instagram.com\/cavadeoro"]}]}},"lang":"es","translations":{"es":18226},"pll_sync_post":[],"_links":{"self":[{"href":"https:\/\/cavadeoro.mx\/index.php?rest_route=\/wp\/v2\/product\/18226","targetHints":{"allow":["GET"]}}],"collection":[{"href":"https:\/\/cavadeoro.mx\/index.php?rest_route=\/wp\/v2\/product"}],"about":[{"href":"https:\/\/cavadeoro.mx\/index.php?rest_route=\/wp\/v2\/types\/product"}],"version-history":[{"count":21,"href":"https:\/\/cavadeoro.mx\/index.php?rest_route=\/wp\/v2\/product\/18226\/revisions"}],"predecessor-version":[{"id":18341,"href":"https:\/\/cavadeoro.mx\/index.php?rest_route=\/wp\/v2\/product\/18226\/revisions\/18341"}],"wp:featuredmedia":[{"embeddable":true,"href":"https:\/\/cavadeoro.mx\/index.php?rest_route=\/wp\/v2\/media\/20079"}],"wp:attachment":[{"href":"https:\/\/cavadeoro.mx\/index.php?rest_route=%2Fwp%2Fv2%2Fmedia&parent=18226"}],"wp:term":[{"taxonomy":"product_brand","embeddable":true,"href":"https:\/\/cavadeoro.mx\/index.php?rest_route=%2Fwp%2Fv2%2Fproduct_brand&post=18226"},{"taxonomy":"product_cat","embeddable":true,"href":"https:\/\/cavadeoro.mx\/index.php?rest_route=%2Fwp%2Fv2%2Fproduct_cat&post=18226"},{"taxonomy":"product_tag","embeddable":true,"href":"https:\/\/cavadeoro.mx\/index.php?rest_route=%2Fwp%2Fv2%2Fproduct_tag&post=18226"}],"curies":[{"name":"wp","href":"https:\/\/api.w.org\/{rel}","templated":true}]}}