{"id":18526,"date":"2023-05-07T19:18:38","date_gmt":"2023-05-08T01:18:38","guid":{"rendered":"https:\/\/cavadeoro.mx\/?post_type=product&#038;p=18526"},"modified":"2025-06-14T08:47:27","modified_gmt":"2025-06-14T14:47:27","slug":"extra-anejo-huichol-mini-tortuga","status":"publish","type":"product","link":"https:\/\/cavadeoro.mx\/?product=extra-anejo-huichol-mini-tortuga","title":{"rendered":"Extra A\u00f1ejo Huichol Mini | Tortuga"},"content":{"rendered":"<p><img fetchpriority=\"high\" decoding=\"async\" class=\"aligncenter wp-image-10853 size-full\" src=\"https:\/\/cavadeoro.mx\/wp-content\/uploads\/2022\/01\/banner-wixarikas-01-02.png\" alt=\"\" width=\"1466\" height=\"473\" srcset=\"https:\/\/cavadeoro.mx\/wp-content\/uploads\/2022\/01\/banner-wixarikas-01-02.png 1466w, https:\/\/cavadeoro.mx\/wp-content\/uploads\/2022\/01\/banner-wixarikas-01-02-700x226.png 700w, https:\/\/cavadeoro.mx\/wp-content\/uploads\/2022\/01\/banner-wixarikas-01-02-300x97.png 300w, https:\/\/cavadeoro.mx\/wp-content\/uploads\/2022\/01\/banner-wixarikas-01-02-1024x330.png 1024w, https:\/\/cavadeoro.mx\/wp-content\/uploads\/2022\/01\/banner-wixarikas-01-02-768x248.png 768w, https:\/\/cavadeoro.mx\/wp-content\/uploads\/2022\/01\/banner-wixarikas-01-02-500x161.png 500w, https:\/\/cavadeoro.mx\/wp-content\/uploads\/2022\/01\/banner-wixarikas-01-02-600x194.png 600w\" sizes=\"(max-width: 1466px) 100vw, 1466px\" \/><\/p>\n<h1 style=\"text-align: center;\">Extra A\u00f1ejo Huichol Mini | Tortuga<\/h1>\n<p style=\"text-align: center;\"><em>M\u00e9xico, \u00a1La magia de una cultura \u00fanica!, un pa\u00eds rico en tradiciones y leyendas.<\/em><\/p>\n<p><img decoding=\"async\" class=\"aligncenter wp-image-13429\" src=\"https:\/\/cavadeoro.mx\/wp-content\/uploads\/2022\/07\/Perfil-del-tequila_Mesa-de-trabajo-1-300x94.png\" alt=\"\" width=\"569\" height=\"178\" srcset=\"https:\/\/cavadeoro.mx\/wp-content\/uploads\/2022\/07\/Perfil-del-tequila_Mesa-de-trabajo-1-300x94.png 300w, https:\/\/cavadeoro.mx\/wp-content\/uploads\/2022\/07\/Perfil-del-tequila_Mesa-de-trabajo-1-700x220.png 700w, https:\/\/cavadeoro.mx\/wp-content\/uploads\/2022\/07\/Perfil-del-tequila_Mesa-de-trabajo-1-1024x322.png 1024w, https:\/\/cavadeoro.mx\/wp-content\/uploads\/2022\/07\/Perfil-del-tequila_Mesa-de-trabajo-1-768x241.png 768w, https:\/\/cavadeoro.mx\/wp-content\/uploads\/2022\/07\/Perfil-del-tequila_Mesa-de-trabajo-1-500x157.png 500w, https:\/\/cavadeoro.mx\/wp-content\/uploads\/2022\/07\/Perfil-del-tequila_Mesa-de-trabajo-1-600x189.png 600w, https:\/\/cavadeoro.mx\/wp-content\/uploads\/2022\/07\/Perfil-del-tequila_Mesa-de-trabajo-1.png 1123w\" sizes=\"(max-width: 569px) 100vw, 569px\" \/><\/p>\n<h3 style=\"text-align: center;\"><strong>Color:<\/strong> Matices rojizo brillante y \u00e1mbar oscuro.<\/h3>\n<h3 style=\"text-align: center;\"><strong>Aroma:<\/strong> Multitud de aromas frutales y roble tostado.<\/h3>\n<h3 style=\"text-align: center;\"><strong>Sabor:<\/strong> Su exquisita dulzura convierte un ampuloso y largo final<\/h3>\n<p>&nbsp;<\/p>\n<p>De la magia de una cultura \u00fanica nace la <strong>Edici\u00f3n Especial Arte Huichol,<\/strong>\u00a0donde a trav\u00e9s de una botella de\u00a0<strong><a href=\"https:\/\/cavadeoro.mx\/producto\/extra-anejo\/\"><span class=\"_5afx\"><span class=\"_58cm\">Tequila Extra A\u00f1ejo<\/span><\/span><\/a>\u00a0<\/strong>se cuentan historias y se resalta la belleza natural de los Wix\u00e1ricas. A trav\u00e9s de las creaciones en sus artesan\u00edas, nos cuentan sus historias y son transformados en arte, de esta manera podemos hacer la adquisici\u00f3n de alguno de sus dise\u00f1os y llevar un poco de cultura Mexicana a nuestro hogar.<\/p>\n<p>&nbsp;<\/p>\n<p><img decoding=\"async\" class=\"alignnone wp-image-10855 size-full\" src=\"https:\/\/cavadeoro.mx\/wp-content\/uploads\/2022\/01\/banner-wixarikas-01-01-01.png\" alt=\"\" width=\"1506\" height=\"474\" srcset=\"https:\/\/cavadeoro.mx\/wp-content\/uploads\/2022\/01\/banner-wixarikas-01-01-01.png 1506w, https:\/\/cavadeoro.mx\/wp-content\/uploads\/2022\/01\/banner-wixarikas-01-01-01-700x220.png 700w, https:\/\/cavadeoro.mx\/wp-content\/uploads\/2022\/01\/banner-wixarikas-01-01-01-300x94.png 300w, https:\/\/cavadeoro.mx\/wp-content\/uploads\/2022\/01\/banner-wixarikas-01-01-01-1024x322.png 1024w, https:\/\/cavadeoro.mx\/wp-content\/uploads\/2022\/01\/banner-wixarikas-01-01-01-768x242.png 768w, https:\/\/cavadeoro.mx\/wp-content\/uploads\/2022\/01\/banner-wixarikas-01-01-01-500x157.png 500w, https:\/\/cavadeoro.mx\/wp-content\/uploads\/2022\/01\/banner-wixarikas-01-01-01-600x189.png 600w\" sizes=\"(max-width: 1506px) 100vw, 1506px\" \/><\/p>\n<p>En Cava de Oro nos enorgullece nuestra cultura mexicana y con esta Edici\u00f3n Especial estamos apoyando el arte, el trabajo y la cultura Wix\u00e1rika, para que se reconozca y aprecie en otras ciudades y pa\u00edses del mundo. \u00a1Gracias por ser parte!<\/p>\n<p><img loading=\"lazy\" decoding=\"async\" class=\"aligncenter wp-image-17602 size-full\" src=\"https:\/\/cavadeoro.mx\/wp-content\/uploads\/2023\/05\/huichol-mini-jpg.webp\" alt=\"\" width=\"1073\" height=\"604\" srcset=\"https:\/\/cavadeoro.mx\/wp-content\/uploads\/2023\/05\/huichol-mini-jpg.webp 1073w, https:\/\/cavadeoro.mx\/wp-content\/uploads\/2023\/05\/huichol-mini-300x169.webp 300w, https:\/\/cavadeoro.mx\/wp-content\/uploads\/2023\/05\/huichol-mini-1024x576.webp 1024w, https:\/\/cavadeoro.mx\/wp-content\/uploads\/2023\/05\/huichol-mini-768x432.webp 768w, https:\/\/cavadeoro.mx\/wp-content\/uploads\/2023\/05\/huichol-mini-500x281.webp 500w, https:\/\/cavadeoro.mx\/wp-content\/uploads\/2023\/05\/huichol-mini-700x394.webp 700w\" sizes=\"(max-width: 1073px) 100vw, 1073px\" \/><\/p>\n<p style=\"text-align: center;\"><em><strong>Dise\u00f1os \u00fanicos, elaborados en la regi\u00f3n. \u00a1No encontrar\u00e1s dos iguales!<\/strong><\/em><\/p>\n<p style=\"text-align: center;\">Cava de Oro<br \/>\n<img decoding=\"async\" class=\"aligncenter wp-image-12542\" src=\"https:\/\/cavadeoro.mx\/wp-content\/uploads\/2020\/02\/CAVA-DE-ORO-NOM-Negro-300x68.png\" alt=\"\" width=\"200\" srcset=\"https:\/\/cavadeoro.mx\/wp-content\/uploads\/2020\/02\/CAVA-DE-ORO-NOM-Negro-300x68.png 300w, https:\/\/cavadeoro.mx\/wp-content\/uploads\/2020\/02\/CAVA-DE-ORO-NOM-Negro-700x158.png 700w, https:\/\/cavadeoro.mx\/wp-content\/uploads\/2020\/02\/CAVA-DE-ORO-NOM-Negro-768x174.png 768w, https:\/\/cavadeoro.mx\/wp-content\/uploads\/2020\/02\/CAVA-DE-ORO-NOM-Negro-500x113.png 500w, https:\/\/cavadeoro.mx\/wp-content\/uploads\/2020\/02\/CAVA-DE-ORO-NOM-Negro-600x136.png 600w, https:\/\/cavadeoro.mx\/wp-content\/uploads\/2020\/02\/CAVA-DE-ORO-NOM-Negro.png 773w\" sizes=\"(max-width: 300px) 100vw, 300px\" \/><\/p>\n","protected":false},"excerpt":{"rendered":"<p>Tequila Extra A\u00f1ejo con <strong>5 a\u00f1os de maduraci\u00f3n en barricas de roble blanco franc\u00e9s<\/strong>.<br \/>\nArte \u00fanico realizado a mano por artesanos Wix\u00e1rikas.<br \/>\n<img loading=\"lazy\" decoding=\"async\" class=\"wp-image-11871 alignnone\" src=\"https:\/\/cavadeoro.mx\/wp-content\/uploads\/2021\/06\/CAVA-DE-ORO-100-negro-300x107.png\" alt=\"\" width=\"185\" height=\"66\" srcset=\"https:\/\/cavadeoro.mx\/wp-content\/uploads\/2021\/06\/CAVA-DE-ORO-100-negro-300x107.png 300w, https:\/\/cavadeoro.mx\/wp-content\/uploads\/2021\/06\/CAVA-DE-ORO-100-negro-500x178.png 500w, https:\/\/cavadeoro.mx\/wp-content\/uploads\/2021\/06\/CAVA-DE-ORO-100-negro-600x213.png 600w, https:\/\/cavadeoro.mx\/wp-content\/uploads\/2021\/06\/CAVA-DE-ORO-100-negro.png 650w\" sizes=\"(max-width: 185px) 100vw, 185px\" \/><br \/>\n<strong>38% ALC. VOL. |<\/strong><b> <\/b><b>50 ML<br \/>\n<\/b><\/p>\n","protected":false},"featured_media":18527,"template":"","meta":[],"product_brand":[],"product_cat":[136,116,134],"product_tag":[431,72,76,70,500,502,490],"class_list":{"0":"post-18526","1":"product","2":"type-product","3":"status-publish","4":"has-post-thumbnail","6":"product_cat-arte-huichol","7":"product_cat-coleccionable","8":"product_cat-tequila-edicion-especial","9":"product_tag-arte-huichol","10":"product_tag-cava-de-oro","11":"product_tag-extra-anejo","12":"product_tag-tequila","13":"product_tag-tequila-arte-huichol","14":"product_tag-tequila-cava-de-oro","15":"product_tag-tequila-de-coleccion","17":"first","18":"instock","19":"featured","20":"shipping-taxable","21":"purchasable","22":"product-type-simple"},"yoast_head":"<!-- This site is optimized with the Yoast SEO Premium plugin v22.8 (Yoast SEO v27.3) - https:\/\/yoast.com\/product\/yoast-seo-premium-wordpress\/ -->\n<title>Extra A\u00f1ejo Huichol Mini | Tortuga - Tequila Cava de Oro<\/title>\n<meta name=\"description\" content=\"Tequila Extra A\u00f1ejo | Arte Huichol | ESTRELLA AZUL - Botellas intervenidas por artesanos Wix\u00e1rikas para llevar la magia de la cultura mexicana a casa.\" \/>\n<meta name=\"robots\" content=\"index, follow, max-snippet:-1, max-image-preview:large, max-video-preview:-1\" \/>\n<link rel=\"canonical\" href=\"https:\/\/cavadeoro.mx\/?product=extra-anejo-huichol-mini-tortuga\" \/>\n<meta property=\"og:locale\" content=\"es_MX\" \/>\n<meta property=\"og:type\" content=\"article\" \/>\n<meta property=\"og:title\" content=\"Extra A\u00f1ejo Huichol Mini | Tortuga\" \/>\n<meta property=\"og:description\" content=\"Tequila Extra A\u00f1ejo | Arte Huichol | ESTRELLA AZUL - Botellas intervenidas por artesanos Wix\u00e1rikas para llevar la magia de la cultura mexicana a casa.\" \/>\n<meta property=\"og:url\" content=\"https:\/\/cavadeoro.mx\/?product=extra-anejo-huichol-mini-tortuga\" \/>\n<meta property=\"og:site_name\" content=\"Tequila Cava de Oro\" \/>\n<meta property=\"article:publisher\" content=\"https:\/\/facebook.com\/cavadeoro\" \/>\n<meta property=\"article:modified_time\" content=\"2025-06-14T14:47:27+00:00\" \/>\n<meta property=\"og:image\" content=\"https:\/\/cavadeoro.mx\/wp-content\/uploads\/2024\/12\/6-Mini-huichol-Tortuga-png.avif\" \/>\n\t<meta property=\"og:image:width\" content=\"1056\" \/>\n\t<meta property=\"og:image:height\" content=\"1320\" \/>\n\t<meta property=\"og:image:type\" content=\"image\/png\" \/>\n<meta name=\"twitter:card\" content=\"summary_large_image\" \/>\n<meta name=\"twitter:label1\" content=\"Tiempo de lectura\" \/>\n\t<meta name=\"twitter:data1\" content=\"3 minutos\" \/>\n<script type=\"application\/ld+json\" class=\"yoast-schema-graph\">{\"@context\":\"https:\\\/\\\/schema.org\",\"@graph\":[{\"@type\":\"WebPage\",\"@id\":\"https:\\\/\\\/cavadeoro.mx\\\/?product=extra-anejo-huichol-mini-tortuga\",\"url\":\"https:\\\/\\\/cavadeoro.mx\\\/?product=extra-anejo-huichol-mini-tortuga\",\"name\":\"Extra A\u00f1ejo Huichol Mini | Tortuga - Tequila Cava de Oro\",\"isPartOf\":{\"@id\":\"https:\\\/\\\/cavadeoro.mx\\\/#website\"},\"primaryImageOfPage\":{\"@id\":\"https:\\\/\\\/cavadeoro.mx\\\/?product=extra-anejo-huichol-mini-tortuga#primaryimage\"},\"image\":{\"@id\":\"https:\\\/\\\/cavadeoro.mx\\\/?product=extra-anejo-huichol-mini-tortuga#primaryimage\"},\"thumbnailUrl\":\"https:\\\/\\\/cavadeoro.mx\\\/wp-content\\\/uploads\\\/2024\\\/12\\\/6-Mini-huichol-Tortuga-png.avif\",\"datePublished\":\"2023-05-08T01:18:38+00:00\",\"dateModified\":\"2025-06-14T14:47:27+00:00\",\"description\":\"Tequila Extra A\u00f1ejo | Arte Huichol | ESTRELLA AZUL - Botellas intervenidas por artesanos Wix\u00e1rikas para llevar la magia de la cultura mexicana a casa.\",\"breadcrumb\":{\"@id\":\"https:\\\/\\\/cavadeoro.mx\\\/?product=extra-anejo-huichol-mini-tortuga#breadcrumb\"},\"inLanguage\":\"es\",\"potentialAction\":[{\"@type\":\"ReadAction\",\"target\":[\"https:\\\/\\\/cavadeoro.mx\\\/?product=extra-anejo-huichol-mini-tortuga\"]}]},{\"@type\":\"ImageObject\",\"inLanguage\":\"es\",\"@id\":\"https:\\\/\\\/cavadeoro.mx\\\/?product=extra-anejo-huichol-mini-tortuga#primaryimage\",\"url\":\"https:\\\/\\\/cavadeoro.mx\\\/wp-content\\\/uploads\\\/2024\\\/12\\\/6-Mini-huichol-Tortuga-png.avif\",\"contentUrl\":\"https:\\\/\\\/cavadeoro.mx\\\/wp-content\\\/uploads\\\/2024\\\/12\\\/6-Mini-huichol-Tortuga-png.avif\",\"width\":1056,\"height\":1320},{\"@type\":\"BreadcrumbList\",\"@id\":\"https:\\\/\\\/cavadeoro.mx\\\/?product=extra-anejo-huichol-mini-tortuga#breadcrumb\",\"itemListElement\":[{\"@type\":\"ListItem\",\"position\":1,\"name\":\"Portada\",\"item\":\"https:\\\/\\\/cavadeoro.mx\\\/?page_id=14294&lang=en\"},{\"@type\":\"ListItem\",\"position\":2,\"name\":\"TIENDA\",\"item\":\"https:\\\/\\\/cavadeoro.mx\\\/?page_id=401\"},{\"@type\":\"ListItem\",\"position\":3,\"name\":\"Extra A\u00f1ejo Huichol Mini | Tortuga\"}]},{\"@type\":\"WebSite\",\"@id\":\"https:\\\/\\\/cavadeoro.mx\\\/#website\",\"url\":\"https:\\\/\\\/cavadeoro.mx\\\/\",\"name\":\"Tequila Cava de Oro\",\"description\":\"100% Agave Azul\",\"publisher\":{\"@id\":\"https:\\\/\\\/cavadeoro.mx\\\/#organization\"},\"potentialAction\":[{\"@type\":\"SearchAction\",\"target\":{\"@type\":\"EntryPoint\",\"urlTemplate\":\"https:\\\/\\\/cavadeoro.mx\\\/?s={search_term_string}\"},\"query-input\":{\"@type\":\"PropertyValueSpecification\",\"valueRequired\":true,\"valueName\":\"search_term_string\"}}],\"inLanguage\":\"es\"},{\"@type\":\"Organization\",\"@id\":\"https:\\\/\\\/cavadeoro.mx\\\/#organization\",\"name\":\"Tequila Cava de Oro\",\"url\":\"https:\\\/\\\/cavadeoro.mx\\\/\",\"logo\":{\"@type\":\"ImageObject\",\"inLanguage\":\"es\",\"@id\":\"https:\\\/\\\/cavadeoro.mx\\\/#\\\/schema\\\/logo\\\/image\\\/\",\"url\":\"https:\\\/\\\/cavadeoro.mx\\\/wp-content\\\/uploads\\\/2022\\\/04\\\/cropped-Logo-menu.png\",\"contentUrl\":\"https:\\\/\\\/cavadeoro.mx\\\/wp-content\\\/uploads\\\/2022\\\/04\\\/cropped-Logo-menu.png\",\"width\":92,\"height\":66,\"caption\":\"Tequila Cava de Oro\"},\"image\":{\"@id\":\"https:\\\/\\\/cavadeoro.mx\\\/#\\\/schema\\\/logo\\\/image\\\/\"},\"sameAs\":[\"https:\\\/\\\/facebook.com\\\/cavadeoro\",\"https:\\\/\\\/instagram.com\\\/cavadeoro\"]}]}<\/script>\n<!-- \/ Yoast SEO Premium plugin. -->","yoast_head_json":{"title":"Extra A\u00f1ejo Huichol Mini | Tortuga - Tequila Cava de Oro","description":"Tequila Extra A\u00f1ejo | Arte Huichol | ESTRELLA AZUL - Botellas intervenidas por artesanos Wix\u00e1rikas para llevar la magia de la cultura mexicana a casa.","robots":{"index":"index","follow":"follow","max-snippet":"max-snippet:-1","max-image-preview":"max-image-preview:large","max-video-preview":"max-video-preview:-1"},"canonical":"https:\/\/cavadeoro.mx\/?product=extra-anejo-huichol-mini-tortuga","og_locale":"es_MX","og_type":"article","og_title":"Extra A\u00f1ejo Huichol Mini | Tortuga","og_description":"Tequila Extra A\u00f1ejo | Arte Huichol | ESTRELLA AZUL - Botellas intervenidas por artesanos Wix\u00e1rikas para llevar la magia de la cultura mexicana a casa.","og_url":"https:\/\/cavadeoro.mx\/?product=extra-anejo-huichol-mini-tortuga","og_site_name":"Tequila Cava de Oro","article_publisher":"https:\/\/facebook.com\/cavadeoro","article_modified_time":"2025-06-14T14:47:27+00:00","og_image":[{"width":1056,"height":1320,"url":"https:\/\/cavadeoro.mx\/wp-content\/uploads\/2024\/12\/6-Mini-huichol-Tortuga-png.avif","type":"image\/png"}],"twitter_card":"summary_large_image","twitter_misc":{"Tiempo de lectura":"3 minutos"},"schema":{"@context":"https:\/\/schema.org","@graph":[{"@type":"WebPage","@id":"https:\/\/cavadeoro.mx\/?product=extra-anejo-huichol-mini-tortuga","url":"https:\/\/cavadeoro.mx\/?product=extra-anejo-huichol-mini-tortuga","name":"Extra A\u00f1ejo Huichol Mini | Tortuga - Tequila Cava de Oro","isPartOf":{"@id":"https:\/\/cavadeoro.mx\/#website"},"primaryImageOfPage":{"@id":"https:\/\/cavadeoro.mx\/?product=extra-anejo-huichol-mini-tortuga#primaryimage"},"image":{"@id":"https:\/\/cavadeoro.mx\/?product=extra-anejo-huichol-mini-tortuga#primaryimage"},"thumbnailUrl":"https:\/\/cavadeoro.mx\/wp-content\/uploads\/2024\/12\/6-Mini-huichol-Tortuga-png.avif","datePublished":"2023-05-08T01:18:38+00:00","dateModified":"2025-06-14T14:47:27+00:00","description":"Tequila Extra A\u00f1ejo | Arte Huichol | ESTRELLA AZUL - Botellas intervenidas por artesanos Wix\u00e1rikas para llevar la magia de la cultura mexicana a casa.","breadcrumb":{"@id":"https:\/\/cavadeoro.mx\/?product=extra-anejo-huichol-mini-tortuga#breadcrumb"},"inLanguage":"es","potentialAction":[{"@type":"ReadAction","target":["https:\/\/cavadeoro.mx\/?product=extra-anejo-huichol-mini-tortuga"]}]},{"@type":"ImageObject","inLanguage":"es","@id":"https:\/\/cavadeoro.mx\/?product=extra-anejo-huichol-mini-tortuga#primaryimage","url":"https:\/\/cavadeoro.mx\/wp-content\/uploads\/2024\/12\/6-Mini-huichol-Tortuga-png.avif","contentUrl":"https:\/\/cavadeoro.mx\/wp-content\/uploads\/2024\/12\/6-Mini-huichol-Tortuga-png.avif","width":1056,"height":1320},{"@type":"BreadcrumbList","@id":"https:\/\/cavadeoro.mx\/?product=extra-anejo-huichol-mini-tortuga#breadcrumb","itemListElement":[{"@type":"ListItem","position":1,"name":"Portada","item":"https:\/\/cavadeoro.mx\/?page_id=14294&lang=en"},{"@type":"ListItem","position":2,"name":"TIENDA","item":"https:\/\/cavadeoro.mx\/?page_id=401"},{"@type":"ListItem","position":3,"name":"Extra A\u00f1ejo Huichol Mini | Tortuga"}]},{"@type":"WebSite","@id":"https:\/\/cavadeoro.mx\/#website","url":"https:\/\/cavadeoro.mx\/","name":"Tequila Cava de Oro","description":"100% Agave Azul","publisher":{"@id":"https:\/\/cavadeoro.mx\/#organization"},"potentialAction":[{"@type":"SearchAction","target":{"@type":"EntryPoint","urlTemplate":"https:\/\/cavadeoro.mx\/?s={search_term_string}"},"query-input":{"@type":"PropertyValueSpecification","valueRequired":true,"valueName":"search_term_string"}}],"inLanguage":"es"},{"@type":"Organization","@id":"https:\/\/cavadeoro.mx\/#organization","name":"Tequila Cava de Oro","url":"https:\/\/cavadeoro.mx\/","logo":{"@type":"ImageObject","inLanguage":"es","@id":"https:\/\/cavadeoro.mx\/#\/schema\/logo\/image\/","url":"https:\/\/cavadeoro.mx\/wp-content\/uploads\/2022\/04\/cropped-Logo-menu.png","contentUrl":"https:\/\/cavadeoro.mx\/wp-content\/uploads\/2022\/04\/cropped-Logo-menu.png","width":92,"height":66,"caption":"Tequila Cava de Oro"},"image":{"@id":"https:\/\/cavadeoro.mx\/#\/schema\/logo\/image\/"},"sameAs":["https:\/\/facebook.com\/cavadeoro","https:\/\/instagram.com\/cavadeoro"]}]}},"lang":"es","translations":{"es":18526},"pll_sync_post":[],"_links":{"self":[{"href":"https:\/\/cavadeoro.mx\/index.php?rest_route=\/wp\/v2\/product\/18526","targetHints":{"allow":["GET"]}}],"collection":[{"href":"https:\/\/cavadeoro.mx\/index.php?rest_route=\/wp\/v2\/product"}],"about":[{"href":"https:\/\/cavadeoro.mx\/index.php?rest_route=\/wp\/v2\/types\/product"}],"version-history":[{"count":2,"href":"https:\/\/cavadeoro.mx\/index.php?rest_route=\/wp\/v2\/product\/18526\/revisions"}],"predecessor-version":[{"id":18529,"href":"https:\/\/cavadeoro.mx\/index.php?rest_route=\/wp\/v2\/product\/18526\/revisions\/18529"}],"wp:featuredmedia":[{"embeddable":true,"href":"https:\/\/cavadeoro.mx\/index.php?rest_route=\/wp\/v2\/media\/18527"}],"wp:attachment":[{"href":"https:\/\/cavadeoro.mx\/index.php?rest_route=%2Fwp%2Fv2%2Fmedia&parent=18526"}],"wp:term":[{"taxonomy":"product_brand","embeddable":true,"href":"https:\/\/cavadeoro.mx\/index.php?rest_route=%2Fwp%2Fv2%2Fproduct_brand&post=18526"},{"taxonomy":"product_cat","embeddable":true,"href":"https:\/\/cavadeoro.mx\/index.php?rest_route=%2Fwp%2Fv2%2Fproduct_cat&post=18526"},{"taxonomy":"product_tag","embeddable":true,"href":"https:\/\/cavadeoro.mx\/index.php?rest_route=%2Fwp%2Fv2%2Fproduct_tag&post=18526"}],"curies":[{"name":"wp","href":"https:\/\/api.w.org\/{rel}","templated":true}]}}