{"id":19081,"date":"2023-05-07T13:52:44","date_gmt":"2023-05-07T19:52:44","guid":{"rendered":"https:\/\/cavadeoro.mx\/?post_type=product&#038;p=19081"},"modified":"2025-02-06T13:54:09","modified_gmt":"2025-02-06T19:54:09","slug":"tequila-extra-anejo-arte-huichol-serpiente-colors","status":"publish","type":"product","link":"https:\/\/cavadeoro.mx\/?product=tequila-extra-anejo-arte-huichol-serpiente-colors","title":{"rendered":"Tequila Extra A\u00f1ejo | Arte Huichol | SERPIENTE COLORS"},"content":{"rendered":"<p><img fetchpriority=\"high\" decoding=\"async\" class=\"aligncenter wp-image-10853 size-full\" src=\"https:\/\/cavadeoro.mx\/wp-content\/uploads\/2022\/01\/banner-wixarikas-01-02.png\" alt=\"\" width=\"1466\" height=\"473\" srcset=\"https:\/\/cavadeoro.mx\/wp-content\/uploads\/2022\/01\/banner-wixarikas-01-02.png 1466w, https:\/\/cavadeoro.mx\/wp-content\/uploads\/2022\/01\/banner-wixarikas-01-02-700x226.png 700w, https:\/\/cavadeoro.mx\/wp-content\/uploads\/2022\/01\/banner-wixarikas-01-02-300x97.png 300w, https:\/\/cavadeoro.mx\/wp-content\/uploads\/2022\/01\/banner-wixarikas-01-02-1024x330.png 1024w, https:\/\/cavadeoro.mx\/wp-content\/uploads\/2022\/01\/banner-wixarikas-01-02-768x248.png 768w, https:\/\/cavadeoro.mx\/wp-content\/uploads\/2022\/01\/banner-wixarikas-01-02-500x161.png 500w, https:\/\/cavadeoro.mx\/wp-content\/uploads\/2022\/01\/banner-wixarikas-01-02-600x194.png 600w\" sizes=\"(max-width: 1466px) 100vw, 1466px\" \/><\/p>\n<p>&nbsp;<\/p>\n<h1 style=\"text-align: center;\"><strong>Tequila Extra A\u00f1ejo | Arte Huichol | SERPIENTE COLORS<\/strong><\/h1>\n<p style=\"text-align: center;\"><em>M\u00e9xico, \u00a1La magia de una cultura \u00fanica!, un pa\u00eds rico en tradiciones y leyendas.<\/em><\/p>\n<p>&nbsp;<\/p>\n<p>&nbsp;<\/p>\n<p><img decoding=\"async\" class=\"alignnone wp-image-10855 size-full\" src=\"https:\/\/cavadeoro.mx\/wp-content\/uploads\/2022\/01\/banner-wixarikas-01-01-01.png\" alt=\"\" width=\"1506\" height=\"474\" srcset=\"https:\/\/cavadeoro.mx\/wp-content\/uploads\/2022\/01\/banner-wixarikas-01-01-01.png 1506w, https:\/\/cavadeoro.mx\/wp-content\/uploads\/2022\/01\/banner-wixarikas-01-01-01-700x220.png 700w, https:\/\/cavadeoro.mx\/wp-content\/uploads\/2022\/01\/banner-wixarikas-01-01-01-300x94.png 300w, https:\/\/cavadeoro.mx\/wp-content\/uploads\/2022\/01\/banner-wixarikas-01-01-01-1024x322.png 1024w, https:\/\/cavadeoro.mx\/wp-content\/uploads\/2022\/01\/banner-wixarikas-01-01-01-768x242.png 768w, https:\/\/cavadeoro.mx\/wp-content\/uploads\/2022\/01\/banner-wixarikas-01-01-01-500x157.png 500w, https:\/\/cavadeoro.mx\/wp-content\/uploads\/2022\/01\/banner-wixarikas-01-01-01-600x189.png 600w\" sizes=\"(max-width: 1506px) 100vw, 1506px\" \/><\/p>\n<p>&nbsp;<\/p>\n<p>De la magia de una cultura \u00fanica nace la <strong>Edici\u00f3n Especial Arte Huichol,<\/strong>\u00a0donde a trav\u00e9s de una botella de\u00a0<strong><a href=\"https:\/\/cavadeoro.mx\/producto\/extra-anejo\/\"><span class=\"_5afx\"><span class=\"_58cm\">Tequila Extra A\u00f1ejo<\/span><\/span><\/a>\u00a0<\/strong>se cuentan historias y se resalta la belleza natural de los Wix\u00e1ricas. A trav\u00e9s de las creaciones en sus artesan\u00edas, nos cuentan sus historias y son transformados en arte, de esta manera podemos hacer la adquisici\u00f3n de alguno de sus dise\u00f1os y llevar un poco de cultura Mexicana a nuestro hogar.<\/p>\n<p>&nbsp;<\/p>\n<p>En Cava de Oro nos enorgullece nuestra cultura mexicana y con esta Edici\u00f3n Especial estamos apoyando el arte, el trabajo y la cultura Wix\u00e1rika, para que se reconozca y aprecie en otras ciudades y pa\u00edses del mundo. \u00a1Gracias por ser parte!<\/p>\n<p>&nbsp;<\/p>\n<p style=\"text-align: center;\"><em><strong>Dise\u00f1os \u00fanicos, elaborados en la regi\u00f3n. \u00a1No encontrar\u00e1s dos iguales!<\/strong><\/em><\/p>\n<p style=\"text-align: center;\">Cava de Oro<\/p>\n","protected":false},"excerpt":{"rendered":"<p><strong>Tequila Extra A\u00f1ejo con\u00a05 a\u00f1os de maduraci\u00f3n en barricas de roble blanco franc\u00e9s.<br \/>\nArte \u00fanico realizado a mano por artesanos Wix\u00e1rikas.<\/strong><\/p>\n<p><strong><img decoding=\"async\" class=\"wp-image-11871 alignnone\" src=\"https:\/\/cavadeoro.mx\/wp-content\/uploads\/2021\/06\/CAVA-DE-ORO-100-negro-300x107.png\" alt=\"\" width=\"185\" height=\"66\" srcset=\"https:\/\/cavadeoro.mx\/wp-content\/uploads\/2021\/06\/CAVA-DE-ORO-100-negro-300x107.png 300w, https:\/\/cavadeoro.mx\/wp-content\/uploads\/2021\/06\/CAVA-DE-ORO-100-negro-500x178.png 500w, https:\/\/cavadeoro.mx\/wp-content\/uploads\/2021\/06\/CAVA-DE-ORO-100-negro-600x213.png 600w, https:\/\/cavadeoro.mx\/wp-content\/uploads\/2021\/06\/CAVA-DE-ORO-100-negro.png 650w\" sizes=\"(max-width: 185px) 100vw, 185px\" \/><\/strong><\/p>\n<p><strong>38% ALC. VOL. |<b> 7<\/b><b>50 ML<\/b><\/strong><\/p>\n","protected":false},"featured_media":19084,"template":"","meta":[],"product_brand":[],"product_cat":[136,116,134],"product_tag":[431,117,76,70],"class_list":{"0":"post-19081","1":"product","2":"type-product","3":"status-publish","4":"has-post-thumbnail","6":"product_cat-arte-huichol","7":"product_cat-coleccionable","8":"product_cat-tequila-edicion-especial","9":"product_tag-arte-huichol","10":"product_tag-coleccionable","11":"product_tag-extra-anejo","12":"product_tag-tequila","14":"first","15":"instock","16":"shipping-taxable","17":"purchasable","18":"product-type-variable"},"yoast_head":"<!-- This site is optimized with the Yoast SEO Premium plugin v22.8 (Yoast SEO v27.2) - https:\/\/yoast.com\/product\/yoast-seo-premium-wordpress\/ -->\n<title>Tequila Extra A\u00f1ejo | Arte Huichol | SERPIENTE COLORS - Tequila Cava de Oro<\/title>\n<meta name=\"description\" content=\"Tequila Extra A\u00f1ejo | Arte Huichol | SERPIENTE COLORS\u00a0\u00a1La magia de una cultura \u00fanica! En una misma pieza con el Tequila.\" \/>\n<meta name=\"robots\" content=\"index, follow, max-snippet:-1, max-image-preview:large, max-video-preview:-1\" \/>\n<link rel=\"canonical\" href=\"https:\/\/cavadeoro.mx\/?product=tequila-extra-anejo-arte-huichol-serpiente-colors\" \/>\n<meta property=\"og:locale\" content=\"es_MX\" \/>\n<meta property=\"og:type\" content=\"article\" \/>\n<meta property=\"og:title\" content=\"Tequila Extra A\u00f1ejo | Arte Huichol | SERPIENTE COLORS\" \/>\n<meta property=\"og:description\" content=\"Tequila Extra A\u00f1ejo | Arte Huichol | SERPIENTE COLORS\u00a0\u00a1La magia de una cultura \u00fanica! En una misma pieza con el Tequila.\" \/>\n<meta property=\"og:url\" content=\"https:\/\/cavadeoro.mx\/?product=tequila-extra-anejo-arte-huichol-serpiente-colors\" \/>\n<meta property=\"og:site_name\" content=\"Tequila Cava de Oro\" \/>\n<meta property=\"article:publisher\" content=\"https:\/\/facebook.com\/cavadeoro\" \/>\n<meta property=\"article:modified_time\" content=\"2025-02-06T19:54:09+00:00\" \/>\n<meta property=\"og:image\" content=\"https:\/\/cavadeoro.mx\/wp-content\/uploads\/2025\/02\/12-Gde-png.webp\" \/>\n\t<meta property=\"og:image:width\" content=\"1056\" \/>\n\t<meta property=\"og:image:height\" content=\"1320\" \/>\n\t<meta property=\"og:image:type\" content=\"image\/png\" \/>\n<meta name=\"twitter:card\" content=\"summary_large_image\" \/>\n<meta name=\"twitter:label1\" content=\"Tiempo de lectura\" \/>\n\t<meta name=\"twitter:data1\" content=\"2 minutos\" \/>\n<script type=\"application\/ld+json\" class=\"yoast-schema-graph\">{\"@context\":\"https:\/\/schema.org\",\"@graph\":[{\"@type\":\"WebPage\",\"@id\":\"https:\/\/cavadeoro.mx\/?product=tequila-extra-anejo-arte-huichol-serpiente-colors\",\"url\":\"https:\/\/cavadeoro.mx\/?product=tequila-extra-anejo-arte-huichol-serpiente-colors\",\"name\":\"Tequila Extra A\u00f1ejo | Arte Huichol | SERPIENTE COLORS - Tequila Cava de Oro\",\"isPartOf\":{\"@id\":\"https:\/\/cavadeoro.mx\/#website\"},\"primaryImageOfPage\":{\"@id\":\"https:\/\/cavadeoro.mx\/?product=tequila-extra-anejo-arte-huichol-serpiente-colors#primaryimage\"},\"image\":{\"@id\":\"https:\/\/cavadeoro.mx\/?product=tequila-extra-anejo-arte-huichol-serpiente-colors#primaryimage\"},\"thumbnailUrl\":\"https:\/\/cavadeoro.mx\/wp-content\/uploads\/2025\/02\/12-Gde-png.webp\",\"datePublished\":\"2023-05-07T19:52:44+00:00\",\"dateModified\":\"2025-02-06T19:54:09+00:00\",\"description\":\"Tequila Extra A\u00f1ejo | Arte Huichol | SERPIENTE COLORS\u00a0\u00a1La magia de una cultura \u00fanica! En una misma pieza con el Tequila.\",\"breadcrumb\":{\"@id\":\"https:\/\/cavadeoro.mx\/?product=tequila-extra-anejo-arte-huichol-serpiente-colors#breadcrumb\"},\"inLanguage\":\"es\",\"potentialAction\":[{\"@type\":\"ReadAction\",\"target\":[\"https:\/\/cavadeoro.mx\/?product=tequila-extra-anejo-arte-huichol-serpiente-colors\"]}]},{\"@type\":\"ImageObject\",\"inLanguage\":\"es\",\"@id\":\"https:\/\/cavadeoro.mx\/?product=tequila-extra-anejo-arte-huichol-serpiente-colors#primaryimage\",\"url\":\"https:\/\/cavadeoro.mx\/wp-content\/uploads\/2025\/02\/12-Gde-png.webp\",\"contentUrl\":\"https:\/\/cavadeoro.mx\/wp-content\/uploads\/2025\/02\/12-Gde-png.webp\",\"width\":1056,\"height\":1320},{\"@type\":\"BreadcrumbList\",\"@id\":\"https:\/\/cavadeoro.mx\/?product=tequila-extra-anejo-arte-huichol-serpiente-colors#breadcrumb\",\"itemListElement\":[{\"@type\":\"ListItem\",\"position\":1,\"name\":\"Portada\",\"item\":\"https:\/\/cavadeoro.mx\/?page_id=14294&lang=en\"},{\"@type\":\"ListItem\",\"position\":2,\"name\":\"TIENDA\",\"item\":\"https:\/\/cavadeoro.mx\/?page_id=401\"},{\"@type\":\"ListItem\",\"position\":3,\"name\":\"Tequila Extra A\u00f1ejo | Arte Huichol | SERPIENTE COLORS\"}]},{\"@type\":\"WebSite\",\"@id\":\"https:\/\/cavadeoro.mx\/#website\",\"url\":\"https:\/\/cavadeoro.mx\/\",\"name\":\"Tequila Cava de Oro\",\"description\":\"100% Agave Azul\",\"publisher\":{\"@id\":\"https:\/\/cavadeoro.mx\/#organization\"},\"potentialAction\":[{\"@type\":\"SearchAction\",\"target\":{\"@type\":\"EntryPoint\",\"urlTemplate\":\"https:\/\/cavadeoro.mx\/?s={search_term_string}\"},\"query-input\":{\"@type\":\"PropertyValueSpecification\",\"valueRequired\":true,\"valueName\":\"search_term_string\"}}],\"inLanguage\":\"es\"},{\"@type\":\"Organization\",\"@id\":\"https:\/\/cavadeoro.mx\/#organization\",\"name\":\"Tequila Cava de Oro\",\"url\":\"https:\/\/cavadeoro.mx\/\",\"logo\":{\"@type\":\"ImageObject\",\"inLanguage\":\"es\",\"@id\":\"https:\/\/cavadeoro.mx\/#\/schema\/logo\/image\/\",\"url\":\"https:\/\/cavadeoro.mx\/wp-content\/uploads\/2022\/04\/cropped-Logo-menu.png\",\"contentUrl\":\"https:\/\/cavadeoro.mx\/wp-content\/uploads\/2022\/04\/cropped-Logo-menu.png\",\"width\":92,\"height\":66,\"caption\":\"Tequila Cava de Oro\"},\"image\":{\"@id\":\"https:\/\/cavadeoro.mx\/#\/schema\/logo\/image\/\"},\"sameAs\":[\"https:\/\/facebook.com\/cavadeoro\",\"https:\/\/instagram.com\/cavadeoro\"]}]}<\/script>\n<!-- \/ Yoast SEO Premium plugin. -->","yoast_head_json":{"title":"Tequila Extra A\u00f1ejo | Arte Huichol | SERPIENTE COLORS - Tequila Cava de Oro","description":"Tequila Extra A\u00f1ejo | Arte Huichol | SERPIENTE COLORS\u00a0\u00a1La magia de una cultura \u00fanica! En una misma pieza con el Tequila.","robots":{"index":"index","follow":"follow","max-snippet":"max-snippet:-1","max-image-preview":"max-image-preview:large","max-video-preview":"max-video-preview:-1"},"canonical":"https:\/\/cavadeoro.mx\/?product=tequila-extra-anejo-arte-huichol-serpiente-colors","og_locale":"es_MX","og_type":"article","og_title":"Tequila Extra A\u00f1ejo | Arte Huichol | SERPIENTE COLORS","og_description":"Tequila Extra A\u00f1ejo | Arte Huichol | SERPIENTE COLORS\u00a0\u00a1La magia de una cultura \u00fanica! En una misma pieza con el Tequila.","og_url":"https:\/\/cavadeoro.mx\/?product=tequila-extra-anejo-arte-huichol-serpiente-colors","og_site_name":"Tequila Cava de Oro","article_publisher":"https:\/\/facebook.com\/cavadeoro","article_modified_time":"2025-02-06T19:54:09+00:00","og_image":[{"width":1056,"height":1320,"url":"https:\/\/cavadeoro.mx\/wp-content\/uploads\/2025\/02\/12-Gde-png.webp","type":"image\/png"}],"twitter_card":"summary_large_image","twitter_misc":{"Tiempo de lectura":"2 minutos"},"schema":{"@context":"https:\/\/schema.org","@graph":[{"@type":"WebPage","@id":"https:\/\/cavadeoro.mx\/?product=tequila-extra-anejo-arte-huichol-serpiente-colors","url":"https:\/\/cavadeoro.mx\/?product=tequila-extra-anejo-arte-huichol-serpiente-colors","name":"Tequila Extra A\u00f1ejo | Arte Huichol | SERPIENTE COLORS - Tequila Cava de Oro","isPartOf":{"@id":"https:\/\/cavadeoro.mx\/#website"},"primaryImageOfPage":{"@id":"https:\/\/cavadeoro.mx\/?product=tequila-extra-anejo-arte-huichol-serpiente-colors#primaryimage"},"image":{"@id":"https:\/\/cavadeoro.mx\/?product=tequila-extra-anejo-arte-huichol-serpiente-colors#primaryimage"},"thumbnailUrl":"https:\/\/cavadeoro.mx\/wp-content\/uploads\/2025\/02\/12-Gde-png.webp","datePublished":"2023-05-07T19:52:44+00:00","dateModified":"2025-02-06T19:54:09+00:00","description":"Tequila Extra A\u00f1ejo | Arte Huichol | SERPIENTE COLORS\u00a0\u00a1La magia de una cultura \u00fanica! En una misma pieza con el Tequila.","breadcrumb":{"@id":"https:\/\/cavadeoro.mx\/?product=tequila-extra-anejo-arte-huichol-serpiente-colors#breadcrumb"},"inLanguage":"es","potentialAction":[{"@type":"ReadAction","target":["https:\/\/cavadeoro.mx\/?product=tequila-extra-anejo-arte-huichol-serpiente-colors"]}]},{"@type":"ImageObject","inLanguage":"es","@id":"https:\/\/cavadeoro.mx\/?product=tequila-extra-anejo-arte-huichol-serpiente-colors#primaryimage","url":"https:\/\/cavadeoro.mx\/wp-content\/uploads\/2025\/02\/12-Gde-png.webp","contentUrl":"https:\/\/cavadeoro.mx\/wp-content\/uploads\/2025\/02\/12-Gde-png.webp","width":1056,"height":1320},{"@type":"BreadcrumbList","@id":"https:\/\/cavadeoro.mx\/?product=tequila-extra-anejo-arte-huichol-serpiente-colors#breadcrumb","itemListElement":[{"@type":"ListItem","position":1,"name":"Portada","item":"https:\/\/cavadeoro.mx\/?page_id=14294&lang=en"},{"@type":"ListItem","position":2,"name":"TIENDA","item":"https:\/\/cavadeoro.mx\/?page_id=401"},{"@type":"ListItem","position":3,"name":"Tequila Extra A\u00f1ejo | Arte Huichol | SERPIENTE COLORS"}]},{"@type":"WebSite","@id":"https:\/\/cavadeoro.mx\/#website","url":"https:\/\/cavadeoro.mx\/","name":"Tequila Cava de Oro","description":"100% Agave Azul","publisher":{"@id":"https:\/\/cavadeoro.mx\/#organization"},"potentialAction":[{"@type":"SearchAction","target":{"@type":"EntryPoint","urlTemplate":"https:\/\/cavadeoro.mx\/?s={search_term_string}"},"query-input":{"@type":"PropertyValueSpecification","valueRequired":true,"valueName":"search_term_string"}}],"inLanguage":"es"},{"@type":"Organization","@id":"https:\/\/cavadeoro.mx\/#organization","name":"Tequila Cava de Oro","url":"https:\/\/cavadeoro.mx\/","logo":{"@type":"ImageObject","inLanguage":"es","@id":"https:\/\/cavadeoro.mx\/#\/schema\/logo\/image\/","url":"https:\/\/cavadeoro.mx\/wp-content\/uploads\/2022\/04\/cropped-Logo-menu.png","contentUrl":"https:\/\/cavadeoro.mx\/wp-content\/uploads\/2022\/04\/cropped-Logo-menu.png","width":92,"height":66,"caption":"Tequila Cava de Oro"},"image":{"@id":"https:\/\/cavadeoro.mx\/#\/schema\/logo\/image\/"},"sameAs":["https:\/\/facebook.com\/cavadeoro","https:\/\/instagram.com\/cavadeoro"]}]}},"lang":"es","translations":{"es":19081},"pll_sync_post":[],"_links":{"self":[{"href":"https:\/\/cavadeoro.mx\/index.php?rest_route=\/wp\/v2\/product\/19081","targetHints":{"allow":["GET"]}}],"collection":[{"href":"https:\/\/cavadeoro.mx\/index.php?rest_route=\/wp\/v2\/product"}],"about":[{"href":"https:\/\/cavadeoro.mx\/index.php?rest_route=\/wp\/v2\/types\/product"}],"version-history":[{"count":1,"href":"https:\/\/cavadeoro.mx\/index.php?rest_route=\/wp\/v2\/product\/19081\/revisions"}],"predecessor-version":[{"id":19085,"href":"https:\/\/cavadeoro.mx\/index.php?rest_route=\/wp\/v2\/product\/19081\/revisions\/19085"}],"wp:featuredmedia":[{"embeddable":true,"href":"https:\/\/cavadeoro.mx\/index.php?rest_route=\/wp\/v2\/media\/19084"}],"wp:attachment":[{"href":"https:\/\/cavadeoro.mx\/index.php?rest_route=%2Fwp%2Fv2%2Fmedia&parent=19081"}],"wp:term":[{"taxonomy":"product_brand","embeddable":true,"href":"https:\/\/cavadeoro.mx\/index.php?rest_route=%2Fwp%2Fv2%2Fproduct_brand&post=19081"},{"taxonomy":"product_cat","embeddable":true,"href":"https:\/\/cavadeoro.mx\/index.php?rest_route=%2Fwp%2Fv2%2Fproduct_cat&post=19081"},{"taxonomy":"product_tag","embeddable":true,"href":"https:\/\/cavadeoro.mx\/index.php?rest_route=%2Fwp%2Fv2%2Fproduct_tag&post=19081"}],"curies":[{"name":"wp","href":"https:\/\/api.w.org\/{rel}","templated":true}]}}