{"id":3177,"date":"2024-11-12T14:25:20","date_gmt":"2024-11-12T20:25:20","guid":{"rendered":"https:\/\/cavanew.cavadeoro.mx\/?post_type=product&#038;p=3177"},"modified":"2025-12-27T07:45:19","modified_gmt":"2025-12-27T13:45:19","slug":"plata","status":"publish","type":"product","link":"https:\/\/cavadeoro.mx\/?product=plata","title":{"rendered":"PLATA"},"content":{"rendered":"<p style=\"text-align: center;\"><span style=\"font-weight: 400;\">Nuestro <strong>Tequila Plata<\/strong> es un Tequila \u00fanico, que encanta al paladar que lo prueba por su suavidad, ligero sabor a agave cocido y caramelo.<\/span><\/p>\n<h3 style=\"text-align: center;\"><strong>tequila directo de destilado sin pasar por barrica<\/strong><\/h3>\n<p><img fetchpriority=\"high\" decoding=\"async\" class=\"aligncenter wp-image-13429 \" src=\"https:\/\/cavadeoro.mx\/wp-content\/uploads\/2022\/07\/Perfil-del-tequila_Mesa-de-trabajo-1-1024x322.png\" alt=\"\" width=\"602\" height=\"189\" srcset=\"https:\/\/cavadeoro.mx\/wp-content\/uploads\/2022\/07\/Perfil-del-tequila_Mesa-de-trabajo-1-1024x322.png 1024w, https:\/\/cavadeoro.mx\/wp-content\/uploads\/2022\/07\/Perfil-del-tequila_Mesa-de-trabajo-1-700x220.png 700w, https:\/\/cavadeoro.mx\/wp-content\/uploads\/2022\/07\/Perfil-del-tequila_Mesa-de-trabajo-1-300x94.png 300w, https:\/\/cavadeoro.mx\/wp-content\/uploads\/2022\/07\/Perfil-del-tequila_Mesa-de-trabajo-1-768x241.png 768w, https:\/\/cavadeoro.mx\/wp-content\/uploads\/2022\/07\/Perfil-del-tequila_Mesa-de-trabajo-1-500x157.png 500w, https:\/\/cavadeoro.mx\/wp-content\/uploads\/2022\/07\/Perfil-del-tequila_Mesa-de-trabajo-1-600x189.png 600w, https:\/\/cavadeoro.mx\/wp-content\/uploads\/2022\/07\/Perfil-del-tequila_Mesa-de-trabajo-1.png 1123w\" sizes=\"(max-width: 602px) 100vw, 602px\" \/><\/p>\n<h3 style=\"text-align: center;\"><strong>Color:<\/strong> <span style=\"font-weight: 400;\">Matices brillantes y tonos luminosos plateados y pajizos.<\/span><\/h3>\n<h3 style=\"text-align: center;\"><strong>Aroma: <\/strong><span style=\"font-weight: 400;\">Potente herb\u00e1ceo y tierra mojada.<\/span><\/h3>\n<h3 style=\"text-align: center;\"><strong>Sabor: <\/strong><span style=\"font-weight: 400;\">Texturas suaves, agave cocido y caramelo, final suave y dulce reafirmando su car\u00e1cter.<\/span><\/h3>\n<h3 style=\"text-align: center;\"><img decoding=\"async\" class=\"wp-image-11871 alignnone aligncenter\" src=\"https:\/\/cavadeoro.mx\/wp-content\/uploads\/2021\/06\/CAVA-DE-ORO-100-negro-300x107.png\" alt=\"\" width=\"185\" height=\"66\" srcset=\"https:\/\/cavadeoro.mx\/wp-content\/uploads\/2021\/06\/CAVA-DE-ORO-100-negro-300x107.png 300w, https:\/\/cavadeoro.mx\/wp-content\/uploads\/2021\/06\/CAVA-DE-ORO-100-negro-500x178.png 500w, https:\/\/cavadeoro.mx\/wp-content\/uploads\/2021\/06\/CAVA-DE-ORO-100-negro-600x213.png 600w, https:\/\/cavadeoro.mx\/wp-content\/uploads\/2021\/06\/CAVA-DE-ORO-100-negro.png 650w\" sizes=\"(max-width: 185px) 100vw, 185px\" \/><strong>38% Alc. Vol. |<\/strong><b>\u00a0<\/b><b>750 ml<\/b><\/h3>\n<p><img decoding=\"async\" class=\"aligncenter wp-image-13455 size-full\" src=\"https:\/\/cavadeoro.mx\/wp-content\/uploads\/2022\/07\/banner-plata.png\" alt=\"\" width=\"1800\" height=\"439\" srcset=\"https:\/\/cavadeoro.mx\/wp-content\/uploads\/2022\/07\/banner-plata.png 1800w, https:\/\/cavadeoro.mx\/wp-content\/uploads\/2022\/07\/banner-plata-700x171.png 700w, https:\/\/cavadeoro.mx\/wp-content\/uploads\/2022\/07\/banner-plata-300x73.png 300w, https:\/\/cavadeoro.mx\/wp-content\/uploads\/2022\/07\/banner-plata-1024x250.png 1024w, https:\/\/cavadeoro.mx\/wp-content\/uploads\/2022\/07\/banner-plata-768x187.png 768w, https:\/\/cavadeoro.mx\/wp-content\/uploads\/2022\/07\/banner-plata-1536x375.png 1536w, https:\/\/cavadeoro.mx\/wp-content\/uploads\/2022\/07\/banner-plata-500x122.png 500w, https:\/\/cavadeoro.mx\/wp-content\/uploads\/2022\/07\/banner-plata-600x146.png 600w\" sizes=\"(max-width: 1800px) 100vw, 1800px\" \/><\/p>\n<h4><img loading=\"lazy\" decoding=\"async\" class=\" wp-image-12542 aligncenter\" src=\"https:\/\/cavadeoro.mx\/wp-content\/uploads\/2020\/02\/CAVA-DE-ORO-NOM-Negro-300x68.png\" alt=\"\" width=\"181\" height=\"41\" srcset=\"https:\/\/cavadeoro.mx\/wp-content\/uploads\/2020\/02\/CAVA-DE-ORO-NOM-Negro-300x68.png 300w, https:\/\/cavadeoro.mx\/wp-content\/uploads\/2020\/02\/CAVA-DE-ORO-NOM-Negro-700x158.png 700w, https:\/\/cavadeoro.mx\/wp-content\/uploads\/2020\/02\/CAVA-DE-ORO-NOM-Negro-768x174.png 768w, https:\/\/cavadeoro.mx\/wp-content\/uploads\/2020\/02\/CAVA-DE-ORO-NOM-Negro-500x113.png 500w, https:\/\/cavadeoro.mx\/wp-content\/uploads\/2020\/02\/CAVA-DE-ORO-NOM-Negro-600x136.png 600w, https:\/\/cavadeoro.mx\/wp-content\/uploads\/2020\/02\/CAVA-DE-ORO-NOM-Negro.png 773w\" sizes=\"(max-width: 181px) 100vw, 181px\" \/><\/h4>\n","protected":false},"excerpt":{"rendered":"<p><span style=\"font-weight: 400;\"><strong>Un Tequila Puro que no pasa por barrica<\/strong>, para mantener su suavidad aterciopelada, un Tequila Blanco, intenso y divertido.<br \/>\n<\/span><img loading=\"lazy\" decoding=\"async\" class=\"wp-image-11871 alignnone\" src=\"https:\/\/cavadeoro.mx\/wp-content\/uploads\/2021\/06\/CAVA-DE-ORO-100-negro-300x107.png\" alt=\"\" width=\"185\" height=\"66\" srcset=\"https:\/\/cavadeoro.mx\/wp-content\/uploads\/2021\/06\/CAVA-DE-ORO-100-negro-300x107.png 300w, https:\/\/cavadeoro.mx\/wp-content\/uploads\/2021\/06\/CAVA-DE-ORO-100-negro-500x178.png 500w, https:\/\/cavadeoro.mx\/wp-content\/uploads\/2021\/06\/CAVA-DE-ORO-100-negro-600x213.png 600w, https:\/\/cavadeoro.mx\/wp-content\/uploads\/2021\/06\/CAVA-DE-ORO-100-negro.png 650w\" sizes=\"(max-width: 185px) 100vw, 185px\" \/><br \/>\n<strong>38% Alc. Vol. |<\/strong><b>\u00a0<\/b><b>750 ml<br \/>\n<\/b>Env\u00edo a todo M\u00e9xico.<\/p>\n","protected":false},"featured_media":19330,"template":"","meta":[],"product_brand":[],"product_cat":[24],"product_tag":[72,74,70,512],"class_list":{"0":"post-3177","1":"product","2":"type-product","3":"status-publish","4":"has-post-thumbnail","6":"product_cat-tequila","7":"product_tag-cava-de-oro","8":"product_tag-plata","9":"product_tag-tequila","10":"product_tag-tequila-plata","12":"first","13":"instock","14":"featured","15":"shipping-taxable","16":"purchasable","17":"product-type-simple"},"yoast_head":"<!-- This site is optimized with the Yoast SEO Premium plugin v22.8 (Yoast SEO v27.4) - https:\/\/yoast.com\/product\/yoast-seo-premium-wordpress\/ -->\n<title>TEQUILA PLATA | Tequila Cava de Oro | Env\u00edo a todo M\u00e9xico.<\/title>\n<meta name=\"description\" content=\"Tequila Plata Cava de Oro, el m\u00e1s puro de la familia, sin a\u00f1ejamiento, Blanco, intenso y con un exquisito sabor. Env\u00edo a todo M\u00e9xico.\" \/>\n<meta name=\"robots\" content=\"index, follow, max-snippet:-1, max-image-preview:large, max-video-preview:-1\" \/>\n<link rel=\"canonical\" href=\"https:\/\/cavadeoro.mx\/?product=plata\" \/>\n<meta property=\"og:locale\" content=\"es_MX\" \/>\n<meta property=\"og:type\" content=\"article\" \/>\n<meta property=\"og:title\" content=\"PLATA\" \/>\n<meta property=\"og:description\" content=\"Tequila Plata Cava de Oro, el m\u00e1s puro de la familia, sin a\u00f1ejamiento, Blanco, intenso y con un exquisito sabor. Env\u00edo a todo M\u00e9xico.\" \/>\n<meta property=\"og:url\" content=\"https:\/\/cavadeoro.mx\/?product=plata\" \/>\n<meta property=\"og:site_name\" content=\"Tequila Cava de Oro\" \/>\n<meta property=\"article:publisher\" content=\"https:\/\/facebook.com\/cavadeoro\" \/>\n<meta property=\"article:modified_time\" content=\"2025-12-27T13:45:19+00:00\" \/>\n<meta property=\"og:image\" content=\"https:\/\/cavadeoro.mx\/wp-content\/uploads\/2024\/11\/1-Plata.webp\" \/>\n\t<meta property=\"og:image:width\" content=\"1112\" \/>\n\t<meta property=\"og:image:height\" content=\"1390\" \/>\n\t<meta property=\"og:image:type\" content=\"image\/png\" \/>\n<meta name=\"twitter:card\" content=\"summary_large_image\" \/>\n<meta name=\"twitter:label1\" content=\"Tiempo de lectura\" \/>\n\t<meta name=\"twitter:data1\" content=\"2 minutos\" \/>\n<script type=\"application\/ld+json\" class=\"yoast-schema-graph\">{\"@context\":\"https:\\\/\\\/schema.org\",\"@graph\":[{\"@type\":\"WebPage\",\"@id\":\"https:\\\/\\\/cavadeoro.mx\\\/?product=plata\",\"url\":\"https:\\\/\\\/cavadeoro.mx\\\/?product=plata\",\"name\":\"TEQUILA PLATA | Tequila Cava de Oro | Env\u00edo a todo M\u00e9xico.\",\"isPartOf\":{\"@id\":\"https:\\\/\\\/cavadeoro.mx\\\/#website\"},\"primaryImageOfPage\":{\"@id\":\"https:\\\/\\\/cavadeoro.mx\\\/?product=plata#primaryimage\"},\"image\":{\"@id\":\"https:\\\/\\\/cavadeoro.mx\\\/?product=plata#primaryimage\"},\"thumbnailUrl\":\"https:\\\/\\\/cavadeoro.mx\\\/wp-content\\\/uploads\\\/2024\\\/11\\\/1-Plata.webp\",\"datePublished\":\"2024-11-12T20:25:20+00:00\",\"dateModified\":\"2025-12-27T13:45:19+00:00\",\"description\":\"Tequila Plata Cava de Oro, el m\u00e1s puro de la familia, sin a\u00f1ejamiento, Blanco, intenso y con un exquisito sabor. Env\u00edo a todo M\u00e9xico.\",\"breadcrumb\":{\"@id\":\"https:\\\/\\\/cavadeoro.mx\\\/?product=plata#breadcrumb\"},\"inLanguage\":\"es\",\"potentialAction\":[{\"@type\":\"ReadAction\",\"target\":[\"https:\\\/\\\/cavadeoro.mx\\\/?product=plata\"]}]},{\"@type\":\"ImageObject\",\"inLanguage\":\"es\",\"@id\":\"https:\\\/\\\/cavadeoro.mx\\\/?product=plata#primaryimage\",\"url\":\"https:\\\/\\\/cavadeoro.mx\\\/wp-content\\\/uploads\\\/2024\\\/11\\\/1-Plata.webp\",\"contentUrl\":\"https:\\\/\\\/cavadeoro.mx\\\/wp-content\\\/uploads\\\/2024\\\/11\\\/1-Plata.webp\",\"width\":1112,\"height\":1390},{\"@type\":\"BreadcrumbList\",\"@id\":\"https:\\\/\\\/cavadeoro.mx\\\/?product=plata#breadcrumb\",\"itemListElement\":[{\"@type\":\"ListItem\",\"position\":1,\"name\":\"Portada\",\"item\":\"https:\\\/\\\/cavadeoro.mx\\\/?page_id=14294&lang=en\"},{\"@type\":\"ListItem\",\"position\":2,\"name\":\"TIENDA\",\"item\":\"https:\\\/\\\/cavadeoro.mx\\\/?page_id=401\"},{\"@type\":\"ListItem\",\"position\":3,\"name\":\"PLATA\"}]},{\"@type\":\"WebSite\",\"@id\":\"https:\\\/\\\/cavadeoro.mx\\\/#website\",\"url\":\"https:\\\/\\\/cavadeoro.mx\\\/\",\"name\":\"Tequila Cava de Oro\",\"description\":\"100% Agave Azul\",\"publisher\":{\"@id\":\"https:\\\/\\\/cavadeoro.mx\\\/#organization\"},\"potentialAction\":[{\"@type\":\"SearchAction\",\"target\":{\"@type\":\"EntryPoint\",\"urlTemplate\":\"https:\\\/\\\/cavadeoro.mx\\\/?s={search_term_string}\"},\"query-input\":{\"@type\":\"PropertyValueSpecification\",\"valueRequired\":true,\"valueName\":\"search_term_string\"}}],\"inLanguage\":\"es\"},{\"@type\":\"Organization\",\"@id\":\"https:\\\/\\\/cavadeoro.mx\\\/#organization\",\"name\":\"Tequila Cava de Oro\",\"url\":\"https:\\\/\\\/cavadeoro.mx\\\/\",\"logo\":{\"@type\":\"ImageObject\",\"inLanguage\":\"es\",\"@id\":\"https:\\\/\\\/cavadeoro.mx\\\/#\\\/schema\\\/logo\\\/image\\\/\",\"url\":\"https:\\\/\\\/cavadeoro.mx\\\/wp-content\\\/uploads\\\/2022\\\/04\\\/cropped-Logo-menu.png\",\"contentUrl\":\"https:\\\/\\\/cavadeoro.mx\\\/wp-content\\\/uploads\\\/2022\\\/04\\\/cropped-Logo-menu.png\",\"width\":92,\"height\":66,\"caption\":\"Tequila Cava de Oro\"},\"image\":{\"@id\":\"https:\\\/\\\/cavadeoro.mx\\\/#\\\/schema\\\/logo\\\/image\\\/\"},\"sameAs\":[\"https:\\\/\\\/facebook.com\\\/cavadeoro\",\"https:\\\/\\\/instagram.com\\\/cavadeoro\"]}]}<\/script>\n<!-- \/ Yoast SEO Premium plugin. -->","yoast_head_json":{"title":"TEQUILA PLATA | Tequila Cava de Oro | Env\u00edo a todo M\u00e9xico.","description":"Tequila Plata Cava de Oro, el m\u00e1s puro de la familia, sin a\u00f1ejamiento, Blanco, intenso y con un exquisito sabor. Env\u00edo a todo M\u00e9xico.","robots":{"index":"index","follow":"follow","max-snippet":"max-snippet:-1","max-image-preview":"max-image-preview:large","max-video-preview":"max-video-preview:-1"},"canonical":"https:\/\/cavadeoro.mx\/?product=plata","og_locale":"es_MX","og_type":"article","og_title":"PLATA","og_description":"Tequila Plata Cava de Oro, el m\u00e1s puro de la familia, sin a\u00f1ejamiento, Blanco, intenso y con un exquisito sabor. Env\u00edo a todo M\u00e9xico.","og_url":"https:\/\/cavadeoro.mx\/?product=plata","og_site_name":"Tequila Cava de Oro","article_publisher":"https:\/\/facebook.com\/cavadeoro","article_modified_time":"2025-12-27T13:45:19+00:00","og_image":[{"width":1112,"height":1390,"url":"https:\/\/cavadeoro.mx\/wp-content\/uploads\/2024\/11\/1-Plata.webp","type":"image\/png"}],"twitter_card":"summary_large_image","twitter_misc":{"Tiempo de lectura":"2 minutos"},"schema":{"@context":"https:\/\/schema.org","@graph":[{"@type":"WebPage","@id":"https:\/\/cavadeoro.mx\/?product=plata","url":"https:\/\/cavadeoro.mx\/?product=plata","name":"TEQUILA PLATA | Tequila Cava de Oro | Env\u00edo a todo M\u00e9xico.","isPartOf":{"@id":"https:\/\/cavadeoro.mx\/#website"},"primaryImageOfPage":{"@id":"https:\/\/cavadeoro.mx\/?product=plata#primaryimage"},"image":{"@id":"https:\/\/cavadeoro.mx\/?product=plata#primaryimage"},"thumbnailUrl":"https:\/\/cavadeoro.mx\/wp-content\/uploads\/2024\/11\/1-Plata.webp","datePublished":"2024-11-12T20:25:20+00:00","dateModified":"2025-12-27T13:45:19+00:00","description":"Tequila Plata Cava de Oro, el m\u00e1s puro de la familia, sin a\u00f1ejamiento, Blanco, intenso y con un exquisito sabor. Env\u00edo a todo M\u00e9xico.","breadcrumb":{"@id":"https:\/\/cavadeoro.mx\/?product=plata#breadcrumb"},"inLanguage":"es","potentialAction":[{"@type":"ReadAction","target":["https:\/\/cavadeoro.mx\/?product=plata"]}]},{"@type":"ImageObject","inLanguage":"es","@id":"https:\/\/cavadeoro.mx\/?product=plata#primaryimage","url":"https:\/\/cavadeoro.mx\/wp-content\/uploads\/2024\/11\/1-Plata.webp","contentUrl":"https:\/\/cavadeoro.mx\/wp-content\/uploads\/2024\/11\/1-Plata.webp","width":1112,"height":1390},{"@type":"BreadcrumbList","@id":"https:\/\/cavadeoro.mx\/?product=plata#breadcrumb","itemListElement":[{"@type":"ListItem","position":1,"name":"Portada","item":"https:\/\/cavadeoro.mx\/?page_id=14294&lang=en"},{"@type":"ListItem","position":2,"name":"TIENDA","item":"https:\/\/cavadeoro.mx\/?page_id=401"},{"@type":"ListItem","position":3,"name":"PLATA"}]},{"@type":"WebSite","@id":"https:\/\/cavadeoro.mx\/#website","url":"https:\/\/cavadeoro.mx\/","name":"Tequila Cava de Oro","description":"100% Agave Azul","publisher":{"@id":"https:\/\/cavadeoro.mx\/#organization"},"potentialAction":[{"@type":"SearchAction","target":{"@type":"EntryPoint","urlTemplate":"https:\/\/cavadeoro.mx\/?s={search_term_string}"},"query-input":{"@type":"PropertyValueSpecification","valueRequired":true,"valueName":"search_term_string"}}],"inLanguage":"es"},{"@type":"Organization","@id":"https:\/\/cavadeoro.mx\/#organization","name":"Tequila Cava de Oro","url":"https:\/\/cavadeoro.mx\/","logo":{"@type":"ImageObject","inLanguage":"es","@id":"https:\/\/cavadeoro.mx\/#\/schema\/logo\/image\/","url":"https:\/\/cavadeoro.mx\/wp-content\/uploads\/2022\/04\/cropped-Logo-menu.png","contentUrl":"https:\/\/cavadeoro.mx\/wp-content\/uploads\/2022\/04\/cropped-Logo-menu.png","width":92,"height":66,"caption":"Tequila Cava de Oro"},"image":{"@id":"https:\/\/cavadeoro.mx\/#\/schema\/logo\/image\/"},"sameAs":["https:\/\/facebook.com\/cavadeoro","https:\/\/instagram.com\/cavadeoro"]}]}},"lang":"es","translations":{"es":3177},"pll_sync_post":[],"_links":{"self":[{"href":"https:\/\/cavadeoro.mx\/index.php?rest_route=\/wp\/v2\/product\/3177","targetHints":{"allow":["GET"]}}],"collection":[{"href":"https:\/\/cavadeoro.mx\/index.php?rest_route=\/wp\/v2\/product"}],"about":[{"href":"https:\/\/cavadeoro.mx\/index.php?rest_route=\/wp\/v2\/types\/product"}],"version-history":[{"count":10,"href":"https:\/\/cavadeoro.mx\/index.php?rest_route=\/wp\/v2\/product\/3177\/revisions"}],"predecessor-version":[{"id":20252,"href":"https:\/\/cavadeoro.mx\/index.php?rest_route=\/wp\/v2\/product\/3177\/revisions\/20252"}],"wp:featuredmedia":[{"embeddable":true,"href":"https:\/\/cavadeoro.mx\/index.php?rest_route=\/wp\/v2\/media\/19330"}],"wp:attachment":[{"href":"https:\/\/cavadeoro.mx\/index.php?rest_route=%2Fwp%2Fv2%2Fmedia&parent=3177"}],"wp:term":[{"taxonomy":"product_brand","embeddable":true,"href":"https:\/\/cavadeoro.mx\/index.php?rest_route=%2Fwp%2Fv2%2Fproduct_brand&post=3177"},{"taxonomy":"product_cat","embeddable":true,"href":"https:\/\/cavadeoro.mx\/index.php?rest_route=%2Fwp%2Fv2%2Fproduct_cat&post=3177"},{"taxonomy":"product_tag","embeddable":true,"href":"https:\/\/cavadeoro.mx\/index.php?rest_route=%2Fwp%2Fv2%2Fproduct_tag&post=3177"}],"curies":[{"name":"wp","href":"https:\/\/api.w.org\/{rel}","templated":true}]}}