{"id":3178,"date":"2024-11-16T16:25:23","date_gmt":"2024-11-16T22:25:23","guid":{"rendered":"https:\/\/cavanew.cavadeoro.mx\/?post_type=product&#038;p=3178"},"modified":"2025-12-27T08:13:21","modified_gmt":"2025-12-27T14:13:21","slug":"anejo-cristalino","status":"publish","type":"product","link":"https:\/\/cavadeoro.mx\/?product=anejo-cristalino","title":{"rendered":"A\u00d1EJO CRISTALINO"},"content":{"rendered":"<p style=\"text-align: center;\"><span style=\"font-weight: 400;\">Nuestro <strong>Tequila A\u00f1ejo Cristalino Cava de Oro,<\/strong> un destilado a\u00f1ejado por 24 meses en barricas de roble blanco franc\u00e9s, obteniendo la complejidad de un Tequila A\u00f1ejo, y posteriormente filtrado en un proceso con carb\u00f3n activado, que le da el toque perfecto entre su textura sedosa, tonos luminosos y cristalinos.<\/span><\/p>\n<p>&nbsp;<\/p>\n<h3 style=\"text-align: center;\"><span style=\"font-weight: 400;\"><strong>Tequila A\u00f1ejo filtrado en un proceso de Carb\u00f3n Activado<\/strong><\/span><\/h3>\n<p><img fetchpriority=\"high\" decoding=\"async\" class=\"aligncenter wp-image-13429 \" src=\"https:\/\/cavadeoro.mx\/wp-content\/uploads\/2022\/07\/Perfil-del-tequila_Mesa-de-trabajo-1-1024x322.png\" alt=\"\" width=\"602\" height=\"189\" srcset=\"https:\/\/cavadeoro.mx\/wp-content\/uploads\/2022\/07\/Perfil-del-tequila_Mesa-de-trabajo-1-1024x322.png 1024w, https:\/\/cavadeoro.mx\/wp-content\/uploads\/2022\/07\/Perfil-del-tequila_Mesa-de-trabajo-1-700x220.png 700w, https:\/\/cavadeoro.mx\/wp-content\/uploads\/2022\/07\/Perfil-del-tequila_Mesa-de-trabajo-1-300x94.png 300w, https:\/\/cavadeoro.mx\/wp-content\/uploads\/2022\/07\/Perfil-del-tequila_Mesa-de-trabajo-1-768x241.png 768w, https:\/\/cavadeoro.mx\/wp-content\/uploads\/2022\/07\/Perfil-del-tequila_Mesa-de-trabajo-1-500x157.png 500w, https:\/\/cavadeoro.mx\/wp-content\/uploads\/2022\/07\/Perfil-del-tequila_Mesa-de-trabajo-1-600x189.png 600w, https:\/\/cavadeoro.mx\/wp-content\/uploads\/2022\/07\/Perfil-del-tequila_Mesa-de-trabajo-1.png 1123w\" sizes=\"(max-width: 602px) 100vw, 602px\" \/><\/p>\n<h3 style=\"text-align: center;\"><strong>Color:<\/strong> Matices Brillantes y tonos luminosos plateados.<\/h3>\n<h3 style=\"text-align: center;\"><strong>Aroma:<\/strong> Multitud de aromas frutales y a roble tostado.<\/h3>\n<h3 style=\"text-align: center;\"><strong>Sabor:<\/strong> Su frutal suavidad se convierte en un ampuloso y largo final.<\/h3>\n<h3 style=\"text-align: center;\"><img decoding=\"async\" class=\"wp-image-11871 alignnone aligncenter\" src=\"https:\/\/cavadeoro.mx\/wp-content\/uploads\/2021\/06\/CAVA-DE-ORO-100-negro-300x107.png\" alt=\"\" width=\"185\" height=\"66\" srcset=\"https:\/\/cavadeoro.mx\/wp-content\/uploads\/2021\/06\/CAVA-DE-ORO-100-negro-300x107.png 300w, https:\/\/cavadeoro.mx\/wp-content\/uploads\/2021\/06\/CAVA-DE-ORO-100-negro-500x178.png 500w, https:\/\/cavadeoro.mx\/wp-content\/uploads\/2021\/06\/CAVA-DE-ORO-100-negro-600x213.png 600w, https:\/\/cavadeoro.mx\/wp-content\/uploads\/2021\/06\/CAVA-DE-ORO-100-negro.png 650w\" sizes=\"(max-width: 185px) 100vw, 185px\" \/><br \/>\n<strong>36% Alc. Vol. |<\/strong><b>\u00a0<\/b><b>750 ml<\/b><\/h3>\n<p>&nbsp;<\/p>\n<h4><img decoding=\"async\" class=\" wp-image-12542 aligncenter\" src=\"https:\/\/cavadeoro.mx\/wp-content\/uploads\/2020\/02\/CAVA-DE-ORO-NOM-Negro-300x68.png\" alt=\"\" width=\"181\" height=\"41\" srcset=\"https:\/\/cavadeoro.mx\/wp-content\/uploads\/2020\/02\/CAVA-DE-ORO-NOM-Negro-300x68.png 300w, https:\/\/cavadeoro.mx\/wp-content\/uploads\/2020\/02\/CAVA-DE-ORO-NOM-Negro-700x158.png 700w, https:\/\/cavadeoro.mx\/wp-content\/uploads\/2020\/02\/CAVA-DE-ORO-NOM-Negro-768x174.png 768w, https:\/\/cavadeoro.mx\/wp-content\/uploads\/2020\/02\/CAVA-DE-ORO-NOM-Negro-500x113.png 500w, https:\/\/cavadeoro.mx\/wp-content\/uploads\/2020\/02\/CAVA-DE-ORO-NOM-Negro-600x136.png 600w, https:\/\/cavadeoro.mx\/wp-content\/uploads\/2020\/02\/CAVA-DE-ORO-NOM-Negro.png 773w\" sizes=\"(max-width: 181px) 100vw, 181px\" \/><\/h4>\n","protected":false},"excerpt":{"rendered":"<p><span style=\"font-weight: 400;\"><strong>Tequila A\u00f1ejo filtrado en un proceso de Carb\u00f3n Activado<\/strong> que le permite quedar completamente Cristalino, haciendo que sus tonos luminosos resalten y su sabor tras el a\u00f1ejamiento destaque.<\/span><\/p>\n<p><img loading=\"lazy\" decoding=\"async\" class=\"wp-image-11871 alignnone\" src=\"https:\/\/cavadeoro.mx\/wp-content\/uploads\/2021\/06\/CAVA-DE-ORO-100-negro-300x107.png\" alt=\"\" width=\"185\" height=\"66\" srcset=\"https:\/\/cavadeoro.mx\/wp-content\/uploads\/2021\/06\/CAVA-DE-ORO-100-negro-300x107.png 300w, https:\/\/cavadeoro.mx\/wp-content\/uploads\/2021\/06\/CAVA-DE-ORO-100-negro-500x178.png 500w, https:\/\/cavadeoro.mx\/wp-content\/uploads\/2021\/06\/CAVA-DE-ORO-100-negro-600x213.png 600w, https:\/\/cavadeoro.mx\/wp-content\/uploads\/2021\/06\/CAVA-DE-ORO-100-negro.png 650w\" sizes=\"(max-width: 185px) 100vw, 185px\" \/><\/p>\n<p><strong>36% ALC. VOL. |<\/strong><b>\u00a0<\/b><b>750 ML<br \/>\n<\/b>Env\u00edo a todo M\u00e9xico.<\/p>\n","protected":false},"featured_media":19334,"template":"","meta":[],"product_brand":[],"product_cat":[24],"product_tag":[77,72,143,70,506],"class_list":{"0":"post-3178","1":"product","2":"type-product","3":"status-publish","4":"has-post-thumbnail","6":"product_cat-tequila","7":"product_tag-anejo","8":"product_tag-cava-de-oro","9":"product_tag-cristalino","10":"product_tag-tequila","11":"product_tag-tequila-anejo-cristalino","13":"first","14":"instock","15":"featured","16":"shipping-taxable","17":"purchasable","18":"product-type-simple"},"yoast_head":"<!-- This site is optimized with the Yoast SEO Premium plugin v22.8 (Yoast SEO v27.4) - https:\/\/yoast.com\/product\/yoast-seo-premium-wordpress\/ -->\n<title>TEQUILA A\u00d1EJO CRISTALINO | Tequila Cava de Oro | Env\u00edo a M\u00e9xico<\/title>\n<meta name=\"description\" content=\"Tequila A\u00f1ejo Cristalino Cava de Oro, un destilado con lo mejor del sabor de un A\u00f1ejo y lo cautivante del color transparente de un Plata\" \/>\n<meta name=\"robots\" content=\"index, follow, max-snippet:-1, max-image-preview:large, max-video-preview:-1\" \/>\n<link rel=\"canonical\" href=\"https:\/\/cavadeoro.mx\/?product=anejo-cristalino\" \/>\n<meta property=\"og:locale\" content=\"es_MX\" \/>\n<meta property=\"og:type\" content=\"article\" \/>\n<meta property=\"og:title\" content=\"Tequila Extra A\u00f1ejo Cristalino\" \/>\n<meta property=\"og:description\" content=\"Tequila Extra A\u00f1ejo Cristalino, un destilado con lo mejor del Extra A\u00f1ejo y de un Plata \u00a1Lo mejor de dos mundos! Env\u00edo a todo M\u00e9xico incluido.\" \/>\n<meta property=\"og:url\" content=\"https:\/\/cavadeoro.mx\/?product=anejo-cristalino\" \/>\n<meta property=\"og:site_name\" content=\"Tequila Cava de Oro\" \/>\n<meta property=\"article:publisher\" content=\"https:\/\/facebook.com\/cavadeoro\" \/>\n<meta property=\"article:modified_time\" content=\"2025-12-27T14:13:21+00:00\" \/>\n<meta property=\"og:image\" content=\"https:\/\/cavadeoro.mx\/wp-content\/uploads\/2024\/11\/5-Anejo-Cristalino.webp\" \/>\n\t<meta property=\"og:image:width\" content=\"1112\" \/>\n\t<meta property=\"og:image:height\" content=\"1390\" \/>\n\t<meta property=\"og:image:type\" content=\"image\/png\" \/>\n<meta name=\"twitter:card\" content=\"summary_large_image\" \/>\n<meta name=\"twitter:title\" content=\"A\u00d1EJO CRISTALINO\" \/>\n<meta name=\"twitter:label1\" content=\"Tiempo de lectura\" \/>\n\t<meta name=\"twitter:data1\" content=\"2 minutos\" \/>\n<script type=\"application\/ld+json\" class=\"yoast-schema-graph\">{\"@context\":\"https:\\\/\\\/schema.org\",\"@graph\":[{\"@type\":\"WebPage\",\"@id\":\"https:\\\/\\\/cavadeoro.mx\\\/?product=anejo-cristalino\",\"url\":\"https:\\\/\\\/cavadeoro.mx\\\/?product=anejo-cristalino\",\"name\":\"TEQUILA A\u00d1EJO CRISTALINO | Tequila Cava de Oro | Env\u00edo a M\u00e9xico\",\"isPartOf\":{\"@id\":\"https:\\\/\\\/cavadeoro.mx\\\/#website\"},\"primaryImageOfPage\":{\"@id\":\"https:\\\/\\\/cavadeoro.mx\\\/?product=anejo-cristalino#primaryimage\"},\"image\":{\"@id\":\"https:\\\/\\\/cavadeoro.mx\\\/?product=anejo-cristalino#primaryimage\"},\"thumbnailUrl\":\"https:\\\/\\\/cavadeoro.mx\\\/wp-content\\\/uploads\\\/2024\\\/11\\\/5-Anejo-Cristalino.webp\",\"datePublished\":\"2024-11-16T22:25:23+00:00\",\"dateModified\":\"2025-12-27T14:13:21+00:00\",\"description\":\"Tequila A\u00f1ejo Cristalino Cava de Oro, un destilado con lo mejor del sabor de un A\u00f1ejo y lo cautivante del color transparente de un Plata\",\"breadcrumb\":{\"@id\":\"https:\\\/\\\/cavadeoro.mx\\\/?product=anejo-cristalino#breadcrumb\"},\"inLanguage\":\"es\",\"potentialAction\":[{\"@type\":\"ReadAction\",\"target\":[\"https:\\\/\\\/cavadeoro.mx\\\/?product=anejo-cristalino\"]}]},{\"@type\":\"ImageObject\",\"inLanguage\":\"es\",\"@id\":\"https:\\\/\\\/cavadeoro.mx\\\/?product=anejo-cristalino#primaryimage\",\"url\":\"https:\\\/\\\/cavadeoro.mx\\\/wp-content\\\/uploads\\\/2024\\\/11\\\/5-Anejo-Cristalino.webp\",\"contentUrl\":\"https:\\\/\\\/cavadeoro.mx\\\/wp-content\\\/uploads\\\/2024\\\/11\\\/5-Anejo-Cristalino.webp\",\"width\":1112,\"height\":1390},{\"@type\":\"BreadcrumbList\",\"@id\":\"https:\\\/\\\/cavadeoro.mx\\\/?product=anejo-cristalino#breadcrumb\",\"itemListElement\":[{\"@type\":\"ListItem\",\"position\":1,\"name\":\"Portada\",\"item\":\"https:\\\/\\\/cavadeoro.mx\\\/?page_id=14294&lang=en\"},{\"@type\":\"ListItem\",\"position\":2,\"name\":\"TIENDA\",\"item\":\"https:\\\/\\\/cavadeoro.mx\\\/?page_id=401\"},{\"@type\":\"ListItem\",\"position\":3,\"name\":\"A\u00d1EJO CRISTALINO\"}]},{\"@type\":\"WebSite\",\"@id\":\"https:\\\/\\\/cavadeoro.mx\\\/#website\",\"url\":\"https:\\\/\\\/cavadeoro.mx\\\/\",\"name\":\"Tequila Cava de Oro\",\"description\":\"100% Agave Azul\",\"publisher\":{\"@id\":\"https:\\\/\\\/cavadeoro.mx\\\/#organization\"},\"potentialAction\":[{\"@type\":\"SearchAction\",\"target\":{\"@type\":\"EntryPoint\",\"urlTemplate\":\"https:\\\/\\\/cavadeoro.mx\\\/?s={search_term_string}\"},\"query-input\":{\"@type\":\"PropertyValueSpecification\",\"valueRequired\":true,\"valueName\":\"search_term_string\"}}],\"inLanguage\":\"es\"},{\"@type\":\"Organization\",\"@id\":\"https:\\\/\\\/cavadeoro.mx\\\/#organization\",\"name\":\"Tequila Cava de Oro\",\"url\":\"https:\\\/\\\/cavadeoro.mx\\\/\",\"logo\":{\"@type\":\"ImageObject\",\"inLanguage\":\"es\",\"@id\":\"https:\\\/\\\/cavadeoro.mx\\\/#\\\/schema\\\/logo\\\/image\\\/\",\"url\":\"https:\\\/\\\/cavadeoro.mx\\\/wp-content\\\/uploads\\\/2022\\\/04\\\/cropped-Logo-menu.png\",\"contentUrl\":\"https:\\\/\\\/cavadeoro.mx\\\/wp-content\\\/uploads\\\/2022\\\/04\\\/cropped-Logo-menu.png\",\"width\":92,\"height\":66,\"caption\":\"Tequila Cava de Oro\"},\"image\":{\"@id\":\"https:\\\/\\\/cavadeoro.mx\\\/#\\\/schema\\\/logo\\\/image\\\/\"},\"sameAs\":[\"https:\\\/\\\/facebook.com\\\/cavadeoro\",\"https:\\\/\\\/instagram.com\\\/cavadeoro\"]}]}<\/script>\n<!-- \/ Yoast SEO Premium plugin. -->","yoast_head_json":{"title":"TEQUILA A\u00d1EJO CRISTALINO | Tequila Cava de Oro | Env\u00edo a M\u00e9xico","description":"Tequila A\u00f1ejo Cristalino Cava de Oro, un destilado con lo mejor del sabor de un A\u00f1ejo y lo cautivante del color transparente de un Plata","robots":{"index":"index","follow":"follow","max-snippet":"max-snippet:-1","max-image-preview":"max-image-preview:large","max-video-preview":"max-video-preview:-1"},"canonical":"https:\/\/cavadeoro.mx\/?product=anejo-cristalino","og_locale":"es_MX","og_type":"article","og_title":"Tequila Extra A\u00f1ejo Cristalino","og_description":"Tequila Extra A\u00f1ejo Cristalino, un destilado con lo mejor del Extra A\u00f1ejo y de un Plata \u00a1Lo mejor de dos mundos! Env\u00edo a todo M\u00e9xico incluido.","og_url":"https:\/\/cavadeoro.mx\/?product=anejo-cristalino","og_site_name":"Tequila Cava de Oro","article_publisher":"https:\/\/facebook.com\/cavadeoro","article_modified_time":"2025-12-27T14:13:21+00:00","og_image":[{"width":1112,"height":1390,"url":"https:\/\/cavadeoro.mx\/wp-content\/uploads\/2024\/11\/5-Anejo-Cristalino.webp","type":"image\/png"}],"twitter_card":"summary_large_image","twitter_title":"A\u00d1EJO CRISTALINO","twitter_misc":{"Tiempo de lectura":"2 minutos"},"schema":{"@context":"https:\/\/schema.org","@graph":[{"@type":"WebPage","@id":"https:\/\/cavadeoro.mx\/?product=anejo-cristalino","url":"https:\/\/cavadeoro.mx\/?product=anejo-cristalino","name":"TEQUILA A\u00d1EJO CRISTALINO | Tequila Cava de Oro | Env\u00edo a M\u00e9xico","isPartOf":{"@id":"https:\/\/cavadeoro.mx\/#website"},"primaryImageOfPage":{"@id":"https:\/\/cavadeoro.mx\/?product=anejo-cristalino#primaryimage"},"image":{"@id":"https:\/\/cavadeoro.mx\/?product=anejo-cristalino#primaryimage"},"thumbnailUrl":"https:\/\/cavadeoro.mx\/wp-content\/uploads\/2024\/11\/5-Anejo-Cristalino.webp","datePublished":"2024-11-16T22:25:23+00:00","dateModified":"2025-12-27T14:13:21+00:00","description":"Tequila A\u00f1ejo Cristalino Cava de Oro, un destilado con lo mejor del sabor de un A\u00f1ejo y lo cautivante del color transparente de un Plata","breadcrumb":{"@id":"https:\/\/cavadeoro.mx\/?product=anejo-cristalino#breadcrumb"},"inLanguage":"es","potentialAction":[{"@type":"ReadAction","target":["https:\/\/cavadeoro.mx\/?product=anejo-cristalino"]}]},{"@type":"ImageObject","inLanguage":"es","@id":"https:\/\/cavadeoro.mx\/?product=anejo-cristalino#primaryimage","url":"https:\/\/cavadeoro.mx\/wp-content\/uploads\/2024\/11\/5-Anejo-Cristalino.webp","contentUrl":"https:\/\/cavadeoro.mx\/wp-content\/uploads\/2024\/11\/5-Anejo-Cristalino.webp","width":1112,"height":1390},{"@type":"BreadcrumbList","@id":"https:\/\/cavadeoro.mx\/?product=anejo-cristalino#breadcrumb","itemListElement":[{"@type":"ListItem","position":1,"name":"Portada","item":"https:\/\/cavadeoro.mx\/?page_id=14294&lang=en"},{"@type":"ListItem","position":2,"name":"TIENDA","item":"https:\/\/cavadeoro.mx\/?page_id=401"},{"@type":"ListItem","position":3,"name":"A\u00d1EJO CRISTALINO"}]},{"@type":"WebSite","@id":"https:\/\/cavadeoro.mx\/#website","url":"https:\/\/cavadeoro.mx\/","name":"Tequila Cava de Oro","description":"100% Agave Azul","publisher":{"@id":"https:\/\/cavadeoro.mx\/#organization"},"potentialAction":[{"@type":"SearchAction","target":{"@type":"EntryPoint","urlTemplate":"https:\/\/cavadeoro.mx\/?s={search_term_string}"},"query-input":{"@type":"PropertyValueSpecification","valueRequired":true,"valueName":"search_term_string"}}],"inLanguage":"es"},{"@type":"Organization","@id":"https:\/\/cavadeoro.mx\/#organization","name":"Tequila Cava de Oro","url":"https:\/\/cavadeoro.mx\/","logo":{"@type":"ImageObject","inLanguage":"es","@id":"https:\/\/cavadeoro.mx\/#\/schema\/logo\/image\/","url":"https:\/\/cavadeoro.mx\/wp-content\/uploads\/2022\/04\/cropped-Logo-menu.png","contentUrl":"https:\/\/cavadeoro.mx\/wp-content\/uploads\/2022\/04\/cropped-Logo-menu.png","width":92,"height":66,"caption":"Tequila Cava de Oro"},"image":{"@id":"https:\/\/cavadeoro.mx\/#\/schema\/logo\/image\/"},"sameAs":["https:\/\/facebook.com\/cavadeoro","https:\/\/instagram.com\/cavadeoro"]}]}},"lang":"es","translations":{"es":3178},"pll_sync_post":[],"_links":{"self":[{"href":"https:\/\/cavadeoro.mx\/index.php?rest_route=\/wp\/v2\/product\/3178","targetHints":{"allow":["GET"]}}],"collection":[{"href":"https:\/\/cavadeoro.mx\/index.php?rest_route=\/wp\/v2\/product"}],"about":[{"href":"https:\/\/cavadeoro.mx\/index.php?rest_route=\/wp\/v2\/types\/product"}],"version-history":[{"count":11,"href":"https:\/\/cavadeoro.mx\/index.php?rest_route=\/wp\/v2\/product\/3178\/revisions"}],"predecessor-version":[{"id":20258,"href":"https:\/\/cavadeoro.mx\/index.php?rest_route=\/wp\/v2\/product\/3178\/revisions\/20258"}],"wp:featuredmedia":[{"embeddable":true,"href":"https:\/\/cavadeoro.mx\/index.php?rest_route=\/wp\/v2\/media\/19334"}],"wp:attachment":[{"href":"https:\/\/cavadeoro.mx\/index.php?rest_route=%2Fwp%2Fv2%2Fmedia&parent=3178"}],"wp:term":[{"taxonomy":"product_brand","embeddable":true,"href":"https:\/\/cavadeoro.mx\/index.php?rest_route=%2Fwp%2Fv2%2Fproduct_brand&post=3178"},{"taxonomy":"product_cat","embeddable":true,"href":"https:\/\/cavadeoro.mx\/index.php?rest_route=%2Fwp%2Fv2%2Fproduct_cat&post=3178"},{"taxonomy":"product_tag","embeddable":true,"href":"https:\/\/cavadeoro.mx\/index.php?rest_route=%2Fwp%2Fv2%2Fproduct_tag&post=3178"}],"curies":[{"name":"wp","href":"https:\/\/api.w.org\/{rel}","templated":true}]}}