{"id":3336,"date":"2024-11-17T06:31:17","date_gmt":"2024-11-17T12:31:17","guid":{"rendered":"https:\/\/cavanew.cavadeoro.mx\/?post_type=product&#038;p=3336"},"modified":"2025-12-27T07:43:24","modified_gmt":"2025-12-27T13:43:24","slug":"extra-anejo","status":"publish","type":"product","link":"https:\/\/cavadeoro.mx\/?product=extra-anejo","title":{"rendered":"EXTRA A\u00d1EJO"},"content":{"rendered":"<p>&nbsp;<\/p>\n<p style=\"text-align: center;\"><span style=\"font-weight: 400;\">Nuestro <strong>Tequila Extra A\u00f1ejo Cava de Oro, <\/strong>un Tequila a\u00f1orado en todo el mundo, que una vez que pruebas, no querr\u00e1s cambiarlo por nada. Un Tequila Premium y sutilmente dulce ideal para degustar derecho o en las rocas.<\/span><\/p>\n<p>&nbsp;<\/p>\n<h3 style=\"text-align: center;\"><strong>5 a\u00f1os de maduraci\u00f3n en barricas de roble blanco franc\u00e9s<\/strong><\/h3>\n<p style=\"text-align: center;\">Nuestro Extra A\u00f1ejo es reconocido con la medalla Gold por \u201cSpirits of Mexico\u201d 2012, como uno de los mejores destilados del mundo.<\/p>\n<p>&nbsp;<\/p>\n<p><img fetchpriority=\"high\" decoding=\"async\" class=\"aligncenter wp-image-13429 \" src=\"https:\/\/cavadeoro.mx\/wp-content\/uploads\/2022\/07\/Perfil-del-tequila_Mesa-de-trabajo-1-1024x322.png\" alt=\"\" width=\"602\" height=\"189\" srcset=\"https:\/\/cavadeoro.mx\/wp-content\/uploads\/2022\/07\/Perfil-del-tequila_Mesa-de-trabajo-1-1024x322.png 1024w, https:\/\/cavadeoro.mx\/wp-content\/uploads\/2022\/07\/Perfil-del-tequila_Mesa-de-trabajo-1-700x220.png 700w, https:\/\/cavadeoro.mx\/wp-content\/uploads\/2022\/07\/Perfil-del-tequila_Mesa-de-trabajo-1-300x94.png 300w, https:\/\/cavadeoro.mx\/wp-content\/uploads\/2022\/07\/Perfil-del-tequila_Mesa-de-trabajo-1-768x241.png 768w, https:\/\/cavadeoro.mx\/wp-content\/uploads\/2022\/07\/Perfil-del-tequila_Mesa-de-trabajo-1-500x157.png 500w, https:\/\/cavadeoro.mx\/wp-content\/uploads\/2022\/07\/Perfil-del-tequila_Mesa-de-trabajo-1-600x189.png 600w, https:\/\/cavadeoro.mx\/wp-content\/uploads\/2022\/07\/Perfil-del-tequila_Mesa-de-trabajo-1.png 1123w\" sizes=\"(max-width: 602px) 100vw, 602px\" \/><\/p>\n<h3 style=\"text-align: center;\"><strong>Color: <\/strong><span style=\"font-weight: 400;\">Matices rojizo brillante y \u00e1mbar oscuro.<\/span><\/h3>\n<h3 style=\"text-align: center;\"><strong>Aroma: <\/strong><span style=\"font-weight: 400;\">Multitud de aromas frutales y roble tostado.<\/span><\/h3>\n<h3 style=\"text-align: center;\"><strong>Sabor: <\/strong><span style=\"font-weight: 400;\">Su exquisita dulzura convierte un ampuloso y largo final<\/span><\/h3>\n<p>&nbsp;<\/p>\n<h3 style=\"text-align: center;\"><img decoding=\"async\" class=\"wp-image-11871 alignnone aligncenter\" src=\"https:\/\/cavadeoro.mx\/wp-content\/uploads\/2021\/06\/CAVA-DE-ORO-100-negro-300x107.png\" alt=\"\" width=\"185\" height=\"66\" srcset=\"https:\/\/cavadeoro.mx\/wp-content\/uploads\/2021\/06\/CAVA-DE-ORO-100-negro-300x107.png 300w, https:\/\/cavadeoro.mx\/wp-content\/uploads\/2021\/06\/CAVA-DE-ORO-100-negro-500x178.png 500w, https:\/\/cavadeoro.mx\/wp-content\/uploads\/2021\/06\/CAVA-DE-ORO-100-negro-600x213.png 600w, https:\/\/cavadeoro.mx\/wp-content\/uploads\/2021\/06\/CAVA-DE-ORO-100-negro.png 650w\" sizes=\"(max-width: 185px) 100vw, 185px\" \/><br \/>\n<strong>38% Alc. Vol. |<\/strong><b>\u00a0<\/b><b>750 ml<\/b><\/h3>\n<p><img decoding=\"async\" class=\"aligncenter wp-image-17263 size-full\" src=\"https:\/\/cavadeoro.mx\/wp-content\/uploads\/2023\/01\/extra-anejo-.png\" alt=\"\" width=\"1910\" height=\"1074\" srcset=\"https:\/\/cavadeoro.mx\/wp-content\/uploads\/2023\/01\/extra-anejo-.png 1910w, https:\/\/cavadeoro.mx\/wp-content\/uploads\/2023\/01\/extra-anejo--300x169.png 300w, https:\/\/cavadeoro.mx\/wp-content\/uploads\/2023\/01\/extra-anejo--1024x576.png 1024w, https:\/\/cavadeoro.mx\/wp-content\/uploads\/2023\/01\/extra-anejo--768x432.png 768w, https:\/\/cavadeoro.mx\/wp-content\/uploads\/2023\/01\/extra-anejo--1536x864.png 1536w, https:\/\/cavadeoro.mx\/wp-content\/uploads\/2023\/01\/extra-anejo--500x281.png 500w, https:\/\/cavadeoro.mx\/wp-content\/uploads\/2023\/01\/extra-anejo--700x394.png 700w\" sizes=\"(max-width: 1910px) 100vw, 1910px\" \/><\/p>\n<h4><img loading=\"lazy\" decoding=\"async\" class=\" wp-image-12542 aligncenter\" src=\"https:\/\/cavadeoro.mx\/wp-content\/uploads\/2020\/02\/CAVA-DE-ORO-NOM-Negro-300x68.png\" alt=\"\" width=\"181\" height=\"41\" srcset=\"https:\/\/cavadeoro.mx\/wp-content\/uploads\/2020\/02\/CAVA-DE-ORO-NOM-Negro-300x68.png 300w, https:\/\/cavadeoro.mx\/wp-content\/uploads\/2020\/02\/CAVA-DE-ORO-NOM-Negro-700x158.png 700w, https:\/\/cavadeoro.mx\/wp-content\/uploads\/2020\/02\/CAVA-DE-ORO-NOM-Negro-768x174.png 768w, https:\/\/cavadeoro.mx\/wp-content\/uploads\/2020\/02\/CAVA-DE-ORO-NOM-Negro-500x113.png 500w, https:\/\/cavadeoro.mx\/wp-content\/uploads\/2020\/02\/CAVA-DE-ORO-NOM-Negro-600x136.png 600w, https:\/\/cavadeoro.mx\/wp-content\/uploads\/2020\/02\/CAVA-DE-ORO-NOM-Negro.png 773w\" sizes=\"(max-width: 181px) 100vw, 181px\" \/><\/h4>\n<p style=\"text-align: center;\">\n<p>&nbsp;<\/p>\n<p>&nbsp;<\/p>\n<p>&nbsp;<\/p>\n","protected":false},"excerpt":{"rendered":"<p><span style=\"font-weight: 400;\">Tequila sutil y elegante con <strong>5 a\u00f1os de maduraci\u00f3n en barricas de roble blanco franc\u00e9s<\/strong>. Nuestro Extra A\u00f1ejo es reconocido con la medalla Gold por \u201cSpirits of Mexico\u201d 2012, como uno de los mejores destilados del mundo.<br \/>\n<\/span><img loading=\"lazy\" decoding=\"async\" class=\"wp-image-11871 alignnone\" src=\"https:\/\/cavadeoro.mx\/wp-content\/uploads\/2021\/06\/CAVA-DE-ORO-100-negro-300x107.png\" alt=\"\" width=\"185\" height=\"66\" srcset=\"https:\/\/cavadeoro.mx\/wp-content\/uploads\/2021\/06\/CAVA-DE-ORO-100-negro-300x107.png 300w, https:\/\/cavadeoro.mx\/wp-content\/uploads\/2021\/06\/CAVA-DE-ORO-100-negro-500x178.png 500w, https:\/\/cavadeoro.mx\/wp-content\/uploads\/2021\/06\/CAVA-DE-ORO-100-negro-600x213.png 600w, https:\/\/cavadeoro.mx\/wp-content\/uploads\/2021\/06\/CAVA-DE-ORO-100-negro.png 650w\" sizes=\"(max-width: 185px) 100vw, 185px\" \/><br \/>\n<strong>38% Alc. Vol. |<\/strong><b>\u00a0<\/b><b>750 ml<br \/>\n<\/b>Env\u00edo a todo M\u00e9xico.<\/p>\n","protected":false},"featured_media":19336,"template":"","meta":[],"product_brand":[],"product_cat":[24],"product_tag":[72,76,70,504],"class_list":{"0":"post-3336","1":"product","2":"type-product","3":"status-publish","4":"has-post-thumbnail","6":"product_cat-tequila","7":"product_tag-cava-de-oro","8":"product_tag-extra-anejo","9":"product_tag-tequila","10":"product_tag-tequila-extra-anejo-cava-de-oro","12":"first","13":"instock","14":"featured","15":"shipping-taxable","16":"purchasable","17":"product-type-simple"},"yoast_head":"<!-- This site is optimized with the Yoast SEO Premium plugin v22.8 (Yoast SEO v27.5) - https:\/\/yoast.com\/product\/yoast-seo-premium-wordpress\/ -->\n<title>TEQUILA EXTRA A\u00d1EJO | Tequila Cava de Oro | Env\u00edo a todo M\u00e9xico<\/title>\n<meta name=\"description\" content=\"Tequila Extra A\u00f1ejo Cava de Oro. Sutil y elegante con 5 a\u00f1os de maduraci\u00f3n en barricas de roble blanco franc\u00e9s. Env\u00edo a todo M\u00e9xico.\" \/>\n<meta name=\"robots\" content=\"index, follow, max-snippet:-1, max-image-preview:large, max-video-preview:-1\" \/>\n<link rel=\"canonical\" href=\"https:\/\/cavadeoro.mx\/?product=extra-anejo\" \/>\n<meta property=\"og:locale\" content=\"es_MX\" \/>\n<meta property=\"og:type\" content=\"article\" \/>\n<meta property=\"og:title\" content=\"Tequila Extra A\u00f1ejo Cava de Oro\" \/>\n<meta property=\"og:description\" content=\"Tequila Extra A\u00f1ejo de Cava de Oro \u00a1Visible la riqueza del pasado!\u00a0 Sutil y elegante con 5 a\u00f1os de maduraci\u00f3n en barricas de roble blanco franc\u00e9s. T\u00f3malo solo pero acompa\u00f1ado de las riquezas del presente.\" \/>\n<meta property=\"og:url\" content=\"https:\/\/cavadeoro.mx\/?product=extra-anejo\" \/>\n<meta property=\"og:site_name\" content=\"Tequila Cava de Oro\" \/>\n<meta property=\"article:publisher\" content=\"https:\/\/facebook.com\/cavadeoro\" \/>\n<meta property=\"article:modified_time\" content=\"2025-12-27T13:43:24+00:00\" \/>\n<meta property=\"og:image\" content=\"https:\/\/cavadeoro.mx\/wp-content\/uploads\/2024\/11\/6-Extra-Anejo.webp\" \/>\n\t<meta property=\"og:image:width\" content=\"1112\" \/>\n\t<meta property=\"og:image:height\" content=\"1390\" \/>\n\t<meta property=\"og:image:type\" content=\"image\/png\" \/>\n<meta name=\"twitter:card\" content=\"summary_large_image\" \/>\n<meta name=\"twitter:title\" content=\"EXTRA A\u00d1EJO\" \/>\n<meta name=\"twitter:label1\" content=\"Tiempo de lectura\" \/>\n\t<meta name=\"twitter:data1\" content=\"2 minutos\" \/>\n<script type=\"application\/ld+json\" class=\"yoast-schema-graph\">{\"@context\":\"https:\\\/\\\/schema.org\",\"@graph\":[{\"@type\":\"WebPage\",\"@id\":\"https:\\\/\\\/cavadeoro.mx\\\/?product=extra-anejo\",\"url\":\"https:\\\/\\\/cavadeoro.mx\\\/?product=extra-anejo\",\"name\":\"TEQUILA EXTRA A\u00d1EJO | Tequila Cava de Oro | Env\u00edo a todo M\u00e9xico\",\"isPartOf\":{\"@id\":\"https:\\\/\\\/cavadeoro.mx\\\/#website\"},\"primaryImageOfPage\":{\"@id\":\"https:\\\/\\\/cavadeoro.mx\\\/?product=extra-anejo#primaryimage\"},\"image\":{\"@id\":\"https:\\\/\\\/cavadeoro.mx\\\/?product=extra-anejo#primaryimage\"},\"thumbnailUrl\":\"https:\\\/\\\/cavadeoro.mx\\\/wp-content\\\/uploads\\\/2024\\\/11\\\/6-Extra-Anejo.webp\",\"datePublished\":\"2024-11-17T12:31:17+00:00\",\"dateModified\":\"2025-12-27T13:43:24+00:00\",\"description\":\"Tequila Extra A\u00f1ejo Cava de Oro. Sutil y elegante con 5 a\u00f1os de maduraci\u00f3n en barricas de roble blanco franc\u00e9s. Env\u00edo a todo M\u00e9xico.\",\"breadcrumb\":{\"@id\":\"https:\\\/\\\/cavadeoro.mx\\\/?product=extra-anejo#breadcrumb\"},\"inLanguage\":\"es\",\"potentialAction\":[{\"@type\":\"ReadAction\",\"target\":[\"https:\\\/\\\/cavadeoro.mx\\\/?product=extra-anejo\"]}]},{\"@type\":\"ImageObject\",\"inLanguage\":\"es\",\"@id\":\"https:\\\/\\\/cavadeoro.mx\\\/?product=extra-anejo#primaryimage\",\"url\":\"https:\\\/\\\/cavadeoro.mx\\\/wp-content\\\/uploads\\\/2024\\\/11\\\/6-Extra-Anejo.webp\",\"contentUrl\":\"https:\\\/\\\/cavadeoro.mx\\\/wp-content\\\/uploads\\\/2024\\\/11\\\/6-Extra-Anejo.webp\",\"width\":1112,\"height\":1390},{\"@type\":\"BreadcrumbList\",\"@id\":\"https:\\\/\\\/cavadeoro.mx\\\/?product=extra-anejo#breadcrumb\",\"itemListElement\":[{\"@type\":\"ListItem\",\"position\":1,\"name\":\"Portada\",\"item\":\"https:\\\/\\\/cavadeoro.mx\\\/?page_id=14294&lang=en\"},{\"@type\":\"ListItem\",\"position\":2,\"name\":\"TIENDA\",\"item\":\"https:\\\/\\\/cavadeoro.mx\\\/?page_id=401\"},{\"@type\":\"ListItem\",\"position\":3,\"name\":\"EXTRA A\u00d1EJO\"}]},{\"@type\":\"WebSite\",\"@id\":\"https:\\\/\\\/cavadeoro.mx\\\/#website\",\"url\":\"https:\\\/\\\/cavadeoro.mx\\\/\",\"name\":\"Tequila Cava de Oro\",\"description\":\"100% Agave Azul\",\"publisher\":{\"@id\":\"https:\\\/\\\/cavadeoro.mx\\\/#organization\"},\"potentialAction\":[{\"@type\":\"SearchAction\",\"target\":{\"@type\":\"EntryPoint\",\"urlTemplate\":\"https:\\\/\\\/cavadeoro.mx\\\/?s={search_term_string}\"},\"query-input\":{\"@type\":\"PropertyValueSpecification\",\"valueRequired\":true,\"valueName\":\"search_term_string\"}}],\"inLanguage\":\"es\"},{\"@type\":\"Organization\",\"@id\":\"https:\\\/\\\/cavadeoro.mx\\\/#organization\",\"name\":\"Tequila Cava de Oro\",\"url\":\"https:\\\/\\\/cavadeoro.mx\\\/\",\"logo\":{\"@type\":\"ImageObject\",\"inLanguage\":\"es\",\"@id\":\"https:\\\/\\\/cavadeoro.mx\\\/#\\\/schema\\\/logo\\\/image\\\/\",\"url\":\"https:\\\/\\\/cavadeoro.mx\\\/wp-content\\\/uploads\\\/2022\\\/04\\\/cropped-Logo-menu.png\",\"contentUrl\":\"https:\\\/\\\/cavadeoro.mx\\\/wp-content\\\/uploads\\\/2022\\\/04\\\/cropped-Logo-menu.png\",\"width\":92,\"height\":66,\"caption\":\"Tequila Cava de Oro\"},\"image\":{\"@id\":\"https:\\\/\\\/cavadeoro.mx\\\/#\\\/schema\\\/logo\\\/image\\\/\"},\"sameAs\":[\"https:\\\/\\\/facebook.com\\\/cavadeoro\",\"https:\\\/\\\/instagram.com\\\/cavadeoro\"]}]}<\/script>\n<!-- \/ Yoast SEO Premium plugin. -->","yoast_head_json":{"title":"TEQUILA EXTRA A\u00d1EJO | Tequila Cava de Oro | Env\u00edo a todo M\u00e9xico","description":"Tequila Extra A\u00f1ejo Cava de Oro. Sutil y elegante con 5 a\u00f1os de maduraci\u00f3n en barricas de roble blanco franc\u00e9s. Env\u00edo a todo M\u00e9xico.","robots":{"index":"index","follow":"follow","max-snippet":"max-snippet:-1","max-image-preview":"max-image-preview:large","max-video-preview":"max-video-preview:-1"},"canonical":"https:\/\/cavadeoro.mx\/?product=extra-anejo","og_locale":"es_MX","og_type":"article","og_title":"Tequila Extra A\u00f1ejo Cava de Oro","og_description":"Tequila Extra A\u00f1ejo de Cava de Oro \u00a1Visible la riqueza del pasado!\u00a0 Sutil y elegante con 5 a\u00f1os de maduraci\u00f3n en barricas de roble blanco franc\u00e9s. T\u00f3malo solo pero acompa\u00f1ado de las riquezas del presente.","og_url":"https:\/\/cavadeoro.mx\/?product=extra-anejo","og_site_name":"Tequila Cava de Oro","article_publisher":"https:\/\/facebook.com\/cavadeoro","article_modified_time":"2025-12-27T13:43:24+00:00","og_image":[{"width":1112,"height":1390,"url":"https:\/\/cavadeoro.mx\/wp-content\/uploads\/2024\/11\/6-Extra-Anejo.webp","type":"image\/png"}],"twitter_card":"summary_large_image","twitter_title":"EXTRA A\u00d1EJO","twitter_misc":{"Tiempo de lectura":"2 minutos"},"schema":{"@context":"https:\/\/schema.org","@graph":[{"@type":"WebPage","@id":"https:\/\/cavadeoro.mx\/?product=extra-anejo","url":"https:\/\/cavadeoro.mx\/?product=extra-anejo","name":"TEQUILA EXTRA A\u00d1EJO | Tequila Cava de Oro | Env\u00edo a todo M\u00e9xico","isPartOf":{"@id":"https:\/\/cavadeoro.mx\/#website"},"primaryImageOfPage":{"@id":"https:\/\/cavadeoro.mx\/?product=extra-anejo#primaryimage"},"image":{"@id":"https:\/\/cavadeoro.mx\/?product=extra-anejo#primaryimage"},"thumbnailUrl":"https:\/\/cavadeoro.mx\/wp-content\/uploads\/2024\/11\/6-Extra-Anejo.webp","datePublished":"2024-11-17T12:31:17+00:00","dateModified":"2025-12-27T13:43:24+00:00","description":"Tequila Extra A\u00f1ejo Cava de Oro. Sutil y elegante con 5 a\u00f1os de maduraci\u00f3n en barricas de roble blanco franc\u00e9s. Env\u00edo a todo M\u00e9xico.","breadcrumb":{"@id":"https:\/\/cavadeoro.mx\/?product=extra-anejo#breadcrumb"},"inLanguage":"es","potentialAction":[{"@type":"ReadAction","target":["https:\/\/cavadeoro.mx\/?product=extra-anejo"]}]},{"@type":"ImageObject","inLanguage":"es","@id":"https:\/\/cavadeoro.mx\/?product=extra-anejo#primaryimage","url":"https:\/\/cavadeoro.mx\/wp-content\/uploads\/2024\/11\/6-Extra-Anejo.webp","contentUrl":"https:\/\/cavadeoro.mx\/wp-content\/uploads\/2024\/11\/6-Extra-Anejo.webp","width":1112,"height":1390},{"@type":"BreadcrumbList","@id":"https:\/\/cavadeoro.mx\/?product=extra-anejo#breadcrumb","itemListElement":[{"@type":"ListItem","position":1,"name":"Portada","item":"https:\/\/cavadeoro.mx\/?page_id=14294&lang=en"},{"@type":"ListItem","position":2,"name":"TIENDA","item":"https:\/\/cavadeoro.mx\/?page_id=401"},{"@type":"ListItem","position":3,"name":"EXTRA A\u00d1EJO"}]},{"@type":"WebSite","@id":"https:\/\/cavadeoro.mx\/#website","url":"https:\/\/cavadeoro.mx\/","name":"Tequila Cava de Oro","description":"100% Agave Azul","publisher":{"@id":"https:\/\/cavadeoro.mx\/#organization"},"potentialAction":[{"@type":"SearchAction","target":{"@type":"EntryPoint","urlTemplate":"https:\/\/cavadeoro.mx\/?s={search_term_string}"},"query-input":{"@type":"PropertyValueSpecification","valueRequired":true,"valueName":"search_term_string"}}],"inLanguage":"es"},{"@type":"Organization","@id":"https:\/\/cavadeoro.mx\/#organization","name":"Tequila Cava de Oro","url":"https:\/\/cavadeoro.mx\/","logo":{"@type":"ImageObject","inLanguage":"es","@id":"https:\/\/cavadeoro.mx\/#\/schema\/logo\/image\/","url":"https:\/\/cavadeoro.mx\/wp-content\/uploads\/2022\/04\/cropped-Logo-menu.png","contentUrl":"https:\/\/cavadeoro.mx\/wp-content\/uploads\/2022\/04\/cropped-Logo-menu.png","width":92,"height":66,"caption":"Tequila Cava de Oro"},"image":{"@id":"https:\/\/cavadeoro.mx\/#\/schema\/logo\/image\/"},"sameAs":["https:\/\/facebook.com\/cavadeoro","https:\/\/instagram.com\/cavadeoro"]}]}},"lang":"es","translations":{"es":3336},"pll_sync_post":[],"_links":{"self":[{"href":"https:\/\/cavadeoro.mx\/index.php?rest_route=\/wp\/v2\/product\/3336","targetHints":{"allow":["GET"]}}],"collection":[{"href":"https:\/\/cavadeoro.mx\/index.php?rest_route=\/wp\/v2\/product"}],"about":[{"href":"https:\/\/cavadeoro.mx\/index.php?rest_route=\/wp\/v2\/types\/product"}],"version-history":[{"count":13,"href":"https:\/\/cavadeoro.mx\/index.php?rest_route=\/wp\/v2\/product\/3336\/revisions"}],"predecessor-version":[{"id":13446,"href":"https:\/\/cavadeoro.mx\/index.php?rest_route=\/wp\/v2\/product\/3336\/revisions\/13446"}],"wp:featuredmedia":[{"embeddable":true,"href":"https:\/\/cavadeoro.mx\/index.php?rest_route=\/wp\/v2\/media\/19336"}],"wp:attachment":[{"href":"https:\/\/cavadeoro.mx\/index.php?rest_route=%2Fwp%2Fv2%2Fmedia&parent=3336"}],"wp:term":[{"taxonomy":"product_brand","embeddable":true,"href":"https:\/\/cavadeoro.mx\/index.php?rest_route=%2Fwp%2Fv2%2Fproduct_brand&post=3336"},{"taxonomy":"product_cat","embeddable":true,"href":"https:\/\/cavadeoro.mx\/index.php?rest_route=%2Fwp%2Fv2%2Fproduct_cat&post=3336"},{"taxonomy":"product_tag","embeddable":true,"href":"https:\/\/cavadeoro.mx\/index.php?rest_route=%2Fwp%2Fv2%2Fproduct_tag&post=3336"}],"curies":[{"name":"wp","href":"https:\/\/api.w.org\/{rel}","templated":true}]}}