{"id":3347,"date":"2024-11-14T07:02:02","date_gmt":"2024-11-14T13:02:02","guid":{"rendered":"https:\/\/cavanew.cavadeoro.mx\/?post_type=product&#038;p=3347"},"modified":"2025-12-27T07:47:31","modified_gmt":"2025-12-27T13:47:31","slug":"reposado","status":"publish","type":"product","link":"https:\/\/cavadeoro.mx\/?product=reposado","title":{"rendered":"REPOSADO"},"content":{"rendered":"<p style=\"text-align: center;\"><span style=\"font-weight: 400;\">Nuestro <strong>Tequila Reposado Cava de Oro <\/strong><\/span><span style=\"font-weight: 400;\">\u00a1Ideal para compartir gratos momentos! en donde su color pajizo brillante nos invita a seguir degustando su sabor suave, con notas a roble, agave cocido y caramelo.\u00a0<\/span><\/p>\n<p>&nbsp;<\/p>\n<h3 style=\"text-align: center;\"><strong>reposado por 6 meses\u00a0en barricas de roble blanco franc\u00e9s<\/strong><\/h3>\n<p><img fetchpriority=\"high\" decoding=\"async\" class=\"aligncenter wp-image-13429 \" src=\"https:\/\/cavadeoro.mx\/wp-content\/uploads\/2022\/07\/Perfil-del-tequila_Mesa-de-trabajo-1-1024x322.png\" alt=\"\" width=\"602\" height=\"189\" srcset=\"https:\/\/cavadeoro.mx\/wp-content\/uploads\/2022\/07\/Perfil-del-tequila_Mesa-de-trabajo-1-1024x322.png 1024w, https:\/\/cavadeoro.mx\/wp-content\/uploads\/2022\/07\/Perfil-del-tequila_Mesa-de-trabajo-1-700x220.png 700w, https:\/\/cavadeoro.mx\/wp-content\/uploads\/2022\/07\/Perfil-del-tequila_Mesa-de-trabajo-1-300x94.png 300w, https:\/\/cavadeoro.mx\/wp-content\/uploads\/2022\/07\/Perfil-del-tequila_Mesa-de-trabajo-1-768x241.png 768w, https:\/\/cavadeoro.mx\/wp-content\/uploads\/2022\/07\/Perfil-del-tequila_Mesa-de-trabajo-1-500x157.png 500w, https:\/\/cavadeoro.mx\/wp-content\/uploads\/2022\/07\/Perfil-del-tequila_Mesa-de-trabajo-1-600x189.png 600w, https:\/\/cavadeoro.mx\/wp-content\/uploads\/2022\/07\/Perfil-del-tequila_Mesa-de-trabajo-1.png 1123w\" sizes=\"(max-width: 602px) 100vw, 602px\" \/><\/p>\n<h3 style=\"text-align: center;\"><strong>Color:<\/strong> <span style=\"font-weight: 400;\">Pajizo brillante.<\/span><\/h3>\n<h3 style=\"text-align: center;\"><strong>Aroma:<\/strong> <span style=\"font-weight: 400;\">Fresco, agave cocido y suavemente amaderado.<\/span><\/h3>\n<h3 style=\"text-align: center;\"><strong>Sabor:<\/strong> <span style=\"font-weight: 400;\">Suave y refinado, notas a roble, agave cocido y caramelo. Final de boca prolongado y agradable.<\/span><\/h3>\n<p>&nbsp;<\/p>\n<h3 style=\"text-align: center;\"><img decoding=\"async\" class=\"wp-image-11871 alignnone aligncenter\" src=\"https:\/\/cavadeoro.mx\/wp-content\/uploads\/2021\/06\/CAVA-DE-ORO-100-negro-300x107.png\" alt=\"\" width=\"185\" height=\"66\" srcset=\"https:\/\/cavadeoro.mx\/wp-content\/uploads\/2021\/06\/CAVA-DE-ORO-100-negro-300x107.png 300w, https:\/\/cavadeoro.mx\/wp-content\/uploads\/2021\/06\/CAVA-DE-ORO-100-negro-500x178.png 500w, https:\/\/cavadeoro.mx\/wp-content\/uploads\/2021\/06\/CAVA-DE-ORO-100-negro-600x213.png 600w, https:\/\/cavadeoro.mx\/wp-content\/uploads\/2021\/06\/CAVA-DE-ORO-100-negro.png 650w\" sizes=\"(max-width: 185px) 100vw, 185px\" \/><br \/>\n<strong>38% Alc. Vol. |<\/strong><b>\u00a0<\/b><b>750 ml<\/b><\/h3>\n<p><img decoding=\"async\" class=\"aligncenter wp-image-13453 size-full\" src=\"https:\/\/cavadeoro.mx\/wp-content\/uploads\/2022\/07\/banner-reposado.png\" alt=\"\" width=\"1800\" height=\"439\" srcset=\"https:\/\/cavadeoro.mx\/wp-content\/uploads\/2022\/07\/banner-reposado.png 1800w, https:\/\/cavadeoro.mx\/wp-content\/uploads\/2022\/07\/banner-reposado-700x171.png 700w, https:\/\/cavadeoro.mx\/wp-content\/uploads\/2022\/07\/banner-reposado-300x73.png 300w, https:\/\/cavadeoro.mx\/wp-content\/uploads\/2022\/07\/banner-reposado-1024x250.png 1024w, https:\/\/cavadeoro.mx\/wp-content\/uploads\/2022\/07\/banner-reposado-768x187.png 768w, https:\/\/cavadeoro.mx\/wp-content\/uploads\/2022\/07\/banner-reposado-1536x375.png 1536w, https:\/\/cavadeoro.mx\/wp-content\/uploads\/2022\/07\/banner-reposado-500x122.png 500w, https:\/\/cavadeoro.mx\/wp-content\/uploads\/2022\/07\/banner-reposado-600x146.png 600w\" sizes=\"(max-width: 1800px) 100vw, 1800px\" \/><\/p>\n<h4><img loading=\"lazy\" decoding=\"async\" class=\" wp-image-12542 aligncenter\" src=\"https:\/\/cavadeoro.mx\/wp-content\/uploads\/2020\/02\/CAVA-DE-ORO-NOM-Negro-300x68.png\" alt=\"\" width=\"181\" height=\"41\" srcset=\"https:\/\/cavadeoro.mx\/wp-content\/uploads\/2020\/02\/CAVA-DE-ORO-NOM-Negro-300x68.png 300w, https:\/\/cavadeoro.mx\/wp-content\/uploads\/2020\/02\/CAVA-DE-ORO-NOM-Negro-700x158.png 700w, https:\/\/cavadeoro.mx\/wp-content\/uploads\/2020\/02\/CAVA-DE-ORO-NOM-Negro-768x174.png 768w, https:\/\/cavadeoro.mx\/wp-content\/uploads\/2020\/02\/CAVA-DE-ORO-NOM-Negro-500x113.png 500w, https:\/\/cavadeoro.mx\/wp-content\/uploads\/2020\/02\/CAVA-DE-ORO-NOM-Negro-600x136.png 600w, https:\/\/cavadeoro.mx\/wp-content\/uploads\/2020\/02\/CAVA-DE-ORO-NOM-Negro.png 773w\" sizes=\"(max-width: 181px) 100vw, 181px\" \/><\/h4>\n","protected":false},"excerpt":{"rendered":"<p><span style=\"font-weight: 400;\">Al verlo, casi puedes saborear sus <strong>6 meses en barricas de roble blanco franc\u00e9s<\/strong>, con sus ligeras notas a roble, agave cocido y caramelo.<br \/>\n<\/span><img loading=\"lazy\" decoding=\"async\" class=\"wp-image-11871 alignnone\" src=\"https:\/\/cavadeoro.mx\/wp-content\/uploads\/2021\/06\/CAVA-DE-ORO-100-negro-300x107.png\" alt=\"\" width=\"185\" height=\"66\" srcset=\"https:\/\/cavadeoro.mx\/wp-content\/uploads\/2021\/06\/CAVA-DE-ORO-100-negro-300x107.png 300w, https:\/\/cavadeoro.mx\/wp-content\/uploads\/2021\/06\/CAVA-DE-ORO-100-negro-500x178.png 500w, https:\/\/cavadeoro.mx\/wp-content\/uploads\/2021\/06\/CAVA-DE-ORO-100-negro-600x213.png 600w, https:\/\/cavadeoro.mx\/wp-content\/uploads\/2021\/06\/CAVA-DE-ORO-100-negro.png 650w\" sizes=\"(max-width: 185px) 100vw, 185px\" \/><\/p>\n<p><strong>38% ALC. VOL. |<\/strong><b>\u00a0<\/b><b>750 ML<br \/>\n<\/b>Env\u00edo a todo M\u00e9xico.<\/p>\n","protected":false},"featured_media":19332,"template":"","meta":[],"product_brand":[],"product_cat":[24],"product_tag":[72,71,70,508],"class_list":{"0":"post-3347","1":"product","2":"type-product","3":"status-publish","4":"has-post-thumbnail","6":"product_cat-tequila","7":"product_tag-cava-de-oro","8":"product_tag-reposado","9":"product_tag-tequila","10":"product_tag-tequila-reposado","12":"first","13":"instock","14":"featured","15":"shipping-taxable","16":"purchasable","17":"product-type-simple"},"yoast_head":"<!-- This site is optimized with the Yoast SEO Premium plugin v22.8 (Yoast SEO v27.5) - https:\/\/yoast.com\/product\/yoast-seo-premium-wordpress\/ -->\n<title>TEQUILA REPOSADO | Tequila Cava de Oro | Env\u00edo a todo M\u00e9xico inclu\u00eddo<\/title>\n<meta name=\"description\" content=\"Tequila Reposado Cava de Oro, noble y generoso, madurado por 6 meses en barricas de roble blanco franc\u00e9s. Env\u00edo a todo M\u00e9xico.\" \/>\n<meta name=\"robots\" content=\"index, follow, max-snippet:-1, max-image-preview:large, max-video-preview:-1\" \/>\n<link rel=\"canonical\" href=\"https:\/\/cavadeoro.mx\/?product=reposado\" \/>\n<meta property=\"og:locale\" content=\"es_MX\" \/>\n<meta property=\"og:type\" content=\"article\" \/>\n<meta property=\"og:title\" content=\"Tequila Cava de Oro Reposado, noble y generoso\" \/>\n<meta property=\"og:description\" content=\"\u00a1Ideal para compartir! Gratos momentos en donde su color pajizo brillante nos invita a seguir degustando su sabor suave, con notas a roble, agave cocido y caramelo. Al verlo, casi puedes saborear sus 6 meses en barricas de roble blanco franc\u00e9s, con sus ligeras notas a roble, a agave cocido y caramelo.\" \/>\n<meta property=\"og:url\" content=\"https:\/\/cavadeoro.mx\/?product=reposado\" \/>\n<meta property=\"og:site_name\" content=\"Tequila Cava de Oro\" \/>\n<meta property=\"article:publisher\" content=\"https:\/\/facebook.com\/cavadeoro\" \/>\n<meta property=\"article:modified_time\" content=\"2025-12-27T13:47:31+00:00\" \/>\n<meta property=\"og:image\" content=\"https:\/\/cavadeoro.mx\/wp-content\/uploads\/2024\/11\/3-Reposado.webp\" \/>\n\t<meta property=\"og:image:width\" content=\"1112\" \/>\n\t<meta property=\"og:image:height\" content=\"1390\" \/>\n\t<meta property=\"og:image:type\" content=\"image\/png\" \/>\n<meta name=\"twitter:card\" content=\"summary_large_image\" \/>\n<meta name=\"twitter:title\" content=\"REPOSADO\" \/>\n<meta name=\"twitter:label1\" content=\"Tiempo de lectura\" \/>\n\t<meta name=\"twitter:data1\" content=\"2 minutos\" \/>\n<script type=\"application\/ld+json\" class=\"yoast-schema-graph\">{\"@context\":\"https:\\\/\\\/schema.org\",\"@graph\":[{\"@type\":\"WebPage\",\"@id\":\"https:\\\/\\\/cavadeoro.mx\\\/?product=reposado\",\"url\":\"https:\\\/\\\/cavadeoro.mx\\\/?product=reposado\",\"name\":\"TEQUILA REPOSADO | Tequila Cava de Oro | Env\u00edo a todo M\u00e9xico inclu\u00eddo\",\"isPartOf\":{\"@id\":\"https:\\\/\\\/cavadeoro.mx\\\/#website\"},\"primaryImageOfPage\":{\"@id\":\"https:\\\/\\\/cavadeoro.mx\\\/?product=reposado#primaryimage\"},\"image\":{\"@id\":\"https:\\\/\\\/cavadeoro.mx\\\/?product=reposado#primaryimage\"},\"thumbnailUrl\":\"https:\\\/\\\/cavadeoro.mx\\\/wp-content\\\/uploads\\\/2024\\\/11\\\/3-Reposado.webp\",\"datePublished\":\"2024-11-14T13:02:02+00:00\",\"dateModified\":\"2025-12-27T13:47:31+00:00\",\"description\":\"Tequila Reposado Cava de Oro, noble y generoso, madurado por 6 meses en barricas de roble blanco franc\u00e9s. Env\u00edo a todo M\u00e9xico.\",\"breadcrumb\":{\"@id\":\"https:\\\/\\\/cavadeoro.mx\\\/?product=reposado#breadcrumb\"},\"inLanguage\":\"es\",\"potentialAction\":[{\"@type\":\"ReadAction\",\"target\":[\"https:\\\/\\\/cavadeoro.mx\\\/?product=reposado\"]}]},{\"@type\":\"ImageObject\",\"inLanguage\":\"es\",\"@id\":\"https:\\\/\\\/cavadeoro.mx\\\/?product=reposado#primaryimage\",\"url\":\"https:\\\/\\\/cavadeoro.mx\\\/wp-content\\\/uploads\\\/2024\\\/11\\\/3-Reposado.webp\",\"contentUrl\":\"https:\\\/\\\/cavadeoro.mx\\\/wp-content\\\/uploads\\\/2024\\\/11\\\/3-Reposado.webp\",\"width\":1112,\"height\":1390},{\"@type\":\"BreadcrumbList\",\"@id\":\"https:\\\/\\\/cavadeoro.mx\\\/?product=reposado#breadcrumb\",\"itemListElement\":[{\"@type\":\"ListItem\",\"position\":1,\"name\":\"Portada\",\"item\":\"https:\\\/\\\/cavadeoro.mx\\\/?page_id=14294&lang=en\"},{\"@type\":\"ListItem\",\"position\":2,\"name\":\"TIENDA\",\"item\":\"https:\\\/\\\/cavadeoro.mx\\\/?page_id=401\"},{\"@type\":\"ListItem\",\"position\":3,\"name\":\"REPOSADO\"}]},{\"@type\":\"WebSite\",\"@id\":\"https:\\\/\\\/cavadeoro.mx\\\/#website\",\"url\":\"https:\\\/\\\/cavadeoro.mx\\\/\",\"name\":\"Tequila Cava de Oro\",\"description\":\"100% Agave Azul\",\"publisher\":{\"@id\":\"https:\\\/\\\/cavadeoro.mx\\\/#organization\"},\"potentialAction\":[{\"@type\":\"SearchAction\",\"target\":{\"@type\":\"EntryPoint\",\"urlTemplate\":\"https:\\\/\\\/cavadeoro.mx\\\/?s={search_term_string}\"},\"query-input\":{\"@type\":\"PropertyValueSpecification\",\"valueRequired\":true,\"valueName\":\"search_term_string\"}}],\"inLanguage\":\"es\"},{\"@type\":\"Organization\",\"@id\":\"https:\\\/\\\/cavadeoro.mx\\\/#organization\",\"name\":\"Tequila Cava de Oro\",\"url\":\"https:\\\/\\\/cavadeoro.mx\\\/\",\"logo\":{\"@type\":\"ImageObject\",\"inLanguage\":\"es\",\"@id\":\"https:\\\/\\\/cavadeoro.mx\\\/#\\\/schema\\\/logo\\\/image\\\/\",\"url\":\"https:\\\/\\\/cavadeoro.mx\\\/wp-content\\\/uploads\\\/2022\\\/04\\\/cropped-Logo-menu.png\",\"contentUrl\":\"https:\\\/\\\/cavadeoro.mx\\\/wp-content\\\/uploads\\\/2022\\\/04\\\/cropped-Logo-menu.png\",\"width\":92,\"height\":66,\"caption\":\"Tequila Cava de Oro\"},\"image\":{\"@id\":\"https:\\\/\\\/cavadeoro.mx\\\/#\\\/schema\\\/logo\\\/image\\\/\"},\"sameAs\":[\"https:\\\/\\\/facebook.com\\\/cavadeoro\",\"https:\\\/\\\/instagram.com\\\/cavadeoro\"]}]}<\/script>\n<!-- \/ Yoast SEO Premium plugin. -->","yoast_head_json":{"title":"TEQUILA REPOSADO | Tequila Cava de Oro | Env\u00edo a todo M\u00e9xico inclu\u00eddo","description":"Tequila Reposado Cava de Oro, noble y generoso, madurado por 6 meses en barricas de roble blanco franc\u00e9s. Env\u00edo a todo M\u00e9xico.","robots":{"index":"index","follow":"follow","max-snippet":"max-snippet:-1","max-image-preview":"max-image-preview:large","max-video-preview":"max-video-preview:-1"},"canonical":"https:\/\/cavadeoro.mx\/?product=reposado","og_locale":"es_MX","og_type":"article","og_title":"Tequila Cava de Oro Reposado, noble y generoso","og_description":"\u00a1Ideal para compartir! Gratos momentos en donde su color pajizo brillante nos invita a seguir degustando su sabor suave, con notas a roble, agave cocido y caramelo. Al verlo, casi puedes saborear sus 6 meses en barricas de roble blanco franc\u00e9s, con sus ligeras notas a roble, a agave cocido y caramelo.","og_url":"https:\/\/cavadeoro.mx\/?product=reposado","og_site_name":"Tequila Cava de Oro","article_publisher":"https:\/\/facebook.com\/cavadeoro","article_modified_time":"2025-12-27T13:47:31+00:00","og_image":[{"width":1112,"height":1390,"url":"https:\/\/cavadeoro.mx\/wp-content\/uploads\/2024\/11\/3-Reposado.webp","type":"image\/png"}],"twitter_card":"summary_large_image","twitter_title":"REPOSADO","twitter_misc":{"Tiempo de lectura":"2 minutos"},"schema":{"@context":"https:\/\/schema.org","@graph":[{"@type":"WebPage","@id":"https:\/\/cavadeoro.mx\/?product=reposado","url":"https:\/\/cavadeoro.mx\/?product=reposado","name":"TEQUILA REPOSADO | Tequila Cava de Oro | Env\u00edo a todo M\u00e9xico inclu\u00eddo","isPartOf":{"@id":"https:\/\/cavadeoro.mx\/#website"},"primaryImageOfPage":{"@id":"https:\/\/cavadeoro.mx\/?product=reposado#primaryimage"},"image":{"@id":"https:\/\/cavadeoro.mx\/?product=reposado#primaryimage"},"thumbnailUrl":"https:\/\/cavadeoro.mx\/wp-content\/uploads\/2024\/11\/3-Reposado.webp","datePublished":"2024-11-14T13:02:02+00:00","dateModified":"2025-12-27T13:47:31+00:00","description":"Tequila Reposado Cava de Oro, noble y generoso, madurado por 6 meses en barricas de roble blanco franc\u00e9s. Env\u00edo a todo M\u00e9xico.","breadcrumb":{"@id":"https:\/\/cavadeoro.mx\/?product=reposado#breadcrumb"},"inLanguage":"es","potentialAction":[{"@type":"ReadAction","target":["https:\/\/cavadeoro.mx\/?product=reposado"]}]},{"@type":"ImageObject","inLanguage":"es","@id":"https:\/\/cavadeoro.mx\/?product=reposado#primaryimage","url":"https:\/\/cavadeoro.mx\/wp-content\/uploads\/2024\/11\/3-Reposado.webp","contentUrl":"https:\/\/cavadeoro.mx\/wp-content\/uploads\/2024\/11\/3-Reposado.webp","width":1112,"height":1390},{"@type":"BreadcrumbList","@id":"https:\/\/cavadeoro.mx\/?product=reposado#breadcrumb","itemListElement":[{"@type":"ListItem","position":1,"name":"Portada","item":"https:\/\/cavadeoro.mx\/?page_id=14294&lang=en"},{"@type":"ListItem","position":2,"name":"TIENDA","item":"https:\/\/cavadeoro.mx\/?page_id=401"},{"@type":"ListItem","position":3,"name":"REPOSADO"}]},{"@type":"WebSite","@id":"https:\/\/cavadeoro.mx\/#website","url":"https:\/\/cavadeoro.mx\/","name":"Tequila Cava de Oro","description":"100% Agave Azul","publisher":{"@id":"https:\/\/cavadeoro.mx\/#organization"},"potentialAction":[{"@type":"SearchAction","target":{"@type":"EntryPoint","urlTemplate":"https:\/\/cavadeoro.mx\/?s={search_term_string}"},"query-input":{"@type":"PropertyValueSpecification","valueRequired":true,"valueName":"search_term_string"}}],"inLanguage":"es"},{"@type":"Organization","@id":"https:\/\/cavadeoro.mx\/#organization","name":"Tequila Cava de Oro","url":"https:\/\/cavadeoro.mx\/","logo":{"@type":"ImageObject","inLanguage":"es","@id":"https:\/\/cavadeoro.mx\/#\/schema\/logo\/image\/","url":"https:\/\/cavadeoro.mx\/wp-content\/uploads\/2022\/04\/cropped-Logo-menu.png","contentUrl":"https:\/\/cavadeoro.mx\/wp-content\/uploads\/2022\/04\/cropped-Logo-menu.png","width":92,"height":66,"caption":"Tequila Cava de Oro"},"image":{"@id":"https:\/\/cavadeoro.mx\/#\/schema\/logo\/image\/"},"sameAs":["https:\/\/facebook.com\/cavadeoro","https:\/\/instagram.com\/cavadeoro"]}]}},"lang":"es","translations":{"es":3347},"pll_sync_post":[],"_links":{"self":[{"href":"https:\/\/cavadeoro.mx\/index.php?rest_route=\/wp\/v2\/product\/3347","targetHints":{"allow":["GET"]}}],"collection":[{"href":"https:\/\/cavadeoro.mx\/index.php?rest_route=\/wp\/v2\/product"}],"about":[{"href":"https:\/\/cavadeoro.mx\/index.php?rest_route=\/wp\/v2\/types\/product"}],"version-history":[{"count":6,"href":"https:\/\/cavadeoro.mx\/index.php?rest_route=\/wp\/v2\/product\/3347\/revisions"}],"predecessor-version":[{"id":13451,"href":"https:\/\/cavadeoro.mx\/index.php?rest_route=\/wp\/v2\/product\/3347\/revisions\/13451"}],"wp:featuredmedia":[{"embeddable":true,"href":"https:\/\/cavadeoro.mx\/index.php?rest_route=\/wp\/v2\/media\/19332"}],"wp:attachment":[{"href":"https:\/\/cavadeoro.mx\/index.php?rest_route=%2Fwp%2Fv2%2Fmedia&parent=3347"}],"wp:term":[{"taxonomy":"product_brand","embeddable":true,"href":"https:\/\/cavadeoro.mx\/index.php?rest_route=%2Fwp%2Fv2%2Fproduct_brand&post=3347"},{"taxonomy":"product_cat","embeddable":true,"href":"https:\/\/cavadeoro.mx\/index.php?rest_route=%2Fwp%2Fv2%2Fproduct_cat&post=3347"},{"taxonomy":"product_tag","embeddable":true,"href":"https:\/\/cavadeoro.mx\/index.php?rest_route=%2Fwp%2Fv2%2Fproduct_tag&post=3347"}],"curies":[{"name":"wp","href":"https:\/\/api.w.org\/{rel}","templated":true}]}}