{"id":9356,"date":"2023-05-21T12:12:57","date_gmt":"2023-05-21T18:12:57","guid":{"rendered":"https:\/\/cavadeoro.mx\/?post_type=product&#038;p=9356"},"modified":"2025-01-29T10:41:12","modified_gmt":"2025-01-29T16:41:12","slug":"tequila-extra-anejo-mini-arte-huichol","status":"publish","type":"product","link":"https:\/\/cavadeoro.mx\/?product=tequila-extra-anejo-mini-arte-huichol","title":{"rendered":"Tequila Extra A\u00f1ejo + Mini Arte Huichol"},"content":{"rendered":"<p style=\"text-align: center;\"><strong><img fetchpriority=\"high\" decoding=\"async\" class=\"aligncenter wp-image-17597 size-full\" src=\"https:\/\/cavadeoro.mx\/wp-content\/uploads\/2023\/05\/extra-anejo-y-mini-jpg.webp\" alt=\"\" width=\"1169\" height=\"658\" srcset=\"https:\/\/cavadeoro.mx\/wp-content\/uploads\/2023\/05\/extra-anejo-y-mini-jpg.webp 1169w, https:\/\/cavadeoro.mx\/wp-content\/uploads\/2023\/05\/extra-anejo-y-mini-300x169.webp 300w, https:\/\/cavadeoro.mx\/wp-content\/uploads\/2023\/05\/extra-anejo-y-mini-1024x576.webp 1024w, https:\/\/cavadeoro.mx\/wp-content\/uploads\/2023\/05\/extra-anejo-y-mini-768x432.webp 768w, https:\/\/cavadeoro.mx\/wp-content\/uploads\/2023\/05\/extra-anejo-y-mini-500x281.webp 500w, https:\/\/cavadeoro.mx\/wp-content\/uploads\/2023\/05\/extra-anejo-y-mini-700x394.webp 700w\" sizes=\"(max-width: 1169px) 100vw, 1169px\" \/><\/strong><\/p>\n<h3 style=\"text-align: center;\"><strong>Tequila Extra A\u00f1ejo | Mini Arte Huichol<br \/>\n<\/strong><\/h3>\n<p style=\"text-align: center;\"><span style=\"color: #993300;\"><em>Luego de tu compra te llegar\u00e1 v\u00eda whatsapp el cat\u00e1logo de miniaturas disponibles para escoger la tuya.<\/em><\/span><\/p>\n<p style=\"text-align: center;\">Nuestro\u00a0<strong>Tequila Extra A\u00f1ejo Cava de Oro,\u00a0<\/strong>un Tequila a\u00f1orado en todo el mundo, que una vez que pruebas, no querr\u00e1s cambiarlo por nada. Un Tequila Premium y sutilmente dulce ideal para degustar derecho o en las rocas.<\/p>\n<p style=\"text-align: center;\"><img decoding=\"async\" class=\"aligncenter wp-image-13429 \" src=\"https:\/\/cavadeoro.mx\/wp-content\/uploads\/2022\/07\/Perfil-del-tequila_Mesa-de-trabajo-1-1024x322.png\" sizes=\"(max-width: 602px) 100vw, 602px\" srcset=\"https:\/\/cavadeoro.mx\/wp-content\/uploads\/2022\/07\/Perfil-del-tequila_Mesa-de-trabajo-1-1024x322.png 1024w, https:\/\/cavadeoro.mx\/wp-content\/uploads\/2022\/07\/Perfil-del-tequila_Mesa-de-trabajo-1-300x94.png 300w, https:\/\/cavadeoro.mx\/wp-content\/uploads\/2022\/07\/Perfil-del-tequila_Mesa-de-trabajo-1-768x241.png 768w, https:\/\/cavadeoro.mx\/wp-content\/uploads\/2022\/07\/Perfil-del-tequila_Mesa-de-trabajo-1-500x157.png 500w, https:\/\/cavadeoro.mx\/wp-content\/uploads\/2022\/07\/Perfil-del-tequila_Mesa-de-trabajo-1-600x189.png 600w, https:\/\/cavadeoro.mx\/wp-content\/uploads\/2022\/07\/Perfil-del-tequila_Mesa-de-trabajo-1.png 1123w\" alt=\"\" width=\"602\" height=\"189\" \/><\/p>\n<h3 style=\"text-align: center;\"><strong>COLOR:\u00a0<\/strong>MATICES ROJIZO BRILLANTE Y \u00c1MBAR OSCURO.<\/h3>\n<h3 style=\"text-align: center;\"><strong>AROMA:\u00a0<\/strong>MULTITUD DE AROMAS FRUTALES Y ROBLE TOSTADO.<\/h3>\n<h3 style=\"text-align: center;\"><strong>SABOR:\u00a0<\/strong>SU EXQUISITA DULZURA CONVIERTE UN AMPULOSO Y LARGO FINAL<\/h3>\n<p style=\"text-align: center;\"><img decoding=\"async\" class=\"aligncenter wp-image-13448 size-full\" src=\"https:\/\/cavadeoro.mx\/wp-content\/uploads\/2022\/06\/banner-extra-an%CC%83ejo.png\" sizes=\"(max-width: 1800px) 100vw, 1800px\" srcset=\"https:\/\/cavadeoro.mx\/wp-content\/uploads\/2022\/06\/banner-extra-an\u0303ejo.png 1800w, https:\/\/cavadeoro.mx\/wp-content\/uploads\/2022\/06\/banner-extra-an\u0303ejo-300x73.png 300w, https:\/\/cavadeoro.mx\/wp-content\/uploads\/2022\/06\/banner-extra-an\u0303ejo-1024x250.png 1024w, https:\/\/cavadeoro.mx\/wp-content\/uploads\/2022\/06\/banner-extra-an\u0303ejo-768x187.png 768w, https:\/\/cavadeoro.mx\/wp-content\/uploads\/2022\/06\/banner-extra-an\u0303ejo-1536x375.png 1536w, https:\/\/cavadeoro.mx\/wp-content\/uploads\/2022\/06\/banner-extra-an\u0303ejo-500x122.png 500w, https:\/\/cavadeoro.mx\/wp-content\/uploads\/2022\/06\/banner-extra-an\u0303ejo-600x146.png 600w\" alt=\"\" width=\"1800\" height=\"439\" \/><\/p>\n<h4 style=\"text-align: center;\"><img loading=\"lazy\" decoding=\"async\" class=\" wp-image-12542 aligncenter\" src=\"https:\/\/cavadeoro.mx\/wp-content\/uploads\/2020\/02\/CAVA-DE-ORO-NOM-Negro-300x68.png\" sizes=\"(max-width: 181px) 100vw, 181px\" srcset=\"https:\/\/cavadeoro.mx\/wp-content\/uploads\/2020\/02\/CAVA-DE-ORO-NOM-Negro-300x68.png 300w, https:\/\/cavadeoro.mx\/wp-content\/uploads\/2020\/02\/CAVA-DE-ORO-NOM-Negro-768x174.png 768w, https:\/\/cavadeoro.mx\/wp-content\/uploads\/2020\/02\/CAVA-DE-ORO-NOM-Negro-500x113.png 500w, https:\/\/cavadeoro.mx\/wp-content\/uploads\/2020\/02\/CAVA-DE-ORO-NOM-Negro-600x136.png 600w, https:\/\/cavadeoro.mx\/wp-content\/uploads\/2020\/02\/CAVA-DE-ORO-NOM-Negro.png 773w\" alt=\"\" width=\"181\" height=\"41\" \/><\/h4>\n<p style=\"text-align: center;\"><em><strong>Dise\u00f1os \u00fanicos, elaborados en la regi\u00f3n. \u00a1No encontrar\u00e1s dos iguales!<\/strong><\/em><\/p>\n<p style=\"text-align: center;\">Tequila Extra A\u00f1ejo | Mini Arte Huichol<\/p>\n","protected":false},"excerpt":{"rendered":"<p><strong>Tequila Extra A\u00f1ejo con 5 a\u00f1os<\/strong> de maduraci\u00f3n en barricas de roble blanco Franc\u00e9s + <strong>botellita mini de 50 ml con Arte Wix\u00e1rika<\/strong>.<br \/>\n<img loading=\"lazy\" decoding=\"async\" class=\"wp-image-11871 alignnone\" src=\"https:\/\/cavadeoro.mx\/wp-content\/uploads\/2021\/06\/CAVA-DE-ORO-100-negro-300x107.png\" alt=\"\" width=\"185\" height=\"66\" srcset=\"https:\/\/cavadeoro.mx\/wp-content\/uploads\/2021\/06\/CAVA-DE-ORO-100-negro-300x107.png 300w, https:\/\/cavadeoro.mx\/wp-content\/uploads\/2021\/06\/CAVA-DE-ORO-100-negro-500x178.png 500w, https:\/\/cavadeoro.mx\/wp-content\/uploads\/2021\/06\/CAVA-DE-ORO-100-negro-600x213.png 600w, https:\/\/cavadeoro.mx\/wp-content\/uploads\/2021\/06\/CAVA-DE-ORO-100-negro.png 650w\" sizes=\"(max-width: 185px) 100vw, 185px\" \/><br \/>\n<strong>38% Alc. Vol. |<\/strong><b>\u00a0<\/b><b>750 ml<br \/>\n<\/b>Env\u00edo a todo M\u00e9xico.<\/p>\n<p><strong>Mini Huichol: <\/strong>Al realizar tu compra te llegar\u00e1 v\u00eda whatsapp un catalogo para escoger el Arte de tu Huichol Mini de 50ml.<\/p>\n","protected":false},"featured_media":15988,"template":"","meta":[],"product_brand":[],"product_cat":[136,116,134],"product_tag":[431,76,70],"class_list":{"0":"post-9356","1":"product","2":"type-product","3":"status-publish","4":"has-post-thumbnail","6":"product_cat-arte-huichol","7":"product_cat-coleccionable","8":"product_cat-tequila-edicion-especial","9":"product_tag-arte-huichol","10":"product_tag-extra-anejo","11":"product_tag-tequila","13":"first","14":"instock","15":"shipping-taxable","16":"purchasable","17":"product-type-simple"},"yoast_head":"<!-- This site is optimized with the Yoast SEO Premium plugin v22.8 (Yoast SEO v27.3) - https:\/\/yoast.com\/product\/yoast-seo-premium-wordpress\/ -->\n<title>Tequila Extra A\u00f1ejo + Mini Arte Huichol - Tequila Cava de Oro<\/title>\n<meta name=\"description\" content=\"Tequila Extra A\u00f1ejo | Mini Arte Huichol . Una cultura \u00fanica unida en una misma pieza con el Arte del Tequila. Pieza \u00danica.\" \/>\n<meta name=\"robots\" content=\"index, follow, max-snippet:-1, max-image-preview:large, max-video-preview:-1\" \/>\n<link rel=\"canonical\" href=\"https:\/\/cavadeoro.mx\/?product=tequila-extra-anejo-mini-arte-huichol\" \/>\n<meta property=\"og:locale\" content=\"es_MX\" \/>\n<meta property=\"og:type\" content=\"article\" \/>\n<meta property=\"og:title\" content=\"Tequila Extra A\u00f1ejo + Mini Arte Huichol\" \/>\n<meta property=\"og:description\" content=\"Tequila Extra A\u00f1ejo | Mini Arte Huichol . Una cultura \u00fanica unida en una misma pieza con el Arte del Tequila. Pieza \u00danica.\" \/>\n<meta property=\"og:url\" content=\"https:\/\/cavadeoro.mx\/?product=tequila-extra-anejo-mini-arte-huichol\" \/>\n<meta property=\"og:site_name\" content=\"Tequila Cava de Oro\" \/>\n<meta property=\"article:publisher\" content=\"https:\/\/facebook.com\/cavadeoro\" \/>\n<meta property=\"article:modified_time\" content=\"2025-01-29T16:41:12+00:00\" \/>\n<meta property=\"og:image\" content=\"https:\/\/cavadeoro.mx\/wp-content\/uploads\/2023\/01\/EA-mini-web.png\" \/>\n\t<meta property=\"og:image:width\" content=\"1080\" \/>\n\t<meta property=\"og:image:height\" content=\"1350\" \/>\n\t<meta property=\"og:image:type\" content=\"image\/png\" \/>\n<meta name=\"twitter:card\" content=\"summary_large_image\" \/>\n<meta name=\"twitter:label1\" content=\"Tiempo de lectura\" \/>\n\t<meta name=\"twitter:data1\" content=\"2 minutos\" \/>\n<script type=\"application\/ld+json\" class=\"yoast-schema-graph\">{\"@context\":\"https:\\\/\\\/schema.org\",\"@graph\":[{\"@type\":\"WebPage\",\"@id\":\"https:\\\/\\\/cavadeoro.mx\\\/?product=tequila-extra-anejo-mini-arte-huichol\",\"url\":\"https:\\\/\\\/cavadeoro.mx\\\/?product=tequila-extra-anejo-mini-arte-huichol\",\"name\":\"Tequila Extra A\u00f1ejo + Mini Arte Huichol - Tequila Cava de Oro\",\"isPartOf\":{\"@id\":\"https:\\\/\\\/cavadeoro.mx\\\/#website\"},\"primaryImageOfPage\":{\"@id\":\"https:\\\/\\\/cavadeoro.mx\\\/?product=tequila-extra-anejo-mini-arte-huichol#primaryimage\"},\"image\":{\"@id\":\"https:\\\/\\\/cavadeoro.mx\\\/?product=tequila-extra-anejo-mini-arte-huichol#primaryimage\"},\"thumbnailUrl\":\"https:\\\/\\\/cavadeoro.mx\\\/wp-content\\\/uploads\\\/2023\\\/01\\\/EA-mini-web.png\",\"datePublished\":\"2023-05-21T18:12:57+00:00\",\"dateModified\":\"2025-01-29T16:41:12+00:00\",\"description\":\"Tequila Extra A\u00f1ejo | Mini Arte Huichol . Una cultura \u00fanica unida en una misma pieza con el Arte del Tequila. Pieza \u00danica.\",\"breadcrumb\":{\"@id\":\"https:\\\/\\\/cavadeoro.mx\\\/?product=tequila-extra-anejo-mini-arte-huichol#breadcrumb\"},\"inLanguage\":\"es\",\"potentialAction\":[{\"@type\":\"ReadAction\",\"target\":[\"https:\\\/\\\/cavadeoro.mx\\\/?product=tequila-extra-anejo-mini-arte-huichol\"]}]},{\"@type\":\"ImageObject\",\"inLanguage\":\"es\",\"@id\":\"https:\\\/\\\/cavadeoro.mx\\\/?product=tequila-extra-anejo-mini-arte-huichol#primaryimage\",\"url\":\"https:\\\/\\\/cavadeoro.mx\\\/wp-content\\\/uploads\\\/2023\\\/01\\\/EA-mini-web.png\",\"contentUrl\":\"https:\\\/\\\/cavadeoro.mx\\\/wp-content\\\/uploads\\\/2023\\\/01\\\/EA-mini-web.png\",\"width\":1080,\"height\":1350},{\"@type\":\"BreadcrumbList\",\"@id\":\"https:\\\/\\\/cavadeoro.mx\\\/?product=tequila-extra-anejo-mini-arte-huichol#breadcrumb\",\"itemListElement\":[{\"@type\":\"ListItem\",\"position\":1,\"name\":\"Portada\",\"item\":\"https:\\\/\\\/cavadeoro.mx\\\/?page_id=14294&lang=en\"},{\"@type\":\"ListItem\",\"position\":2,\"name\":\"TIENDA\",\"item\":\"https:\\\/\\\/cavadeoro.mx\\\/?page_id=401\"},{\"@type\":\"ListItem\",\"position\":3,\"name\":\"Tequila Extra A\u00f1ejo + Mini Arte Huichol\"}]},{\"@type\":\"WebSite\",\"@id\":\"https:\\\/\\\/cavadeoro.mx\\\/#website\",\"url\":\"https:\\\/\\\/cavadeoro.mx\\\/\",\"name\":\"Tequila Cava de Oro\",\"description\":\"100% Agave Azul\",\"publisher\":{\"@id\":\"https:\\\/\\\/cavadeoro.mx\\\/#organization\"},\"potentialAction\":[{\"@type\":\"SearchAction\",\"target\":{\"@type\":\"EntryPoint\",\"urlTemplate\":\"https:\\\/\\\/cavadeoro.mx\\\/?s={search_term_string}\"},\"query-input\":{\"@type\":\"PropertyValueSpecification\",\"valueRequired\":true,\"valueName\":\"search_term_string\"}}],\"inLanguage\":\"es\"},{\"@type\":\"Organization\",\"@id\":\"https:\\\/\\\/cavadeoro.mx\\\/#organization\",\"name\":\"Tequila Cava de Oro\",\"url\":\"https:\\\/\\\/cavadeoro.mx\\\/\",\"logo\":{\"@type\":\"ImageObject\",\"inLanguage\":\"es\",\"@id\":\"https:\\\/\\\/cavadeoro.mx\\\/#\\\/schema\\\/logo\\\/image\\\/\",\"url\":\"https:\\\/\\\/cavadeoro.mx\\\/wp-content\\\/uploads\\\/2022\\\/04\\\/cropped-Logo-menu.png\",\"contentUrl\":\"https:\\\/\\\/cavadeoro.mx\\\/wp-content\\\/uploads\\\/2022\\\/04\\\/cropped-Logo-menu.png\",\"width\":92,\"height\":66,\"caption\":\"Tequila Cava de Oro\"},\"image\":{\"@id\":\"https:\\\/\\\/cavadeoro.mx\\\/#\\\/schema\\\/logo\\\/image\\\/\"},\"sameAs\":[\"https:\\\/\\\/facebook.com\\\/cavadeoro\",\"https:\\\/\\\/instagram.com\\\/cavadeoro\"]}]}<\/script>\n<!-- \/ Yoast SEO Premium plugin. -->","yoast_head_json":{"title":"Tequila Extra A\u00f1ejo + Mini Arte Huichol - Tequila Cava de Oro","description":"Tequila Extra A\u00f1ejo | Mini Arte Huichol . Una cultura \u00fanica unida en una misma pieza con el Arte del Tequila. Pieza \u00danica.","robots":{"index":"index","follow":"follow","max-snippet":"max-snippet:-1","max-image-preview":"max-image-preview:large","max-video-preview":"max-video-preview:-1"},"canonical":"https:\/\/cavadeoro.mx\/?product=tequila-extra-anejo-mini-arte-huichol","og_locale":"es_MX","og_type":"article","og_title":"Tequila Extra A\u00f1ejo + Mini Arte Huichol","og_description":"Tequila Extra A\u00f1ejo | Mini Arte Huichol . Una cultura \u00fanica unida en una misma pieza con el Arte del Tequila. Pieza \u00danica.","og_url":"https:\/\/cavadeoro.mx\/?product=tequila-extra-anejo-mini-arte-huichol","og_site_name":"Tequila Cava de Oro","article_publisher":"https:\/\/facebook.com\/cavadeoro","article_modified_time":"2025-01-29T16:41:12+00:00","og_image":[{"width":1080,"height":1350,"url":"https:\/\/cavadeoro.mx\/wp-content\/uploads\/2023\/01\/EA-mini-web.png","type":"image\/png"}],"twitter_card":"summary_large_image","twitter_misc":{"Tiempo de lectura":"2 minutos"},"schema":{"@context":"https:\/\/schema.org","@graph":[{"@type":"WebPage","@id":"https:\/\/cavadeoro.mx\/?product=tequila-extra-anejo-mini-arte-huichol","url":"https:\/\/cavadeoro.mx\/?product=tequila-extra-anejo-mini-arte-huichol","name":"Tequila Extra A\u00f1ejo + Mini Arte Huichol - Tequila Cava de Oro","isPartOf":{"@id":"https:\/\/cavadeoro.mx\/#website"},"primaryImageOfPage":{"@id":"https:\/\/cavadeoro.mx\/?product=tequila-extra-anejo-mini-arte-huichol#primaryimage"},"image":{"@id":"https:\/\/cavadeoro.mx\/?product=tequila-extra-anejo-mini-arte-huichol#primaryimage"},"thumbnailUrl":"https:\/\/cavadeoro.mx\/wp-content\/uploads\/2023\/01\/EA-mini-web.png","datePublished":"2023-05-21T18:12:57+00:00","dateModified":"2025-01-29T16:41:12+00:00","description":"Tequila Extra A\u00f1ejo | Mini Arte Huichol . Una cultura \u00fanica unida en una misma pieza con el Arte del Tequila. Pieza \u00danica.","breadcrumb":{"@id":"https:\/\/cavadeoro.mx\/?product=tequila-extra-anejo-mini-arte-huichol#breadcrumb"},"inLanguage":"es","potentialAction":[{"@type":"ReadAction","target":["https:\/\/cavadeoro.mx\/?product=tequila-extra-anejo-mini-arte-huichol"]}]},{"@type":"ImageObject","inLanguage":"es","@id":"https:\/\/cavadeoro.mx\/?product=tequila-extra-anejo-mini-arte-huichol#primaryimage","url":"https:\/\/cavadeoro.mx\/wp-content\/uploads\/2023\/01\/EA-mini-web.png","contentUrl":"https:\/\/cavadeoro.mx\/wp-content\/uploads\/2023\/01\/EA-mini-web.png","width":1080,"height":1350},{"@type":"BreadcrumbList","@id":"https:\/\/cavadeoro.mx\/?product=tequila-extra-anejo-mini-arte-huichol#breadcrumb","itemListElement":[{"@type":"ListItem","position":1,"name":"Portada","item":"https:\/\/cavadeoro.mx\/?page_id=14294&lang=en"},{"@type":"ListItem","position":2,"name":"TIENDA","item":"https:\/\/cavadeoro.mx\/?page_id=401"},{"@type":"ListItem","position":3,"name":"Tequila Extra A\u00f1ejo + Mini Arte Huichol"}]},{"@type":"WebSite","@id":"https:\/\/cavadeoro.mx\/#website","url":"https:\/\/cavadeoro.mx\/","name":"Tequila Cava de Oro","description":"100% Agave Azul","publisher":{"@id":"https:\/\/cavadeoro.mx\/#organization"},"potentialAction":[{"@type":"SearchAction","target":{"@type":"EntryPoint","urlTemplate":"https:\/\/cavadeoro.mx\/?s={search_term_string}"},"query-input":{"@type":"PropertyValueSpecification","valueRequired":true,"valueName":"search_term_string"}}],"inLanguage":"es"},{"@type":"Organization","@id":"https:\/\/cavadeoro.mx\/#organization","name":"Tequila Cava de Oro","url":"https:\/\/cavadeoro.mx\/","logo":{"@type":"ImageObject","inLanguage":"es","@id":"https:\/\/cavadeoro.mx\/#\/schema\/logo\/image\/","url":"https:\/\/cavadeoro.mx\/wp-content\/uploads\/2022\/04\/cropped-Logo-menu.png","contentUrl":"https:\/\/cavadeoro.mx\/wp-content\/uploads\/2022\/04\/cropped-Logo-menu.png","width":92,"height":66,"caption":"Tequila Cava de Oro"},"image":{"@id":"https:\/\/cavadeoro.mx\/#\/schema\/logo\/image\/"},"sameAs":["https:\/\/facebook.com\/cavadeoro","https:\/\/instagram.com\/cavadeoro"]}]}},"lang":"es","translations":{"es":9356},"pll_sync_post":[],"_links":{"self":[{"href":"https:\/\/cavadeoro.mx\/index.php?rest_route=\/wp\/v2\/product\/9356","targetHints":{"allow":["GET"]}}],"collection":[{"href":"https:\/\/cavadeoro.mx\/index.php?rest_route=\/wp\/v2\/product"}],"about":[{"href":"https:\/\/cavadeoro.mx\/index.php?rest_route=\/wp\/v2\/types\/product"}],"version-history":[{"count":8,"href":"https:\/\/cavadeoro.mx\/index.php?rest_route=\/wp\/v2\/product\/9356\/revisions"}],"predecessor-version":[{"id":17600,"href":"https:\/\/cavadeoro.mx\/index.php?rest_route=\/wp\/v2\/product\/9356\/revisions\/17600"}],"wp:featuredmedia":[{"embeddable":true,"href":"https:\/\/cavadeoro.mx\/index.php?rest_route=\/wp\/v2\/media\/15988"}],"wp:attachment":[{"href":"https:\/\/cavadeoro.mx\/index.php?rest_route=%2Fwp%2Fv2%2Fmedia&parent=9356"}],"wp:term":[{"taxonomy":"product_brand","embeddable":true,"href":"https:\/\/cavadeoro.mx\/index.php?rest_route=%2Fwp%2Fv2%2Fproduct_brand&post=9356"},{"taxonomy":"product_cat","embeddable":true,"href":"https:\/\/cavadeoro.mx\/index.php?rest_route=%2Fwp%2Fv2%2Fproduct_cat&post=9356"},{"taxonomy":"product_tag","embeddable":true,"href":"https:\/\/cavadeoro.mx\/index.php?rest_route=%2Fwp%2Fv2%2Fproduct_tag&post=9356"}],"curies":[{"name":"wp","href":"https:\/\/api.w.org\/{rel}","templated":true}]}}