{"id":9363,"date":"2023-05-14T12:26:30","date_gmt":"2023-05-14T18:26:30","guid":{"rendered":"https:\/\/cavadeoro.mx\/?post_type=product&#038;p=9363"},"modified":"2024-04-03T12:00:39","modified_gmt":"2024-04-03T18:00:39","slug":"rodo-padilla","status":"publish","type":"product","link":"https:\/\/cavadeoro.mx\/?product=rodo-padilla","title":{"rendered":"2da Edici\u00f3n D\u00eda de Muertos 2021 x Rodo Padilla"},"content":{"rendered":"<p style=\"text-align: center;\"><strong>Segunda Edici\u00f3n Especial de<\/strong><\/p>\n<h1 style=\"text-align: center;\"><strong>D\u00eda de Muertos x Rodo Padilla<\/strong><\/h1>\n<h3 style=\"text-align: center;\"><strong>2021<\/strong><\/h3>\n<h3 style=\"text-align: center;\"><strong>TEQUILA EXTRA A\u00d1EJO DE 78 meses de a\u00f1ejamiento<\/strong><\/h3>\n<p style=\"text-align: center;\"><img fetchpriority=\"high\" decoding=\"async\" class=\"alignnone wp-image-10049\" src=\"https:\/\/cavadeoro.mx\/wp-content\/uploads\/2021\/08\/complementos-Rodo-Padilla-x-Cava-de-Oro2-1024x701.png\" alt=\"\" width=\"980\" height=\"671\" srcset=\"https:\/\/cavadeoro.mx\/wp-content\/uploads\/2021\/08\/complementos-Rodo-Padilla-x-Cava-de-Oro2-1024x701.png 1024w, https:\/\/cavadeoro.mx\/wp-content\/uploads\/2021\/08\/complementos-Rodo-Padilla-x-Cava-de-Oro2-700x479.png 700w, https:\/\/cavadeoro.mx\/wp-content\/uploads\/2021\/08\/complementos-Rodo-Padilla-x-Cava-de-Oro2-300x205.png 300w, https:\/\/cavadeoro.mx\/wp-content\/uploads\/2021\/08\/complementos-Rodo-Padilla-x-Cava-de-Oro2-768x526.png 768w, https:\/\/cavadeoro.mx\/wp-content\/uploads\/2021\/08\/complementos-Rodo-Padilla-x-Cava-de-Oro2-1536x1052.png 1536w, https:\/\/cavadeoro.mx\/wp-content\/uploads\/2021\/08\/complementos-Rodo-Padilla-x-Cava-de-Oro2-500x342.png 500w, https:\/\/cavadeoro.mx\/wp-content\/uploads\/2021\/08\/complementos-Rodo-Padilla-x-Cava-de-Oro2-600x411.png 600w, https:\/\/cavadeoro.mx\/wp-content\/uploads\/2021\/08\/complementos-Rodo-Padilla-x-Cava-de-Oro2.png 1980w\" sizes=\"(max-width: 980px) 100vw, 980px\" \/><\/p>\n<p style=\"text-align: center;\">Tequila Premium 100% Agave Azul, con doble maduraci\u00f3n en fina selecci\u00f3n de barricas,<br \/>\ncon un tostado protagonista del excelente sabor del Extra A\u00f1ejo Cava de Oro.<\/p>\n<hr \/>\n<h4 style=\"text-align: center;\"><em><span style=\"color: #ff6600;\">\u00a1Tenemos Vida y es algo que celebrar!<\/span><\/em><\/h4>\n<p>&nbsp;<\/p>\n<p style=\"text-align: center;\">Nuestra botella ha sido intervenida por el artista y escultor jalisciense <strong>Rodo Padilla<\/strong>,<br \/>\nplasmando en ella de forma divertida con sus \u201cgorditos\u201d los sentimientos de nuestra cultura mexicana.<\/p>\n<p>&nbsp;<\/p>\n<div style=\"width: 1280px;\" class=\"wp-video\"><video class=\"wp-video-shortcode\" id=\"video-9363-1\" width=\"1280\" height=\"720\" poster=\"https:\/\/cavadeoro.mx\/wp-content\/uploads\/2021\/08\/2da-Edicion-Dia-de-muertos.png\" autoplay preload=\"metadata\" controls=\"controls\"><source type=\"video\/mp4\" src=\"https:\/\/cavadeoro.mx\/wp-content\/uploads\/2021\/08\/Cava_Rodo_Padilla.mp4?_=1\" \/><a href=\"https:\/\/cavadeoro.mx\/wp-content\/uploads\/2021\/08\/Cava_Rodo_Padilla.mp4\">https:\/\/cavadeoro.mx\/wp-content\/uploads\/2021\/08\/Cava_Rodo_Padilla.mp4<\/a><\/video><\/div>\n<p><img decoding=\"async\" class=\"aligncenter wp-image-13429 \" src=\"https:\/\/cavadeoro.mx\/wp-content\/uploads\/2022\/07\/Perfil-del-tequila_Mesa-de-trabajo-1-1024x322.png\" alt=\"\" width=\"579\" height=\"182\" srcset=\"https:\/\/cavadeoro.mx\/wp-content\/uploads\/2022\/07\/Perfil-del-tequila_Mesa-de-trabajo-1-1024x322.png 1024w, https:\/\/cavadeoro.mx\/wp-content\/uploads\/2022\/07\/Perfil-del-tequila_Mesa-de-trabajo-1-700x220.png 700w, https:\/\/cavadeoro.mx\/wp-content\/uploads\/2022\/07\/Perfil-del-tequila_Mesa-de-trabajo-1-300x94.png 300w, https:\/\/cavadeoro.mx\/wp-content\/uploads\/2022\/07\/Perfil-del-tequila_Mesa-de-trabajo-1-768x241.png 768w, https:\/\/cavadeoro.mx\/wp-content\/uploads\/2022\/07\/Perfil-del-tequila_Mesa-de-trabajo-1-500x157.png 500w, https:\/\/cavadeoro.mx\/wp-content\/uploads\/2022\/07\/Perfil-del-tequila_Mesa-de-trabajo-1-600x189.png 600w, https:\/\/cavadeoro.mx\/wp-content\/uploads\/2022\/07\/Perfil-del-tequila_Mesa-de-trabajo-1.png 1123w\" sizes=\"(max-width: 579px) 100vw, 579px\" \/><\/p>\n<h3 style=\"text-align: center;\"><strong>Color:<\/strong> Matices rojizo brillante y \u00e1mbar oscuro.<\/h3>\n<h3 style=\"text-align: center;\"><strong>Aroma:<\/strong> Gracias a su fino proceso de tostado provee notas muy amaderadas con multitud de aromas frutales y dulces notas de agave cocido.<\/h3>\n<h3 style=\"text-align: center;\"><strong>Sabor:<\/strong> Su exquisita dulzura convierte un ampuloso y largo final<\/h3>\n<p>&nbsp;<\/p>\n<hr \/>\n<p>&nbsp;<\/p>\n<p><img decoding=\"async\" class=\"wp-image-10052 size-full alignleft\" src=\"https:\/\/cavadeoro.mx\/wp-content\/uploads\/2021\/08\/Rodo-Historia.png\" alt=\"\" width=\"678\" height=\"309\" srcset=\"https:\/\/cavadeoro.mx\/wp-content\/uploads\/2021\/08\/Rodo-Historia.png 678w, https:\/\/cavadeoro.mx\/wp-content\/uploads\/2021\/08\/Rodo-Historia-600x273.png 600w, https:\/\/cavadeoro.mx\/wp-content\/uploads\/2021\/08\/Rodo-Historia-300x137.png 300w, https:\/\/cavadeoro.mx\/wp-content\/uploads\/2021\/08\/Rodo-Historia-500x228.png 500w\" sizes=\"(max-width: 678px) 100vw, 678px\" \/><\/p>\n<p>Por segundo a\u00f1o consecutivo en <strong>Cava de Oro colaboramos con grandes artistas<\/strong> para intervenir nuestra botella y llenarla de expresiones de nuestra cultura mexicana, <strong>conmemorando el D\u00eda de Muertos.<\/strong><\/p>\n<p>Esta edici\u00f3n especial es acompa\u00f1ada de un <strong>Tequila Extra A\u00f1ejo<\/strong> \u00fanico con<strong> 78 meses de a\u00f1ejamiento<\/strong> en total, 60 meses en barricas de Roble americano y posteriormente trasladada por 18 meses adicionales en reposo en barricas de Roble Blanco Franc\u00e9s.<\/p>\n<p>&nbsp;<\/p>\n<hr \/>\n<p>&nbsp;<\/p>\n<p style=\"text-align: center;\"><em><strong>\u00a1Una obra de arte exclusiva para tu colecci\u00f3n!<\/strong><\/em><\/p>\n<p style=\"text-align: center;\">Tequila Extra A\u00f1ejo | Doble Maduraci\u00f3n<\/p>\n","protected":false},"excerpt":{"rendered":"<p><span style=\"color: #333300;\"><strong>Botella de Cer\u00e1mica <\/strong>concepto campo de cempasuchil y ofrenda, color azul, con empaque artesanal y 2 copas de regalo.<\/span><\/p>\n<p><strong>Tequila con 78 meses de A\u00f1ejamiento.<\/strong><\/p>\n<p><img loading=\"lazy\" decoding=\"async\" class=\"alignnone wp-image-12540\" src=\"https:\/\/cavadeoro.mx\/wp-content\/uploads\/2020\/02\/CAVA-DE-ORO-100-negro-300x107.png\" alt=\"\" width=\"219\" height=\"78\" srcset=\"https:\/\/cavadeoro.mx\/wp-content\/uploads\/2020\/02\/CAVA-DE-ORO-100-negro-300x107.png 300w, https:\/\/cavadeoro.mx\/wp-content\/uploads\/2020\/02\/CAVA-DE-ORO-100-negro-500x178.png 500w, https:\/\/cavadeoro.mx\/wp-content\/uploads\/2020\/02\/CAVA-DE-ORO-100-negro-600x213.png 600w, https:\/\/cavadeoro.mx\/wp-content\/uploads\/2020\/02\/CAVA-DE-ORO-100-negro.png 650w\" sizes=\"(max-width: 219px) 100vw, 219px\" \/><\/p>\n<p>Este producto incluye env\u00edo Gratis a todo M\u00e9xico.<\/p>\n","protected":false},"featured_media":10175,"template":"","meta":[],"product_brand":[],"product_cat":[116,137,134],"product_tag":[117,429,425],"class_list":{"0":"post-9363","1":"product","2":"type-product","3":"status-publish","4":"has-post-thumbnail","6":"product_cat-coleccionable","7":"product_cat-dia-de-muertos","8":"product_cat-tequila-edicion-especial","9":"product_tag-coleccionable","10":"product_tag-dia-de-muertos","11":"product_tag-tequila-premium","13":"first","14":"instock","15":"shipping-taxable","16":"purchasable","17":"product-type-simple"},"yoast_head":"<!-- This site is optimized with the Yoast SEO Premium plugin v22.8 (Yoast SEO v27.4) - https:\/\/yoast.com\/product\/yoast-seo-premium-wordpress\/ -->\n<title>2da Edici\u00f3n D\u00eda de Muertos 2021 x Rodo Padilla - Tequila Cava de Oro<\/title>\n<meta name=\"description\" content=\"Nuestra botella intervenida art\u00edsticamente en cer\u00e1mica por el artesano jalisciense Rodo Padilla, con sus gorditos y expresiones de nuestra cultura mexicana.\" \/>\n<meta name=\"robots\" content=\"index, follow, max-snippet:-1, max-image-preview:large, max-video-preview:-1\" \/>\n<link rel=\"canonical\" href=\"https:\/\/cavadeoro.mx\/?product=rodo-padilla\" \/>\n<meta property=\"og:locale\" content=\"es_MX\" \/>\n<meta property=\"og:type\" content=\"article\" \/>\n<meta property=\"og:title\" content=\"2da Edici\u00f3n D\u00eda de Muertos 2021 x Rodo Padilla\" \/>\n<meta property=\"og:description\" content=\"Nuestra botella intervenida art\u00edsticamente en cer\u00e1mica por el artesano jalisciense Rodo Padilla, con sus gorditos y expresiones de nuestra cultura mexicana.\" \/>\n<meta property=\"og:url\" content=\"https:\/\/cavadeoro.mx\/?product=rodo-padilla\" \/>\n<meta property=\"og:site_name\" content=\"Tequila Cava de Oro\" \/>\n<meta property=\"article:publisher\" content=\"https:\/\/facebook.com\/cavadeoro\" \/>\n<meta property=\"article:modified_time\" content=\"2024-04-03T18:00:39+00:00\" \/>\n<meta property=\"og:image\" content=\"https:\/\/cavadeoro.mx\/wp-content\/uploads\/2021\/08\/Foto-Producto-Cava-de-Oro-x-Rodo-Padilla-1.png\" \/>\n\t<meta property=\"og:image:width\" content=\"1902\" \/>\n\t<meta property=\"og:image:height\" content=\"1903\" \/>\n\t<meta property=\"og:image:type\" content=\"image\/png\" \/>\n<meta name=\"twitter:card\" content=\"summary_large_image\" \/>\n<meta name=\"twitter:label1\" content=\"Tiempo de lectura\" \/>\n\t<meta name=\"twitter:data1\" content=\"2 minutos\" \/>\n<script type=\"application\/ld+json\" class=\"yoast-schema-graph\">{\"@context\":\"https:\\\/\\\/schema.org\",\"@graph\":[{\"@type\":\"WebPage\",\"@id\":\"https:\\\/\\\/cavadeoro.mx\\\/?product=rodo-padilla\",\"url\":\"https:\\\/\\\/cavadeoro.mx\\\/?product=rodo-padilla\",\"name\":\"2da Edici\u00f3n D\u00eda de Muertos 2021 x Rodo Padilla - Tequila Cava de Oro\",\"isPartOf\":{\"@id\":\"https:\\\/\\\/cavadeoro.mx\\\/#website\"},\"primaryImageOfPage\":{\"@id\":\"https:\\\/\\\/cavadeoro.mx\\\/?product=rodo-padilla#primaryimage\"},\"image\":{\"@id\":\"https:\\\/\\\/cavadeoro.mx\\\/?product=rodo-padilla#primaryimage\"},\"thumbnailUrl\":\"https:\\\/\\\/cavadeoro.mx\\\/wp-content\\\/uploads\\\/2021\\\/08\\\/Foto-Producto-Cava-de-Oro-x-Rodo-Padilla-1.png\",\"datePublished\":\"2023-05-14T18:26:30+00:00\",\"dateModified\":\"2024-04-03T18:00:39+00:00\",\"description\":\"Nuestra botella intervenida art\u00edsticamente en cer\u00e1mica por el artesano jalisciense Rodo Padilla, con sus gorditos y expresiones de nuestra cultura mexicana.\",\"breadcrumb\":{\"@id\":\"https:\\\/\\\/cavadeoro.mx\\\/?product=rodo-padilla#breadcrumb\"},\"inLanguage\":\"es\",\"potentialAction\":[{\"@type\":\"ReadAction\",\"target\":[\"https:\\\/\\\/cavadeoro.mx\\\/?product=rodo-padilla\"]}]},{\"@type\":\"ImageObject\",\"inLanguage\":\"es\",\"@id\":\"https:\\\/\\\/cavadeoro.mx\\\/?product=rodo-padilla#primaryimage\",\"url\":\"https:\\\/\\\/cavadeoro.mx\\\/wp-content\\\/uploads\\\/2021\\\/08\\\/Foto-Producto-Cava-de-Oro-x-Rodo-Padilla-1.png\",\"contentUrl\":\"https:\\\/\\\/cavadeoro.mx\\\/wp-content\\\/uploads\\\/2021\\\/08\\\/Foto-Producto-Cava-de-Oro-x-Rodo-Padilla-1.png\",\"width\":1902,\"height\":1903},{\"@type\":\"BreadcrumbList\",\"@id\":\"https:\\\/\\\/cavadeoro.mx\\\/?product=rodo-padilla#breadcrumb\",\"itemListElement\":[{\"@type\":\"ListItem\",\"position\":1,\"name\":\"Portada\",\"item\":\"https:\\\/\\\/cavadeoro.mx\\\/?page_id=14294&lang=en\"},{\"@type\":\"ListItem\",\"position\":2,\"name\":\"TIENDA\",\"item\":\"https:\\\/\\\/cavadeoro.mx\\\/?page_id=401\"},{\"@type\":\"ListItem\",\"position\":3,\"name\":\"2da Edici\u00f3n D\u00eda de Muertos 2021 x Rodo Padilla\"}]},{\"@type\":\"WebSite\",\"@id\":\"https:\\\/\\\/cavadeoro.mx\\\/#website\",\"url\":\"https:\\\/\\\/cavadeoro.mx\\\/\",\"name\":\"Tequila Cava de Oro\",\"description\":\"100% Agave Azul\",\"publisher\":{\"@id\":\"https:\\\/\\\/cavadeoro.mx\\\/#organization\"},\"potentialAction\":[{\"@type\":\"SearchAction\",\"target\":{\"@type\":\"EntryPoint\",\"urlTemplate\":\"https:\\\/\\\/cavadeoro.mx\\\/?s={search_term_string}\"},\"query-input\":{\"@type\":\"PropertyValueSpecification\",\"valueRequired\":true,\"valueName\":\"search_term_string\"}}],\"inLanguage\":\"es\"},{\"@type\":\"Organization\",\"@id\":\"https:\\\/\\\/cavadeoro.mx\\\/#organization\",\"name\":\"Tequila Cava de Oro\",\"url\":\"https:\\\/\\\/cavadeoro.mx\\\/\",\"logo\":{\"@type\":\"ImageObject\",\"inLanguage\":\"es\",\"@id\":\"https:\\\/\\\/cavadeoro.mx\\\/#\\\/schema\\\/logo\\\/image\\\/\",\"url\":\"https:\\\/\\\/cavadeoro.mx\\\/wp-content\\\/uploads\\\/2022\\\/04\\\/cropped-Logo-menu.png\",\"contentUrl\":\"https:\\\/\\\/cavadeoro.mx\\\/wp-content\\\/uploads\\\/2022\\\/04\\\/cropped-Logo-menu.png\",\"width\":92,\"height\":66,\"caption\":\"Tequila Cava de Oro\"},\"image\":{\"@id\":\"https:\\\/\\\/cavadeoro.mx\\\/#\\\/schema\\\/logo\\\/image\\\/\"},\"sameAs\":[\"https:\\\/\\\/facebook.com\\\/cavadeoro\",\"https:\\\/\\\/instagram.com\\\/cavadeoro\"]}]}<\/script>\n<!-- \/ Yoast SEO Premium plugin. -->","yoast_head_json":{"title":"2da Edici\u00f3n D\u00eda de Muertos 2021 x Rodo Padilla - Tequila Cava de Oro","description":"Nuestra botella intervenida art\u00edsticamente en cer\u00e1mica por el artesano jalisciense Rodo Padilla, con sus gorditos y expresiones de nuestra cultura mexicana.","robots":{"index":"index","follow":"follow","max-snippet":"max-snippet:-1","max-image-preview":"max-image-preview:large","max-video-preview":"max-video-preview:-1"},"canonical":"https:\/\/cavadeoro.mx\/?product=rodo-padilla","og_locale":"es_MX","og_type":"article","og_title":"2da Edici\u00f3n D\u00eda de Muertos 2021 x Rodo Padilla","og_description":"Nuestra botella intervenida art\u00edsticamente en cer\u00e1mica por el artesano jalisciense Rodo Padilla, con sus gorditos y expresiones de nuestra cultura mexicana.","og_url":"https:\/\/cavadeoro.mx\/?product=rodo-padilla","og_site_name":"Tequila Cava de Oro","article_publisher":"https:\/\/facebook.com\/cavadeoro","article_modified_time":"2024-04-03T18:00:39+00:00","og_image":[{"width":1902,"height":1903,"url":"https:\/\/cavadeoro.mx\/wp-content\/uploads\/2021\/08\/Foto-Producto-Cava-de-Oro-x-Rodo-Padilla-1.png","type":"image\/png"}],"twitter_card":"summary_large_image","twitter_misc":{"Tiempo de lectura":"2 minutos"},"schema":{"@context":"https:\/\/schema.org","@graph":[{"@type":"WebPage","@id":"https:\/\/cavadeoro.mx\/?product=rodo-padilla","url":"https:\/\/cavadeoro.mx\/?product=rodo-padilla","name":"2da Edici\u00f3n D\u00eda de Muertos 2021 x Rodo Padilla - Tequila Cava de Oro","isPartOf":{"@id":"https:\/\/cavadeoro.mx\/#website"},"primaryImageOfPage":{"@id":"https:\/\/cavadeoro.mx\/?product=rodo-padilla#primaryimage"},"image":{"@id":"https:\/\/cavadeoro.mx\/?product=rodo-padilla#primaryimage"},"thumbnailUrl":"https:\/\/cavadeoro.mx\/wp-content\/uploads\/2021\/08\/Foto-Producto-Cava-de-Oro-x-Rodo-Padilla-1.png","datePublished":"2023-05-14T18:26:30+00:00","dateModified":"2024-04-03T18:00:39+00:00","description":"Nuestra botella intervenida art\u00edsticamente en cer\u00e1mica por el artesano jalisciense Rodo Padilla, con sus gorditos y expresiones de nuestra cultura mexicana.","breadcrumb":{"@id":"https:\/\/cavadeoro.mx\/?product=rodo-padilla#breadcrumb"},"inLanguage":"es","potentialAction":[{"@type":"ReadAction","target":["https:\/\/cavadeoro.mx\/?product=rodo-padilla"]}]},{"@type":"ImageObject","inLanguage":"es","@id":"https:\/\/cavadeoro.mx\/?product=rodo-padilla#primaryimage","url":"https:\/\/cavadeoro.mx\/wp-content\/uploads\/2021\/08\/Foto-Producto-Cava-de-Oro-x-Rodo-Padilla-1.png","contentUrl":"https:\/\/cavadeoro.mx\/wp-content\/uploads\/2021\/08\/Foto-Producto-Cava-de-Oro-x-Rodo-Padilla-1.png","width":1902,"height":1903},{"@type":"BreadcrumbList","@id":"https:\/\/cavadeoro.mx\/?product=rodo-padilla#breadcrumb","itemListElement":[{"@type":"ListItem","position":1,"name":"Portada","item":"https:\/\/cavadeoro.mx\/?page_id=14294&lang=en"},{"@type":"ListItem","position":2,"name":"TIENDA","item":"https:\/\/cavadeoro.mx\/?page_id=401"},{"@type":"ListItem","position":3,"name":"2da Edici\u00f3n D\u00eda de Muertos 2021 x Rodo Padilla"}]},{"@type":"WebSite","@id":"https:\/\/cavadeoro.mx\/#website","url":"https:\/\/cavadeoro.mx\/","name":"Tequila Cava de Oro","description":"100% Agave Azul","publisher":{"@id":"https:\/\/cavadeoro.mx\/#organization"},"potentialAction":[{"@type":"SearchAction","target":{"@type":"EntryPoint","urlTemplate":"https:\/\/cavadeoro.mx\/?s={search_term_string}"},"query-input":{"@type":"PropertyValueSpecification","valueRequired":true,"valueName":"search_term_string"}}],"inLanguage":"es"},{"@type":"Organization","@id":"https:\/\/cavadeoro.mx\/#organization","name":"Tequila Cava de Oro","url":"https:\/\/cavadeoro.mx\/","logo":{"@type":"ImageObject","inLanguage":"es","@id":"https:\/\/cavadeoro.mx\/#\/schema\/logo\/image\/","url":"https:\/\/cavadeoro.mx\/wp-content\/uploads\/2022\/04\/cropped-Logo-menu.png","contentUrl":"https:\/\/cavadeoro.mx\/wp-content\/uploads\/2022\/04\/cropped-Logo-menu.png","width":92,"height":66,"caption":"Tequila Cava de Oro"},"image":{"@id":"https:\/\/cavadeoro.mx\/#\/schema\/logo\/image\/"},"sameAs":["https:\/\/facebook.com\/cavadeoro","https:\/\/instagram.com\/cavadeoro"]}]}},"lang":"es","translations":{"es":9363},"pll_sync_post":[],"_links":{"self":[{"href":"https:\/\/cavadeoro.mx\/index.php?rest_route=\/wp\/v2\/product\/9363","targetHints":{"allow":["GET"]}}],"collection":[{"href":"https:\/\/cavadeoro.mx\/index.php?rest_route=\/wp\/v2\/product"}],"about":[{"href":"https:\/\/cavadeoro.mx\/index.php?rest_route=\/wp\/v2\/types\/product"}],"version-history":[{"count":7,"href":"https:\/\/cavadeoro.mx\/index.php?rest_route=\/wp\/v2\/product\/9363\/revisions"}],"predecessor-version":[{"id":17626,"href":"https:\/\/cavadeoro.mx\/index.php?rest_route=\/wp\/v2\/product\/9363\/revisions\/17626"}],"wp:featuredmedia":[{"embeddable":true,"href":"https:\/\/cavadeoro.mx\/index.php?rest_route=\/wp\/v2\/media\/10175"}],"wp:attachment":[{"href":"https:\/\/cavadeoro.mx\/index.php?rest_route=%2Fwp%2Fv2%2Fmedia&parent=9363"}],"wp:term":[{"taxonomy":"product_brand","embeddable":true,"href":"https:\/\/cavadeoro.mx\/index.php?rest_route=%2Fwp%2Fv2%2Fproduct_brand&post=9363"},{"taxonomy":"product_cat","embeddable":true,"href":"https:\/\/cavadeoro.mx\/index.php?rest_route=%2Fwp%2Fv2%2Fproduct_cat&post=9363"},{"taxonomy":"product_tag","embeddable":true,"href":"https:\/\/cavadeoro.mx\/index.php?rest_route=%2Fwp%2Fv2%2Fproduct_tag&post=9363"}],"curies":[{"name":"wp","href":"https:\/\/api.w.org\/{rel}","templated":true}]}}